{"id":4881,"date":"2018-08-07T13:25:32","date_gmt":"2018-08-07T13:25:32","guid":{"rendered":"http:\/\/min-on.matthewbyrt.com\/ko\/?page_id=4881"},"modified":"2019-08-16T08:43:16","modified_gmt":"2019-08-16T08:43:16","slug":"belgium","status":"publish","type":"page","link":"https:\/\/www.min-on.org\/ko\/belgium\/","title":{"rendered":"\ubca8\uae30\uc5d0"},"content":{"rendered":"<p>[et_pb_section bb_built=&#8221;1&#8243; specialty=&#8221;on&#8221; _builder_version=&#8221;3.9&#8243; custom_css_main_1=&#8221;border-right: solid 1px #e2e2e2;||padding-right: 5%;&#8221; custom_padding=&#8221;0px||0px|&#8221; padding_top_1=&#8221;2%&#8221; use_custom_gutter=&#8221;on&#8221; gutter_width=&#8221;2&#8243;][et_pb_column type=&#8221;3_4&#8243; specialty_columns=&#8221;3&#8243;][et_pb_row_inner admin_label=&#8221;Row&#8221;][et_pb_column_inner type=&#8221;4_4&#8243; saved_specialty_column_type=&#8221;3_4&#8243;][et_pb_text _builder_version=&#8221;3.15&#8243; header_font_size=&#8221;45px&#8221; custom_padding=&#8221;||0px|&#8221;]<\/p>\n<h1>\ubca8\uae30\uc5d0<\/h1>\n<p>[\/et_pb_text][\/et_pb_column_inner][\/et_pb_row_inner][et_pb_row_inner admin_label=&#8221;Row&#8221; _builder_version=&#8221;3.11&#8243; background_image=&#8221;https:\/\/www.min-on.org\/ko\/wp-content\/uploads\/sites\/8\/2018\/08\/belgium.jpg&#8221; custom_css_main_element=&#8221;height: 50vh;&#8221;][et_pb_column_inner type=&#8221;4_4&#8243; saved_specialty_column_type=&#8221;3_4&#8243;][\/et_pb_column_inner][\/et_pb_row_inner][et_pb_row_inner admin_label=&#8221;Row&#8221;][et_pb_column_inner type=&#8221;4_4&#8243; saved_specialty_column_type=&#8221;3_4&#8243;][et_pb_text _builder_version=&#8221;3.15&#8243; custom_padding=&#8221;1%||0px|&#8221;]<\/p>\n<h1>\ubb38\ud654\uad50\ub958\uc0ac\uc5c5<\/h1>\n<p>[\/et_pb_text][et_pb_blog _builder_version=&#8221;3.11&#8243; include_categories=&#8221;193&#8243; show_author=&#8221;off&#8221; show_date=&#8221;off&#8221; show_categories=&#8221;off&#8221; show_thumbnail=&#8221;off&#8221; posts_number=&#8221;20&#8243; fullwidth=&#8221;off&#8221; module_class=&#8221;cultural&#8221; disabled_on=&#8221;on|on|on&#8221; disabled=&#8221;on&#8221; \/][et_pb_text admin_label=&#8221;New Cultural Exchange layout&#8221; _builder_version=&#8221;3.15&#8243; custom_padding=&#8221;1%||0px|&#8221; disabled_on=&#8221;off|off|off&#8221; disabled=&#8221;off&#8221; text_font_size=&#8221;17px&#8221; saved_tabs=&#8221;all&#8221;]<\/p>\n<div style=\"width: 49%; padding: 0 1% 0 0; float: left;\">\n<p><strong>May 1967<\/strong><br \/>\nBallet du XXe Si\u00e8cle du Th\u00e9\u00e2tre Royal de la Monnaie, Op\u00e9ra National de Belgique<\/p>\n<p><strong>April 1978<\/strong><br \/>\nBallet du XXe Si\u00e8cle du Th\u00e9\u00e2tre Royal de la Monnaie, Op\u00e9ra National de Belgique<\/p>\n<\/div>\n<div style=\"width: 49%; padding: 0 0 0 1%; float: right;\">\n<p><strong>November 1989<\/strong><br \/>\nOverseas Dispatches to Belgium, The Japanese Folk Dance Troupe &#8220;Minbunren&#8221;<\/p>\n<p><strong>November 1997<\/strong><br \/>\nGeorges Octors (Music Director of Walonia Chamber Orchestra), jury for the 11th Tokyo International Music Competition for Conducting<\/p>\n<\/div>\n<div style=\"clear: both;\"><\/div>\n<p>[\/et_pb_text][et_pb_divider _builder_version=&#8221;3.9&#8243; \/][et_pb_text _builder_version=&#8221;3.15&#8243;]<\/p>\n<h1>\uad00\ub828\uae30\uc0ac<\/h1>\n<p>[\/et_pb_text][et_pb_blog _builder_version=&#8221;3.11&#8243; include_categories=&#8221;192&#8243; show_author=&#8221;off&#8221; show_date=&#8221;off&#8221; show_categories=&#8221;off&#8221; fullwidth=&#8221;off&#8221; show_thumbnail=&#8221;off&#8221; module_class=&#8221;culturalArtH2&#8243; \/][\/et_pb_column_inner][\/et_pb_row_inner][\/et_pb_column][et_pb_column type=&#8221;1_4&#8243;][et_pb_sidebar _builder_version=&#8221;3.11&#8243; area=&#8221;et_pb_widget_area_2&#8243; module_class=&#8221;culturalPostSidebar&#8221; \/][\/et_pb_column][\/et_pb_section]<\/p>\n","protected":false},"excerpt":{"rendered":"<p>\ubca8\uae30\uc5d0 \ubb38\ud654\uad50\ub958\uc0ac\uc5c5 May 1967 Ballet du XXe Si\u00e8cle du Th\u00e9\u00e2tre Royal de la Monnaie, Op\u00e9ra National de Belgique April 1978 Ballet du XXe Si\u00e8cle du Th\u00e9\u00e2tre Royal de la Monnaie, Op\u00e9ra National de Belgique November 1989 Overseas Dispatches to Belgium, The Japanese Folk Dance Troupe &#8220;Minbunren&#8221; November 1997 Georges Octors (Music Director of Walonia Chamber [&hellip;]<\/p>\n","protected":false},"author":1,"featured_media":0,"parent":0,"menu_order":0,"comment_status":"closed","ping_status":"closed","template":"","meta":{"_et_pb_use_builder":"on","_et_pb_old_content":"","_et_gb_content_width":"","footnotes":""},"categories":[],"tags":[],"distributor_meta":false,"distributor_terms":false,"distributor_media":false,"distributor_original_site_name":"Korean - Min-On Website","distributor_original_site_url":"https:\/\/www.min-on.org\/ko","_links":{"self":[{"href":"https:\/\/www.min-on.org\/ko\/wp-json\/wp\/v2\/pages\/4881"}],"collection":[{"href":"https:\/\/www.min-on.org\/ko\/wp-json\/wp\/v2\/pages"}],"about":[{"href":"https:\/\/www.min-on.org\/ko\/wp-json\/wp\/v2\/types\/page"}],"author":[{"embeddable":true,"href":"https:\/\/www.min-on.org\/ko\/wp-json\/wp\/v2\/users\/1"}],"replies":[{"embeddable":true,"href":"https:\/\/www.min-on.org\/ko\/wp-json\/wp\/v2\/comments?post=4881"}],"version-history":[{"count":6,"href":"https:\/\/www.min-on.org\/ko\/wp-json\/wp\/v2\/pages\/4881\/revisions"}],"predecessor-version":[{"id":8099,"href":"https:\/\/www.min-on.org\/ko\/wp-json\/wp\/v2\/pages\/4881\/revisions\/8099"}],"wp:attachment":[{"href":"https:\/\/www.min-on.org\/ko\/wp-json\/wp\/v2\/media?parent=4881"}],"wp:term":[{"taxonomy":"category","embeddable":true,"href":"https:\/\/www.min-on.org\/ko\/wp-json\/wp\/v2\/categories?post=4881"},{"taxonomy":"post_tag","embeddable":true,"href":"https:\/\/www.min-on.org\/ko\/wp-json\/wp\/v2\/tags?post=4881"}],"curies":[{"name":"wp","href":"https:\/\/api.w.org\/{rel}","templated":true}]}}