{"id":8998,"date":"2020-08-19T16:44:43","date_gmt":"2020-08-19T16:44:43","guid":{"rendered":"https:\/\/www.min-on.org\/fr\/?page_id=8998"},"modified":"2020-08-19T17:14:34","modified_gmt":"2020-08-19T17:14:34","slug":"sitemap","status":"publish","type":"page","link":"https:\/\/www.min-on.org\/fr\/sitemap\/","title":{"rendered":"Plan du site"},"content":{"rendered":"<h3 class=\"sitemap-title\">\n    <a href=\"\/fr\/\">\u00c9v\u00e9nements<\/a><br \/>\n<\/h3>\n<ul>\n<li><a href=\"\/fr\/latest\/\">Derni\u00e8res Actualit\u00e9s<\/a><\/li>\n<\/ul>\n<h3 class=\"sitemap-title\">\n    <a href=\"\/fr\/performing-arts\/\">Les arts du spectacle<\/a><br \/>\n<\/h3>\n<ul>\n<li><a href=\"\/fr\/opera\/\">L\u2019op\u00e9ra<\/a><\/li>\n<li><a href=\"\/fr\/ballet\/\">Ballet<\/a><\/li>\n<li><a href=\"\/fr\/orchestral\/\">Musique orchestrale<\/a><\/li>\n<li><a href=\"\/fr\/choral-music\/\">Musique chorale<\/a><\/li>\n<li><a href=\"\/fr\/latin-tango\/\">Le tango et la musique latino-am\u00e9ricaine<\/a><\/li>\n<li><a href=\"\/fr\/jazz-popular\/\">Le jazz et la musique pop<\/a><\/li>\n<li><a href=\"\/fr\/folk-music-and-dance\/\">Musique et danse folkloriques du monde<\/a><\/li>\n<li><a href=\"\/fr\/japanese-arts\/\">Les arts japonais<\/a><\/li>\n<li><a href=\"\/fr\/independent-productions\/\">Productions ind\u00e9pendantes<\/a><\/li>\n<\/ul>\n<h3 class=\"sitemap-title\">\n    <a href=\"\/fr\/cultural-exchange\/\">\u00c9changes Culturels<\/a><br \/>\n<\/h3>\n<ul>\n<li><a href=\"\/fr\/silk-road-series\/\">S\u00e9rie route de la soie<\/a><\/li>\n<li><a href=\"\/fr\/marine-road-series\/\">S\u00e9rie route maritime de la soie<\/a><\/li>\n<li><a href=\"\/fr\/african-series\/\">S\u00e9rie africaine<\/a><\/li>\n<li><a href=\"\/fr\/carribean-series\/\">S\u00e9rie cara\u00efbes<\/a><\/li>\n<li><a href=\"\/fr\/overseas-displatch-series\/\">S\u00e9rie le Japon \u00e0 l\u2019\u00e9tranger<\/a><\/li>\n<li><a href=\"\/fr\/min-on-global-music-network\/\">Min-On Global Music Network<\/a><\/li>\n<li><a href=\"\/fr\/annual-series\/\">S\u00e9ries annuelles<\/a><\/li>\n<\/ul>\n<h3 class=\"sitemap-title\">\n    <a href=\"\/fr\/outreach\/\">Actions de sensibilisation<\/a><br \/>\n<\/h3>\n<ul>\n<li><a href=\"\/fr\/school-concerts\/\">Concerts dans les \u00e9coles<\/a><\/li>\n<li><a href=\"\/fr\/tohoku-hope-school\/\">\u00ab Concerts d\u2019Espoir pour Tohoku \u00bb<\/a><\/li>\n<li><a href=\"\/fr\/international-student-musical-festival\/\">Festival international de musique estudiantine<\/a><\/li>\n<li><a href=\"\/fr\/competitions\/\">Concours<\/a><\/li>\n<li><a href=\"\/fr\/symposiums\/\">Colloques<\/a><\/li>\n<li><a href=\"\/fr\/lectures\/\">Conf\u00e9rences<\/a><\/li>\n<li><a href=\"\/fr\/workshops\/\">Ateliers<\/a><\/li>\n<li><a href=\"\/fr\/min-on-music-research-institute\/\">Institut Min-On de recherche sur la musique<\/a><\/li>\n<\/ul>\n<h3 class=\"sitemap-title\">\n    <a href=\"\/fr\/music-museum\/\">Le mus\u00e9e<\/a><br \/>\n<\/h3>\n<ul>\n<li><a href=\"\/fr\/music-museum\/\">Le mus\u00e9e Min-On de la musique<\/a><\/li>\n<li><a href=\"\/fr\/library\/\">La biblioth\u00e8que Min-On de la musique<\/a><\/li>\n<li><a href=\"\/fr\/museum-collection\/\">Collection du mus\u00e9e<\/a><\/li>\n<\/ul>\n<h3 class=\"sitemap-title\">\n    <a href=\"\/fr\/who-we-are\/\">\u00c0 propos du Min-On<\/a><br \/>\n<\/h3>\n<ul>\n<li><a href=\"\/fr\/who-we-are\/\">Pr\u00e9sentation<\/a><\/li>\n<li><a href=\"\/fr\/what-we-do\/\">Nos activit\u00e9s<\/a><\/li>\n<li><a href=\"\/fr\/founder\/\">Le fondateur<\/a><\/li>\n<li><a href=\"\/fr\/our-perspectives\/\">Notre vision<\/a><\/li>\n<li><a href=\"\/fr\/chronology\/\">Chronologie<\/a><\/li>\n<li><a href=\"\/fr\/corporate-profile\/\">Informations institutionnelles<\/a><\/li>\n<\/ul>\n","protected":false},"excerpt":{"rendered":"<p>\u00c9v\u00e9nements Derni\u00e8res Actualit\u00e9s Les arts du spectacle L\u2019op\u00e9ra Ballet Musique orchestrale Musique chorale Le tango et la musique latino-am\u00e9ricaine Le jazz et la musique pop Musique et danse folkloriques du monde Les arts japonais Productions ind\u00e9pendantes \u00c9changes Culturels S\u00e9rie route de la soie S\u00e9rie route maritime de la soie S\u00e9rie africaine S\u00e9rie cara\u00efbes S\u00e9rie le [&hellip;]<\/p>\n","protected":false},"author":1,"featured_media":0,"parent":0,"menu_order":0,"comment_status":"closed","ping_status":"closed","template":"","meta":{"_et_pb_use_builder":"","_et_pb_old_content":"","_et_gb_content_width":"","footnotes":""},"categories":[],"tags":[],"distributor_meta":false,"distributor_terms":false,"distributor_media":false,"distributor_original_site_name":"French - Min-On Website","distributor_original_site_url":"https:\/\/www.min-on.org\/fr","_links":{"self":[{"href":"https:\/\/www.min-on.org\/fr\/wp-json\/wp\/v2\/pages\/8998"}],"collection":[{"href":"https:\/\/www.min-on.org\/fr\/wp-json\/wp\/v2\/pages"}],"about":[{"href":"https:\/\/www.min-on.org\/fr\/wp-json\/wp\/v2\/types\/page"}],"author":[{"embeddable":true,"href":"https:\/\/www.min-on.org\/fr\/wp-json\/wp\/v2\/users\/1"}],"replies":[{"embeddable":true,"href":"https:\/\/www.min-on.org\/fr\/wp-json\/wp\/v2\/comments?post=8998"}],"version-history":[{"count":5,"href":"https:\/\/www.min-on.org\/fr\/wp-json\/wp\/v2\/pages\/8998\/revisions"}],"predecessor-version":[{"id":9005,"href":"https:\/\/www.min-on.org\/fr\/wp-json\/wp\/v2\/pages\/8998\/revisions\/9005"}],"wp:attachment":[{"href":"https:\/\/www.min-on.org\/fr\/wp-json\/wp\/v2\/media?parent=8998"}],"wp:term":[{"taxonomy":"category","embeddable":true,"href":"https:\/\/www.min-on.org\/fr\/wp-json\/wp\/v2\/categories?post=8998"},{"taxonomy":"post_tag","embeddable":true,"href":"https:\/\/www.min-on.org\/fr\/wp-json\/wp\/v2\/tags?post=8998"}],"curies":[{"name":"wp","href":"https:\/\/api.w.org\/{rel}","templated":true}]}}