{"id":6893,"date":"2018-08-30T11:56:36","date_gmt":"2018-08-30T11:56:36","guid":{"rendered":"http:\/\/59.106.140.197\/?page_id=6893"},"modified":"2018-09-18T19:47:10","modified_gmt":"2018-09-18T19:47:10","slug":"cylinder-phonograph-edison-ambelora-model-50","status":"publish","type":"page","link":"https:\/\/www.min-on.org\/fr\/cylinder-phonograph-edison-ambelora-model-50\/","title":{"rendered":"Phonographe \u00e0 cylindre : Amberola Edison Mod\u00e8le 50"},"content":{"rendered":"<p>[et_pb_section bb_built=\u00a0\u00bb1&Prime; fullwidth=\u00a0\u00bboff\u00a0\u00bb specialty=\u00a0\u00bbon\u00a0\u00bb][et_pb_column type=\u00a0\u00bb3_4&Prime; specialty_columns=\u00a0\u00bb3&Prime;][et_pb_row_inner admin_label=\u00a0\u00bbRow\u00a0\u00bb _builder_version=\u00a0\u00bb3.12&Prime;][et_pb_column_inner type=\u00a0\u00bb1_2&Prime; saved_specialty_column_type=\u00a0\u00bb3_4&Prime;][et_pb_text _builder_version=\u00a0\u00bb3.15&Prime;]<\/p>\n<h1>Phonographe \u00e0 cylindre : Amberola Edison Mod\u00e8le 50<\/h1>\n<p style=\"font-weight: 600;\">1913, Edison, \u00c9tats-Unis<\/p>\n<p>En 1912, l\u2019entreprise Edison introduisit les enregistrements \u00ab Blue Amberol \u00bb, pouvant \u00eatre jou\u00e9s 3.000 fois et proclam\u00e9s \u00ab quasi-indestructibles \u00bb (dur\u00e9e d\u2019enregistrement 4 mn).  Les cylindres consistaient en un tube dur et fin en cellulo\u00efd moul\u00e9 dans du pl\u00e2tre de Paris, et offraient une qualit\u00e9 de son encore appr\u00e9ci\u00e9e de nos jours.  Edison a pr\u00e9sent\u00e9 sa s\u00e9rie de phonographes Amberola pour lire ces enregistrements. \u00c0 peu pr\u00e8s au m\u00eame moment, les pavillons ext\u00e9rieurs ont commenc\u00e9 \u00e0 dispara\u00eetre des phonographes pour laisser place d\u00e9sormais \u00e0 des pavillons int\u00e9rieurs.<\/p>\n<p>[\/et_pb_text][\/et_pb_column_inner][et_pb_column_inner type=\u00a0\u00bb1_2&Prime; saved_specialty_column_type=\u00a0\u00bb3_4&Prime;][et_pb_image _builder_version=\u00a0\u00bb3.12&Prime; src=\u00a0\u00bbhttps:\/\/www.min-on.org\/wp-content\/uploads\/sites\/7\/2018\/08\/Edison-Ambelora-Model-50.jpg\u00a0\u00bb align=\u00a0\u00bbcenter\u00a0\u00bb force_fullwidth=\u00a0\u00bbon\u00a0\u00bb \/][\/et_pb_column_inner][\/et_pb_row_inner][\/et_pb_column][et_pb_column type=\u00a0\u00bb1_4&Prime;][et_pb_sidebar _builder_version=\u00a0\u00bb3.12&Prime; area=\u00a0\u00bbet_pb_widget_area_11&Prime; module_class=\u00a0\u00bbmuseumSidebar\u00a0\u00bb \/][\/et_pb_column][\/et_pb_section]<\/p>\n","protected":false},"excerpt":{"rendered":"<p>Phonographe \u00e0 cylindre : Amberola Edison Mod\u00e8le 50 1913, Edison, \u00c9tats-Unis En 1912, l\u2019entreprise Edison introduisit les enregistrements \u00ab Blue Amberol \u00bb, pouvant \u00eatre jou\u00e9s 3.000 fois et proclam\u00e9s \u00ab quasi-indestructibles \u00bb (dur\u00e9e d\u2019enregistrement 4 mn). Les cylindres consistaient en un tube dur et fin en cellulo\u00efd moul\u00e9 dans du pl\u00e2tre de Paris, et offraient [&hellip;]<\/p>\n","protected":false},"author":1,"featured_media":0,"parent":0,"menu_order":0,"comment_status":"closed","ping_status":"closed","template":"","meta":{"_et_pb_use_builder":"on","_et_pb_old_content":"","_et_gb_content_width":"","footnotes":""},"categories":[],"tags":[],"distributor_meta":false,"distributor_terms":false,"distributor_media":false,"distributor_original_site_name":"French - Min-On Website","distributor_original_site_url":"https:\/\/www.min-on.org\/fr","_links":{"self":[{"href":"https:\/\/www.min-on.org\/fr\/wp-json\/wp\/v2\/pages\/6893"}],"collection":[{"href":"https:\/\/www.min-on.org\/fr\/wp-json\/wp\/v2\/pages"}],"about":[{"href":"https:\/\/www.min-on.org\/fr\/wp-json\/wp\/v2\/types\/page"}],"author":[{"embeddable":true,"href":"https:\/\/www.min-on.org\/fr\/wp-json\/wp\/v2\/users\/1"}],"replies":[{"embeddable":true,"href":"https:\/\/www.min-on.org\/fr\/wp-json\/wp\/v2\/comments?post=6893"}],"version-history":[{"count":7,"href":"https:\/\/www.min-on.org\/fr\/wp-json\/wp\/v2\/pages\/6893\/revisions"}],"predecessor-version":[{"id":7332,"href":"https:\/\/www.min-on.org\/fr\/wp-json\/wp\/v2\/pages\/6893\/revisions\/7332"}],"wp:attachment":[{"href":"https:\/\/www.min-on.org\/fr\/wp-json\/wp\/v2\/media?parent=6893"}],"wp:term":[{"taxonomy":"category","embeddable":true,"href":"https:\/\/www.min-on.org\/fr\/wp-json\/wp\/v2\/categories?post=6893"},{"taxonomy":"post_tag","embeddable":true,"href":"https:\/\/www.min-on.org\/fr\/wp-json\/wp\/v2\/tags?post=6893"}],"curies":[{"name":"wp","href":"https:\/\/api.w.org\/{rel}","templated":true}]}}