{"id":6887,"date":"2018-08-30T11:52:14","date_gmt":"2018-08-30T11:52:14","guid":{"rendered":"http:\/\/59.106.140.197\/?page_id=6887"},"modified":"2018-09-18T19:45:07","modified_gmt":"2018-09-18T19:45:07","slug":"disc-phonograph-pathe-salon-no-5","status":"publish","type":"page","link":"https:\/\/www.min-on.org\/fr\/disc-phonograph-pathe-salon-no-5\/","title":{"rendered":"Phonographe \u00e0 disques : Path\u00e9 Salon No. 5"},"content":{"rendered":"<p>[et_pb_section bb_built=\u00a0\u00bb1&Prime; fullwidth=\u00a0\u00bboff\u00a0\u00bb specialty=\u00a0\u00bbon\u00a0\u00bb][et_pb_column type=\u00a0\u00bb3_4&Prime; specialty_columns=\u00a0\u00bb3&Prime;][et_pb_row_inner admin_label=\u00a0\u00bbRow\u00a0\u00bb _builder_version=\u00a0\u00bb3.12&Prime;][et_pb_column_inner type=\u00a0\u00bb1_2&Prime; saved_specialty_column_type=\u00a0\u00bb3_4&Prime;][et_pb_text _builder_version=\u00a0\u00bb3.15&Prime;]<\/p>\n<h1>Phonographe \u00e0 disques : Path\u00e9 Salon No. 5<\/h1>\n<p style=\"font-weight: 600;\">1906, Path\u00e9, France<\/p>\n<p>Les Fr\u00e8res Path\u00e9, en France, fond\u00e8rent leur manufacture de phonographes dans les ann\u00e9es 1890.  Ce mod\u00e8le est dot\u00e9 d\u2019une superbe plaque d\u2019identification en cristal sur le devant et \u00e9voque une atmosph\u00e8re continentale. Au lieu de figurer sur une \u00e9tiquette en papier, les titres sont grav\u00e9s sur le disque en caract\u00e8res color\u00e9s en jaune. C\u2019est un mod\u00e8le dont la lecture s\u2019effectue en partant du centre vers le bord.<\/p>\n<p>[\/et_pb_text][\/et_pb_column_inner][et_pb_column_inner type=\u00a0\u00bb1_2&Prime; saved_specialty_column_type=\u00a0\u00bb3_4&Prime;][et_pb_image _builder_version=\u00a0\u00bb3.12&Prime; src=\u00a0\u00bbhttps:\/\/www.min-on.org\/wp-content\/uploads\/sites\/7\/2018\/08\/Pathe-Salon-No.5.jpg\u00a0\u00bb align=\u00a0\u00bbcenter\u00a0\u00bb force_fullwidth=\u00a0\u00bbon\u00a0\u00bb \/][\/et_pb_column_inner][\/et_pb_row_inner][\/et_pb_column][et_pb_column type=\u00a0\u00bb1_4&Prime;][et_pb_sidebar _builder_version=\u00a0\u00bb3.12&Prime; area=\u00a0\u00bbet_pb_widget_area_11&Prime; module_class=\u00a0\u00bbmuseumSidebar\u00a0\u00bb \/][\/et_pb_column][\/et_pb_section]<\/p>\n","protected":false},"excerpt":{"rendered":"<p>Phonographe \u00e0 disques : Path\u00e9 Salon No. 5 1906, Path\u00e9, France Les Fr\u00e8res Path\u00e9, en France, fond\u00e8rent leur manufacture de phonographes dans les ann\u00e9es 1890. Ce mod\u00e8le est dot\u00e9 d\u2019une superbe plaque d\u2019identification en cristal sur le devant et \u00e9voque une atmosph\u00e8re continentale. Au lieu de figurer sur une \u00e9tiquette en papier, les titres sont [&hellip;]<\/p>\n","protected":false},"author":1,"featured_media":0,"parent":0,"menu_order":0,"comment_status":"closed","ping_status":"closed","template":"","meta":{"_et_pb_use_builder":"on","_et_pb_old_content":"","_et_gb_content_width":"","footnotes":""},"categories":[],"tags":[],"distributor_meta":false,"distributor_terms":false,"distributor_media":false,"distributor_original_site_name":"French - Min-On Website","distributor_original_site_url":"https:\/\/www.min-on.org\/fr","_links":{"self":[{"href":"https:\/\/www.min-on.org\/fr\/wp-json\/wp\/v2\/pages\/6887"}],"collection":[{"href":"https:\/\/www.min-on.org\/fr\/wp-json\/wp\/v2\/pages"}],"about":[{"href":"https:\/\/www.min-on.org\/fr\/wp-json\/wp\/v2\/types\/page"}],"author":[{"embeddable":true,"href":"https:\/\/www.min-on.org\/fr\/wp-json\/wp\/v2\/users\/1"}],"replies":[{"embeddable":true,"href":"https:\/\/www.min-on.org\/fr\/wp-json\/wp\/v2\/comments?post=6887"}],"version-history":[{"count":5,"href":"https:\/\/www.min-on.org\/fr\/wp-json\/wp\/v2\/pages\/6887\/revisions"}],"predecessor-version":[{"id":7330,"href":"https:\/\/www.min-on.org\/fr\/wp-json\/wp\/v2\/pages\/6887\/revisions\/7330"}],"wp:attachment":[{"href":"https:\/\/www.min-on.org\/fr\/wp-json\/wp\/v2\/media?parent=6887"}],"wp:term":[{"taxonomy":"category","embeddable":true,"href":"https:\/\/www.min-on.org\/fr\/wp-json\/wp\/v2\/categories?post=6887"},{"taxonomy":"post_tag","embeddable":true,"href":"https:\/\/www.min-on.org\/fr\/wp-json\/wp\/v2\/tags?post=6887"}],"curies":[{"name":"wp","href":"https:\/\/api.w.org\/{rel}","templated":true}]}}