{"id":6883,"date":"2018-08-30T11:49:21","date_gmt":"2018-08-30T11:49:21","guid":{"rendered":"http:\/\/59.106.140.197\/?page_id=6883"},"modified":"2018-09-18T19:43:42","modified_gmt":"2018-09-18T19:43:42","slug":"cylinder-phonograph-edison-home-model-a","status":"publish","type":"page","link":"https:\/\/www.min-on.org\/fr\/cylinder-phonograph-edison-home-model-a\/","title":{"rendered":"Phonographe \u00e0 cylindre : Mod\u00e8le Edison Home A"},"content":{"rendered":"<p>[et_pb_section bb_built=\u00a0\u00bb1&Prime; fullwidth=\u00a0\u00bboff\u00a0\u00bb specialty=\u00a0\u00bbon\u00a0\u00bb][et_pb_column type=\u00a0\u00bb3_4&Prime; specialty_columns=\u00a0\u00bb3&Prime;][et_pb_row_inner admin_label=\u00a0\u00bbRow\u00a0\u00bb _builder_version=\u00a0\u00bb3.12&Prime;][et_pb_column_inner type=\u00a0\u00bb1_2&Prime; saved_specialty_column_type=\u00a0\u00bb3_4&Prime;][et_pb_text _builder_version=\u00a0\u00bb3.15&Prime;]<\/p>\n<h1>Phonographe \u00e0 cylindre : Mod\u00e8le Edison Home A<\/h1>\n<p style=\"font-weight: 600;\">1903, Edison, \u00c9tats-Unis<\/p>\n<p>Dix ans apr\u00e8s son invention du tout premier phonographe, en 1877, Edison fonda l\u2019Edison Phonograph Company. Apr\u00e8s y avoir apport\u00e9 de nombreuses am\u00e9liorations, il produisit en masse des phonographes \u00e9quip\u00e9s d\u2019un moteur \u00e0 ressort. <\/p>\n<p>Ces phonographes, \u00e9quip\u00e9s de pavillons en forme de trompette et appel\u00e9 phonographes \u00ab valises \u00bb, \u00e9taient destin\u00e9s \u00e0 un usage familial courant et utilisaient des disques de type cylindrique pouvant contenir des enregistrements d\u2019environ deux minutes. Le phonographe \u00e9tait plac\u00e9 dans une caisse en ch\u00eane munie d\u2019un couvercle bomb\u00e9 pouvant \u00eatre retir\u00e9 afin de permettre la fixation d\u2019un pavillon pour jouer les enregistrements.<\/p>\n<p>[\/et_pb_text][\/et_pb_column_inner][et_pb_column_inner type=\u00a0\u00bb1_2&Prime; saved_specialty_column_type=\u00a0\u00bb3_4&Prime;][et_pb_image _builder_version=\u00a0\u00bb3.12&Prime; src=\u00a0\u00bbhttps:\/\/www.min-on.org\/wp-content\/uploads\/sites\/7\/2018\/08\/Edison-Home-Model-A.jpg\u00a0\u00bb align=\u00a0\u00bbcenter\u00a0\u00bb force_fullwidth=\u00a0\u00bbon\u00a0\u00bb \/][\/et_pb_column_inner][\/et_pb_row_inner][\/et_pb_column][et_pb_column type=\u00a0\u00bb1_4&Prime;][et_pb_sidebar _builder_version=\u00a0\u00bb3.12&Prime; area=\u00a0\u00bbet_pb_widget_area_11&Prime; module_class=\u00a0\u00bbmuseumSidebar\u00a0\u00bb \/][\/et_pb_column][\/et_pb_section]<\/p>\n","protected":false},"excerpt":{"rendered":"<p>Phonographe \u00e0 cylindre : Mod\u00e8le Edison Home A 1903, Edison, \u00c9tats-Unis Dix ans apr\u00e8s son invention du tout premier phonographe, en 1877, Edison fonda l\u2019Edison Phonograph Company. Apr\u00e8s y avoir apport\u00e9 de nombreuses am\u00e9liorations, il produisit en masse des phonographes \u00e9quip\u00e9s d\u2019un moteur \u00e0 ressort. Ces phonographes, \u00e9quip\u00e9s de pavillons en forme de trompette et [&hellip;]<\/p>\n","protected":false},"author":1,"featured_media":0,"parent":0,"menu_order":0,"comment_status":"closed","ping_status":"closed","template":"","meta":{"_et_pb_use_builder":"on","_et_pb_old_content":"","_et_gb_content_width":"","footnotes":""},"categories":[],"tags":[],"distributor_meta":false,"distributor_terms":false,"distributor_media":false,"distributor_original_site_name":"French - Min-On Website","distributor_original_site_url":"https:\/\/www.min-on.org\/fr","_links":{"self":[{"href":"https:\/\/www.min-on.org\/fr\/wp-json\/wp\/v2\/pages\/6883"}],"collection":[{"href":"https:\/\/www.min-on.org\/fr\/wp-json\/wp\/v2\/pages"}],"about":[{"href":"https:\/\/www.min-on.org\/fr\/wp-json\/wp\/v2\/types\/page"}],"author":[{"embeddable":true,"href":"https:\/\/www.min-on.org\/fr\/wp-json\/wp\/v2\/users\/1"}],"replies":[{"embeddable":true,"href":"https:\/\/www.min-on.org\/fr\/wp-json\/wp\/v2\/comments?post=6883"}],"version-history":[{"count":5,"href":"https:\/\/www.min-on.org\/fr\/wp-json\/wp\/v2\/pages\/6883\/revisions"}],"predecessor-version":[{"id":7329,"href":"https:\/\/www.min-on.org\/fr\/wp-json\/wp\/v2\/pages\/6883\/revisions\/7329"}],"wp:attachment":[{"href":"https:\/\/www.min-on.org\/fr\/wp-json\/wp\/v2\/media?parent=6883"}],"wp:term":[{"taxonomy":"category","embeddable":true,"href":"https:\/\/www.min-on.org\/fr\/wp-json\/wp\/v2\/categories?post=6883"},{"taxonomy":"post_tag","embeddable":true,"href":"https:\/\/www.min-on.org\/fr\/wp-json\/wp\/v2\/tags?post=6883"}],"curies":[{"name":"wp","href":"https:\/\/api.w.org\/{rel}","templated":true}]}}