{"id":6880,"date":"2018-08-30T11:45:49","date_gmt":"2018-08-30T11:45:49","guid":{"rendered":"http:\/\/59.106.140.197\/?page_id=6880"},"modified":"2018-11-04T12:44:58","modified_gmt":"2018-11-04T12:44:58","slug":"music-box-reginaphone-style-240-regina","status":"publish","type":"page","link":"https:\/\/www.min-on.org\/fr\/music-box-reginaphone-style-240-regina\/","title":{"rendered":"Bo\u00eete \u00e0 Musique : \u00ab Reginaphone Style 240 \u00bb \/ Regina"},"content":{"rendered":"<p>[et_pb_section bb_built=\u00a0\u00bb1&Prime; fullwidth=\u00a0\u00bboff\u00a0\u00bb specialty=\u00a0\u00bbon\u00a0\u00bb][et_pb_column type=\u00a0\u00bb3_4&Prime; specialty_columns=\u00a0\u00bb3&Prime;][et_pb_row_inner admin_label=\u00a0\u00bbRow\u00a0\u00bb _builder_version=\u00a0\u00bb3.12&Prime;][et_pb_column_inner type=\u00a0\u00bb1_2&Prime; saved_specialty_column_type=\u00a0\u00bb3_4&Prime;][et_pb_text _builder_version=\u00a0\u00bb3.15&Prime;]<\/p>\n<h1>Bo\u00eete \u00e0 Musique : \u00ab Reginaphone Style 240 \u00bb \/ Regina<\/h1>\n<p style=\"font-weight: 600;\">1905, \u00c9tats-Unis<\/p>\n<p>L\u2019invention du phonographe par Edison poussa la fabrication de bo\u00eetes \u00e0 musique \u2013 l\u2019instrument de pr\u00e9dilection du XIXe si\u00e8cle \u2013 au bord de l\u2019extinction.  Cet instrument est le dernier chef d\u2019\u0153uvre de Regina, qui y investit toutes ses ressources durant les derniers jours de la production de ces bo\u00eetes \u00e0 musique. La collaboration avec American Gramophon Co. donna naissance \u00e0 un instrument pouvant servir \u00e0 la fois de bo\u00eete \u00e0 musique et de phonographe.  <\/p>\n<p>Cet appareil, de qualit\u00e9 sup\u00e9rieure, t\u00e9moigne clairement des changements survenus \u00e0 l\u2019\u00e9poque.  \u00c9tant donn\u00e9 que seule l\u2019existence de quelques-uns de ces instruments est attest\u00e9e dans le monde entier, il s\u2019agit d\u2019un exemplaire tr\u00e8s pr\u00e9cieux.<\/p>\n<p>[\/et_pb_text][\/et_pb_column_inner][et_pb_column_inner type=\u00a0\u00bb1_2&Prime; saved_specialty_column_type=\u00a0\u00bb3_4&Prime;][et_pb_image _builder_version=\u00a0\u00bb3.15&Prime; src=\u00a0\u00bbhttps:\/\/www.min-on.org\/fr\/wp-content\/uploads\/sites\/7\/2018\/11\/5-Music-Box-Regibaphone-Style-240.jpg\u00a0\u00bb align=\u00a0\u00bbcenter\u00a0\u00bb force_fullwidth=\u00a0\u00bbon\u00a0\u00bb \/][\/et_pb_column_inner][\/et_pb_row_inner][\/et_pb_column][et_pb_column type=\u00a0\u00bb1_4&Prime;][et_pb_sidebar _builder_version=\u00a0\u00bb3.12&Prime; area=\u00a0\u00bbet_pb_widget_area_11&Prime; module_class=\u00a0\u00bbmuseumSidebar\u00a0\u00bb \/][\/et_pb_column][\/et_pb_section]<\/p>\n","protected":false},"excerpt":{"rendered":"<p>Bo\u00eete \u00e0 Musique : \u00ab Reginaphone Style 240 \u00bb \/ Regina 1905, \u00c9tats-Unis L\u2019invention du phonographe par Edison poussa la fabrication de bo\u00eetes \u00e0 musique \u2013 l\u2019instrument de pr\u00e9dilection du XIXe si\u00e8cle \u2013 au bord de l\u2019extinction. Cet instrument est le dernier chef d\u2019\u0153uvre de Regina, qui y investit toutes ses ressources durant les derniers [&hellip;]<\/p>\n","protected":false},"author":1,"featured_media":0,"parent":0,"menu_order":0,"comment_status":"closed","ping_status":"closed","template":"","meta":{"_et_pb_use_builder":"on","_et_pb_old_content":"","_et_gb_content_width":"","footnotes":""},"categories":[],"tags":[],"distributor_meta":false,"distributor_terms":false,"distributor_media":false,"distributor_original_site_name":"French - Min-On Website","distributor_original_site_url":"https:\/\/www.min-on.org\/fr","_links":{"self":[{"href":"https:\/\/www.min-on.org\/fr\/wp-json\/wp\/v2\/pages\/6880"}],"collection":[{"href":"https:\/\/www.min-on.org\/fr\/wp-json\/wp\/v2\/pages"}],"about":[{"href":"https:\/\/www.min-on.org\/fr\/wp-json\/wp\/v2\/types\/page"}],"author":[{"embeddable":true,"href":"https:\/\/www.min-on.org\/fr\/wp-json\/wp\/v2\/users\/1"}],"replies":[{"embeddable":true,"href":"https:\/\/www.min-on.org\/fr\/wp-json\/wp\/v2\/comments?post=6880"}],"version-history":[{"count":6,"href":"https:\/\/www.min-on.org\/fr\/wp-json\/wp\/v2\/pages\/6880\/revisions"}],"predecessor-version":[{"id":8295,"href":"https:\/\/www.min-on.org\/fr\/wp-json\/wp\/v2\/pages\/6880\/revisions\/8295"}],"wp:attachment":[{"href":"https:\/\/www.min-on.org\/fr\/wp-json\/wp\/v2\/media?parent=6880"}],"wp:term":[{"taxonomy":"category","embeddable":true,"href":"https:\/\/www.min-on.org\/fr\/wp-json\/wp\/v2\/categories?post=6880"},{"taxonomy":"post_tag","embeddable":true,"href":"https:\/\/www.min-on.org\/fr\/wp-json\/wp\/v2\/tags?post=6880"}],"curies":[{"name":"wp","href":"https:\/\/api.w.org\/{rel}","templated":true}]}}