{"id":6873,"date":"2018-08-30T11:29:52","date_gmt":"2018-08-30T11:29:52","guid":{"rendered":"http:\/\/59.106.140.197\/?page_id=6873"},"modified":"2019-06-04T01:52:12","modified_gmt":"2019-06-04T01:52:12","slug":"music-box-swan-elite-porter-2","status":"publish","type":"page","link":"https:\/\/www.min-on.org\/fr\/music-box-swan-elite-porter-2\/","title":{"rendered":"Bo\u00eete \u00e0 Musique  \u00ab Swan Elite \u00bb"},"content":{"rendered":"<p>[et_pb_section bb_built=\u00a0\u00bb1&Prime; fullwidth=\u00a0\u00bboff\u00a0\u00bb specialty=\u00a0\u00bbon\u00a0\u00bb][et_pb_column type=\u00a0\u00bb3_4&Prime; specialty_columns=\u00a0\u00bb3&Prime;][et_pb_row_inner admin_label=\u00a0\u00bbRow\u00a0\u00bb _builder_version=\u00a0\u00bb3.12&Prime;][et_pb_column_inner type=\u00a0\u00bb1_2&Prime; saved_specialty_column_type=\u00a0\u00bb3_4&Prime;][et_pb_text _builder_version=\u00a0\u00bb3.15&Prime;]<\/p>\n<h1>Bo\u00eete \u00e0 Musique \u00ab Swan Elite \u00bb<\/h1>\n<p style=\"font-weight: 600;\">1974, \u00c9tats-Unis<\/p>\n<p>Il s\u2019agit de la reproduction d\u2019une bo\u00eete \u00e0 musique de table de type Regina actionnant un disque de 31.2 cm. Elle se distingue par ses sonorit\u00e9s claires et cristallines.<\/p>\n<p>[\/et_pb_text][\/et_pb_column_inner][et_pb_column_inner type=\u00a0\u00bb1_2&Prime; saved_specialty_column_type=\u00a0\u00bb3_4&Prime;][et_pb_image _builder_version=\u00a0\u00bb3.15&Prime; src=\u00a0\u00bbhttps:\/\/www.min-on.org\/fr\/wp-content\/uploads\/sites\/7\/2018\/11\/4-Music-Box-Swan-Elite.jpg\u00a0\u00bb align=\u00a0\u00bbcenter\u00a0\u00bb force_fullwidth=\u00a0\u00bbon\u00a0\u00bb \/][\/et_pb_column_inner][\/et_pb_row_inner][\/et_pb_column][et_pb_column type=\u00a0\u00bb1_4&Prime;][et_pb_sidebar _builder_version=\u00a0\u00bb3.12&Prime; area=\u00a0\u00bbet_pb_widget_area_11&Prime; module_class=\u00a0\u00bbmuseumSidebar\u00a0\u00bb \/][\/et_pb_column][\/et_pb_section]<\/p>\n","protected":false},"excerpt":{"rendered":"<p>Bo\u00eete \u00e0 Musique \u00ab Swan Elite \u00bb 1974, \u00c9tats-Unis Il s\u2019agit de la reproduction d\u2019une bo\u00eete \u00e0 musique de table de type Regina actionnant un disque de 31.2 cm. Elle se distingue par ses sonorit\u00e9s claires et cristallines.<\/p>\n","protected":false},"author":1,"featured_media":0,"parent":0,"menu_order":0,"comment_status":"closed","ping_status":"closed","template":"","meta":{"_et_pb_use_builder":"on","_et_pb_old_content":"","_et_gb_content_width":"","footnotes":""},"categories":[],"tags":[],"distributor_meta":false,"distributor_terms":false,"distributor_media":false,"distributor_original_site_name":"French - Min-On Website","distributor_original_site_url":"https:\/\/www.min-on.org\/fr","_links":{"self":[{"href":"https:\/\/www.min-on.org\/fr\/wp-json\/wp\/v2\/pages\/6873"}],"collection":[{"href":"https:\/\/www.min-on.org\/fr\/wp-json\/wp\/v2\/pages"}],"about":[{"href":"https:\/\/www.min-on.org\/fr\/wp-json\/wp\/v2\/types\/page"}],"author":[{"embeddable":true,"href":"https:\/\/www.min-on.org\/fr\/wp-json\/wp\/v2\/users\/1"}],"replies":[{"embeddable":true,"href":"https:\/\/www.min-on.org\/fr\/wp-json\/wp\/v2\/comments?post=6873"}],"version-history":[{"count":7,"href":"https:\/\/www.min-on.org\/fr\/wp-json\/wp\/v2\/pages\/6873\/revisions"}],"predecessor-version":[{"id":8586,"href":"https:\/\/www.min-on.org\/fr\/wp-json\/wp\/v2\/pages\/6873\/revisions\/8586"}],"wp:attachment":[{"href":"https:\/\/www.min-on.org\/fr\/wp-json\/wp\/v2\/media?parent=6873"}],"wp:term":[{"taxonomy":"category","embeddable":true,"href":"https:\/\/www.min-on.org\/fr\/wp-json\/wp\/v2\/categories?post=6873"},{"taxonomy":"post_tag","embeddable":true,"href":"https:\/\/www.min-on.org\/fr\/wp-json\/wp\/v2\/tags?post=6873"}],"curies":[{"name":"wp","href":"https:\/\/api.w.org\/{rel}","templated":true}]}}