{"id":6869,"date":"2018-08-30T11:27:52","date_gmt":"2018-08-30T11:27:52","guid":{"rendered":"http:\/\/59.106.140.197\/?page_id=6869"},"modified":"2018-10-29T17:25:57","modified_gmt":"2018-10-29T17:25:57","slug":"music-box-polyphon-style-104-coin-operated-type-polyphon","status":"publish","type":"page","link":"https:\/\/www.min-on.org\/fr\/music-box-polyphon-style-104-coin-operated-type-polyphon\/","title":{"rendered":"Bo\u00eete \u00e0 Musique \u00ab Polyphon Style 104 \u00bb avec monnayeur \/ Polyphon"},"content":{"rendered":"<p>[et_pb_section bb_built=\u00a0\u00bb1&Prime; fullwidth=\u00a0\u00bboff\u00a0\u00bb specialty=\u00a0\u00bbon\u00a0\u00bb][et_pb_column type=\u00a0\u00bb3_4&Prime; specialty_columns=\u00a0\u00bb3&Prime;][et_pb_row_inner admin_label=\u00a0\u00bbRow\u00a0\u00bb _builder_version=\u00a0\u00bb3.12&Prime;][et_pb_column_inner type=\u00a0\u00bb1_2&Prime; saved_specialty_column_type=\u00a0\u00bb3_4&Prime;][et_pb_text _builder_version=\u00a0\u00bb3.15&Prime;]<\/p>\n<h1>Bo\u00eete \u00e0 Musique \u00ab Polyphon Style 104 \u00bb avec monnayeur \/ Polyphon<\/h1>\n<p style=\"font-weight: 600;\">Ann\u00e9es 1890, Polyphon, Allemagne<\/p>\n<p>Polyphon, class\u00e9e parmi les trois plus grandes manufactures de bo\u00eetes \u00e0 musique du monde aux c\u00f4t\u00e9s de Symphonion et Regina, pouvait \u00e0 l\u2019\u00e9poque se targuer du plus gros volume de production mondial. L\u2019entreprise \u00e9tait si r\u00e9put\u00e9e que son nom \u00e9tait devenu synonyme de bo\u00eetes \u00e0 musique \u00e0 disques. De grandes quantit\u00e9s de cet instrument, une bo\u00eete \u00e0 musique verticale, \u00e9taient notamment destin\u00e9es \u00e0 des commerces tels les bars et restaurants pour le divertissement des clients, \u00e0 l\u2019instar des juke-boxes dans une p\u00e9riode plus r\u00e9cente. Il produit un volume sonore g\u00e9n\u00e9reux et la caisse en noyer grav\u00e9e lui conf\u00e8re un cachet europ\u00e9en.<\/p>\n<p>[\/et_pb_text][\/et_pb_column_inner][et_pb_column_inner type=\u00a0\u00bb1_2&Prime; saved_specialty_column_type=\u00a0\u00bb3_4&Prime;][et_pb_image _builder_version=\u00a0\u00bb3.15&Prime; src=\u00a0\u00bbhttps:\/\/www.min-on.org\/fr\/wp-content\/uploads\/sites\/7\/2018\/10\/3-Music-Box-polyphon-Style-104.jpg\u00a0\u00bb align=\u00a0\u00bbcenter\u00a0\u00bb force_fullwidth=\u00a0\u00bbon\u00a0\u00bb \/][\/et_pb_column_inner][\/et_pb_row_inner][\/et_pb_column][et_pb_column type=\u00a0\u00bb1_4&Prime;][et_pb_sidebar _builder_version=\u00a0\u00bb3.12&Prime; area=\u00a0\u00bbet_pb_widget_area_11&Prime; module_class=\u00a0\u00bbmuseumSidebar\u00a0\u00bb \/][\/et_pb_column][\/et_pb_section]<\/p>\n","protected":false},"excerpt":{"rendered":"<p>Bo\u00eete \u00e0 Musique \u00ab Polyphon Style 104 \u00bb avec monnayeur \/ Polyphon Ann\u00e9es 1890, Polyphon, Allemagne Polyphon, class\u00e9e parmi les trois plus grandes manufactures de bo\u00eetes \u00e0 musique du monde aux c\u00f4t\u00e9s de Symphonion et Regina, pouvait \u00e0 l\u2019\u00e9poque se targuer du plus gros volume de production mondial. L\u2019entreprise \u00e9tait si r\u00e9put\u00e9e que son nom [&hellip;]<\/p>\n","protected":false},"author":1,"featured_media":0,"parent":0,"menu_order":0,"comment_status":"closed","ping_status":"closed","template":"","meta":{"_et_pb_use_builder":"on","_et_pb_old_content":"","_et_gb_content_width":"","footnotes":""},"categories":[],"tags":[],"distributor_meta":false,"distributor_terms":false,"distributor_media":false,"distributor_original_site_name":"French - Min-On Website","distributor_original_site_url":"https:\/\/www.min-on.org\/fr","_links":{"self":[{"href":"https:\/\/www.min-on.org\/fr\/wp-json\/wp\/v2\/pages\/6869"}],"collection":[{"href":"https:\/\/www.min-on.org\/fr\/wp-json\/wp\/v2\/pages"}],"about":[{"href":"https:\/\/www.min-on.org\/fr\/wp-json\/wp\/v2\/types\/page"}],"author":[{"embeddable":true,"href":"https:\/\/www.min-on.org\/fr\/wp-json\/wp\/v2\/users\/1"}],"replies":[{"embeddable":true,"href":"https:\/\/www.min-on.org\/fr\/wp-json\/wp\/v2\/comments?post=6869"}],"version-history":[{"count":8,"href":"https:\/\/www.min-on.org\/fr\/wp-json\/wp\/v2\/pages\/6869\/revisions"}],"predecessor-version":[{"id":7874,"href":"https:\/\/www.min-on.org\/fr\/wp-json\/wp\/v2\/pages\/6869\/revisions\/7874"}],"wp:attachment":[{"href":"https:\/\/www.min-on.org\/fr\/wp-json\/wp\/v2\/media?parent=6869"}],"wp:term":[{"taxonomy":"category","embeddable":true,"href":"https:\/\/www.min-on.org\/fr\/wp-json\/wp\/v2\/categories?post=6869"},{"taxonomy":"post_tag","embeddable":true,"href":"https:\/\/www.min-on.org\/fr\/wp-json\/wp\/v2\/tags?post=6869"}],"curies":[{"name":"wp","href":"https:\/\/api.w.org\/{rel}","templated":true}]}}