{"id":6865,"date":"2018-08-30T11:25:57","date_gmt":"2018-08-30T11:25:57","guid":{"rendered":"http:\/\/59.106.140.197\/?page_id=6865"},"modified":"2018-09-18T19:49:08","modified_gmt":"2018-09-18T19:49:08","slug":"music-box-eroica-style-no-38-symphonion-musicwerke","status":"publish","type":"page","link":"https:\/\/www.min-on.org\/fr\/music-box-eroica-style-no-38-symphonion-musicwerke\/","title":{"rendered":"Bo\u00eete \u00e0 Musique : \u00ab Eroica \u00bb Style No. 38 \/ Symphonion Musikwerke"},"content":{"rendered":"<p>[et_pb_section bb_built=\u00a0\u00bb1&Prime; fullwidth=\u00a0\u00bboff\u00a0\u00bb specialty=\u00a0\u00bbon\u00a0\u00bb][et_pb_column type=\u00a0\u00bb3_4&Prime; specialty_columns=\u00a0\u00bb3&Prime;][et_pb_row_inner admin_label=\u00a0\u00bbRow\u00a0\u00bb _builder_version=\u00a0\u00bb3.12&Prime;][et_pb_column_inner type=\u00a0\u00bb1_2&Prime; saved_specialty_column_type=\u00a0\u00bb3_4&Prime;][et_pb_text _builder_version=\u00a0\u00bb3.15&Prime;]<\/p>\n<h1>Bo\u00eete \u00e0 Musique : \u00ab Eroica \u00bb Style No. 38 \/ Symphonion Musikwerke<\/h1>\n<p style=\"font-weight: 600;\">1900, Allemagne<\/p>\n<p>Un bois de noyer dur est utilis\u00e9 pour le coffrage ext\u00e9rieur. Bien que le dispositif d\u2019origine o\u00f9 trois disques permettaient de jouer une large gamme d\u2019exquises harmoniques fut particuli\u00e8rement rare, les bo\u00eetes \u00e0 musique \u00e0 disques Symphonion initialement commercialis\u00e9es par Paul Lochmann  connurent un essor rapide qui propulsa la manufacture parmi les trois premi\u00e8res du secteur.  Cependant, le d\u00e9clenchement de la Premi\u00e8re Guerre mondiale contraignit Symphonion \u00e0 fermer ses portes.<\/p>\n<p>[\/et_pb_text][\/et_pb_column_inner][et_pb_column_inner type=\u00a0\u00bb1_2&Prime; saved_specialty_column_type=\u00a0\u00bb3_4&Prime;][et_pb_image _builder_version=\u00a0\u00bb3.12&Prime; src=\u00a0\u00bbhttps:\/\/www.min-on.org\/wp-content\/uploads\/sites\/7\/2018\/08\/38-Symphonion-Musicwerke.jpg\u00a0\u00bb align=\u00a0\u00bbcenter\u00a0\u00bb force_fullwidth=\u00a0\u00bbon\u00a0\u00bb \/][\/et_pb_column_inner][\/et_pb_row_inner][\/et_pb_column][et_pb_column type=\u00a0\u00bb1_4&Prime;][et_pb_sidebar _builder_version=\u00a0\u00bb3.12&Prime; area=\u00a0\u00bbet_pb_widget_area_11&Prime; module_class=\u00a0\u00bbmuseumSidebar\u00a0\u00bb \/][\/et_pb_column][\/et_pb_section]<\/p>\n","protected":false},"excerpt":{"rendered":"<p>Bo\u00eete \u00e0 Musique : \u00ab Eroica \u00bb Style No. 38 \/ Symphonion Musikwerke 1900, Allemagne Un bois de noyer dur est utilis\u00e9 pour le coffrage ext\u00e9rieur. Bien que le dispositif d\u2019origine o\u00f9 trois disques permettaient de jouer une large gamme d\u2019exquises harmoniques fut particuli\u00e8rement rare, les bo\u00eetes \u00e0 musique \u00e0 disques Symphonion initialement commercialis\u00e9es par [&hellip;]<\/p>\n","protected":false},"author":1,"featured_media":0,"parent":0,"menu_order":0,"comment_status":"closed","ping_status":"closed","template":"","meta":{"_et_pb_use_builder":"on","_et_pb_old_content":"","_et_gb_content_width":"","footnotes":""},"categories":[],"tags":[],"distributor_meta":false,"distributor_terms":false,"distributor_media":false,"distributor_original_site_name":"French - Min-On Website","distributor_original_site_url":"https:\/\/www.min-on.org\/fr","_links":{"self":[{"href":"https:\/\/www.min-on.org\/fr\/wp-json\/wp\/v2\/pages\/6865"}],"collection":[{"href":"https:\/\/www.min-on.org\/fr\/wp-json\/wp\/v2\/pages"}],"about":[{"href":"https:\/\/www.min-on.org\/fr\/wp-json\/wp\/v2\/types\/page"}],"author":[{"embeddable":true,"href":"https:\/\/www.min-on.org\/fr\/wp-json\/wp\/v2\/users\/1"}],"replies":[{"embeddable":true,"href":"https:\/\/www.min-on.org\/fr\/wp-json\/wp\/v2\/comments?post=6865"}],"version-history":[{"count":5,"href":"https:\/\/www.min-on.org\/fr\/wp-json\/wp\/v2\/pages\/6865\/revisions"}],"predecessor-version":[{"id":7334,"href":"https:\/\/www.min-on.org\/fr\/wp-json\/wp\/v2\/pages\/6865\/revisions\/7334"}],"wp:attachment":[{"href":"https:\/\/www.min-on.org\/fr\/wp-json\/wp\/v2\/media?parent=6865"}],"wp:term":[{"taxonomy":"category","embeddable":true,"href":"https:\/\/www.min-on.org\/fr\/wp-json\/wp\/v2\/categories?post=6865"},{"taxonomy":"post_tag","embeddable":true,"href":"https:\/\/www.min-on.org\/fr\/wp-json\/wp\/v2\/tags?post=6865"}],"curies":[{"name":"wp","href":"https:\/\/api.w.org\/{rel}","templated":true}]}}