{"id":6861,"date":"2018-08-30T11:22:47","date_gmt":"2018-08-30T11:22:47","guid":{"rendered":"http:\/\/59.106.140.197\/?page_id=6861"},"modified":"2018-09-18T19:48:13","modified_gmt":"2018-09-18T19:48:13","slug":"music-box-sublime-harmonic-piccolo-langdorff-fils","status":"publish","type":"page","link":"https:\/\/www.min-on.org\/fr\/music-box-sublime-harmonic-piccolo-langdorff-fils\/","title":{"rendered":"Bo\u00eete \u00e0 Musique : Sublime Harmonie Piccolo \/ Langdorff &#038; Fils"},"content":{"rendered":"<p>[et_pb_section bb_built=\u00a0\u00bb1&Prime; fullwidth=\u00a0\u00bboff\u00a0\u00bb specialty=\u00a0\u00bbon\u00a0\u00bb][et_pb_column type=\u00a0\u00bb3_4&Prime; specialty_columns=\u00a0\u00bb3&Prime;][et_pb_row_inner admin_label=\u00a0\u00bbRow\u00a0\u00bb _builder_version=\u00a0\u00bb3.12&Prime;][et_pb_column_inner type=\u00a0\u00bb1_2&Prime; saved_specialty_column_type=\u00a0\u00bb3_4&Prime;][et_pb_text _builder_version=\u00a0\u00bb3.15&Prime;]<\/p>\n<h1>Bo\u00eete \u00e0 Musique : Sublime Harmonie Piccolo \/ Langdorff &#038; Fils<\/h1>\n<p style=\"font-weight: 600;\">1880, Suisse<\/p>\n<p>Langdorff est une manufacture de bo\u00eetes \u00e0 musique \u00e0 cylindres de Gen\u00e8ve, en Suisse.  Cet exemplaire \u00e0 4 cylindres datant de 1880 s\u2019ins\u00e8re dans un compartiment de rangement sp\u00e9cial situ\u00e9 dans le socle. Chaque cylindre contient six morceaux de musique dont les noms sont affich\u00e9s \u00e0 l\u2019arri\u00e8re.  La bo\u00eete \u00e0 musique est \u00e9galement \u00e9quip\u00e9e d\u2019un dispositif produisant des sons analogues \u00e0 ceux d\u2019un instrument \u00e0 cordes en mettant en contact une fine feuille de papier avec les dents d\u2019un peigne \u00e9mettant une vibration.<\/p>\n<p>[\/et_pb_text][\/et_pb_column_inner][et_pb_column_inner type=\u00a0\u00bb1_2&Prime; saved_specialty_column_type=\u00a0\u00bb3_4&Prime;][et_pb_image _builder_version=\u00a0\u00bb3.12&Prime; src=\u00a0\u00bbhttps:\/\/www.min-on.org\/wp-content\/uploads\/sites\/7\/2018\/08\/Music-Box-Sublime-Harmonic-Piccolo-Langdorff-Fils.jpg\u00a0\u00bb align=\u00a0\u00bbcenter\u00a0\u00bb force_fullwidth=\u00a0\u00bbon\u00a0\u00bb \/][\/et_pb_column_inner][\/et_pb_row_inner][\/et_pb_column][et_pb_column type=\u00a0\u00bb1_4&Prime;][et_pb_sidebar _builder_version=\u00a0\u00bb3.12&Prime; area=\u00a0\u00bbet_pb_widget_area_11&Prime; module_class=\u00a0\u00bbmuseumSidebar\u00a0\u00bb \/][\/et_pb_column][\/et_pb_section]<\/p>\n","protected":false},"excerpt":{"rendered":"<p>Bo\u00eete \u00e0 Musique : Sublime Harmonie Piccolo \/ Langdorff &#038; Fils 1880, Suisse Langdorff est une manufacture de bo\u00eetes \u00e0 musique \u00e0 cylindres de Gen\u00e8ve, en Suisse. Cet exemplaire \u00e0 4 cylindres datant de 1880 s\u2019ins\u00e8re dans un compartiment de rangement sp\u00e9cial situ\u00e9 dans le socle. Chaque cylindre contient six morceaux de musique dont les [&hellip;]<\/p>\n","protected":false},"author":1,"featured_media":0,"parent":0,"menu_order":0,"comment_status":"closed","ping_status":"closed","template":"","meta":{"_et_pb_use_builder":"on","_et_pb_old_content":"","_et_gb_content_width":"","footnotes":""},"categories":[],"tags":[],"distributor_meta":false,"distributor_terms":false,"distributor_media":false,"distributor_original_site_name":"French - Min-On Website","distributor_original_site_url":"https:\/\/www.min-on.org\/fr","_links":{"self":[{"href":"https:\/\/www.min-on.org\/fr\/wp-json\/wp\/v2\/pages\/6861"}],"collection":[{"href":"https:\/\/www.min-on.org\/fr\/wp-json\/wp\/v2\/pages"}],"about":[{"href":"https:\/\/www.min-on.org\/fr\/wp-json\/wp\/v2\/types\/page"}],"author":[{"embeddable":true,"href":"https:\/\/www.min-on.org\/fr\/wp-json\/wp\/v2\/users\/1"}],"replies":[{"embeddable":true,"href":"https:\/\/www.min-on.org\/fr\/wp-json\/wp\/v2\/comments?post=6861"}],"version-history":[{"count":5,"href":"https:\/\/www.min-on.org\/fr\/wp-json\/wp\/v2\/pages\/6861\/revisions"}],"predecessor-version":[{"id":7333,"href":"https:\/\/www.min-on.org\/fr\/wp-json\/wp\/v2\/pages\/6861\/revisions\/7333"}],"wp:attachment":[{"href":"https:\/\/www.min-on.org\/fr\/wp-json\/wp\/v2\/media?parent=6861"}],"wp:term":[{"taxonomy":"category","embeddable":true,"href":"https:\/\/www.min-on.org\/fr\/wp-json\/wp\/v2\/categories?post=6861"},{"taxonomy":"post_tag","embeddable":true,"href":"https:\/\/www.min-on.org\/fr\/wp-json\/wp\/v2\/tags?post=6861"}],"curies":[{"name":"wp","href":"https:\/\/api.w.org\/{rel}","templated":true}]}}