{"id":6853,"date":"2018-08-30T11:05:26","date_gmt":"2018-08-30T11:05:26","guid":{"rendered":"http:\/\/59.106.140.197\/?page_id=6853"},"modified":"2018-09-18T19:40:32","modified_gmt":"2018-09-18T19:40:32","slug":"automata-pierrot-and-chair","status":"publish","type":"page","link":"https:\/\/www.min-on.org\/fr\/automata-pierrot-and-chair\/","title":{"rendered":"Automate \u00ab Pierrot et Chaise \u00bb"},"content":{"rendered":"<p>[et_pb_section bb_built=\u00a0\u00bb1&Prime; fullwidth=\u00a0\u00bboff\u00a0\u00bb specialty=\u00a0\u00bbon\u00a0\u00bb][et_pb_column type=\u00a0\u00bb3_4&Prime; specialty_columns=\u00a0\u00bb3&Prime;][et_pb_row_inner admin_label=\u00a0\u00bbRow\u00a0\u00bb _builder_version=\u00a0\u00bb3.12&Prime;][et_pb_column_inner type=\u00a0\u00bb1_2&Prime; saved_specialty_column_type=\u00a0\u00bb3_4&Prime;][et_pb_text _builder_version=\u00a0\u00bb3.15&Prime;]<\/p>\n<h1>Automate \u00ab Pierrot et Chaise \u00bb<\/h1>\n<p style=\"font-weight: 600;\">1986, Suisse <\/p>\n<p>Fabriqu\u00e9 par l\u2019atelier suisse Michel Bertrand en 1986, l\u2019automate est une poup\u00e9e m\u00e9canique du type \u00ab karakuri \u00bb, dot\u00e9e d\u2019une bo\u00eete \u00e0 musique int\u00e9gr\u00e9e.  Le clown l\u00e8ve la chaise et se met en \u00e9quilibre sur une main au rythme de la musique.  Cette technique \u00e9tant li\u00e9e \u00e0 la technologie horlog\u00e8re, nombre d\u2019artisans horlogers fabriquaient des bo\u00eetes \u00e0 musique de ce genre \u00e0 cette \u00e9poque.<\/p>\n<p>[\/et_pb_text][\/et_pb_column_inner][et_pb_column_inner type=\u00a0\u00bb1_2&Prime; saved_specialty_column_type=\u00a0\u00bb3_4&Prime;][et_pb_image _builder_version=\u00a0\u00bb3.12&Prime; src=\u00a0\u00bbhttps:\/\/www.min-on.org\/wp-content\/uploads\/sites\/7\/2018\/08\/Automata-\u201cPierrot-and-Chair\u201d.jpg\u00a0\u00bb align=\u00a0\u00bbcenter\u00a0\u00bb force_fullwidth=\u00a0\u00bbon\u00a0\u00bb \/][\/et_pb_column_inner][\/et_pb_row_inner][\/et_pb_column][et_pb_column type=\u00a0\u00bb1_4&Prime;][et_pb_sidebar _builder_version=\u00a0\u00bb3.12&Prime; area=\u00a0\u00bbet_pb_widget_area_11&Prime; module_class=\u00a0\u00bbmuseumSidebar\u00a0\u00bb \/][\/et_pb_column][\/et_pb_section]<\/p>\n","protected":false},"excerpt":{"rendered":"<p>Automate \u00ab Pierrot et Chaise \u00bb 1986, Suisse Fabriqu\u00e9 par l\u2019atelier suisse Michel Bertrand en 1986, l\u2019automate est une poup\u00e9e m\u00e9canique du type \u00ab karakuri \u00bb, dot\u00e9e d\u2019une bo\u00eete \u00e0 musique int\u00e9gr\u00e9e. Le clown l\u00e8ve la chaise et se met en \u00e9quilibre sur une main au rythme de la musique. Cette technique \u00e9tant li\u00e9e \u00e0 [&hellip;]<\/p>\n","protected":false},"author":1,"featured_media":0,"parent":0,"menu_order":0,"comment_status":"closed","ping_status":"closed","template":"","meta":{"_et_pb_use_builder":"on","_et_pb_old_content":"","_et_gb_content_width":"","footnotes":""},"categories":[],"tags":[],"distributor_meta":false,"distributor_terms":false,"distributor_media":false,"distributor_original_site_name":"French - Min-On Website","distributor_original_site_url":"https:\/\/www.min-on.org\/fr","_links":{"self":[{"href":"https:\/\/www.min-on.org\/fr\/wp-json\/wp\/v2\/pages\/6853"}],"collection":[{"href":"https:\/\/www.min-on.org\/fr\/wp-json\/wp\/v2\/pages"}],"about":[{"href":"https:\/\/www.min-on.org\/fr\/wp-json\/wp\/v2\/types\/page"}],"author":[{"embeddable":true,"href":"https:\/\/www.min-on.org\/fr\/wp-json\/wp\/v2\/users\/1"}],"replies":[{"embeddable":true,"href":"https:\/\/www.min-on.org\/fr\/wp-json\/wp\/v2\/comments?post=6853"}],"version-history":[{"count":6,"href":"https:\/\/www.min-on.org\/fr\/wp-json\/wp\/v2\/pages\/6853\/revisions"}],"predecessor-version":[{"id":7326,"href":"https:\/\/www.min-on.org\/fr\/wp-json\/wp\/v2\/pages\/6853\/revisions\/7326"}],"wp:attachment":[{"href":"https:\/\/www.min-on.org\/fr\/wp-json\/wp\/v2\/media?parent=6853"}],"wp:term":[{"taxonomy":"category","embeddable":true,"href":"https:\/\/www.min-on.org\/fr\/wp-json\/wp\/v2\/categories?post=6853"},{"taxonomy":"post_tag","embeddable":true,"href":"https:\/\/www.min-on.org\/fr\/wp-json\/wp\/v2\/tags?post=6853"}],"curies":[{"name":"wp","href":"https:\/\/api.w.org\/{rel}","templated":true}]}}