{"id":6850,"date":"2018-08-30T11:03:27","date_gmt":"2018-08-30T11:03:27","guid":{"rendered":"http:\/\/59.106.140.197\/?page_id=6850"},"modified":"2018-10-29T17:21:39","modified_gmt":"2018-10-29T17:21:39","slug":"music-box-porter-twin-disc-porter-music-box-company-inc","status":"publish","type":"page","link":"https:\/\/www.min-on.org\/fr\/music-box-porter-twin-disc-porter-music-box-company-inc\/","title":{"rendered":"Bo\u00eete \u00e0 Musique \u00ab Porter Twin Disc \u00bb de la Porter Music Box Company, Inc."},"content":{"rendered":"<p>[et_pb_section bb_built=\u00a0\u00bb1&Prime; fullwidth=\u00a0\u00bboff\u00a0\u00bb specialty=\u00a0\u00bbon\u00a0\u00bb][et_pb_column type=\u00a0\u00bb3_4&Prime; specialty_columns=\u00a0\u00bb3&Prime;][et_pb_row_inner admin_label=\u00a0\u00bbRow\u00a0\u00bb _builder_version=\u00a0\u00bb3.12&Prime;][et_pb_column_inner type=\u00a0\u00bb1_2&Prime; saved_specialty_column_type=\u00a0\u00bb3_4&Prime;][et_pb_text _builder_version=\u00a0\u00bb3.15&Prime;]<\/p>\n<h1>Bo\u00eete \u00e0 Musique \u00ab Porter Twin Disc \u00bb de la Porter Music Box Company, Inc.<\/h1>\n<p style=\"font-weight: 600;\">1990, \u00c9tats-Unis<\/p>\n<p>Bo\u00eete \u00e0 musique moderne h\u00e9riti\u00e8re de la tradition de la Regina Company du New Jersey.  Cette bo\u00eete \u00e0 musique, qui peut s\u2019\u00e9couter en st\u00e9r\u00e9ophonie, produit une musique artistique et de toute beaut\u00e9.<\/p>\n<p>[\/et_pb_text][\/et_pb_column_inner][et_pb_column_inner type=\u00a0\u00bb1_2&Prime; saved_specialty_column_type=\u00a0\u00bb3_4&Prime;][et_pb_image _builder_version=\u00a0\u00bb3.15&Prime; src=\u00a0\u00bbhttps:\/\/www.min-on.org\/fr\/wp-content\/uploads\/sites\/7\/2018\/10\/2-Music-Box-Porter-Twin-Disc-copy.jpg\u00a0\u00bb align=\u00a0\u00bbcenter\u00a0\u00bb force_fullwidth=\u00a0\u00bbon\u00a0\u00bb \/][\/et_pb_column_inner][\/et_pb_row_inner][\/et_pb_column][et_pb_column type=\u00a0\u00bb1_4&Prime;][et_pb_sidebar _builder_version=\u00a0\u00bb3.12&Prime; area=\u00a0\u00bbet_pb_widget_area_11&Prime; module_class=\u00a0\u00bbmuseumSidebar\u00a0\u00bb \/][\/et_pb_column][\/et_pb_section]<\/p>\n","protected":false},"excerpt":{"rendered":"<p>Bo\u00eete \u00e0 Musique \u00ab Porter Twin Disc \u00bb de la Porter Music Box Company, Inc. 1990, \u00c9tats-Unis Bo\u00eete \u00e0 musique moderne h\u00e9riti\u00e8re de la tradition de la Regina Company du New Jersey. Cette bo\u00eete \u00e0 musique, qui peut s\u2019\u00e9couter en st\u00e9r\u00e9ophonie, produit une musique artistique et de toute beaut\u00e9.<\/p>\n","protected":false},"author":1,"featured_media":0,"parent":0,"menu_order":0,"comment_status":"closed","ping_status":"closed","template":"","meta":{"_et_pb_use_builder":"on","_et_pb_old_content":"","_et_gb_content_width":"","footnotes":""},"categories":[],"tags":[],"distributor_meta":false,"distributor_terms":false,"distributor_media":false,"distributor_original_site_name":"French - Min-On Website","distributor_original_site_url":"https:\/\/www.min-on.org\/fr","_links":{"self":[{"href":"https:\/\/www.min-on.org\/fr\/wp-json\/wp\/v2\/pages\/6850"}],"collection":[{"href":"https:\/\/www.min-on.org\/fr\/wp-json\/wp\/v2\/pages"}],"about":[{"href":"https:\/\/www.min-on.org\/fr\/wp-json\/wp\/v2\/types\/page"}],"author":[{"embeddable":true,"href":"https:\/\/www.min-on.org\/fr\/wp-json\/wp\/v2\/users\/1"}],"replies":[{"embeddable":true,"href":"https:\/\/www.min-on.org\/fr\/wp-json\/wp\/v2\/comments?post=6850"}],"version-history":[{"count":9,"href":"https:\/\/www.min-on.org\/fr\/wp-json\/wp\/v2\/pages\/6850\/revisions"}],"predecessor-version":[{"id":7872,"href":"https:\/\/www.min-on.org\/fr\/wp-json\/wp\/v2\/pages\/6850\/revisions\/7872"}],"wp:attachment":[{"href":"https:\/\/www.min-on.org\/fr\/wp-json\/wp\/v2\/media?parent=6850"}],"wp:term":[{"taxonomy":"category","embeddable":true,"href":"https:\/\/www.min-on.org\/fr\/wp-json\/wp\/v2\/categories?post=6850"},{"taxonomy":"post_tag","embeddable":true,"href":"https:\/\/www.min-on.org\/fr\/wp-json\/wp\/v2\/tags?post=6850"}],"curies":[{"name":"wp","href":"https:\/\/api.w.org\/{rel}","templated":true}]}}