{"id":6843,"date":"2018-08-30T10:56:38","date_gmt":"2018-08-30T10:56:38","guid":{"rendered":"http:\/\/59.106.140.197\/?page_id=6843"},"modified":"2018-09-18T19:41:30","modified_gmt":"2018-09-18T19:41:30","slug":"hand-cranked-organ-type-1-organetta","status":"publish","type":"page","link":"https:\/\/www.min-on.org\/fr\/hand-cranked-organ-type-1-organetta\/","title":{"rendered":"Orgue \u00e0 manivelle \/ Organetta Type 1"},"content":{"rendered":"<p>[et_pb_section bb_built=\u00a0\u00bb1&Prime; fullwidth=\u00a0\u00bboff\u00a0\u00bb specialty=\u00a0\u00bbon\u00a0\u00bb][et_pb_column type=\u00a0\u00bb3_4&Prime; specialty_columns=\u00a0\u00bb3&Prime;][et_pb_row_inner admin_label=\u00a0\u00bbRow\u00a0\u00bb _builder_version=\u00a0\u00bb3.12&Prime;][et_pb_column_inner type=\u00a0\u00bb1_2&Prime; saved_specialty_column_type=\u00a0\u00bb3_4&Prime;][et_pb_text _builder_version=\u00a0\u00bb3.15&Prime;]<\/p>\n<h1>Orgue \u00e0 manivelle \/ Organetta Type 1 <\/h1>\n<p style=\"font-weight: 600;\">1991, Japon<\/p>\n<p>Grand orgue \u00e0 manivelle.  Il poss\u00e8de une panoplie de 38 tuyaux m\u00e9talliques de deux types permettant de produire des sons aigus et graves, avec \u00e9galement des cloches et des tambours en instruments secondaires.  Le son est produit en ins\u00e9rant une carte \u00e0 musique perfor\u00e9e et en tournant la manivelle. Le livre qui l\u2019accompagne contient quatre morceaux de musique.<\/p>\n<p>[\/et_pb_text][\/et_pb_column_inner][et_pb_column_inner type=\u00a0\u00bb1_2&Prime; saved_specialty_column_type=\u00a0\u00bb3_4&Prime;][et_pb_image _builder_version=\u00a0\u00bb3.12&Prime; src=\u00a0\u00bbhttps:\/\/www.min-on.org\/wp-content\/uploads\/sites\/7\/2018\/08\/Type-1-Organetta.jpg\u00a0\u00bb align=\u00a0\u00bbcenter\u00a0\u00bb force_fullwidth=\u00a0\u00bbon\u00a0\u00bb \/][\/et_pb_column_inner][\/et_pb_row_inner][\/et_pb_column][et_pb_column type=\u00a0\u00bb1_4&Prime;][et_pb_sidebar _builder_version=\u00a0\u00bb3.12&Prime; area=\u00a0\u00bbet_pb_widget_area_11&Prime; module_class=\u00a0\u00bbmuseumSidebar\u00a0\u00bb \/][\/et_pb_column][\/et_pb_section]<\/p>\n","protected":false},"excerpt":{"rendered":"<p>Orgue \u00e0 manivelle \/ Organetta Type 1 1991, Japon Grand orgue \u00e0 manivelle. Il poss\u00e8de une panoplie de 38 tuyaux m\u00e9talliques de deux types permettant de produire des sons aigus et graves, avec \u00e9galement des cloches et des tambours en instruments secondaires. Le son est produit en ins\u00e9rant une carte \u00e0 musique perfor\u00e9e et en [&hellip;]<\/p>\n","protected":false},"author":1,"featured_media":0,"parent":0,"menu_order":0,"comment_status":"closed","ping_status":"closed","template":"","meta":{"_et_pb_use_builder":"on","_et_pb_old_content":"","_et_gb_content_width":"","footnotes":""},"categories":[],"tags":[],"distributor_meta":false,"distributor_terms":false,"distributor_media":false,"distributor_original_site_name":"French - Min-On Website","distributor_original_site_url":"https:\/\/www.min-on.org\/fr","_links":{"self":[{"href":"https:\/\/www.min-on.org\/fr\/wp-json\/wp\/v2\/pages\/6843"}],"collection":[{"href":"https:\/\/www.min-on.org\/fr\/wp-json\/wp\/v2\/pages"}],"about":[{"href":"https:\/\/www.min-on.org\/fr\/wp-json\/wp\/v2\/types\/page"}],"author":[{"embeddable":true,"href":"https:\/\/www.min-on.org\/fr\/wp-json\/wp\/v2\/users\/1"}],"replies":[{"embeddable":true,"href":"https:\/\/www.min-on.org\/fr\/wp-json\/wp\/v2\/comments?post=6843"}],"version-history":[{"count":6,"href":"https:\/\/www.min-on.org\/fr\/wp-json\/wp\/v2\/pages\/6843\/revisions"}],"predecessor-version":[{"id":7327,"href":"https:\/\/www.min-on.org\/fr\/wp-json\/wp\/v2\/pages\/6843\/revisions\/7327"}],"wp:attachment":[{"href":"https:\/\/www.min-on.org\/fr\/wp-json\/wp\/v2\/media?parent=6843"}],"wp:term":[{"taxonomy":"category","embeddable":true,"href":"https:\/\/www.min-on.org\/fr\/wp-json\/wp\/v2\/categories?post=6843"},{"taxonomy":"post_tag","embeddable":true,"href":"https:\/\/www.min-on.org\/fr\/wp-json\/wp\/v2\/tags?post=6843"}],"curies":[{"name":"wp","href":"https:\/\/api.w.org\/{rel}","templated":true}]}}