{"id":6840,"date":"2018-08-30T10:44:01","date_gmt":"2018-08-30T10:44:01","guid":{"rendered":"http:\/\/59.106.140.197\/?page_id=6840"},"modified":"2018-11-04T12:19:58","modified_gmt":"2018-11-04T12:19:58","slug":"fairy-tale-organ","status":"publish","type":"page","link":"https:\/\/www.min-on.org\/fr\/fairy-tale-organ\/","title":{"rendered":"Orgue \u00ab Conte de F\u00e9es \u00bb"},"content":{"rendered":"<p>[et_pb_section bb_built=\u00a0\u00bb1&Prime; fullwidth=\u00a0\u00bboff\u00a0\u00bb specialty=\u00a0\u00bbon\u00a0\u00bb][et_pb_column type=\u00a0\u00bb3_4&Prime; specialty_columns=\u00a0\u00bb3&Prime;][et_pb_row_inner admin_label=\u00a0\u00bbRow\u00a0\u00bb _builder_version=\u00a0\u00bb3.12&Prime;][et_pb_column_inner type=\u00a0\u00bb1_2&Prime; saved_specialty_column_type=\u00a0\u00bb3_4&Prime;][et_pb_text _builder_version=\u00a0\u00bb3.15&Prime;]<\/p>\n<h1>Orgue \u00ab Conte de F\u00e9es \u00bb<\/h1>\n<p style=\"font-weight: 600;\">1996, Allemagne<\/p>\n<p>L\u2019Orgue \u00ab Conte de F\u00e9es \u00bb est un orgue de Barbarie avec des personnages de contes de f\u00e9es m\u00e9caniques. Il pr\u00e9sente notamment un \u0153uf d\u2019or pondu par une poule, jet\u00e9 dans la gueule d\u2019une grenouille, et celle d\u2019un oisillon s\u2019envolant depuis un pilier.  L\u2019orgue joue sept m\u00e9lodies, dont la chanson japonaise \u00ab Sakura \u00bb (Fleur de cerisier).  L\u2019appareil fonctionne avec des pi\u00e8ces.<\/p>\n<p>[\/et_pb_text][\/et_pb_column_inner][et_pb_column_inner type=\u00a0\u00bb1_2&Prime; saved_specialty_column_type=\u00a0\u00bb3_4&Prime;][et_pb_image _builder_version=\u00a0\u00bb3.15&Prime; src=\u00a0\u00bbhttps:\/\/www.min-on.org\/fr\/wp-content\/uploads\/sites\/7\/2018\/11\/1-Fairly-tale-Organ.jpg\u00a0\u00bb align=\u00a0\u00bbcenter\u00a0\u00bb force_fullwidth=\u00a0\u00bbon\u00a0\u00bb \/][\/et_pb_column_inner][\/et_pb_row_inner][\/et_pb_column][et_pb_column type=\u00a0\u00bb1_4&Prime;][et_pb_sidebar _builder_version=\u00a0\u00bb3.12&Prime; area=\u00a0\u00bbet_pb_widget_area_11&Prime; module_class=\u00a0\u00bbmuseumSidebar\u00a0\u00bb \/][\/et_pb_column][\/et_pb_section]<\/p>\n","protected":false},"excerpt":{"rendered":"<p>Orgue \u00ab Conte de F\u00e9es \u00bb 1996, Allemagne L\u2019Orgue \u00ab Conte de F\u00e9es \u00bb est un orgue de Barbarie avec des personnages de contes de f\u00e9es m\u00e9caniques. Il pr\u00e9sente notamment un \u0153uf d\u2019or pondu par une poule, jet\u00e9 dans la gueule d\u2019une grenouille, et celle d\u2019un oisillon s\u2019envolant depuis un pilier. L\u2019orgue joue sept m\u00e9lodies, [&hellip;]<\/p>\n","protected":false},"author":1,"featured_media":0,"parent":0,"menu_order":0,"comment_status":"closed","ping_status":"closed","template":"","meta":{"_et_pb_use_builder":"on","_et_pb_old_content":"","_et_gb_content_width":"","footnotes":""},"categories":[],"tags":[],"distributor_meta":false,"distributor_terms":false,"distributor_media":false,"distributor_original_site_name":"French - Min-On Website","distributor_original_site_url":"https:\/\/www.min-on.org\/fr","_links":{"self":[{"href":"https:\/\/www.min-on.org\/fr\/wp-json\/wp\/v2\/pages\/6840"}],"collection":[{"href":"https:\/\/www.min-on.org\/fr\/wp-json\/wp\/v2\/pages"}],"about":[{"href":"https:\/\/www.min-on.org\/fr\/wp-json\/wp\/v2\/types\/page"}],"author":[{"embeddable":true,"href":"https:\/\/www.min-on.org\/fr\/wp-json\/wp\/v2\/users\/1"}],"replies":[{"embeddable":true,"href":"https:\/\/www.min-on.org\/fr\/wp-json\/wp\/v2\/comments?post=6840"}],"version-history":[{"count":7,"href":"https:\/\/www.min-on.org\/fr\/wp-json\/wp\/v2\/pages\/6840\/revisions"}],"predecessor-version":[{"id":8287,"href":"https:\/\/www.min-on.org\/fr\/wp-json\/wp\/v2\/pages\/6840\/revisions\/8287"}],"wp:attachment":[{"href":"https:\/\/www.min-on.org\/fr\/wp-json\/wp\/v2\/media?parent=6840"}],"wp:term":[{"taxonomy":"category","embeddable":true,"href":"https:\/\/www.min-on.org\/fr\/wp-json\/wp\/v2\/categories?post=6840"},{"taxonomy":"post_tag","embeddable":true,"href":"https:\/\/www.min-on.org\/fr\/wp-json\/wp\/v2\/tags?post=6840"}],"curies":[{"name":"wp","href":"https:\/\/api.w.org\/{rel}","templated":true}]}}