{"id":6671,"date":"2018-08-29T16:00:14","date_gmt":"2018-08-29T16:00:14","guid":{"rendered":"http:\/\/59.106.140.197\/?page_id=6671"},"modified":"2018-09-18T19:29:42","modified_gmt":"2018-09-18T19:29:42","slug":"bluthner-baby-grand-piano-of-hideo-saito","status":"publish","type":"page","link":"https:\/\/www.min-on.org\/fr\/bluthner-baby-grand-piano-of-hideo-saito\/","title":{"rendered":"Piano demi-queue \u00ab Bl\u00fcthner \u00bb de Hideo Saito"},"content":{"rendered":"<p>[et_pb_section bb_built=\u00a0\u00bb1&Prime; fullwidth=\u00a0\u00bboff\u00a0\u00bb specialty=\u00a0\u00bbon\u00a0\u00bb][et_pb_column type=\u00a0\u00bb3_4&Prime; specialty_columns=\u00a0\u00bb3&Prime;][et_pb_row_inner admin_label=\u00a0\u00bbRow\u00a0\u00bb _builder_version=\u00a0\u00bb3.12&Prime;][et_pb_column_inner type=\u00a0\u00bb1_2&Prime; saved_specialty_column_type=\u00a0\u00bb3_4&Prime;][et_pb_text _builder_version=\u00a0\u00bb3.15&Prime;]<\/p>\n<h1>Piano demi-queue \u00ab Bl\u00fcthner \u00bb de Hideo Saito<\/h1>\n<p style=\"font-weight: 600;\">1924, Allemagne<\/p>\n<p>L\u2019un des pianos dont jouait souvent Hideo Saito (1902 \u2013 1974), violoncelliste et professeur dans une \u00e9cole de musique.   <\/p>\n<p>C\u2019\u00e9tait le meilleur piano de l\u2019Allemagne de l\u2019Est de l\u2019\u00e9poque, et la maison Bl\u00fcthner \u00e9tait mondialement renomm\u00e9e pour son excellence.  Le son suave que permettait notamment l\u2019adoption de la corde sympathique, a fait la c\u00e9l\u00e9brit\u00e9 du piano Bl\u00fcthner et Mendelssohn aurait, dit-on, vivement appr\u00e9ci\u00e9 cet instrument.<\/p>\n<p>[\/et_pb_text][\/et_pb_column_inner][et_pb_column_inner type=\u00a0\u00bb1_2&Prime; saved_specialty_column_type=\u00a0\u00bb3_4&Prime;][et_pb_image _builder_version=\u00a0\u00bb3.12&Prime; src=\u00a0\u00bbhttps:\/\/www.min-on.org\/wp-content\/uploads\/sites\/7\/2018\/08\/\u201cBluthner\u201d-Baby-Grand-Piano-of-Hideo-Saito-1.jpg\u00a0\u00bb align=\u00a0\u00bbcenter\u00a0\u00bb force_fullwidth=\u00a0\u00bbon\u00a0\u00bb \/][\/et_pb_column_inner][\/et_pb_row_inner][\/et_pb_column][et_pb_column type=\u00a0\u00bb1_4&Prime;][et_pb_sidebar _builder_version=\u00a0\u00bb3.12&Prime; area=\u00a0\u00bbet_pb_widget_area_11&Prime; module_class=\u00a0\u00bbmuseumSidebar\u00a0\u00bb \/][\/et_pb_column][\/et_pb_section]<\/p>\n","protected":false},"excerpt":{"rendered":"<p>Piano demi-queue \u00ab Bl\u00fcthner \u00bb de Hideo Saito 1924, Allemagne L\u2019un des pianos dont jouait souvent Hideo Saito (1902 \u2013 1974), violoncelliste et professeur dans une \u00e9cole de musique. C\u2019\u00e9tait le meilleur piano de l\u2019Allemagne de l\u2019Est de l\u2019\u00e9poque, et la maison Bl\u00fcthner \u00e9tait mondialement renomm\u00e9e pour son excellence. Le son suave que permettait notamment [&hellip;]<\/p>\n","protected":false},"author":1,"featured_media":0,"parent":0,"menu_order":0,"comment_status":"closed","ping_status":"closed","template":"","meta":{"_et_pb_use_builder":"on","_et_pb_old_content":"","_et_gb_content_width":"","footnotes":""},"categories":[],"tags":[],"distributor_meta":false,"distributor_terms":false,"distributor_media":false,"distributor_original_site_name":"French - Min-On Website","distributor_original_site_url":"https:\/\/www.min-on.org\/fr","_links":{"self":[{"href":"https:\/\/www.min-on.org\/fr\/wp-json\/wp\/v2\/pages\/6671"}],"collection":[{"href":"https:\/\/www.min-on.org\/fr\/wp-json\/wp\/v2\/pages"}],"about":[{"href":"https:\/\/www.min-on.org\/fr\/wp-json\/wp\/v2\/types\/page"}],"author":[{"embeddable":true,"href":"https:\/\/www.min-on.org\/fr\/wp-json\/wp\/v2\/users\/1"}],"replies":[{"embeddable":true,"href":"https:\/\/www.min-on.org\/fr\/wp-json\/wp\/v2\/comments?post=6671"}],"version-history":[{"count":7,"href":"https:\/\/www.min-on.org\/fr\/wp-json\/wp\/v2\/pages\/6671\/revisions"}],"predecessor-version":[{"id":7316,"href":"https:\/\/www.min-on.org\/fr\/wp-json\/wp\/v2\/pages\/6671\/revisions\/7316"}],"wp:attachment":[{"href":"https:\/\/www.min-on.org\/fr\/wp-json\/wp\/v2\/media?parent=6671"}],"wp:term":[{"taxonomy":"category","embeddable":true,"href":"https:\/\/www.min-on.org\/fr\/wp-json\/wp\/v2\/categories?post=6671"},{"taxonomy":"post_tag","embeddable":true,"href":"https:\/\/www.min-on.org\/fr\/wp-json\/wp\/v2\/tags?post=6671"}],"curies":[{"name":"wp","href":"https:\/\/api.w.org\/{rel}","templated":true}]}}