{"id":6669,"date":"2018-08-29T15:58:45","date_gmt":"2018-08-29T15:58:45","guid":{"rendered":"http:\/\/59.106.140.197\/?page_id=6669"},"modified":"2018-09-18T19:27:14","modified_gmt":"2018-09-18T19:27:14","slug":"carl-ronish","status":"publish","type":"page","link":"https:\/\/www.min-on.org\/fr\/carl-ronish\/","title":{"rendered":"Pianoforte Carl R\u00f6nisch"},"content":{"rendered":"<p>[et_pb_section bb_built=\u00a0\u00bb1&Prime; fullwidth=\u00a0\u00bboff\u00a0\u00bb specialty=\u00a0\u00bbon\u00a0\u00bb][et_pb_column type=\u00a0\u00bb3_4&Prime; specialty_columns=\u00a0\u00bb3&Prime;][et_pb_row_inner admin_label=\u00a0\u00bbRow\u00a0\u00bb _builder_version=\u00a0\u00bb3.12&Prime;][et_pb_column_inner type=\u00a0\u00bb1_2&Prime; saved_specialty_column_type=\u00a0\u00bb3_4&Prime;][et_pb_text _builder_version=\u00a0\u00bb3.15&Prime;]<\/p>\n<h1>Pianoforte Carl R\u00f6nisch <\/h1>\n<p style=\"font-weight: 600;\">1868, Royaume de Saxe, Conf\u00e9d\u00e9ration de l\u2019Allemagne du Nord<br \/>\n(L\u2019actuel \u00c9tat libre de Saxe, R\u00e9publique f\u00e9d\u00e9rale d\u2019Allemagne)<\/p>\n<p>Les pianos fabriqu\u00e9s par Carl R\u00f6nisch ont depuis toujours la r\u00e9putation d\u2019assurer une \u00ab belle qualit\u00e9 sonore gr\u00e2ce \u00e0 une construction aussi stable et p\u00e9renne que le roc \u00bb.  Laur\u00e9at du Premier Prix pour son extraordinaire piano \u00e0 queue \u00e0 l\u2019Exposition Mondiale de Melbourne en 1888, R\u00f6nisch est devenu le fournisseur officiel de pianos des Cours royales de Su\u00e8de et de Norv\u00e8ge.  Cet instrument fut le piano de pr\u00e9dilection de nombreux musiciens, y compris de ma\u00eetres tels que Strauss, Puccini, Rubinstein et Rachmaninov.<\/p>\n<p>[\/et_pb_text][\/et_pb_column_inner][et_pb_column_inner type=\u00a0\u00bb1_2&Prime; saved_specialty_column_type=\u00a0\u00bb3_4&Prime;][et_pb_image _builder_version=\u00a0\u00bb3.12&Prime; src=\u00a0\u00bbhttps:\/\/www.min-on.org\/wp-content\/uploads\/sites\/7\/2018\/09\/carlRonishPic.jpeg\u00a0\u00bb align=\u00a0\u00bbcenter\u00a0\u00bb force_fullwidth=\u00a0\u00bbon\u00a0\u00bb show_bottom_space=\u00a0\u00bboff\u00a0\u00bb \/][et_pb_audio _builder_version=\u00a0\u00bb3.12&Prime; audio=\u00a0\u00bbhttps:\/\/www.min-on.org\/wp-content\/uploads\/sites\/7\/2018\/08\/collard-and-collard-square-piano.mp3&Prime; background_layout=\u00a0\u00bblight\u00a0\u00bb title_text_color=\u00a0\u00bb#000000&Prime; caption_text_color=\u00a0\u00bb#000000&Prime; saved_tabs=\u00a0\u00bball\u00a0\u00bb background_color=\u00a0\u00bb#f0f0f0&Prime; \/][\/et_pb_column_inner][\/et_pb_row_inner][\/et_pb_column][et_pb_column type=\u00a0\u00bb1_4&Prime;][et_pb_sidebar _builder_version=\u00a0\u00bb3.12&Prime; area=\u00a0\u00bbet_pb_widget_area_11&Prime; module_class=\u00a0\u00bbmuseumSidebar\u00a0\u00bb \/][\/et_pb_column][\/et_pb_section]<\/p>\n","protected":false},"excerpt":{"rendered":"<p>Pianoforte Carl R\u00f6nisch 1868, Royaume de Saxe, Conf\u00e9d\u00e9ration de l\u2019Allemagne du Nord (L\u2019actuel \u00c9tat libre de Saxe, R\u00e9publique f\u00e9d\u00e9rale d\u2019Allemagne) Les pianos fabriqu\u00e9s par Carl R\u00f6nisch ont depuis toujours la r\u00e9putation d\u2019assurer une \u00ab belle qualit\u00e9 sonore gr\u00e2ce \u00e0 une construction aussi stable et p\u00e9renne que le roc \u00bb. Laur\u00e9at du Premier Prix pour son [&hellip;]<\/p>\n","protected":false},"author":1,"featured_media":0,"parent":0,"menu_order":0,"comment_status":"closed","ping_status":"closed","template":"","meta":{"_et_pb_use_builder":"on","_et_pb_old_content":"","_et_gb_content_width":"","footnotes":""},"categories":[],"tags":[],"distributor_meta":false,"distributor_terms":false,"distributor_media":false,"distributor_original_site_name":"French - Min-On Website","distributor_original_site_url":"https:\/\/www.min-on.org\/fr","_links":{"self":[{"href":"https:\/\/www.min-on.org\/fr\/wp-json\/wp\/v2\/pages\/6669"}],"collection":[{"href":"https:\/\/www.min-on.org\/fr\/wp-json\/wp\/v2\/pages"}],"about":[{"href":"https:\/\/www.min-on.org\/fr\/wp-json\/wp\/v2\/types\/page"}],"author":[{"embeddable":true,"href":"https:\/\/www.min-on.org\/fr\/wp-json\/wp\/v2\/users\/1"}],"replies":[{"embeddable":true,"href":"https:\/\/www.min-on.org\/fr\/wp-json\/wp\/v2\/comments?post=6669"}],"version-history":[{"count":8,"href":"https:\/\/www.min-on.org\/fr\/wp-json\/wp\/v2\/pages\/6669\/revisions"}],"predecessor-version":[{"id":7314,"href":"https:\/\/www.min-on.org\/fr\/wp-json\/wp\/v2\/pages\/6669\/revisions\/7314"}],"wp:attachment":[{"href":"https:\/\/www.min-on.org\/fr\/wp-json\/wp\/v2\/media?parent=6669"}],"wp:term":[{"taxonomy":"category","embeddable":true,"href":"https:\/\/www.min-on.org\/fr\/wp-json\/wp\/v2\/categories?post=6669"},{"taxonomy":"post_tag","embeddable":true,"href":"https:\/\/www.min-on.org\/fr\/wp-json\/wp\/v2\/tags?post=6669"}],"curies":[{"name":"wp","href":"https:\/\/api.w.org\/{rel}","templated":true}]}}