{"id":6665,"date":"2018-08-29T15:52:04","date_gmt":"2018-08-29T15:52:04","guid":{"rendered":"http:\/\/59.106.140.197\/?page_id=6665"},"modified":"2018-09-18T19:24:35","modified_gmt":"2018-09-18T19:24:35","slug":"schweighofer-fortepiano","status":"publish","type":"page","link":"https:\/\/www.min-on.org\/fr\/schweighofer-fortepiano\/","title":{"rendered":"Pianoforte \u00ab Schweighofer \u00bb"},"content":{"rendered":"<p>[et_pb_section bb_built=\u00a0\u00bb1&Prime; fullwidth=\u00a0\u00bboff\u00a0\u00bb specialty=\u00a0\u00bbon\u00a0\u00bb][et_pb_column type=\u00a0\u00bb3_4&Prime; specialty_columns=\u00a0\u00bb3&Prime;][et_pb_row_inner admin_label=\u00a0\u00bbRow\u00a0\u00bb _builder_version=\u00a0\u00bb3.12&Prime;][et_pb_column_inner type=\u00a0\u00bb1_2&Prime; saved_specialty_column_type=\u00a0\u00bb3_4&Prime;][et_pb_text _builder_version=\u00a0\u00bb3.15&Prime;]<\/p>\n<h1>Pianoforte \u00ab Schweighofer \u00bb<\/h1>\n<p style=\"font-weight: 600;\">1840, Vienne, Autriche <\/p>\n<p>Une m\u00e9canique \u00e0 toute \u00e9preuve alli\u00e9e \u00e0 une construction solide permet \u00e0 cet instrument de produire de belles sonorit\u00e9s qui en font un instrument d\u2019accompagnement id\u00e9al pour la voix humaine.  Ce fut l\u2019instrument de pr\u00e9dilection de Schubert et de Brahms.<\/p>\n<p>[\/et_pb_text][\/et_pb_column_inner][et_pb_column_inner type=\u00a0\u00bb1_2&Prime; saved_specialty_column_type=\u00a0\u00bb3_4&Prime;][et_pb_image _builder_version=\u00a0\u00bb3.12&Prime; src=\u00a0\u00bbhttps:\/\/www.min-on.org\/wp-content\/uploads\/sites\/7\/2018\/08\/\u201cSchweighofer\u201d-Fortepiano.jpg\u00a0\u00bb align=\u00a0\u00bbcenter\u00a0\u00bb force_fullwidth=\u00a0\u00bbon\u00a0\u00bb \/][\/et_pb_column_inner][\/et_pb_row_inner][\/et_pb_column][et_pb_column type=\u00a0\u00bb1_4&Prime;][et_pb_sidebar _builder_version=\u00a0\u00bb3.12&Prime; area=\u00a0\u00bbet_pb_widget_area_11&Prime; module_class=\u00a0\u00bbmuseumSidebar\u00a0\u00bb \/][\/et_pb_column][\/et_pb_section]<\/p>\n","protected":false},"excerpt":{"rendered":"<p>Pianoforte \u00ab Schweighofer \u00bb 1840, Vienne, Autriche Une m\u00e9canique \u00e0 toute \u00e9preuve alli\u00e9e \u00e0 une construction solide permet \u00e0 cet instrument de produire de belles sonorit\u00e9s qui en font un instrument d\u2019accompagnement id\u00e9al pour la voix humaine. Ce fut l\u2019instrument de pr\u00e9dilection de Schubert et de Brahms.<\/p>\n","protected":false},"author":1,"featured_media":0,"parent":0,"menu_order":0,"comment_status":"closed","ping_status":"closed","template":"","meta":{"_et_pb_use_builder":"on","_et_pb_old_content":"","_et_gb_content_width":"","footnotes":""},"categories":[],"tags":[],"distributor_meta":false,"distributor_terms":false,"distributor_media":false,"distributor_original_site_name":"French - Min-On Website","distributor_original_site_url":"https:\/\/www.min-on.org\/fr","_links":{"self":[{"href":"https:\/\/www.min-on.org\/fr\/wp-json\/wp\/v2\/pages\/6665"}],"collection":[{"href":"https:\/\/www.min-on.org\/fr\/wp-json\/wp\/v2\/pages"}],"about":[{"href":"https:\/\/www.min-on.org\/fr\/wp-json\/wp\/v2\/types\/page"}],"author":[{"embeddable":true,"href":"https:\/\/www.min-on.org\/fr\/wp-json\/wp\/v2\/users\/1"}],"replies":[{"embeddable":true,"href":"https:\/\/www.min-on.org\/fr\/wp-json\/wp\/v2\/comments?post=6665"}],"version-history":[{"count":7,"href":"https:\/\/www.min-on.org\/fr\/wp-json\/wp\/v2\/pages\/6665\/revisions"}],"predecessor-version":[{"id":7312,"href":"https:\/\/www.min-on.org\/fr\/wp-json\/wp\/v2\/pages\/6665\/revisions\/7312"}],"wp:attachment":[{"href":"https:\/\/www.min-on.org\/fr\/wp-json\/wp\/v2\/media?parent=6665"}],"wp:term":[{"taxonomy":"category","embeddable":true,"href":"https:\/\/www.min-on.org\/fr\/wp-json\/wp\/v2\/categories?post=6665"},{"taxonomy":"post_tag","embeddable":true,"href":"https:\/\/www.min-on.org\/fr\/wp-json\/wp\/v2\/tags?post=6665"}],"curies":[{"name":"wp","href":"https:\/\/api.w.org\/{rel}","templated":true}]}}