{"id":6658,"date":"2018-08-29T15:28:36","date_gmt":"2018-08-29T15:28:36","guid":{"rendered":"http:\/\/59.106.140.197\/?page_id=6658"},"modified":"2018-11-03T12:39:45","modified_gmt":"2018-11-03T12:39:45","slug":"lectures","status":"publish","type":"page","link":"https:\/\/www.min-on.org\/fr\/lectures\/","title":{"rendered":"CONF\u00c9RENCES"},"content":{"rendered":"<p>[et_pb_section bb_built=\u00a0\u00bb1&Prime; next_background_color=\u00a0\u00bb#000000&Prime; _builder_version=\u00a0\u00bb3.11&Prime; custom_padding=\u00a0\u00bb||3% !important|\u00a0\u00bb][et_pb_row _builder_version=\u00a0\u00bb3.11&Prime; custom_padding=\u00a0\u00bb0px|||\u00a0\u00bb][et_pb_column type=\u00a0\u00bb4_4&Prime;][et_pb_text _builder_version=\u00a0\u00bb3.15&Prime;]<\/p>\n<h1 style=\"line-height: 36px;\">CONF\u00c9RENCES<\/h1>\n<p>[\/et_pb_text][\/et_pb_column][\/et_pb_row][et_pb_row _builder_version=\u00a0\u00bb3.11&Prime; custom_padding=\u00a0\u00bb||6%|\u00a0\u00bb][et_pb_column type=\u00a0\u00bb4_4&Prime;][et_pb_image _builder_version=\u00a0\u00bb3.12&Prime; src=\u00a0\u00bbhttps:\/\/www.min-on.org\/wp-content\/uploads\/sites\/7\/2018\/08\/Lecture-03-e1535560379902.jpg\u00a0\u00bb force_fullwidth=\u00a0\u00bbon\u00a0\u00bb show_bottom_space=\u00a0\u00bboff\u00a0\u00bb \/][\/et_pb_column][\/et_pb_row][\/et_pb_section][et_pb_section bb_built=\u00a0\u00bb1&Prime; specialty=\u00a0\u00bboff\u00a0\u00bb prev_background_color=\u00a0\u00bb#000000&Prime; _builder_version=\u00a0\u00bb3.7&Prime; custom_padding=\u00a0\u00bb0px|||\u00a0\u00bb next_background_color=\u00a0\u00bb#000000&Prime;][et_pb_row _builder_version=\u00a0\u00bb3.7&Prime; custom_css_main_1=\u00a0\u00bbcontent:%22%22;|| display:table;|| clear:both;\u00a0\u00bb][et_pb_column type=\u00a0\u00bb1_2&Prime;][et_pb_text _builder_version=\u00a0\u00bb3.15&Prime;]<\/p>\n<p>Dans le cadre de ses activit\u00e9s au service du public destin\u00e9es \u00e0 d\u00e9velopper l\u2019int\u00e9r\u00eat de la population pour la culture musicale, le Mus\u00e9e Min-On de la Musique organise de temps \u00e0 autre des conf\u00e9rences et ateliers culturels.  Depuis 2003, date de son agr\u00e9ment officiel en tant que mus\u00e9e de la musique, une vingtaine de conf\u00e9rences et quelques ateliers culturels ont eu lieu, principalement \u00e0 la Maison de la Culture Min-On, mais parfois aussi dans des espaces publics ou en collaboration avec des ambassades ou autres organismes.<\/p>\n<p>Parmi de nombreuses conf\u00e9rences culturelles, on pourrait citer celle de 2006, o\u00f9 M. Wu Jiang, Pr\u00e9sident de la Compagnie Nationale de Chine d\u2019Op\u00e9ra de P\u00e9kin, est intervenu sur le th\u00e8me \u00ab L\u2019Univers de l\u2019Op\u00e9ra de P\u00e9kin \u00bb \u00e0 l\u2019occasion de la tourn\u00e9e japonaise de la Compagnie.   Expliquant l\u2019\u00e9norme influence exerc\u00e9e par l\u2019Op\u00e9ra de P\u00e9kin sur le peuple chinois, il a qualifi\u00e9 cet art d\u2019encyclop\u00e9die offrant un aper\u00e7u sur toutes les facettes de l\u2019histoire et de la culture du pays.  On peut \u00e9galement citer une conf\u00e9rence donn\u00e9e sur la musique classique du point de vue d\u2019un chef d\u2019orchestre, par Tadaaki Otaka, chef d\u2019orchestre japonais.  Son intervention mettait l\u2019accent sur la fascination exerc\u00e9e par la musique classique, et fut suivie d\u2019une session anim\u00e9e de questions et r\u00e9ponses.  Gr\u00e2ce \u00e0 cette conf\u00e9rence, l\u2019auditoire, comptant 250 personnes, a pu approfondir sa compr\u00e9hension et son go\u00fbt pour la musique classique.<\/p>\n<p>[\/et_pb_text][\/et_pb_column][et_pb_column type=\u00a0\u00bb1_2&Prime;][et_pb_image _builder_version=\u00a0\u00bb3.15&Prime; src=\u00a0\u00bbhttps:\/\/www.min-on.org\/wp-content\/uploads\/sites\/7\/2018\/08\/Lecture-01.jpg\u00a0\u00bb force_fullwidth=\u00a0\u00bbon\u00a0\u00bb show_in_lightbox=\u00a0\u00bbon\u00a0\u00bb \/][et_pb_image _builder_version=\u00a0\u00bb3.15&Prime; src=\u00a0\u00bbhttps:\/\/www.min-on.org\/wp-content\/uploads\/sites\/7\/2018\/08\/Lecture-02.jpg\u00a0\u00bb force_fullwidth=\u00a0\u00bbon\u00a0\u00bb show_in_lightbox=\u00a0\u00bbon\u00a0\u00bb \/][\/et_pb_column][\/et_pb_row][\/et_pb_section][et_pb_section bb_built=\u00a0\u00bb1&Prime; admin_label=\u00a0\u00bbRelated Articles\u00a0\u00bb specialty=\u00a0\u00bboff\u00a0\u00bb _builder_version=\u00a0\u00bb3.15&Prime; custom_padding=\u00a0\u00bb0px|||\u00a0\u00bb disabled_on=\u00a0\u00bbon|on|on\u00a0\u00bb disabled=\u00a0\u00bbon\u00a0\u00bb collapsed=\u00a0\u00bbon\u00a0\u00bb prev_background_color=\u00a0\u00bb#000000&Prime;][et_pb_row _builder_version=\u00a0\u00bb3.11&Prime; custom_padding=\u00a0\u00bb0px|||\u00a0\u00bb][et_pb_column type=\u00a0\u00bb4_4&Prime;][et_pb_text _builder_version=\u00a0\u00bb3.12&Prime;]<\/p>\n<h1 style=\"line-height: 36px;\">Related Articles<\/h1>\n<p>[\/et_pb_text][\/et_pb_column][\/et_pb_row][et_pb_row _builder_version=\u00a0\u00bb3.12&Prime; custom_padding=\u00a0\u00bb|1.5%||1.5%\u00a0\u00bb][et_pb_column type=\u00a0\u00bb4_4&Prime;][et_pb_blog _builder_version=\u00a0\u00bb3.15&Prime; posts_number=\u00a0\u00bb3&Prime; fullwidth=\u00a0\u00bboff\u00a0\u00bb show_pagination=\u00a0\u00bboff\u00a0\u00bb include_categories=\u00a0\u00bb397&Prime; \/][\/et_pb_column][\/et_pb_row][\/et_pb_section]<\/p>\n","protected":false},"excerpt":{"rendered":"<p>CONF\u00c9RENCES Dans le cadre de ses activit\u00e9s au service du public destin\u00e9es \u00e0 d\u00e9velopper l\u2019int\u00e9r\u00eat de la population pour la culture musicale, le Mus\u00e9e Min-On de la Musique organise de temps \u00e0 autre des conf\u00e9rences et ateliers culturels. Depuis 2003, date de son agr\u00e9ment officiel en tant que mus\u00e9e de la musique, une vingtaine de [&hellip;]<\/p>\n","protected":false},"author":1,"featured_media":0,"parent":0,"menu_order":0,"comment_status":"closed","ping_status":"closed","template":"","meta":{"_et_pb_use_builder":"on","_et_pb_old_content":"","_et_gb_content_width":"","footnotes":""},"categories":[],"tags":[],"distributor_meta":false,"distributor_terms":false,"distributor_media":false,"distributor_original_site_name":"French - Min-On Website","distributor_original_site_url":"https:\/\/www.min-on.org\/fr","_links":{"self":[{"href":"https:\/\/www.min-on.org\/fr\/wp-json\/wp\/v2\/pages\/6658"}],"collection":[{"href":"https:\/\/www.min-on.org\/fr\/wp-json\/wp\/v2\/pages"}],"about":[{"href":"https:\/\/www.min-on.org\/fr\/wp-json\/wp\/v2\/types\/page"}],"author":[{"embeddable":true,"href":"https:\/\/www.min-on.org\/fr\/wp-json\/wp\/v2\/users\/1"}],"replies":[{"embeddable":true,"href":"https:\/\/www.min-on.org\/fr\/wp-json\/wp\/v2\/comments?post=6658"}],"version-history":[{"count":12,"href":"https:\/\/www.min-on.org\/fr\/wp-json\/wp\/v2\/pages\/6658\/revisions"}],"predecessor-version":[{"id":8040,"href":"https:\/\/www.min-on.org\/fr\/wp-json\/wp\/v2\/pages\/6658\/revisions\/8040"}],"wp:attachment":[{"href":"https:\/\/www.min-on.org\/fr\/wp-json\/wp\/v2\/media?parent=6658"}],"wp:term":[{"taxonomy":"category","embeddable":true,"href":"https:\/\/www.min-on.org\/fr\/wp-json\/wp\/v2\/categories?post=6658"},{"taxonomy":"post_tag","embeddable":true,"href":"https:\/\/www.min-on.org\/fr\/wp-json\/wp\/v2\/tags?post=6658"}],"curies":[{"name":"wp","href":"https:\/\/api.w.org\/{rel}","templated":true}]}}