{"id":6655,"date":"2018-08-29T15:15:16","date_gmt":"2018-08-29T15:15:16","guid":{"rendered":"http:\/\/59.106.140.197\/?page_id=6655"},"modified":"2018-12-04T02:12:22","modified_gmt":"2018-12-04T02:12:22","slug":"min-on-music-research-institute","status":"publish","type":"page","link":"https:\/\/www.min-on.org\/fr\/min-on-music-research-institute\/","title":{"rendered":"INSTITUT MIN-ON DE RECHERCHE SUR LA MUSIQUE"},"content":{"rendered":"<p>[et_pb_section bb_built=\u00a0\u00bb1&Prime; next_background_color=\u00a0\u00bb#000000&Prime; _builder_version=\u00a0\u00bb3.7&Prime; custom_padding=\u00a0\u00bb||0px|\u00a0\u00bb][et_pb_row _builder_version=\u00a0\u00bb3.11&Prime; custom_padding=\u00a0\u00bb0px|||\u00a0\u00bb][et_pb_column type=\u00a0\u00bb4_4&Prime;][et_pb_text _builder_version=\u00a0\u00bb3.15&Prime;]<\/p>\n<h1 style=\"line-height: 36px;\">INSTITUT MIN-ON DE RECHERCHE SUR LA MUSIQUE<\/h1>\n<p>[\/et_pb_text][\/et_pb_column][\/et_pb_row][et_pb_row _builder_version=\u00a0\u00bb3.9&Prime;][et_pb_column type=\u00a0\u00bb4_4&Prime;][et_pb_image _builder_version=\u00a0\u00bb3.7&Prime; src=\u00a0\u00bbhttps:\/\/www.min-on.org\/wp-content\/uploads\/sites\/7\/2018\/07\/main-image-foreign-student-musical-festival.jpg\u00a0\u00bb force_fullwidth=\u00a0\u00bbon\u00a0\u00bb show_bottom_space=\u00a0\u00bboff\u00a0\u00bb \/][\/et_pb_column][\/et_pb_row][et_pb_row _builder_version=\u00a0\u00bb3.12&Prime;][et_pb_column type=\u00a0\u00bb4_4&Prime;][et_pb_text _builder_version=\u00a0\u00bb3.15&Prime;]<\/p>\n<h2 style=\"line-height: 36px;\">\u00ab&nbsp;La musique rapproche les gens et relie leurs coeurs \u2014 sa facult\u00e9 de cr\u00e9er l\u2019amiti\u00e9 et la paix est incommensurable. Transcendant les fronti\u00e8res nationales et ethniques, le son exquis de la musique devient une cl\u00e9 qui d\u00e9verrouille les c\u0153urs. J\u2019ai fond\u00e9 cette institution culturelle dans le but de g\u00e9n\u00e9rer un mouvement destin\u00e9 \u00e0 enrichir et r\u00e9g\u00e9n\u00e9rer la vie des gens en leur apportant ce que la musique a de meilleur \u00e0 leur offrir, et je forme le v\u0153u et l\u2019espoir fervent que Min-On continuera \u00e0 avancer \u00e9ternellement en se basant sur son principe fondateur ax\u00e9 sur une culture du peuple et pour le peuple.&nbsp;\u00bb<span style=\"font-size: 16px;\nfont-weight: bold;\"> \u2014 Daisaku Ikeda<\/span><\/h2>\n<p>[\/et_pb_text][\/et_pb_column][\/et_pb_row][\/et_pb_section][et_pb_section bb_built=\u00a0\u00bb1&Prime; specialty=\u00a0\u00bboff\u00a0\u00bb prev_background_color=\u00a0\u00bb#000000&Prime; _builder_version=\u00a0\u00bb3.7&Prime; custom_padding=\u00a0\u00bb0px|||\u00a0\u00bb next_background_color=\u00a0\u00bb#000000&Prime;][et_pb_row _builder_version=\u00a0\u00bb3.7&Prime; custom_css_main_1=\u00a0\u00bbcontent:%22%22;|| display:table;|| clear:both;\u00a0\u00bb][et_pb_column type=\u00a0\u00bb1_2&Prime;][et_pb_image _builder_version=\u00a0\u00bb3.15&Prime; src=\u00a0\u00bbhttps:\/\/www.min-on.org\/wp-content\/uploads\/sites\/7\/2018\/09\/institute_Min-On-Music-Research-Institute.jpg\u00a0\u00bb align=\u00a0\u00bbcenter\u00a0\u00bb force_fullwidth=\u00a0\u00bbon\u00a0\u00bb show_in_lightbox=\u00a0\u00bbon\u00a0\u00bb \/][\/et_pb_column][et_pb_column type=\u00a0\u00bb1_2&Prime;][et_pb_text _builder_version=\u00a0\u00bb3.15&Prime;]<\/p>\n<p>Inspir\u00e9 des principes fondateurs de l\u2019Association des Concerts Min-On, qui proclament que \u00ab la musique est une ode sonore \u00e0 l\u2019humanit\u00e9 \u00bb, qu\u2019elle \u00ab poss\u00e8de le pouvoir de relier le c\u0153ur de tous les individus \u00bb et \u00ab\u00a0transmet un message d\u2019espoir r\u00e9g\u00e9n\u00e9rant la vie \u00bb, l\u2019Institut Min-On de Recherche sur la Musique (IMORM) a \u00e9t\u00e9 fond\u00e9 le 18 octobre 2014. Il se donne pour mission de mener des recherches scientifiques pluridisciplinaires portant sur le pouvoir de la musique sous divers angles, notamment la paix, l\u2019environnement, la soci\u00e9t\u00e9, et l\u2019\u00e9ducation. L\u2019IMORM transmet r\u00e9guli\u00e8rement les r\u00e9sultats de ses \u00e9tudes par le biais de conf\u00e9rences internationales, de colloques, ou de projets conjoints afin de promouvoir les recherches sur le pouvoir de la musique \u00e0 travers le monde.<\/p>\n<p>[\/et_pb_text][\/et_pb_column][\/et_pb_row][\/et_pb_section][et_pb_section bb_built=\u00a0\u00bb1&Prime; admin_label=\u00a0\u00bbRelated Articles\u00a0\u00bb specialty=\u00a0\u00bboff\u00a0\u00bb _builder_version=\u00a0\u00bb3.15&Prime; custom_padding=\u00a0\u00bb0px|||\u00a0\u00bb disabled_on=\u00a0\u00bbon|on|on\u00a0\u00bb disabled=\u00a0\u00bbon\u00a0\u00bb collapsed=\u00a0\u00bbon\u00a0\u00bb prev_background_color=\u00a0\u00bb#000000&Prime;][et_pb_row _builder_version=\u00a0\u00bb3.11&Prime; custom_padding=\u00a0\u00bb0px|||\u00a0\u00bb][et_pb_column type=\u00a0\u00bb4_4&Prime;][et_pb_text _builder_version=\u00a0\u00bb3.12&Prime;]<\/p>\n<h1 style=\"line-height: 36px;\">Related Articles<\/h1>\n<p>[\/et_pb_text][\/et_pb_column][\/et_pb_row][et_pb_row _builder_version=\u00a0\u00bb3.12&Prime; custom_padding=\u00a0\u00bb|1.5%||1.5%\u00a0\u00bb][et_pb_column type=\u00a0\u00bb4_4&Prime;][et_pb_blog _builder_version=\u00a0\u00bb3.15&Prime; posts_number=\u00a0\u00bb3&Prime; fullwidth=\u00a0\u00bboff\u00a0\u00bb show_pagination=\u00a0\u00bboff\u00a0\u00bb include_categories=\u00a0\u00bb399&Prime; \/][\/et_pb_column][\/et_pb_row][\/et_pb_section]<\/p>\n","protected":false},"excerpt":{"rendered":"<p>INSTITUT MIN-ON DE RECHERCHE SUR LA MUSIQUE \u00ab&nbsp;La musique rapproche les gens et relie leurs coeurs \u2014 sa facult\u00e9 de cr\u00e9er l\u2019amiti\u00e9 et la paix est incommensurable. Transcendant les fronti\u00e8res nationales et ethniques, le son exquis de la musique devient une cl\u00e9 qui d\u00e9verrouille les c\u0153urs. J\u2019ai fond\u00e9 cette institution culturelle dans le but de [&hellip;]<\/p>\n","protected":false},"author":1,"featured_media":0,"parent":0,"menu_order":0,"comment_status":"closed","ping_status":"closed","template":"","meta":{"_et_pb_use_builder":"on","_et_pb_old_content":"","_et_gb_content_width":"","footnotes":""},"categories":[],"tags":[],"distributor_meta":false,"distributor_terms":false,"distributor_media":false,"distributor_original_site_name":"French - Min-On Website","distributor_original_site_url":"https:\/\/www.min-on.org\/fr","_links":{"self":[{"href":"https:\/\/www.min-on.org\/fr\/wp-json\/wp\/v2\/pages\/6655"}],"collection":[{"href":"https:\/\/www.min-on.org\/fr\/wp-json\/wp\/v2\/pages"}],"about":[{"href":"https:\/\/www.min-on.org\/fr\/wp-json\/wp\/v2\/types\/page"}],"author":[{"embeddable":true,"href":"https:\/\/www.min-on.org\/fr\/wp-json\/wp\/v2\/users\/1"}],"replies":[{"embeddable":true,"href":"https:\/\/www.min-on.org\/fr\/wp-json\/wp\/v2\/comments?post=6655"}],"version-history":[{"count":24,"href":"https:\/\/www.min-on.org\/fr\/wp-json\/wp\/v2\/pages\/6655\/revisions"}],"predecessor-version":[{"id":8391,"href":"https:\/\/www.min-on.org\/fr\/wp-json\/wp\/v2\/pages\/6655\/revisions\/8391"}],"wp:attachment":[{"href":"https:\/\/www.min-on.org\/fr\/wp-json\/wp\/v2\/media?parent=6655"}],"wp:term":[{"taxonomy":"category","embeddable":true,"href":"https:\/\/www.min-on.org\/fr\/wp-json\/wp\/v2\/categories?post=6655"},{"taxonomy":"post_tag","embeddable":true,"href":"https:\/\/www.min-on.org\/fr\/wp-json\/wp\/v2\/tags?post=6655"}],"curies":[{"name":"wp","href":"https:\/\/api.w.org\/{rel}","templated":true}]}}