{"id":6423,"date":"2018-08-12T12:39:17","date_gmt":"2018-08-12T12:39:17","guid":{"rendered":"http:\/\/59.106.140.197\/?page_id=6423"},"modified":"2018-09-18T20:12:02","modified_gmt":"2018-09-18T20:12:02","slug":"idiophone","status":"publish","type":"page","link":"https:\/\/www.min-on.org\/fr\/idiophone\/","title":{"rendered":"Idiophone"},"content":{"rendered":"<p>[et_pb_section bb_built=\u00a0\u00bb1&Prime; fullwidth=\u00a0\u00bboff\u00a0\u00bb specialty=\u00a0\u00bbon\u00a0\u00bb next_background_color=\u00a0\u00bb#000000&Prime;][et_pb_column type=\u00a0\u00bb3_4&Prime; specialty_columns=\u00a0\u00bb3&Prime;][et_pb_row_inner admin_label=\u00a0\u00bbRow\u00a0\u00bb _builder_version=\u00a0\u00bb3.12&Prime;][et_pb_column_inner type=\u00a0\u00bb1_2&Prime; saved_specialty_column_type=\u00a0\u00bb3_4&Prime;][et_pb_text _builder_version=\u00a0\u00bb3.15&Prime;]<\/p>\n<h1>Idiophone<\/h1>\n<p>Il existe plusieurs m\u00e9thodes de classification des instruments musicaux.  En Occident, ils sont r\u00e9partis en trois cat\u00e9gories : instruments \u00e0 cordes, \u00e0 vent et \u00e0 percussion.  La classification utilis\u00e9e dans la Salle d\u2019Exposition des Instruments Folkloriques du Mus\u00e9e Min-On de la Musique adopte le syst\u00e8me d\u2019usage courant aujourd\u2019hui, o\u00f9 les instruments sont class\u00e9s selon la source de leur vibration, et utilise \u00e9galement la forme ainsi que d\u2019autres caract\u00e9ristiques pour d\u00e9gager des cat\u00e9gories plus sp\u00e9cifiques.  Il en r\u00e9sulte quatre familles.<\/p>\n<p>L\u2019Idiophone est un instrument dont le son est produit par la vibration de l\u2019instrument lui-m\u00eame.  La Salle d\u2019Exposition pr\u00e9sente des instruments originaires de pays repr\u00e9sentant un large \u00e9ventail de traditions ethniques, linguistiques et religieuses et permet d\u2019appr\u00e9cier toute la sagesse et la cr\u00e9ativit\u00e9 fertiles \u00e9manant de chacun d\u2019eux.<\/p>\n<p>[\/et_pb_text][\/et_pb_column_inner][et_pb_column_inner type=\u00a0\u00bb1_2&Prime; saved_specialty_column_type=\u00a0\u00bb3_4&Prime;][et_pb_image _builder_version=\u00a0\u00bb3.12&Prime; src=\u00a0\u00bbhttps:\/\/www.min-on.org\/wp-content\/uploads\/sites\/7\/2011\/09\/idiophone.jpg\u00a0\u00bb align=\u00a0\u00bbcenter\u00a0\u00bb force_fullwidth=\u00a0\u00bbon\u00a0\u00bb show_bottom_space=\u00a0\u00bboff\u00a0\u00bb \/][\/et_pb_column_inner][\/et_pb_row_inner][\/et_pb_column][et_pb_column type=\u00a0\u00bb1_4&Prime;][et_pb_sidebar _builder_version=\u00a0\u00bb3.12&Prime; area=\u00a0\u00bbet_pb_widget_area_11&Prime; module_class=\u00a0\u00bbmuseumSidebar\u00a0\u00bb \/][\/et_pb_column][\/et_pb_section][et_pb_section bb_built=\u00a0\u00bb1&Prime; fullwidth=\u00a0\u00bboff\u00a0\u00bb specialty=\u00a0\u00bboff\u00a0\u00bb prev_background_color=\u00a0\u00bb#000000&Prime;][et_pb_row][et_pb_column type=\u00a0\u00bb4_4&Prime;][\/et_pb_column][\/et_pb_row][\/et_pb_section]<\/p>\n","protected":false},"excerpt":{"rendered":"<p>Idiophone Il existe plusieurs m\u00e9thodes de classification des instruments musicaux. En Occident, ils sont r\u00e9partis en trois cat\u00e9gories : instruments \u00e0 cordes, \u00e0 vent et \u00e0 percussion. La classification utilis\u00e9e dans la Salle d\u2019Exposition des Instruments Folkloriques du Mus\u00e9e Min-On de la Musique adopte le syst\u00e8me d\u2019usage courant aujourd\u2019hui, o\u00f9 les instruments sont class\u00e9s selon [&hellip;]<\/p>\n","protected":false},"author":1,"featured_media":0,"parent":0,"menu_order":0,"comment_status":"closed","ping_status":"closed","template":"","meta":{"_et_pb_use_builder":"on","_et_pb_old_content":"","_et_gb_content_width":"","footnotes":""},"categories":[],"tags":[],"distributor_meta":false,"distributor_terms":false,"distributor_media":false,"distributor_original_site_name":"French - Min-On Website","distributor_original_site_url":"https:\/\/www.min-on.org\/fr","_links":{"self":[{"href":"https:\/\/www.min-on.org\/fr\/wp-json\/wp\/v2\/pages\/6423"}],"collection":[{"href":"https:\/\/www.min-on.org\/fr\/wp-json\/wp\/v2\/pages"}],"about":[{"href":"https:\/\/www.min-on.org\/fr\/wp-json\/wp\/v2\/types\/page"}],"author":[{"embeddable":true,"href":"https:\/\/www.min-on.org\/fr\/wp-json\/wp\/v2\/users\/1"}],"replies":[{"embeddable":true,"href":"https:\/\/www.min-on.org\/fr\/wp-json\/wp\/v2\/comments?post=6423"}],"version-history":[{"count":6,"href":"https:\/\/www.min-on.org\/fr\/wp-json\/wp\/v2\/pages\/6423\/revisions"}],"predecessor-version":[{"id":7346,"href":"https:\/\/www.min-on.org\/fr\/wp-json\/wp\/v2\/pages\/6423\/revisions\/7346"}],"wp:attachment":[{"href":"https:\/\/www.min-on.org\/fr\/wp-json\/wp\/v2\/media?parent=6423"}],"wp:term":[{"taxonomy":"category","embeddable":true,"href":"https:\/\/www.min-on.org\/fr\/wp-json\/wp\/v2\/categories?post=6423"},{"taxonomy":"post_tag","embeddable":true,"href":"https:\/\/www.min-on.org\/fr\/wp-json\/wp\/v2\/tags?post=6423"}],"curies":[{"name":"wp","href":"https:\/\/api.w.org\/{rel}","templated":true}]}}