{"id":6410,"date":"2018-08-12T12:31:24","date_gmt":"2018-08-12T12:31:24","guid":{"rendered":"http:\/\/59.106.140.197\/?page_id=6410"},"modified":"2018-09-18T19:37:31","modified_gmt":"2018-09-18T19:37:31","slug":"disc-gramophone-exposicion","status":"publish","type":"page","link":"https:\/\/www.min-on.org\/fr\/disc-gramophone-exposicion\/","title":{"rendered":"Gramophone \u00e0 disques : \u00abExposici\u00f3n \u00bb"},"content":{"rendered":"<p>[et_pb_section bb_built=\u00a0\u00bb1&Prime; fullwidth=\u00a0\u00bboff\u00a0\u00bb specialty=\u00a0\u00bbon\u00a0\u00bb next_background_color=\u00a0\u00bb#000000&Prime;][et_pb_column type=\u00a0\u00bb3_4&Prime; specialty_columns=\u00a0\u00bb3&Prime;][et_pb_row_inner admin_label=\u00a0\u00bbRow\u00a0\u00bb _builder_version=\u00a0\u00bb3.12&Prime;][et_pb_column_inner type=\u00a0\u00bb1_2&Prime; saved_specialty_column_type=\u00a0\u00bb3_4&Prime;][et_pb_text _builder_version=\u00a0\u00bb3.15&Prime;]<\/p>\n<h1>Gramophone \u00e0 disques : \u00abExposici\u00f3n \u00bb<\/h1>\n<p style=\"font-weight: 600;\">1900, Espagne<\/p>\n<p>Une d\u00e9cennie apr\u00e8s l\u2019invention et la popularit\u00e9 croissante des phonographes \u00e0 cylindre l\u2019inventeur am\u00e9ricain Emile Berliner, d\u2019origine allemande, introduisit un sillon en spirale sur un disque plat tournant en 1887, et appela cette invention le gramophone.  <\/p>\n<p>Au tournant du si\u00e8cle, Berliner fut \u00e0 l\u2019origine de la transition des cylindres phonographiques aux disques des gramophones : des disques plats \u00e0 double face sur lesquels \u00e9tait grav\u00e9 un sillon en spirale allant de la p\u00e9riph\u00e9rie vers le centre. Au fil des ans, un bon nombre d\u2019inventeurs ont apport\u00e9 des am\u00e9liorations au gramophone, notamment des modifications du plateau tournant et de son syst\u00e8me de commande, de l\u2019aiguille et du stylet, ainsi que des syst\u00e8mes de son et d\u2019\u00e9galisation.<\/p>\n<p>Ce mod\u00e8le rare de gramophone \u00e9tait fabriqu\u00e9 en Espagne dans les ann\u00e9es 1900.  Il se distingue surtout par un pavillon vert en forme de trompette.  Le nom \u00ab Exposici\u00f3n \u00bb y figure bien en \u00e9vidence sur le devant de la caisse simple en ch\u00eane.<\/p>\n<p>[\/et_pb_text][\/et_pb_column_inner][et_pb_column_inner type=\u00a0\u00bb1_2&Prime; saved_specialty_column_type=\u00a0\u00bb3_4&Prime;][et_pb_image _builder_version=\u00a0\u00bb3.12&Prime; src=\u00a0\u00bbhttps:\/\/www.min-on.org\/wp-content\/uploads\/sites\/7\/2011\/09\/disc_gamophone_exposicion.jpg\u00a0\u00bb align=\u00a0\u00bbcenter\u00a0\u00bb force_fullwidth=\u00a0\u00bbon\u00a0\u00bb show_bottom_space=\u00a0\u00bboff\u00a0\u00bb \/][\/et_pb_column_inner][\/et_pb_row_inner][\/et_pb_column][et_pb_column type=\u00a0\u00bb1_4&Prime;][et_pb_sidebar _builder_version=\u00a0\u00bb3.12&Prime; area=\u00a0\u00bbet_pb_widget_area_11&Prime; module_class=\u00a0\u00bbmuseumSidebar\u00a0\u00bb \/][\/et_pb_column][\/et_pb_section][et_pb_section bb_built=\u00a0\u00bb1&Prime; fullwidth=\u00a0\u00bboff\u00a0\u00bb specialty=\u00a0\u00bboff\u00a0\u00bb prev_background_color=\u00a0\u00bb#000000&Prime;][et_pb_row][et_pb_column type=\u00a0\u00bb4_4&Prime;][\/et_pb_column][\/et_pb_row][\/et_pb_section]<\/p>\n","protected":false},"excerpt":{"rendered":"<p>Gramophone \u00e0 disques : \u00abExposici\u00f3n \u00bb 1900, Espagne Une d\u00e9cennie apr\u00e8s l\u2019invention et la popularit\u00e9 croissante des phonographes \u00e0 cylindre l\u2019inventeur am\u00e9ricain Emile Berliner, d\u2019origine allemande, introduisit un sillon en spirale sur un disque plat tournant en 1887, et appela cette invention le gramophone. Au tournant du si\u00e8cle, Berliner fut \u00e0 l\u2019origine de la transition [&hellip;]<\/p>\n","protected":false},"author":1,"featured_media":0,"parent":0,"menu_order":0,"comment_status":"closed","ping_status":"closed","template":"","meta":{"_et_pb_use_builder":"on","_et_pb_old_content":"","_et_gb_content_width":"","footnotes":""},"categories":[],"tags":[],"distributor_meta":false,"distributor_terms":false,"distributor_media":false,"distributor_original_site_name":"French - Min-On Website","distributor_original_site_url":"https:\/\/www.min-on.org\/fr","_links":{"self":[{"href":"https:\/\/www.min-on.org\/fr\/wp-json\/wp\/v2\/pages\/6410"}],"collection":[{"href":"https:\/\/www.min-on.org\/fr\/wp-json\/wp\/v2\/pages"}],"about":[{"href":"https:\/\/www.min-on.org\/fr\/wp-json\/wp\/v2\/types\/page"}],"author":[{"embeddable":true,"href":"https:\/\/www.min-on.org\/fr\/wp-json\/wp\/v2\/users\/1"}],"replies":[{"embeddable":true,"href":"https:\/\/www.min-on.org\/fr\/wp-json\/wp\/v2\/comments?post=6410"}],"version-history":[{"count":5,"href":"https:\/\/www.min-on.org\/fr\/wp-json\/wp\/v2\/pages\/6410\/revisions"}],"predecessor-version":[{"id":7323,"href":"https:\/\/www.min-on.org\/fr\/wp-json\/wp\/v2\/pages\/6410\/revisions\/7323"}],"wp:attachment":[{"href":"https:\/\/www.min-on.org\/fr\/wp-json\/wp\/v2\/media?parent=6410"}],"wp:term":[{"taxonomy":"category","embeddable":true,"href":"https:\/\/www.min-on.org\/fr\/wp-json\/wp\/v2\/categories?post=6410"},{"taxonomy":"post_tag","embeddable":true,"href":"https:\/\/www.min-on.org\/fr\/wp-json\/wp\/v2\/tags?post=6410"}],"curies":[{"name":"wp","href":"https:\/\/api.w.org\/{rel}","templated":true}]}}