{"id":6402,"date":"2018-08-12T12:21:29","date_gmt":"2018-08-12T12:21:29","guid":{"rendered":"http:\/\/59.106.140.197\/?page_id=6402"},"modified":"2018-09-18T19:34:04","modified_gmt":"2018-09-18T19:34:04","slug":"mechanical-organ-orchestrion","status":"publish","type":"page","link":"https:\/\/www.min-on.org\/fr\/mechanical-organ-orchestrion\/","title":{"rendered":"Orgue M\u00e9canique \u00ab Orchestrion \u00bb"},"content":{"rendered":"<p>[et_pb_section bb_built=\u00a0\u00bb1&Prime; fullwidth=\u00a0\u00bboff\u00a0\u00bb specialty=\u00a0\u00bbon\u00a0\u00bb][et_pb_column type=\u00a0\u00bb3_4&Prime; specialty_columns=\u00a0\u00bb3&Prime;][et_pb_row_inner admin_label=\u00a0\u00bbRow\u00a0\u00bb _builder_version=\u00a0\u00bb3.12&Prime;][et_pb_column_inner type=\u00a0\u00bb1_2&Prime; saved_specialty_column_type=\u00a0\u00bb3_4&Prime;][et_pb_text _builder_version=\u00a0\u00bb3.15&Prime;]<\/p>\n<h1>Orgue M\u00e9canique \u00ab Orchestrion \u00bb<\/h1>\n<p style=\"font-weight: 600;\">1900, Allemagne<\/p>\n<p>De tous les instruments automatiques, les orgues m\u00e9caniques Orchestrions Welte ont \u00e9t\u00e9 le choix de pr\u00e9dilection de la royaut\u00e9 ou des nantis, tendance remontant aux ann\u00e9es 1850, lorsque Michael Welte, en exposant son immense orgue \u00e0 tuyaux automatique, recueillit des \u00e9loges enthousiastes, remportant plusieurs prix pour cet instrument.<\/p>\n<p>\u00c0 l\u2019\u00e9poque, son invention repr\u00e9sentait un progr\u00e8s technologique prodigieux et la r\u00e9putation de son \u00e9norme instrument musical aurait dit-on attir\u00e9 des foules de partout.  Le public donna \u00e0 cet instrument le surnom d\u2019\u00ab Orchestrion \u00bb, car il imitait \u00e0 merveille un orchestre \u00e0 multiples voix. D\u00e8s lors, le terme \u00ab Orchestrion \u00bb est devenu synonyme de quasiment tout instrument musical m\u00e9canique tentant de reproduire un ensemble orchestral, petit ou grand. <\/p>\n<p>Cet \u00ab Orchestrion Welte Style 3 \u00bb est un grand instrument \u00e0 m\u00e9canique automatique qui reproduit les sons de tout un orchestre.  Il poss\u00e8de un orgue \u00e0 tuyau entier dot\u00e9 de 180 tuyaux en m\u00e9tal ou en bois, ainsi que de tambours de diff\u00e9rentes tailles, des triangles, entre autres, int\u00e9gr\u00e9s dans son meuble en ch\u00eane qui se distingue par son \u00e9l\u00e9gance architecturale.  \u00c0 l\u2019\u00e9poque, poss\u00e9der un bel exemplaire de Welte Orchestrion \u00e9tait symbole de statut \u00e9lev\u00e9, aussi \u00e9tait-il convoit\u00e9 tant par les familles royales que par les riches industriels et les maisons commerciales r\u00e9put\u00e9es.<\/p>\n<p>[\/et_pb_text][\/et_pb_column_inner][et_pb_column_inner type=\u00a0\u00bb1_2&Prime; saved_specialty_column_type=\u00a0\u00bb3_4&Prime;][et_pb_image _builder_version=\u00a0\u00bb3.12&Prime; src=\u00a0\u00bbhttps:\/\/www.min-on.org\/wp-content\/uploads\/sites\/7\/2011\/09\/mechanical-organ-orchestrion.jpg\u00a0\u00bb align=\u00a0\u00bbcenter\u00a0\u00bb force_fullwidth=\u00a0\u00bbon\u00a0\u00bb show_bottom_space=\u00a0\u00bboff\u00a0\u00bb \/][et_pb_audio _builder_version=\u00a0\u00bb3.12&Prime; audio=\u00a0\u00bbhttps:\/\/www.min-on.org\/wp-content\/uploads\/sites\/7\/2018\/08\/mechanical-organ-orchestrion.mp3&Prime; background_color=\u00a0\u00bb#f0f0f0&Prime; background_layout=\u00a0\u00bblight\u00a0\u00bb title_text_color=\u00a0\u00bb#000000&Prime; caption_text_color=\u00a0\u00bb#000000&Prime; saved_tabs=\u00a0\u00bball\u00a0\u00bb \/][\/et_pb_column_inner][\/et_pb_row_inner][\/et_pb_column][et_pb_column type=\u00a0\u00bb1_4&Prime;][et_pb_sidebar _builder_version=\u00a0\u00bb3.12&Prime; area=\u00a0\u00bbet_pb_widget_area_11&Prime; module_class=\u00a0\u00bbmuseumSidebar\u00a0\u00bb \/][\/et_pb_column][\/et_pb_section]<\/p>\n","protected":false},"excerpt":{"rendered":"<p>Orgue M\u00e9canique \u00ab Orchestrion \u00bb 1900, Allemagne De tous les instruments automatiques, les orgues m\u00e9caniques Orchestrions Welte ont \u00e9t\u00e9 le choix de pr\u00e9dilection de la royaut\u00e9 ou des nantis, tendance remontant aux ann\u00e9es 1850, lorsque Michael Welte, en exposant son immense orgue \u00e0 tuyaux automatique, recueillit des \u00e9loges enthousiastes, remportant plusieurs prix pour cet instrument. [&hellip;]<\/p>\n","protected":false},"author":1,"featured_media":0,"parent":0,"menu_order":0,"comment_status":"closed","ping_status":"closed","template":"","meta":{"_et_pb_use_builder":"on","_et_pb_old_content":"","_et_gb_content_width":"","footnotes":""},"categories":[],"tags":[],"distributor_meta":false,"distributor_terms":false,"distributor_media":false,"distributor_original_site_name":"French - Min-On Website","distributor_original_site_url":"https:\/\/www.min-on.org\/fr","_links":{"self":[{"href":"https:\/\/www.min-on.org\/fr\/wp-json\/wp\/v2\/pages\/6402"}],"collection":[{"href":"https:\/\/www.min-on.org\/fr\/wp-json\/wp\/v2\/pages"}],"about":[{"href":"https:\/\/www.min-on.org\/fr\/wp-json\/wp\/v2\/types\/page"}],"author":[{"embeddable":true,"href":"https:\/\/www.min-on.org\/fr\/wp-json\/wp\/v2\/users\/1"}],"replies":[{"embeddable":true,"href":"https:\/\/www.min-on.org\/fr\/wp-json\/wp\/v2\/comments?post=6402"}],"version-history":[{"count":5,"href":"https:\/\/www.min-on.org\/fr\/wp-json\/wp\/v2\/pages\/6402\/revisions"}],"predecessor-version":[{"id":7320,"href":"https:\/\/www.min-on.org\/fr\/wp-json\/wp\/v2\/pages\/6402\/revisions\/7320"}],"wp:attachment":[{"href":"https:\/\/www.min-on.org\/fr\/wp-json\/wp\/v2\/media?parent=6402"}],"wp:term":[{"taxonomy":"category","embeddable":true,"href":"https:\/\/www.min-on.org\/fr\/wp-json\/wp\/v2\/categories?post=6402"},{"taxonomy":"post_tag","embeddable":true,"href":"https:\/\/www.min-on.org\/fr\/wp-json\/wp\/v2\/tags?post=6402"}],"curies":[{"name":"wp","href":"https:\/\/api.w.org\/{rel}","templated":true}]}}