{"id":6400,"date":"2018-08-12T12:18:14","date_gmt":"2018-08-12T12:18:14","guid":{"rendered":"http:\/\/59.106.140.197\/?page_id=6400"},"modified":"2018-09-18T19:33:04","modified_gmt":"2018-09-18T19:33:04","slug":"classical-orchestra","status":"publish","type":"page","link":"https:\/\/www.min-on.org\/fr\/classical-orchestra\/","title":{"rendered":"\u00ab Orchestre Classique \u00bb"},"content":{"rendered":"<p>[et_pb_section bb_built=\u00a0\u00bb1&Prime; fullwidth=\u00a0\u00bboff\u00a0\u00bb specialty=\u00a0\u00bbon\u00a0\u00bb next_background_color=\u00a0\u00bb#000000&Prime;][et_pb_column type=\u00a0\u00bb3_4&Prime; specialty_columns=\u00a0\u00bb3&Prime;][et_pb_row_inner admin_label=\u00a0\u00bbRow\u00a0\u00bb _builder_version=\u00a0\u00bb3.12&Prime;][et_pb_column_inner type=\u00a0\u00bb1_2&Prime; saved_specialty_column_type=\u00a0\u00bb3_4&Prime;][et_pb_text _builder_version=\u00a0\u00bb3.15&Prime;]<\/p>\n<h1>\u00ab Orchestre Classique \u00bb<\/h1>\n<p style=\"font-weight: 600;\">1885, Suisse<\/p>\n<p>Cette bo\u00eete \u00e0 musique tire son origine dans un m\u00e9canisme utilis\u00e9 pour faire sonner les carillons ou les cloches dans les clochers des \u00e9glises de divers pays, dont la Suisse, au XVIe si\u00e8cle.  Par la suite, dans les ann\u00e9es 1830, la bo\u00eete \u00e0 musique \u00e0 cylindres vit le jour sous la forme d\u2019un instrument de musique m\u00e9canique enti\u00e8rement ind\u00e9pendant de l\u2019horloge.<\/p>\n<p>Cet \u00ab Orchestre Classique \u00bb, qui s\u2019apparente \u00e0 une bo\u00eete \u00e0 musique \u00e0 cylindres, fut fabriqu\u00e9 en 1885 par Nicole Fr\u00e8res en Suisse.  Ce superbe instrument compact est dot\u00e9 d\u2019une cloche actionn\u00e9e par un bras en argent, d\u2019un tambour que frappent 8 baguettes de couleur dor\u00e9e, et des castagnettes frapp\u00e9es \u00e0 l\u2019aide de six tiges.<\/p>\n<p>[\/et_pb_text][\/et_pb_column_inner][et_pb_column_inner type=\u00a0\u00bb1_2&Prime; saved_specialty_column_type=\u00a0\u00bb3_4&Prime;][et_pb_image _builder_version=\u00a0\u00bb3.12&Prime; src=\u00a0\u00bbhttps:\/\/www.min-on.org\/wp-content\/uploads\/sites\/7\/2011\/09\/classical-orchestra.jpg\u00a0\u00bb align=\u00a0\u00bbcenter\u00a0\u00bb force_fullwidth=\u00a0\u00bbon\u00a0\u00bb show_bottom_space=\u00a0\u00bboff\u00a0\u00bb \/][\/et_pb_column_inner][\/et_pb_row_inner][\/et_pb_column][et_pb_column type=\u00a0\u00bb1_4&Prime;][et_pb_sidebar _builder_version=\u00a0\u00bb3.12&Prime; area=\u00a0\u00bbet_pb_widget_area_11&Prime; module_class=\u00a0\u00bbmuseumSidebar\u00a0\u00bb \/][\/et_pb_column][\/et_pb_section][et_pb_section bb_built=\u00a0\u00bb1&Prime; fullwidth=\u00a0\u00bboff\u00a0\u00bb specialty=\u00a0\u00bboff\u00a0\u00bb prev_background_color=\u00a0\u00bb#000000&Prime;][et_pb_row][et_pb_column type=\u00a0\u00bb4_4&Prime;][\/et_pb_column][\/et_pb_row][\/et_pb_section]<\/p>\n","protected":false},"excerpt":{"rendered":"<p>\u00ab Orchestre Classique \u00bb 1885, Suisse Cette bo\u00eete \u00e0 musique tire son origine dans un m\u00e9canisme utilis\u00e9 pour faire sonner les carillons ou les cloches dans les clochers des \u00e9glises de divers pays, dont la Suisse, au XVIe si\u00e8cle. Par la suite, dans les ann\u00e9es 1830, la bo\u00eete \u00e0 musique \u00e0 cylindres vit le jour [&hellip;]<\/p>\n","protected":false},"author":1,"featured_media":0,"parent":0,"menu_order":0,"comment_status":"closed","ping_status":"closed","template":"","meta":{"_et_pb_use_builder":"on","_et_pb_old_content":"","_et_gb_content_width":"","footnotes":""},"categories":[],"tags":[],"distributor_meta":false,"distributor_terms":false,"distributor_media":false,"distributor_original_site_name":"French - Min-On Website","distributor_original_site_url":"https:\/\/www.min-on.org\/fr","_links":{"self":[{"href":"https:\/\/www.min-on.org\/fr\/wp-json\/wp\/v2\/pages\/6400"}],"collection":[{"href":"https:\/\/www.min-on.org\/fr\/wp-json\/wp\/v2\/pages"}],"about":[{"href":"https:\/\/www.min-on.org\/fr\/wp-json\/wp\/v2\/types\/page"}],"author":[{"embeddable":true,"href":"https:\/\/www.min-on.org\/fr\/wp-json\/wp\/v2\/users\/1"}],"replies":[{"embeddable":true,"href":"https:\/\/www.min-on.org\/fr\/wp-json\/wp\/v2\/comments?post=6400"}],"version-history":[{"count":6,"href":"https:\/\/www.min-on.org\/fr\/wp-json\/wp\/v2\/pages\/6400\/revisions"}],"predecessor-version":[{"id":7319,"href":"https:\/\/www.min-on.org\/fr\/wp-json\/wp\/v2\/pages\/6400\/revisions\/7319"}],"wp:attachment":[{"href":"https:\/\/www.min-on.org\/fr\/wp-json\/wp\/v2\/media?parent=6400"}],"wp:term":[{"taxonomy":"category","embeddable":true,"href":"https:\/\/www.min-on.org\/fr\/wp-json\/wp\/v2\/categories?post=6400"},{"taxonomy":"post_tag","embeddable":true,"href":"https:\/\/www.min-on.org\/fr\/wp-json\/wp\/v2\/tags?post=6400"}],"curies":[{"name":"wp","href":"https:\/\/api.w.org\/{rel}","templated":true}]}}