{"id":6384,"date":"2018-08-12T12:00:33","date_gmt":"2018-08-12T12:00:33","guid":{"rendered":"http:\/\/59.106.140.197\/?page_id=6384"},"modified":"2018-09-18T19:31:59","modified_gmt":"2018-09-18T19:31:59","slug":"lochman-original-tubular-chime","status":"publish","type":"page","link":"https:\/\/www.min-on.org\/fr\/lochman-original-tubular-chime\/","title":{"rendered":"Carillon Tubulaire Lochmann \u00ab Originel \u00bb"},"content":{"rendered":"<p>[et_pb_section bb_built=\u00a0\u00bb1&Prime; fullwidth=\u00a0\u00bboff\u00a0\u00bb specialty=\u00a0\u00bbon\u00a0\u00bb][et_pb_column type=\u00a0\u00bb3_4&Prime; specialty_columns=\u00a0\u00bb3&Prime;][et_pb_row_inner admin_label=\u00a0\u00bbRow\u00a0\u00bb _builder_version=\u00a0\u00bb3.12&Prime;][et_pb_column_inner type=\u00a0\u00bb1_2&Prime; saved_specialty_column_type=\u00a0\u00bb3_4&Prime;][et_pb_text _builder_version=\u00a0\u00bb3.15&Prime;]<\/p>\n<h1>Carillon Tubulaire Lochmann \u00ab Originel \u00bb <\/h1>\n<p style=\"font-weight: 600;\">1904, Allemagne<\/p>\n<p>Les ann\u00e9es 1880 virent l\u2019apparition d\u2019un nouveau genre de bo\u00eete \u00e0 musique utilisant les disques plats.  La demande de bo\u00eetes \u00e0 musique monta en fl\u00e8che, les effets cumul\u00e9s de la R\u00e9volution industrielle et des r\u00e9volutions populaires de la derni\u00e8re partie du XVIIIe et du d\u00e9but du XIXe si\u00e8cle ayant rendu la musique accessible \u00e0 tous au lieu de rester l\u2019apanage des aristocrates.  <\/p>\n<p>Cette bo\u00eete \u00e0 musique verticale Lochmann dite Carillon Tubulaire Lochmann \u00ab Originel \u00bb \u00e0 monnayeur, mod\u00e8le 172, fut fabriqu\u00e9e en 1904 en Allemagne avec deux s\u00e9ries de peignes musicaux accompagn\u00e9s de douze cloches et d\u2019un carillon tubulaire plac\u00e9s dans une splendide caisse en ch\u00eane.  Elle \u00e9tait r\u00e9put\u00e9e pour ses magnifiques sonorit\u00e9s, d\u2019une richesse exceptionnelle. Ces instruments, tr\u00e8s pris\u00e9s, \u00e9taient g\u00e9n\u00e9ralement install\u00e9s dans des lieux publics tels les bars, les restaurants ou les clubs, attirant les clients qui introduisaient une pi\u00e8ce dans la machine afin de pouvoir \u00e9couter les sons fabuleux qu\u2019elle \u00e9tait capable d\u2019\u00e9mettre.<\/p>\n<p>[\/et_pb_text][\/et_pb_column_inner][et_pb_column_inner type=\u00a0\u00bb1_2&Prime; saved_specialty_column_type=\u00a0\u00bb3_4&Prime;][et_pb_image _builder_version=\u00a0\u00bb3.12&Prime; src=\u00a0\u00bbhttps:\/\/www.min-on.org\/wp-content\/uploads\/sites\/7\/2011\/09\/lochmann-original-tublar-chime.jpg\u00a0\u00bb align=\u00a0\u00bbcenter\u00a0\u00bb force_fullwidth=\u00a0\u00bbon\u00a0\u00bb show_bottom_space=\u00a0\u00bboff\u00a0\u00bb \/][et_pb_audio _builder_version=\u00a0\u00bb3.12&Prime; audio=\u00a0\u00bbhttps:\/\/www.min-on.org\/wp-content\/uploads\/sites\/7\/2018\/08\/lochmann-original-tublar-chime.mp3&Prime; background_layout=\u00a0\u00bblight\u00a0\u00bb title_text_color=\u00a0\u00bb#000000&Prime; caption_text_color=\u00a0\u00bb#000000&Prime; saved_tabs=\u00a0\u00bball\u00a0\u00bb background_color=\u00a0\u00bb#f0f0f0&Prime; \/][\/et_pb_column_inner][\/et_pb_row_inner][\/et_pb_column][et_pb_column type=\u00a0\u00bb1_4&Prime;][et_pb_sidebar _builder_version=\u00a0\u00bb3.12&Prime; area=\u00a0\u00bbet_pb_widget_area_11&Prime; module_class=\u00a0\u00bbmuseumSidebar\u00a0\u00bb \/][\/et_pb_column][\/et_pb_section]<\/p>\n","protected":false},"excerpt":{"rendered":"<p>Carillon Tubulaire Lochmann \u00ab Originel \u00bb 1904, Allemagne Les ann\u00e9es 1880 virent l\u2019apparition d\u2019un nouveau genre de bo\u00eete \u00e0 musique utilisant les disques plats. La demande de bo\u00eetes \u00e0 musique monta en fl\u00e8che, les effets cumul\u00e9s de la R\u00e9volution industrielle et des r\u00e9volutions populaires de la derni\u00e8re partie du XVIIIe et du d\u00e9but du XIXe [&hellip;]<\/p>\n","protected":false},"author":1,"featured_media":0,"parent":0,"menu_order":0,"comment_status":"closed","ping_status":"closed","template":"","meta":{"_et_pb_use_builder":"on","_et_pb_old_content":"","_et_gb_content_width":"","footnotes":""},"categories":[],"tags":[],"distributor_meta":false,"distributor_terms":false,"distributor_media":false,"distributor_original_site_name":"French - Min-On Website","distributor_original_site_url":"https:\/\/www.min-on.org\/fr","_links":{"self":[{"href":"https:\/\/www.min-on.org\/fr\/wp-json\/wp\/v2\/pages\/6384"}],"collection":[{"href":"https:\/\/www.min-on.org\/fr\/wp-json\/wp\/v2\/pages"}],"about":[{"href":"https:\/\/www.min-on.org\/fr\/wp-json\/wp\/v2\/types\/page"}],"author":[{"embeddable":true,"href":"https:\/\/www.min-on.org\/fr\/wp-json\/wp\/v2\/users\/1"}],"replies":[{"embeddable":true,"href":"https:\/\/www.min-on.org\/fr\/wp-json\/wp\/v2\/comments?post=6384"}],"version-history":[{"count":5,"href":"https:\/\/www.min-on.org\/fr\/wp-json\/wp\/v2\/pages\/6384\/revisions"}],"predecessor-version":[{"id":7318,"href":"https:\/\/www.min-on.org\/fr\/wp-json\/wp\/v2\/pages\/6384\/revisions\/7318"}],"wp:attachment":[{"href":"https:\/\/www.min-on.org\/fr\/wp-json\/wp\/v2\/media?parent=6384"}],"wp:term":[{"taxonomy":"category","embeddable":true,"href":"https:\/\/www.min-on.org\/fr\/wp-json\/wp\/v2\/categories?post=6384"},{"taxonomy":"post_tag","embeddable":true,"href":"https:\/\/www.min-on.org\/fr\/wp-json\/wp\/v2\/tags?post=6384"}],"curies":[{"name":"wp","href":"https:\/\/api.w.org\/{rel}","templated":true}]}}