{"id":6378,"date":"2018-08-12T11:51:13","date_gmt":"2018-08-12T11:51:13","guid":{"rendered":"http:\/\/59.106.140.197\/?page_id=6378"},"modified":"2019-06-06T02:22:45","modified_gmt":"2019-06-06T02:22:45","slug":"orchestral-corona-king-of-regina","status":"publish","type":"page","link":"https:\/\/www.min-on.org\/fr\/orchestral-corona-king-of-regina\/","title":{"rendered":"\u00ab Corona Orchestral \u00bb, Roi de Regina"},"content":{"rendered":"<p>[et_pb_section bb_built=\u00a0\u00bb1&Prime; fullwidth=\u00a0\u00bboff\u00a0\u00bb specialty=\u00a0\u00bbon\u00a0\u00bb][et_pb_column type=\u00a0\u00bb3_4&Prime; specialty_columns=\u00a0\u00bb3&Prime;][et_pb_row_inner admin_label=\u00a0\u00bbRow\u00a0\u00bb _builder_version=\u00a0\u00bb3.12&Prime;][et_pb_column_inner type=\u00a0\u00bb1_2&Prime; saved_specialty_column_type=\u00a0\u00bb3_4&Prime;][et_pb_text _builder_version=\u00a0\u00bb3.15&Prime;]<\/p>\n<h1>\u00ab Corona Orchestral \u00bb, Roi de Regina<\/h1>\n<p style=\"font-weight: 600;\">1897, \u00c9tats-Unis<\/p>\n<p>Cette bo\u00eete \u00e0 musique tire son origine dans un m\u00e9canisme qui servait \u00e0 faire sonner les carillons les cloches des clochers des \u00e9glises en Suisse et dans d\u2019autres pays. Afin de sonner les cloches, une broche int\u00e9gr\u00e9e dans un cylindre ou un barillet en bois actionnait automatiquement un marteau, lequel venait \u00e0 son tour frapper la cloche. Avec l\u2019invention du ressort au XVIe si\u00e8cle, cette technologie fut appliqu\u00e9e aux horloges. Dans les ann\u00e9es 1830, la bo\u00eete \u00e0 musique \u00e0 cylindres vit le jour en tant qu\u2019instrument musical m\u00e9canique enti\u00e8rement ind\u00e9pendant des horloges.<\/p>\n<p>D\u00e8s 1886, un nouveau style de bo\u00eete \u00e0 musique, la bo\u00eete \u00e0 musique \u00e0 disques, fit son apparition en Allemagne. Ces nouvelles machines permettaient \u00e0 leurs propri\u00e9taires d\u2019\u00e9changer plus facilement les disques. Ces derniers \u00e9taient fabriqu\u00e9s en s\u00e9rie, \u00e0 un co\u00fbt modique, en m\u00e9tal, et d\u00e8s 1890, les manufactures de disques se consacraient exclusivement \u00e0 la production de disques pour ces nouvelles machines. La Regina Company, situ\u00e9e \u00e0 Rahway, dans le New Jersey, qui fabriquait divers types de bo\u00eetes de musique, \u00e9tait l\u2019une des plus importantes aux \u00c9tats-Unis.<\/p>\n<p>Ce mod\u00e8le, le style Corona Orchestral n\u00b0 33, est \u00e9galement surnomm\u00e9 \u00ab Roi de Regina \u00bb. Il s\u2019agit d\u2019une bo\u00eete \u00e0 musique \u00e0 disques haut de gamme fabriqu\u00e9e en 1897 en ayant recours \u00e0 toutes les techniques d\u2019ing\u00e9nierie de pointe. Elle peut lire automatiquement 12 disques en acier d\u2019affil\u00e9e.<\/p>\n<p>[\/et_pb_text][\/et_pb_column_inner][et_pb_column_inner type=\u00a0\u00bb1_2&Prime; saved_specialty_column_type=\u00a0\u00bb3_4&Prime;][et_pb_image _builder_version=\u00a0\u00bb3.12&Prime; src=\u00a0\u00bbhttps:\/\/www.min-on.org\/wp-content\/uploads\/sites\/7\/2011\/09\/orchestral-corona-king-of-regina.jpg\u00a0\u00bb align=\u00a0\u00bbcenter\u00a0\u00bb force_fullwidth=\u00a0\u00bbon\u00a0\u00bb show_bottom_space=\u00a0\u00bboff\u00a0\u00bb \/][et_pb_audio _builder_version=\u00a0\u00bb3.12&Prime; audio=\u00a0\u00bbhttps:\/\/www.min-on.org\/wp-content\/uploads\/sites\/7\/2018\/08\/orchestral-corona-king-of-regina.mp3&Prime; background_layout=\u00a0\u00bblight\u00a0\u00bb title_text_color=\u00a0\u00bb#000000&Prime; caption_text_color=\u00a0\u00bb#000000&Prime; saved_tabs=\u00a0\u00bball\u00a0\u00bb background_color=\u00a0\u00bb#f0f0f0&Prime; \/][\/et_pb_column_inner][\/et_pb_row_inner][\/et_pb_column][et_pb_column type=\u00a0\u00bb1_4&Prime;][et_pb_sidebar _builder_version=\u00a0\u00bb3.12&Prime; area=\u00a0\u00bbet_pb_widget_area_11&Prime; module_class=\u00a0\u00bbmuseumSidebar\u00a0\u00bb \/][\/et_pb_column][\/et_pb_section]<\/p>\n","protected":false},"excerpt":{"rendered":"<p>\u00ab Corona Orchestral \u00bb, Roi de Regina 1897, \u00c9tats-Unis Cette bo\u00eete \u00e0 musique tire son origine dans un m\u00e9canisme qui servait \u00e0 faire sonner les carillons les cloches des clochers des \u00e9glises en Suisse et dans d\u2019autres pays. Afin de sonner les cloches, une broche int\u00e9gr\u00e9e dans un cylindre ou un barillet en bois actionnait [&hellip;]<\/p>\n","protected":false},"author":1,"featured_media":0,"parent":0,"menu_order":0,"comment_status":"closed","ping_status":"closed","template":"","meta":{"_et_pb_use_builder":"on","_et_pb_old_content":"","_et_gb_content_width":"","footnotes":""},"categories":[],"tags":[],"distributor_meta":false,"distributor_terms":false,"distributor_media":false,"distributor_original_site_name":"French - Min-On Website","distributor_original_site_url":"https:\/\/www.min-on.org\/fr","_links":{"self":[{"href":"https:\/\/www.min-on.org\/fr\/wp-json\/wp\/v2\/pages\/6378"}],"collection":[{"href":"https:\/\/www.min-on.org\/fr\/wp-json\/wp\/v2\/pages"}],"about":[{"href":"https:\/\/www.min-on.org\/fr\/wp-json\/wp\/v2\/types\/page"}],"author":[{"embeddable":true,"href":"https:\/\/www.min-on.org\/fr\/wp-json\/wp\/v2\/users\/1"}],"replies":[{"embeddable":true,"href":"https:\/\/www.min-on.org\/fr\/wp-json\/wp\/v2\/comments?post=6378"}],"version-history":[{"count":6,"href":"https:\/\/www.min-on.org\/fr\/wp-json\/wp\/v2\/pages\/6378\/revisions"}],"predecessor-version":[{"id":7016,"href":"https:\/\/www.min-on.org\/fr\/wp-json\/wp\/v2\/pages\/6378\/revisions\/7016"}],"wp:attachment":[{"href":"https:\/\/www.min-on.org\/fr\/wp-json\/wp\/v2\/media?parent=6378"}],"wp:term":[{"taxonomy":"category","embeddable":true,"href":"https:\/\/www.min-on.org\/fr\/wp-json\/wp\/v2\/categories?post=6378"},{"taxonomy":"post_tag","embeddable":true,"href":"https:\/\/www.min-on.org\/fr\/wp-json\/wp\/v2\/tags?post=6378"}],"curies":[{"name":"wp","href":"https:\/\/api.w.org\/{rel}","templated":true}]}}