{"id":6362,"date":"2018-08-12T11:04:32","date_gmt":"2018-08-12T11:04:32","guid":{"rendered":"http:\/\/59.106.140.197\/?page_id=6362"},"modified":"2018-10-29T08:20:19","modified_gmt":"2018-10-29T08:20:19","slug":"dominion-organ","status":"publish","type":"page","link":"https:\/\/www.min-on.org\/fr\/dominion-organ\/","title":{"rendered":"Orgue \u00ab Dominion \u00bb"},"content":{"rendered":"<p>[et_pb_section bb_built=\u00a0\u00bb1&Prime; fullwidth=\u00a0\u00bboff\u00a0\u00bb specialty=\u00a0\u00bbon\u00a0\u00bb][et_pb_column type=\u00a0\u00bb3_4&Prime; specialty_columns=\u00a0\u00bb3&Prime;][et_pb_row_inner admin_label=\u00a0\u00bbRow\u00a0\u00bb _builder_version=\u00a0\u00bb3.12&Prime;][et_pb_column_inner type=\u00a0\u00bb1_2&Prime; saved_specialty_column_type=\u00a0\u00bb3_4&Prime;][et_pb_text _builder_version=\u00a0\u00bb3.15&Prime;]<\/p>\n<h1>Orgue \u00ab\u00a0Dominion\u00a0\u00bb<\/h1>\n<p style=\"font-weight: 600;\">1905, Canada<\/p>\n<p>On pense que la Dominion Organ and Piano Company fut fond\u00e9e aux alentours de 1870, et fut rebaptis\u00e9e Dominion Organ Co. en 1875. Ce facteur \u00e9tait sp\u00e9cialis\u00e9 dans la production d\u2019harmoniums qui avaient pour caract\u00e9ristique de comporter, au lieu de lames d\u2019accordage, des tubes permettant d\u2019obtenir une sonorit\u00e9 d\u2019anches afin d\u2019assurer une meilleure \u00e9galit\u00e9 dans les registres. Les orgues Dominion remport\u00e8rent de multiples prix et m\u00e9dailles internationaux aux \u00c9tats-Unis et en Europe. Bien qu\u2019elle e\u00fbt fabriqu\u00e9 un grand nombre d\u2019orgues de superbe qualit\u00e9, la maison ferma ses portes en 1936, victime de la Grande D\u00e9pression des ann\u00e9es 1930.<\/p>\n<p>L\u2019Orgue \u00ab\u00a0Dominion\u00a0\u00bb expos\u00e9 dans la collection Min-On fut fabriqu\u00e9 en 1905 et pr\u00e9sent\u00e9 \u00e0 Min-On par le Maestro Siegfried Andraschek du Wiener Operettenorchester (Orchestre d\u2019Op\u00e9rette de Vienne). La qualit\u00e9 de finition distinctive de cette marque mondialement r\u00e9put\u00e9e se reconna\u00eet ais\u00e9ment.<\/p>\n<p>[\/et_pb_text][\/et_pb_column_inner][et_pb_column_inner type=\u00a0\u00bb1_2&Prime; saved_specialty_column_type=\u00a0\u00bb3_4&Prime;][et_pb_image _builder_version=\u00a0\u00bb3.12&Prime; src=\u00a0\u00bbhttps:\/\/www.min-on.org\/wp-content\/uploads\/sites\/7\/2011\/09\/dominion-organ.jpg\u00a0\u00bb align=\u00a0\u00bbcenter\u00a0\u00bb force_fullwidth=\u00a0\u00bbon\u00a0\u00bb show_bottom_space=\u00a0\u00bboff\u00a0\u00bb \/][et_pb_audio _builder_version=\u00a0\u00bb3.12&Prime; audio=\u00a0\u00bbhttps:\/\/www.min-on.org\/wp-content\/uploads\/sites\/7\/2018\/08\/dominion-organ.mp3&Prime; background_layout=\u00a0\u00bblight\u00a0\u00bb title_text_color=\u00a0\u00bb#000000&Prime; caption_text_color=\u00a0\u00bb#000000&Prime; saved_tabs=\u00a0\u00bball\u00a0\u00bb background_color=\u00a0\u00bb#f0f0f0&Prime; \/][\/et_pb_column_inner][\/et_pb_row_inner][\/et_pb_column][et_pb_column type=\u00a0\u00bb1_4&Prime;][et_pb_sidebar _builder_version=\u00a0\u00bb3.12&Prime; area=\u00a0\u00bbet_pb_widget_area_11&Prime; module_class=\u00a0\u00bbmuseumSidebar\u00a0\u00bb \/][\/et_pb_column][\/et_pb_section]<\/p>\n","protected":false},"excerpt":{"rendered":"<p>Orgue \u00ab\u00a0Dominion\u00a0\u00bb 1905, Canada On pense que la Dominion Organ and Piano Company fut fond\u00e9e aux alentours de 1870, et fut rebaptis\u00e9e Dominion Organ Co. en 1875. Ce facteur \u00e9tait sp\u00e9cialis\u00e9 dans la production d\u2019harmoniums qui avaient pour caract\u00e9ristique de comporter, au lieu de lames d\u2019accordage, des tubes permettant d\u2019obtenir une sonorit\u00e9 d\u2019anches afin d\u2019assurer [&hellip;]<\/p>\n","protected":false},"author":1,"featured_media":0,"parent":0,"menu_order":0,"comment_status":"closed","ping_status":"closed","template":"","meta":{"_et_pb_use_builder":"on","_et_pb_old_content":"","_et_gb_content_width":"","footnotes":""},"categories":[],"tags":[],"distributor_meta":false,"distributor_terms":false,"distributor_media":false,"distributor_original_site_name":"French - Min-On Website","distributor_original_site_url":"https:\/\/www.min-on.org\/fr","_links":{"self":[{"href":"https:\/\/www.min-on.org\/fr\/wp-json\/wp\/v2\/pages\/6362"}],"collection":[{"href":"https:\/\/www.min-on.org\/fr\/wp-json\/wp\/v2\/pages"}],"about":[{"href":"https:\/\/www.min-on.org\/fr\/wp-json\/wp\/v2\/types\/page"}],"author":[{"embeddable":true,"href":"https:\/\/www.min-on.org\/fr\/wp-json\/wp\/v2\/users\/1"}],"replies":[{"embeddable":true,"href":"https:\/\/www.min-on.org\/fr\/wp-json\/wp\/v2\/comments?post=6362"}],"version-history":[{"count":4,"href":"https:\/\/www.min-on.org\/fr\/wp-json\/wp\/v2\/pages\/6362\/revisions"}],"predecessor-version":[{"id":7833,"href":"https:\/\/www.min-on.org\/fr\/wp-json\/wp\/v2\/pages\/6362\/revisions\/7833"}],"wp:attachment":[{"href":"https:\/\/www.min-on.org\/fr\/wp-json\/wp\/v2\/media?parent=6362"}],"wp:term":[{"taxonomy":"category","embeddable":true,"href":"https:\/\/www.min-on.org\/fr\/wp-json\/wp\/v2\/categories?post=6362"},{"taxonomy":"post_tag","embeddable":true,"href":"https:\/\/www.min-on.org\/fr\/wp-json\/wp\/v2\/tags?post=6362"}],"curies":[{"name":"wp","href":"https:\/\/api.w.org\/{rel}","templated":true}]}}