{"id":6359,"date":"2018-08-12T11:02:03","date_gmt":"2018-08-12T11:02:03","guid":{"rendered":"http:\/\/59.106.140.197\/?page_id=6359"},"modified":"2018-09-18T19:28:26","modified_gmt":"2018-09-18T19:28:26","slug":"steinway-baby-grand-piano-of-pablo-casals","status":"publish","type":"page","link":"https:\/\/www.min-on.org\/fr\/steinway-baby-grand-piano-of-pablo-casals\/","title":{"rendered":"Piano demi-queue \u00ab Steinway \u00bb de Pablo Casals"},"content":{"rendered":"<p>[et_pb_section bb_built=\u00a0\u00bb1&Prime; fullwidth=\u00a0\u00bboff\u00a0\u00bb specialty=\u00a0\u00bbon\u00a0\u00bb][et_pb_column type=\u00a0\u00bb3_4&Prime; specialty_columns=\u00a0\u00bb3&Prime;][et_pb_row_inner admin_label=\u00a0\u00bbRow\u00a0\u00bb _builder_version=\u00a0\u00bb3.12&Prime;][et_pb_column_inner type=\u00a0\u00bb1_2&Prime; saved_specialty_column_type=\u00a0\u00bb3_4&Prime;][et_pb_text _builder_version=\u00a0\u00bb3.15&Prime;]<\/p>\n<h1>Piano demi-queue \u00ab Steinway \u00bb de Pablo Casals<\/h1>\n<p style=\"font-weight: 600;\">1952, \u00c9tats-Unis<\/p>\n<p>Steinway est une manufacture germano-am\u00e9ricaine de pianos fabriqu\u00e9s \u00e0 la main, fond\u00e9e en 1853 \u00e0 New York par un immigrant allemand, Henry E. Steinway. L\u2019essor de la maison se traduisit par l\u2019ouverture de succursales \u00e0 New York, dans le Queens, ainsi qu\u2019\u00e0 Hambourg, en Allemagne.  Steinway est devenu une \u00e9minente marque de facture de pianos, connue pour la qualit\u00e9 sup\u00e9rieure de ses pianos et pour ses inventions marquantes dans l\u2019\u00e9volution de cet instrument. L\u2019entreprise s\u2019est vu d\u00e9cerner 130 brevets portant sur la facture, et a \u00e9t\u00e9 r\u00e9compens\u00e9e par de nombreux prix \u00e0 l\u2019\u00e9chelle internationale.<\/p>\n<p>Ce piano demi-queue \u00ab Steinway \u00bb, fabriqu\u00e9 en 1952 en comm\u00e9moration du Centenaire de Steinway, fut la propri\u00e9t\u00e9 de Pablo Casals (1876 \u2013 1973), violoncelliste, compositeur, chef d\u2019orchestre et pianiste de renomm\u00e9e mondiale, lorsqu\u2019il vivait \u00e0 Porto Rico.<\/p>\n<p>[\/et_pb_text][\/et_pb_column_inner][et_pb_column_inner type=\u00a0\u00bb1_2&Prime; saved_specialty_column_type=\u00a0\u00bb3_4&Prime;][et_pb_image _builder_version=\u00a0\u00bb3.12&Prime; src=\u00a0\u00bbhttps:\/\/www.min-on.org\/wp-content\/uploads\/sites\/7\/2011\/09\/steinway-piano-of-pablo-casals.jpg\u00a0\u00bb align=\u00a0\u00bbcenter\u00a0\u00bb force_fullwidth=\u00a0\u00bbon\u00a0\u00bb show_bottom_space=\u00a0\u00bboff\u00a0\u00bb \/][et_pb_audio _builder_version=\u00a0\u00bb3.12&Prime; audio=\u00a0\u00bbhttps:\/\/www.min-on.org\/wp-content\/uploads\/sites\/7\/2018\/08\/steinway-piano-of-pablo-casals.mp3&Prime; background_layout=\u00a0\u00bblight\u00a0\u00bb title_text_color=\u00a0\u00bb#000000&Prime; caption_text_color=\u00a0\u00bb#000000&Prime; saved_tabs=\u00a0\u00bball\u00a0\u00bb background_color=\u00a0\u00bb#f0f0f0&Prime; \/][\/et_pb_column_inner][\/et_pb_row_inner][\/et_pb_column][et_pb_column type=\u00a0\u00bb1_4&Prime;][et_pb_sidebar _builder_version=\u00a0\u00bb3.12&Prime; area=\u00a0\u00bbet_pb_widget_area_11&Prime; module_class=\u00a0\u00bbmuseumSidebar\u00a0\u00bb \/][\/et_pb_column][\/et_pb_section]<\/p>\n","protected":false},"excerpt":{"rendered":"<p>Piano demi-queue \u00ab Steinway \u00bb de Pablo Casals 1952, \u00c9tats-Unis Steinway est une manufacture germano-am\u00e9ricaine de pianos fabriqu\u00e9s \u00e0 la main, fond\u00e9e en 1853 \u00e0 New York par un immigrant allemand, Henry E. Steinway. L\u2019essor de la maison se traduisit par l\u2019ouverture de succursales \u00e0 New York, dans le Queens, ainsi qu\u2019\u00e0 Hambourg, en Allemagne. [&hellip;]<\/p>\n","protected":false},"author":1,"featured_media":0,"parent":0,"menu_order":0,"comment_status":"closed","ping_status":"closed","template":"","meta":{"_et_pb_use_builder":"on","_et_pb_old_content":"","_et_gb_content_width":"","footnotes":""},"categories":[],"tags":[],"distributor_meta":false,"distributor_terms":false,"distributor_media":false,"distributor_original_site_name":"French - Min-On Website","distributor_original_site_url":"https:\/\/www.min-on.org\/fr","_links":{"self":[{"href":"https:\/\/www.min-on.org\/fr\/wp-json\/wp\/v2\/pages\/6359"}],"collection":[{"href":"https:\/\/www.min-on.org\/fr\/wp-json\/wp\/v2\/pages"}],"about":[{"href":"https:\/\/www.min-on.org\/fr\/wp-json\/wp\/v2\/types\/page"}],"author":[{"embeddable":true,"href":"https:\/\/www.min-on.org\/fr\/wp-json\/wp\/v2\/users\/1"}],"replies":[{"embeddable":true,"href":"https:\/\/www.min-on.org\/fr\/wp-json\/wp\/v2\/comments?post=6359"}],"version-history":[{"count":5,"href":"https:\/\/www.min-on.org\/fr\/wp-json\/wp\/v2\/pages\/6359\/revisions"}],"predecessor-version":[{"id":7315,"href":"https:\/\/www.min-on.org\/fr\/wp-json\/wp\/v2\/pages\/6359\/revisions\/7315"}],"wp:attachment":[{"href":"https:\/\/www.min-on.org\/fr\/wp-json\/wp\/v2\/media?parent=6359"}],"wp:term":[{"taxonomy":"category","embeddable":true,"href":"https:\/\/www.min-on.org\/fr\/wp-json\/wp\/v2\/categories?post=6359"},{"taxonomy":"post_tag","embeddable":true,"href":"https:\/\/www.min-on.org\/fr\/wp-json\/wp\/v2\/tags?post=6359"}],"curies":[{"name":"wp","href":"https:\/\/api.w.org\/{rel}","templated":true}]}}