{"id":6356,"date":"2018-08-12T10:58:13","date_gmt":"2018-08-12T10:58:13","guid":{"rendered":"http:\/\/59.106.140.197\/?page_id=6356"},"modified":"2018-10-29T08:19:55","modified_gmt":"2018-10-29T08:19:55","slug":"marshal-player-piano","status":"publish","type":"page","link":"https:\/\/www.min-on.org\/fr\/marshal-player-piano\/","title":{"rendered":"Piano M\u00e9canique \u00ab Marshal \u00bb"},"content":{"rendered":"<p>[et_pb_section bb_built=\u00a0\u00bb1&Prime; fullwidth=\u00a0\u00bboff\u00a0\u00bb specialty=\u00a0\u00bbon\u00a0\u00bb][et_pb_column type=\u00a0\u00bb3_4&Prime; specialty_columns=\u00a0\u00bb3&Prime;][et_pb_row_inner admin_label=\u00a0\u00bbRow\u00a0\u00bb _builder_version=\u00a0\u00bb3.12&Prime;][et_pb_column_inner type=\u00a0\u00bb1_2&Prime; saved_specialty_column_type=\u00a0\u00bb3_4&Prime;][et_pb_text _builder_version=\u00a0\u00bb3.15&Prime;]<\/p>\n<h1>Piano M\u00e9canique \u00ab\u00a0Marshal\u00a0\u00bb<\/h1>\n<p style=\"font-weight: 600;\">1915, Londres, Royaume-Uni<\/p>\n<p>Le piano m\u00e9canique connut son apog\u00e9e entre 1900 et 1930, lorsqu\u2019il devint la principale source de divertissement \u00e0 domicile. Pour ceux qui ne sont pas familiers avec cet instrument, l\u2019expression \u00ab\u00a0piano automatique\u00a0\u00bb serait la plus appropri\u00e9e pour le d\u00e9crire. Il suffit d\u2019y ins\u00e9rer un rouleau de musique, de prendre une profonde inspiration et d\u2019actionner la p\u00e9dale. Les notes jou\u00e9es sont repr\u00e9sent\u00e9es par de minuscules perforations sur des rouleaux de papier interchangeables, et le m\u00e9canisme de lecture est enti\u00e8rement aliment\u00e9 par aspiration, laquelle est g\u00e9n\u00e9ralement assur\u00e9e par deux p\u00e9dales.<\/p>\n<p>Ce magnifique Piano M\u00e9canique \u00ab\u00a0Marshal\u00a0\u00bb expos\u00e9 au Mus\u00e9e Min-On de la Musique fut fabriqu\u00e9 \u00e0 Londres en 1915. Il est dot\u00e9 d\u2019un dispositif de pompe \u00e0 pied traditionnel mais fut par la suite modifi\u00e9 par l\u2019adjonction d\u2019une pompe \u00e9lectrique afin de faciliter le p\u00e9dalage. Les pianos m\u00e9caniques peuvent \u00e9galement \u00eatre jou\u00e9s \u00e0 l\u2019aide d\u2019une manivelle, de la mani\u00e8re normale, le fonctionnement du piano et du clavier \u00e9tant enti\u00e8rement classiques. Il est m\u00eame g\u00e9n\u00e9ralement possible de jouer sur le clavier pendant que le m\u00e9canisme du rouleau fonctionne si des notes ou des harmonies suppl\u00e9mentaires sont requises.<\/p>\n<p>[\/et_pb_text][\/et_pb_column_inner][et_pb_column_inner type=\u00a0\u00bb1_2&Prime; saved_specialty_column_type=\u00a0\u00bb3_4&Prime;][et_pb_image _builder_version=\u00a0\u00bb3.12&Prime; src=\u00a0\u00bbhttps:\/\/www.min-on.org\/wp-content\/uploads\/sites\/7\/2011\/09\/marshal-player-piano.jpg\u00a0\u00bb align=\u00a0\u00bbcenter\u00a0\u00bb force_fullwidth=\u00a0\u00bbon\u00a0\u00bb show_bottom_space=\u00a0\u00bboff\u00a0\u00bb \/][et_pb_audio _builder_version=\u00a0\u00bb3.12&Prime; audio=\u00a0\u00bbhttps:\/\/www.min-on.org\/wp-content\/uploads\/sites\/7\/2018\/08\/marshal-player-piano.mp3&Prime; background_layout=\u00a0\u00bblight\u00a0\u00bb title_text_color=\u00a0\u00bb#000000&Prime; caption_text_color=\u00a0\u00bb#000000&Prime; saved_tabs=\u00a0\u00bball\u00a0\u00bb background_color=\u00a0\u00bb#f0f0f0&Prime; \/][\/et_pb_column_inner][\/et_pb_row_inner][\/et_pb_column][et_pb_column type=\u00a0\u00bb1_4&Prime;][et_pb_sidebar _builder_version=\u00a0\u00bb3.15&Prime; area=\u00a0\u00bbet_pb_widget_area_11&Prime; module_class=\u00a0\u00bbmuseumSidebar\u00a0\u00bb \/][\/et_pb_column][\/et_pb_section]<\/p>\n","protected":false},"excerpt":{"rendered":"<p>Piano M\u00e9canique \u00ab\u00a0Marshal\u00a0\u00bb 1915, Londres, Royaume-Uni Le piano m\u00e9canique connut son apog\u00e9e entre 1900 et 1930, lorsqu\u2019il devint la principale source de divertissement \u00e0 domicile. Pour ceux qui ne sont pas familiers avec cet instrument, l\u2019expression \u00ab\u00a0piano automatique\u00a0\u00bb serait la plus appropri\u00e9e pour le d\u00e9crire. Il suffit d\u2019y ins\u00e9rer un rouleau de musique, de prendre [&hellip;]<\/p>\n","protected":false},"author":1,"featured_media":0,"parent":0,"menu_order":0,"comment_status":"closed","ping_status":"closed","template":"","meta":{"_et_pb_use_builder":"on","_et_pb_old_content":"","_et_gb_content_width":"","footnotes":""},"categories":[],"tags":[],"distributor_meta":false,"distributor_terms":false,"distributor_media":false,"distributor_original_site_name":"French - Min-On Website","distributor_original_site_url":"https:\/\/www.min-on.org\/fr","_links":{"self":[{"href":"https:\/\/www.min-on.org\/fr\/wp-json\/wp\/v2\/pages\/6356"}],"collection":[{"href":"https:\/\/www.min-on.org\/fr\/wp-json\/wp\/v2\/pages"}],"about":[{"href":"https:\/\/www.min-on.org\/fr\/wp-json\/wp\/v2\/types\/page"}],"author":[{"embeddable":true,"href":"https:\/\/www.min-on.org\/fr\/wp-json\/wp\/v2\/users\/1"}],"replies":[{"embeddable":true,"href":"https:\/\/www.min-on.org\/fr\/wp-json\/wp\/v2\/comments?post=6356"}],"version-history":[{"count":5,"href":"https:\/\/www.min-on.org\/fr\/wp-json\/wp\/v2\/pages\/6356\/revisions"}],"predecessor-version":[{"id":7832,"href":"https:\/\/www.min-on.org\/fr\/wp-json\/wp\/v2\/pages\/6356\/revisions\/7832"}],"wp:attachment":[{"href":"https:\/\/www.min-on.org\/fr\/wp-json\/wp\/v2\/media?parent=6356"}],"wp:term":[{"taxonomy":"category","embeddable":true,"href":"https:\/\/www.min-on.org\/fr\/wp-json\/wp\/v2\/categories?post=6356"},{"taxonomy":"post_tag","embeddable":true,"href":"https:\/\/www.min-on.org\/fr\/wp-json\/wp\/v2\/tags?post=6356"}],"curies":[{"name":"wp","href":"https:\/\/api.w.org\/{rel}","templated":true}]}}