{"id":6353,"date":"2018-08-12T10:52:59","date_gmt":"2018-08-12T10:52:59","guid":{"rendered":"http:\/\/59.106.140.197\/?page_id=6353"},"modified":"2018-09-18T20:06:32","modified_gmt":"2018-09-18T20:06:32","slug":"the-welt-mignon-reproducing-piano","status":"publish","type":"page","link":"https:\/\/www.min-on.org\/fr\/the-welt-mignon-reproducing-piano\/","title":{"rendered":"Piano reproducteur Welte Mignon \u00ab Bush &#038; Lane \u00bb"},"content":{"rendered":"<p>[et_pb_section bb_built=\u00a0\u00bb1&Prime; fullwidth=\u00a0\u00bboff\u00a0\u00bb specialty=\u00a0\u00bbon\u00a0\u00bb][et_pb_column type=\u00a0\u00bb3_4&Prime; specialty_columns=\u00a0\u00bb3&Prime;][et_pb_row_inner admin_label=\u00a0\u00bbRow\u00a0\u00bb _builder_version=\u00a0\u00bb3.12&Prime;][et_pb_column_inner type=\u00a0\u00bb1_2&Prime; saved_specialty_column_type=\u00a0\u00bb3_4&Prime;][et_pb_text _builder_version=\u00a0\u00bb3.15&Prime;]<\/p>\n<h1>Piano reproducteur Welte Mignon \u00ab Bush &#038; Lane \u00bb<\/h1>\n<p style=\"font-weight: 600;\">1927, \u00c9tats-Unis<\/p>\n<p>Le tournant du XIXe si\u00e8cle fut l\u2019\u00e2ge d\u2019or des instruments de musique m\u00e9caniques. \u00c0 cette p\u00e9riode, l\u2019instrument pr\u00e9sentant le plus haut niveau de sophistication m\u00e9canique \u00e9tait le piano reproducteur automatique.  Le premier exemplaire, fabriqu\u00e9 en 1904 gr\u00e2ce aux efforts d\u2019Edwin Welte, en Allemagne, entre autres, fut ce piano reproducteur automatique Welte qui utilisait un rouleau de papier.<\/p>\n<p>Au d\u00e9but du XXe si\u00e8cle, ces instruments \u00e9taient utilis\u00e9s pour enregistrer les interpr\u00e9tations de pianistes et de compositeurs de renomm\u00e9e internationale. Les perforations sur les rouleaux de papier pr\u00e9servent avec une fid\u00e9lit\u00e9 stup\u00e9fiante des chefs d\u2019\u0153uvres originaux, notamment le travail sp\u00e9cifique des p\u00e9dales et toute la finesse d\u2019expression.<\/p>\n<p>Le Mus\u00e9e Min-On de la Musique poss\u00e8de quelque 1 000 rouleaux de papier dans sa collection pour faire fonctionner ce Piano reproducteur Welte Mignon, notamment les interpr\u00e9tations de pianistes et compositeurs de renom tels que B\u00e9la Bart\u00f3k, Ferrucio Busoni, Teresa Carre\u00f1o, Claude Debussy, Manuel de Falla, Enrique Granados, Edvard Hagerup Grieg, Theodor Leschetizky, Gustav Mahler, Vladimir de Pachmann, Ignacy Jan Paderewski, Raoul Pugno, Maurice Ravel, Camille Saint-Sa\u00ebns, Emil von Sauer, Alexandre Scriabine, Richard Strauss et de nombreux autres.<\/p>\n<p>[\/et_pb_text][\/et_pb_column_inner][et_pb_column_inner type=\u00a0\u00bb1_2&Prime; saved_specialty_column_type=\u00a0\u00bb3_4&Prime;][et_pb_image _builder_version=\u00a0\u00bb3.12&Prime; src=\u00a0\u00bbhttps:\/\/www.min-on.org\/wp-content\/uploads\/sites\/7\/2011\/09\/the-welte-mignon-reproducing-piano.jpg\u00a0\u00bb align=\u00a0\u00bbcenter\u00a0\u00bb force_fullwidth=\u00a0\u00bbon\u00a0\u00bb show_bottom_space=\u00a0\u00bboff\u00a0\u00bb \/][et_pb_audio _builder_version=\u00a0\u00bb3.12&Prime; audio=\u00a0\u00bbhttps:\/\/www.min-on.org\/wp-content\/uploads\/sites\/7\/2018\/08\/the-welte-mignon-reproducing-piano.mp3&Prime; background_layout=\u00a0\u00bblight\u00a0\u00bb title_text_color=\u00a0\u00bb#000000&Prime; caption_text_color=\u00a0\u00bb#000000&Prime; saved_tabs=\u00a0\u00bball\u00a0\u00bb background_color=\u00a0\u00bb#f0f0f0&Prime; \/][\/et_pb_column_inner][\/et_pb_row_inner][\/et_pb_column][et_pb_column type=\u00a0\u00bb1_4&Prime;][et_pb_sidebar _builder_version=\u00a0\u00bb3.12&Prime; area=\u00a0\u00bbet_pb_widget_area_11&Prime; module_class=\u00a0\u00bbmuseumSidebar\u00a0\u00bb \/][\/et_pb_column][\/et_pb_section]<\/p>\n","protected":false},"excerpt":{"rendered":"<p>Piano reproducteur Welte Mignon \u00ab Bush &#038; Lane \u00bb 1927, \u00c9tats-Unis Le tournant du XIXe si\u00e8cle fut l\u2019\u00e2ge d\u2019or des instruments de musique m\u00e9caniques. \u00c0 cette p\u00e9riode, l\u2019instrument pr\u00e9sentant le plus haut niveau de sophistication m\u00e9canique \u00e9tait le piano reproducteur automatique. Le premier exemplaire, fabriqu\u00e9 en 1904 gr\u00e2ce aux efforts d\u2019Edwin Welte, en Allemagne, entre [&hellip;]<\/p>\n","protected":false},"author":1,"featured_media":0,"parent":0,"menu_order":0,"comment_status":"closed","ping_status":"closed","template":"","meta":{"_et_pb_use_builder":"on","_et_pb_old_content":"","_et_gb_content_width":"","footnotes":""},"categories":[],"tags":[],"distributor_meta":false,"distributor_terms":false,"distributor_media":false,"distributor_original_site_name":"French - Min-On Website","distributor_original_site_url":"https:\/\/www.min-on.org\/fr","_links":{"self":[{"href":"https:\/\/www.min-on.org\/fr\/wp-json\/wp\/v2\/pages\/6353"}],"collection":[{"href":"https:\/\/www.min-on.org\/fr\/wp-json\/wp\/v2\/pages"}],"about":[{"href":"https:\/\/www.min-on.org\/fr\/wp-json\/wp\/v2\/types\/page"}],"author":[{"embeddable":true,"href":"https:\/\/www.min-on.org\/fr\/wp-json\/wp\/v2\/users\/1"}],"replies":[{"embeddable":true,"href":"https:\/\/www.min-on.org\/fr\/wp-json\/wp\/v2\/comments?post=6353"}],"version-history":[{"count":5,"href":"https:\/\/www.min-on.org\/fr\/wp-json\/wp\/v2\/pages\/6353\/revisions"}],"predecessor-version":[{"id":7342,"href":"https:\/\/www.min-on.org\/fr\/wp-json\/wp\/v2\/pages\/6353\/revisions\/7342"}],"wp:attachment":[{"href":"https:\/\/www.min-on.org\/fr\/wp-json\/wp\/v2\/media?parent=6353"}],"wp:term":[{"taxonomy":"category","embeddable":true,"href":"https:\/\/www.min-on.org\/fr\/wp-json\/wp\/v2\/categories?post=6353"},{"taxonomy":"post_tag","embeddable":true,"href":"https:\/\/www.min-on.org\/fr\/wp-json\/wp\/v2\/tags?post=6353"}],"curies":[{"name":"wp","href":"https:\/\/api.w.org\/{rel}","templated":true}]}}