{"id":6350,"date":"2018-08-12T10:45:38","date_gmt":"2018-08-12T10:45:38","guid":{"rendered":"http:\/\/59.106.140.197\/?page_id=6350"},"modified":"2018-09-18T19:23:26","modified_gmt":"2018-09-18T19:23:26","slug":"collard-and-collard-square-piano","status":"publish","type":"page","link":"https:\/\/www.min-on.org\/fr\/collard-and-collard-square-piano\/","title":{"rendered":"Piano carr\u00e9 \u00ab Collard &#038; Collard \u00bb"},"content":{"rendered":"<p>[et_pb_section bb_built=\u00a0\u00bb1&Prime; fullwidth=\u00a0\u00bboff\u00a0\u00bb specialty=\u00a0\u00bbon\u00a0\u00bb][et_pb_column type=\u00a0\u00bb3_4&Prime; specialty_columns=\u00a0\u00bb3&Prime;][et_pb_row_inner admin_label=\u00a0\u00bbRow\u00a0\u00bb _builder_version=\u00a0\u00bb3.12&Prime;][et_pb_column_inner type=\u00a0\u00bb1_2&Prime; saved_specialty_column_type=\u00a0\u00bb3_4&Prime;][et_pb_text _builder_version=\u00a0\u00bb3.15&Prime;]<\/p>\n<h1>Piano carr\u00e9 \u00ab Collard &#038; Collard \u00bb<\/h1>\n<p style=\"font-weight: 600;\">1848, Londres, Angleterre \/ Grande-Bretagne<\/p>\n<p>Ces pianos carr\u00e9s ont des cordes horizontales dispos\u00e9es en diagonale sur un ch\u00e2ssis rectangulaire, au-dessus des marteaux, le clavier \u00e9tant situ\u00e9 sur le c\u00f4t\u00e9 long. Apparus pour la premi\u00e8re fois \u00e0 Londres dans les ann\u00e9es 1760, ils ont connu un succ\u00e8s imm\u00e9diat. C\u2019\u00e9tait alors une \u00e9poque d\u2019innovation dans l\u2019industrie du piano et les fabriques, les pianistes et les compositeurs exp\u00e9rimentaient tous diverses id\u00e9es nouvelles dans leur qu\u00eate du piano id\u00e9al. Apr\u00e8s 1820, les pianos carr\u00e9s ont subi des remaniements constants afin de produire des tons plus puissants en augmentant le calibre des cordes avec le ch\u00e2ssis en m\u00e9tal, jusqu\u2019\u00e0 ce que la tension devienne presque quatre fois plus \u00e9lev\u00e9e que pour les pianos du XVIIIe si\u00e8cle. <\/p>\n<p>Ce piano carr\u00e9 \u00ab Collard &#038; Collard \u00bb fut fabriqu\u00e9 en 1848 par Collard &#038; Collard, vieille maison londonienne \u00e9troitement li\u00e9e avec le compositeur et pianiste virtuose Muzio Clementi.  Cette firme a produit au XIXe si\u00e8cle de nombreux instruments de toute beaut\u00e9, sign\u00e9s et estampill\u00e9s tant\u00f4t \u00ab Clementi &#038; Co \u00bb en 1800, \u00ab Clementi, Collard &#038; Collard \u00bb en 1819, et, apr\u00e8s le d\u00e9c\u00e8s de Clementi en 1832, \u00ab Collard &#038; Collard \u00bb.<\/p>\n<p>[\/et_pb_text][\/et_pb_column_inner][et_pb_column_inner type=\u00a0\u00bb1_2&Prime; saved_specialty_column_type=\u00a0\u00bb3_4&Prime;][et_pb_image _builder_version=\u00a0\u00bb3.12&Prime; src=\u00a0\u00bbhttps:\/\/www.min-on.org\/wp-content\/uploads\/sites\/7\/2011\/09\/collard-and-collard-square-piano.jpg\u00a0\u00bb align=\u00a0\u00bbcenter\u00a0\u00bb force_fullwidth=\u00a0\u00bbon\u00a0\u00bb show_bottom_space=\u00a0\u00bboff\u00a0\u00bb \/][et_pb_audio _builder_version=\u00a0\u00bb3.12&Prime; audio=\u00a0\u00bbhttps:\/\/www.min-on.org\/wp-content\/uploads\/sites\/7\/2018\/08\/collard-and-collard-square-piano.mp3&Prime; background_layout=\u00a0\u00bblight\u00a0\u00bb title_text_color=\u00a0\u00bb#000000&Prime; caption_text_color=\u00a0\u00bb#000000&Prime; saved_tabs=\u00a0\u00bball\u00a0\u00bb background_color=\u00a0\u00bb#f0f0f0&Prime; \/][\/et_pb_column_inner][\/et_pb_row_inner][\/et_pb_column][et_pb_column type=\u00a0\u00bb1_4&Prime;][et_pb_sidebar _builder_version=\u00a0\u00bb3.12&Prime; area=\u00a0\u00bbet_pb_widget_area_11&Prime; module_class=\u00a0\u00bbmuseumSidebar\u00a0\u00bb \/][\/et_pb_column][\/et_pb_section]<\/p>\n","protected":false},"excerpt":{"rendered":"<p>Piano carr\u00e9 \u00ab Collard &#038; Collard \u00bb 1848, Londres, Angleterre \/ Grande-Bretagne Ces pianos carr\u00e9s ont des cordes horizontales dispos\u00e9es en diagonale sur un ch\u00e2ssis rectangulaire, au-dessus des marteaux, le clavier \u00e9tant situ\u00e9 sur le c\u00f4t\u00e9 long. Apparus pour la premi\u00e8re fois \u00e0 Londres dans les ann\u00e9es 1760, ils ont connu un succ\u00e8s imm\u00e9diat. C\u2019\u00e9tait [&hellip;]<\/p>\n","protected":false},"author":1,"featured_media":0,"parent":0,"menu_order":0,"comment_status":"closed","ping_status":"closed","template":"","meta":{"_et_pb_use_builder":"on","_et_pb_old_content":"","_et_gb_content_width":"","footnotes":""},"categories":[],"tags":[],"distributor_meta":false,"distributor_terms":false,"distributor_media":false,"distributor_original_site_name":"French - Min-On Website","distributor_original_site_url":"https:\/\/www.min-on.org\/fr","_links":{"self":[{"href":"https:\/\/www.min-on.org\/fr\/wp-json\/wp\/v2\/pages\/6350"}],"collection":[{"href":"https:\/\/www.min-on.org\/fr\/wp-json\/wp\/v2\/pages"}],"about":[{"href":"https:\/\/www.min-on.org\/fr\/wp-json\/wp\/v2\/types\/page"}],"author":[{"embeddable":true,"href":"https:\/\/www.min-on.org\/fr\/wp-json\/wp\/v2\/users\/1"}],"replies":[{"embeddable":true,"href":"https:\/\/www.min-on.org\/fr\/wp-json\/wp\/v2\/comments?post=6350"}],"version-history":[{"count":5,"href":"https:\/\/www.min-on.org\/fr\/wp-json\/wp\/v2\/pages\/6350\/revisions"}],"predecessor-version":[{"id":7006,"href":"https:\/\/www.min-on.org\/fr\/wp-json\/wp\/v2\/pages\/6350\/revisions\/7006"}],"wp:attachment":[{"href":"https:\/\/www.min-on.org\/fr\/wp-json\/wp\/v2\/media?parent=6350"}],"wp:term":[{"taxonomy":"category","embeddable":true,"href":"https:\/\/www.min-on.org\/fr\/wp-json\/wp\/v2\/categories?post=6350"},{"taxonomy":"post_tag","embeddable":true,"href":"https:\/\/www.min-on.org\/fr\/wp-json\/wp\/v2\/tags?post=6350"}],"curies":[{"name":"wp","href":"https:\/\/api.w.org\/{rel}","templated":true}]}}