{"id":6347,"date":"2018-08-12T10:43:03","date_gmt":"2018-08-12T10:43:03","guid":{"rendered":"http:\/\/59.106.140.197\/?page_id=6347"},"modified":"2019-06-06T02:43:42","modified_gmt":"2019-06-06T02:43:42","slug":"erard-grand-fortepiano","status":"publish","type":"page","link":"https:\/\/www.min-on.org\/fr\/erard-grand-fortepiano\/","title":{"rendered":"Pianoforte \u00ab \u00c9rard \u00bb"},"content":{"rendered":"<p>[et_pb_section bb_built=\u00a0\u00bb1&Prime; fullwidth=\u00a0\u00bboff\u00a0\u00bb specialty=\u00a0\u00bbon\u00a0\u00bb][et_pb_column type=\u00a0\u00bb3_4&Prime; specialty_columns=\u00a0\u00bb3&Prime;][et_pb_row_inner admin_label=\u00a0\u00bbRow\u00a0\u00bb _builder_version=\u00a0\u00bb3.12&Prime;][et_pb_column_inner type=\u00a0\u00bb1_2&Prime; saved_specialty_column_type=\u00a0\u00bb3_4&Prime;][et_pb_text _builder_version=\u00a0\u00bb3.15&Prime;]<\/p>\n<h1>Pianoforte \u00ab \u00c9rard \u00bb<\/h1>\n<p style=\"font-weight: 600;\">1899, Paris, France<\/p>\n<p>\u00c9rard fut un grand innovateur qui fit breveter de nombreuses avanc\u00e9es techniques dans l\u2019histoire du piano. Les manufactures de l\u2019entreprise \u00c9rard, tant \u00e0 Paris qu\u2019\u00e0 Londres, fabriqu\u00e8rent en masse des pianofortes \u00e9quip\u00e9s de ses technologies brevet\u00e9es tout au long de la moiti\u00e9 du XIXe si\u00e8cle, et, d\u2019une certaine mani\u00e8re, le Pianoforte \u00ab \u00c9rard \u00bb est \u00e0 l\u2019origine de tous les grands pianos modernes.<\/p>\n<p>Cependant, dans la derni\u00e8re partie du XIXe si\u00e8cle, \u00e0 la suite de l\u2019essor enregistr\u00e9 par Steinway et les autres fabricants allemands gr\u00e2ce \u00e0 des innovations techniques telles que les cordes transversales et les ch\u00e2ssis en m\u00e9tal moul\u00e9, la production d\u2019\u00c9rard s\u2019effondra au point que sa manufacture londonienne dut fermer ses portes en 1890.<\/p>\n<p>Le Pianoforte \u00ab \u00c9rard \u00bb qui se trouve au Mus\u00e9e Min-On \u00e9tait surnomm\u00e9 \u00ab La Dame des Pianos \u00bb en raison de son ext\u00e9rieur blanc. Les gravures exquises sur les pieds et la caisse laissent supposer un style Louis XIV, typique du Palais de Versailles.<\/p>\n<p>Ce magnifique piano \u00c9rard fut fabriqu\u00e9 dans les ateliers de Paris en 1899, alors que la Maison elle-m\u00eame connaissait d\u00e9j\u00e0 un d\u00e9clin. Il s\u2019agit d\u2019une pi\u00e8ce extr\u00eamement rare, car son ch\u00e2ssis est en partie en m\u00e9tal moul\u00e9, ce qui le distingue des ch\u00e2ssis en bois, plus caract\u00e9ristiques des pianos \u00c9rard.<\/p>\n<p>[\/et_pb_text][\/et_pb_column_inner][et_pb_column_inner type=\u00a0\u00bb1_2&Prime; saved_specialty_column_type=\u00a0\u00bb3_4&Prime;][et_pb_image _builder_version=\u00a0\u00bb3.12&Prime; src=\u00a0\u00bbhttps:\/\/www.min-on.org\/wp-content\/uploads\/sites\/7\/2011\/09\/erard-grand-fortepiano.jpg\u00a0\u00bb align=\u00a0\u00bbcenter\u00a0\u00bb force_fullwidth=\u00a0\u00bbon\u00a0\u00bb show_bottom_space=\u00a0\u00bboff\u00a0\u00bb \/][et_pb_audio _builder_version=\u00a0\u00bb3.12&Prime; audio=\u00a0\u00bbhttps:\/\/www.min-on.org\/wp-content\/uploads\/sites\/7\/2018\/08\/erard-grand-fortepiano.mp3&Prime; background_layout=\u00a0\u00bblight\u00a0\u00bb title_text_color=\u00a0\u00bb#000000&Prime; caption_text_color=\u00a0\u00bb#000000&Prime; saved_tabs=\u00a0\u00bball\u00a0\u00bb background_color=\u00a0\u00bb#f0f0f0&Prime; \/][\/et_pb_column_inner][\/et_pb_row_inner][\/et_pb_column][et_pb_column type=\u00a0\u00bb1_4&Prime;][et_pb_sidebar _builder_version=\u00a0\u00bb3.12&Prime; area=\u00a0\u00bbet_pb_widget_area_11&Prime; module_class=\u00a0\u00bbmuseumSidebar\u00a0\u00bb \/][\/et_pb_column][\/et_pb_section]<\/p>\n","protected":false},"excerpt":{"rendered":"<p>Pianoforte \u00ab \u00c9rard \u00bb 1899, Paris, France \u00c9rard fut un grand innovateur qui fit breveter de nombreuses avanc\u00e9es techniques dans l\u2019histoire du piano. Les manufactures de l\u2019entreprise \u00c9rard, tant \u00e0 Paris qu\u2019\u00e0 Londres, fabriqu\u00e8rent en masse des pianofortes \u00e9quip\u00e9s de ses technologies brevet\u00e9es tout au long de la moiti\u00e9 du XIXe si\u00e8cle, et, d\u2019une certaine [&hellip;]<\/p>\n","protected":false},"author":1,"featured_media":0,"parent":0,"menu_order":0,"comment_status":"closed","ping_status":"closed","template":"","meta":{"_et_pb_use_builder":"on","_et_pb_old_content":"","_et_gb_content_width":"","footnotes":""},"categories":[],"tags":[],"distributor_meta":false,"distributor_terms":false,"distributor_media":false,"distributor_original_site_name":"French - Min-On Website","distributor_original_site_url":"https:\/\/www.min-on.org\/fr","_links":{"self":[{"href":"https:\/\/www.min-on.org\/fr\/wp-json\/wp\/v2\/pages\/6347"}],"collection":[{"href":"https:\/\/www.min-on.org\/fr\/wp-json\/wp\/v2\/pages"}],"about":[{"href":"https:\/\/www.min-on.org\/fr\/wp-json\/wp\/v2\/types\/page"}],"author":[{"embeddable":true,"href":"https:\/\/www.min-on.org\/fr\/wp-json\/wp\/v2\/users\/1"}],"replies":[{"embeddable":true,"href":"https:\/\/www.min-on.org\/fr\/wp-json\/wp\/v2\/comments?post=6347"}],"version-history":[{"count":6,"href":"https:\/\/www.min-on.org\/fr\/wp-json\/wp\/v2\/pages\/6347\/revisions"}],"predecessor-version":[{"id":8614,"href":"https:\/\/www.min-on.org\/fr\/wp-json\/wp\/v2\/pages\/6347\/revisions\/8614"}],"wp:attachment":[{"href":"https:\/\/www.min-on.org\/fr\/wp-json\/wp\/v2\/media?parent=6347"}],"wp:term":[{"taxonomy":"category","embeddable":true,"href":"https:\/\/www.min-on.org\/fr\/wp-json\/wp\/v2\/categories?post=6347"},{"taxonomy":"post_tag","embeddable":true,"href":"https:\/\/www.min-on.org\/fr\/wp-json\/wp\/v2\/tags?post=6347"}],"curies":[{"name":"wp","href":"https:\/\/api.w.org\/{rel}","templated":true}]}}