{"id":6344,"date":"2018-08-12T10:30:54","date_gmt":"2018-08-12T10:30:54","guid":{"rendered":"http:\/\/59.106.140.197\/?page_id=6344"},"modified":"2019-06-06T02:07:48","modified_gmt":"2019-06-06T02:07:48","slug":"conrad-graf-fortepiano","status":"publish","type":"page","link":"https:\/\/www.min-on.org\/fr\/conrad-graf-fortepiano\/","title":{"rendered":"Pianoforte \u00ab Conrad Graf \u00bb"},"content":{"rendered":"<p>[et_pb_section bb_built=\u00a0\u00bb1&Prime; fullwidth=\u00a0\u00bboff\u00a0\u00bb specialty=\u00a0\u00bbon\u00a0\u00bb][et_pb_column type=\u00a0\u00bb3_4&Prime; specialty_columns=\u00a0\u00bb3&Prime;][et_pb_row_inner admin_label=\u00a0\u00bbRow\u00a0\u00bb _builder_version=\u00a0\u00bb3.12&Prime;][et_pb_column_inner type=\u00a0\u00bb1_2&Prime; saved_specialty_column_type=\u00a0\u00bb3_4&Prime;][et_pb_text _builder_version=\u00a0\u00bb3.15&Prime;]<\/p>\n<h1>Pianoforte \u00ab Conrad Graf \u00bb<\/h1>\n<p style=\"font-weight: 600;\">1834, Vienne, Autriche<\/p>\n<p>Conrad Graf fut l\u2019un des facteurs de pianoforte le plus r\u00e9put\u00e9s de Vienne entre 1822 et 1842. Il fut nomm\u00e9 facteur de piano et de clavier royal \u00e0 la Cour imp\u00e9riale de Vienne en 1824, et remporta une m\u00e9daille d\u2019or lors de la premi\u00e8re Exposition viennoise de produits industriels en 1835.<\/p>\n<p>Ce splendide instrument de six octaves et demie avec 80 claviers fut fabriqu\u00e9 en 1834 par Conrad Graf. Sa caisse en ch\u00eane plaqu\u00e9e de noyer \u00e9tait construite presqu\u2019enti\u00e8rement en bois, ce qui produisait un son exquis, \u00e9l\u00e9gant et romantique \u00e0 la fois, tr\u00e8s diff\u00e9rent des pianos contemporains fabriqu\u00e9s autour d\u2019un ch\u00e2ssis m\u00e9tallique. Des pianofortes Graf identiques \u00e0 celui-ci \u00e9taient utilis\u00e9s par des compositeurs c\u00e9l\u00e8bres, notamment Beethoven, Schubert, Schumann, Mendelssohn, Chopin, Liszt ou Brahms.<\/p>\n<p>Ce mod\u00e8le particulier comporte cinq p\u00e9dales, ce qui est assez rare, et notamment une \u00ab P\u00e9dale turque \u00bb permettant d\u2019actionner un timbre et un tambourin int\u00e9gr\u00e9 \u00e0 la caisse, au lieu des quatre p\u00e9dales habituelles servant \u00e0 contr\u00f4ler les sourdines.<\/p>\n<p>[\/et_pb_text][\/et_pb_column_inner][et_pb_column_inner type=\u00a0\u00bb1_2&Prime; saved_specialty_column_type=\u00a0\u00bb3_4&Prime;][et_pb_image _builder_version=\u00a0\u00bb3.12&Prime; src=\u00a0\u00bbhttps:\/\/www.min-on.org\/wp-content\/uploads\/sites\/7\/2011\/09\/conrad-graf-fortepiano.jpg\u00a0\u00bb align=\u00a0\u00bbcenter\u00a0\u00bb force_fullwidth=\u00a0\u00bbon\u00a0\u00bb show_bottom_space=\u00a0\u00bboff\u00a0\u00bb \/][et_pb_audio _builder_version=\u00a0\u00bb3.12&Prime; audio=\u00a0\u00bbhttps:\/\/www.min-on.org\/wp-content\/uploads\/sites\/7\/2018\/08\/conrad-graf-fortepiano.mp3&Prime; background_layout=\u00a0\u00bblight\u00a0\u00bb title_text_color=\u00a0\u00bb#000000&Prime; caption_text_color=\u00a0\u00bb#000000&Prime; saved_tabs=\u00a0\u00bball\u00a0\u00bb background_color=\u00a0\u00bb#f0f0f0&Prime; \/][\/et_pb_column_inner][\/et_pb_row_inner][\/et_pb_column][et_pb_column type=\u00a0\u00bb1_4&Prime;][et_pb_sidebar _builder_version=\u00a0\u00bb3.12&Prime; area=\u00a0\u00bbet_pb_widget_area_11&Prime; module_class=\u00a0\u00bbmuseumSidebar\u00a0\u00bb \/][\/et_pb_column][\/et_pb_section]<\/p>\n","protected":false},"excerpt":{"rendered":"<p>Pianoforte \u00ab Conrad Graf \u00bb 1834, Vienne, Autriche Conrad Graf fut l\u2019un des facteurs de pianoforte le plus r\u00e9put\u00e9s de Vienne entre 1822 et 1842. Il fut nomm\u00e9 facteur de piano et de clavier royal \u00e0 la Cour imp\u00e9riale de Vienne en 1824, et remporta une m\u00e9daille d\u2019or lors de la premi\u00e8re Exposition viennoise de [&hellip;]<\/p>\n","protected":false},"author":1,"featured_media":0,"parent":0,"menu_order":0,"comment_status":"closed","ping_status":"closed","template":"","meta":{"_et_pb_use_builder":"on","_et_pb_old_content":"","_et_gb_content_width":"","footnotes":""},"categories":[],"tags":[],"distributor_meta":false,"distributor_terms":false,"distributor_media":false,"distributor_original_site_name":"French - Min-On Website","distributor_original_site_url":"https:\/\/www.min-on.org\/fr","_links":{"self":[{"href":"https:\/\/www.min-on.org\/fr\/wp-json\/wp\/v2\/pages\/6344"}],"collection":[{"href":"https:\/\/www.min-on.org\/fr\/wp-json\/wp\/v2\/pages"}],"about":[{"href":"https:\/\/www.min-on.org\/fr\/wp-json\/wp\/v2\/types\/page"}],"author":[{"embeddable":true,"href":"https:\/\/www.min-on.org\/fr\/wp-json\/wp\/v2\/users\/1"}],"replies":[{"embeddable":true,"href":"https:\/\/www.min-on.org\/fr\/wp-json\/wp\/v2\/comments?post=6344"}],"version-history":[{"count":6,"href":"https:\/\/www.min-on.org\/fr\/wp-json\/wp\/v2\/pages\/6344\/revisions"}],"predecessor-version":[{"id":8611,"href":"https:\/\/www.min-on.org\/fr\/wp-json\/wp\/v2\/pages\/6344\/revisions\/8611"}],"wp:attachment":[{"href":"https:\/\/www.min-on.org\/fr\/wp-json\/wp\/v2\/media?parent=6344"}],"wp:term":[{"taxonomy":"category","embeddable":true,"href":"https:\/\/www.min-on.org\/fr\/wp-json\/wp\/v2\/categories?post=6344"},{"taxonomy":"post_tag","embeddable":true,"href":"https:\/\/www.min-on.org\/fr\/wp-json\/wp\/v2\/tags?post=6344"}],"curies":[{"name":"wp","href":"https:\/\/api.w.org\/{rel}","templated":true}]}}