{"id":6339,"date":"2018-08-12T10:23:36","date_gmt":"2018-08-12T10:23:36","guid":{"rendered":"http:\/\/59.106.140.197\/?page_id=6339"},"modified":"2018-09-18T19:20:06","modified_gmt":"2018-09-18T19:20:06","slug":"johann-fritz-fortepiano","status":"publish","type":"page","link":"https:\/\/www.min-on.org\/fr\/johann-fritz-fortepiano\/","title":{"rendered":"Pianoforte \u00ab Johann Fritz \u00bb"},"content":{"rendered":"<p>[et_pb_section bb_built=\u00a0\u00bb1&Prime; fullwidth=\u00a0\u00bboff\u00a0\u00bb specialty=\u00a0\u00bbon\u00a0\u00bb][et_pb_column type=\u00a0\u00bb3_4&Prime; specialty_columns=\u00a0\u00bb3&Prime;][et_pb_row_inner admin_label=\u00a0\u00bbRow\u00a0\u00bb _builder_version=\u00a0\u00bb3.12&Prime;][et_pb_column_inner type=\u00a0\u00bb1_2&Prime; saved_specialty_column_type=\u00a0\u00bb3_4&Prime;][et_pb_text _builder_version=\u00a0\u00bb3.15&Prime;]<\/p>\n<h1>Pianoforte \u00ab Johann Fritz \u00bb<\/h1>\n<p style=\"font-weight: 600;\">1800, Vienne, Autriche <\/p>\n<p>On sait tr\u00e8s peu de choses sur Johann Fritz, bien qu\u2019il semble avoir \u00e9t\u00e9 un facteur assez prolifique, un certain nombre de ses instruments ayant surv\u00e9cu jusqu\u2019\u00e0 ce jour.  De nombreux aspects de son \u0153uvre laissent supposer qu\u2019il apprit la manufacture du pianoforte dans l\u2019atelier d\u2019Anton Walter, \u00e0 Vienne.<\/p>\n<p>Ce pianoforte viennois, fabriqu\u00e9 par Johann Fritz et datant d\u2019autour de 1800, appartenait \u00e0 la fille du Comte Keglevich, Barbara, une \u00e9l\u00e8ve de Beethoven.  Il para\u00eet \u00e9tonnamment fragile, avec ses superbes d\u00e9corations dor\u00e9es, mais est pourtant capable de produire un son impressionnant.  Caract\u00e9ristique unique : il poss\u00e8de cinq p\u00e9dales, dont la \u00ab P\u00e9dale turque \u00bb afin de d\u00e9clencher un m\u00e9canisme consistant en des clochettes, des cymbales, ainsi qu\u2019un dispositif de percussion venant frapper la table d\u2019harmonie.<\/p>\n<p>[\/et_pb_text][\/et_pb_column_inner][et_pb_column_inner type=\u00a0\u00bb1_2&Prime; saved_specialty_column_type=\u00a0\u00bb3_4&Prime;][et_pb_image _builder_version=\u00a0\u00bb3.12&Prime; src=\u00a0\u00bbhttps:\/\/www.min-on.org\/wp-content\/uploads\/sites\/7\/2011\/09\/johann-fritz-fortepiano.jpg\u00a0\u00bb align=\u00a0\u00bbcenter\u00a0\u00bb force_fullwidth=\u00a0\u00bbon\u00a0\u00bb show_bottom_space=\u00a0\u00bboff\u00a0\u00bb \/][et_pb_audio _builder_version=\u00a0\u00bb3.12&Prime; audio=\u00a0\u00bbhttps:\/\/www.min-on.org\/wp-content\/uploads\/sites\/7\/2018\/08\/johann-fritz-fortepiano.mp3&Prime; background_layout=\u00a0\u00bblight\u00a0\u00bb title_text_color=\u00a0\u00bb#000000&Prime; caption_text_color=\u00a0\u00bb#000000&Prime; saved_tabs=\u00a0\u00bball\u00a0\u00bb background_color=\u00a0\u00bb#f0f0f0&Prime; \/][\/et_pb_column_inner][\/et_pb_row_inner][\/et_pb_column][et_pb_column type=\u00a0\u00bb1_4&Prime;][et_pb_sidebar _builder_version=\u00a0\u00bb3.12&Prime; area=\u00a0\u00bbet_pb_widget_area_11&Prime; module_class=\u00a0\u00bbmuseumSidebar\u00a0\u00bb \/][\/et_pb_column][\/et_pb_section]<\/p>\n","protected":false},"excerpt":{"rendered":"<p>Pianoforte \u00ab Johann Fritz \u00bb 1800, Vienne, Autriche On sait tr\u00e8s peu de choses sur Johann Fritz, bien qu\u2019il semble avoir \u00e9t\u00e9 un facteur assez prolifique, un certain nombre de ses instruments ayant surv\u00e9cu jusqu\u2019\u00e0 ce jour. De nombreux aspects de son \u0153uvre laissent supposer qu\u2019il apprit la manufacture du pianoforte dans l\u2019atelier d\u2019Anton Walter, [&hellip;]<\/p>\n","protected":false},"author":1,"featured_media":0,"parent":0,"menu_order":0,"comment_status":"closed","ping_status":"closed","template":"","meta":{"_et_pb_use_builder":"on","_et_pb_old_content":"","_et_gb_content_width":"","footnotes":""},"categories":[],"tags":[],"distributor_meta":false,"distributor_terms":false,"distributor_media":false,"distributor_original_site_name":"French - Min-On Website","distributor_original_site_url":"https:\/\/www.min-on.org\/fr","_links":{"self":[{"href":"https:\/\/www.min-on.org\/fr\/wp-json\/wp\/v2\/pages\/6339"}],"collection":[{"href":"https:\/\/www.min-on.org\/fr\/wp-json\/wp\/v2\/pages"}],"about":[{"href":"https:\/\/www.min-on.org\/fr\/wp-json\/wp\/v2\/types\/page"}],"author":[{"embeddable":true,"href":"https:\/\/www.min-on.org\/fr\/wp-json\/wp\/v2\/users\/1"}],"replies":[{"embeddable":true,"href":"https:\/\/www.min-on.org\/fr\/wp-json\/wp\/v2\/comments?post=6339"}],"version-history":[{"count":7,"href":"https:\/\/www.min-on.org\/fr\/wp-json\/wp\/v2\/pages\/6339\/revisions"}],"predecessor-version":[{"id":7308,"href":"https:\/\/www.min-on.org\/fr\/wp-json\/wp\/v2\/pages\/6339\/revisions\/7308"}],"wp:attachment":[{"href":"https:\/\/www.min-on.org\/fr\/wp-json\/wp\/v2\/media?parent=6339"}],"wp:term":[{"taxonomy":"category","embeddable":true,"href":"https:\/\/www.min-on.org\/fr\/wp-json\/wp\/v2\/categories?post=6339"},{"taxonomy":"post_tag","embeddable":true,"href":"https:\/\/www.min-on.org\/fr\/wp-json\/wp\/v2\/tags?post=6339"}],"curies":[{"name":"wp","href":"https:\/\/api.w.org\/{rel}","templated":true}]}}