{"id":6329,"date":"2018-08-12T10:07:54","date_gmt":"2018-08-12T10:07:54","guid":{"rendered":"http:\/\/59.106.140.197\/?page_id=6329"},"modified":"2018-09-18T19:17:28","modified_gmt":"2018-09-18T19:17:28","slug":"anton-walter-fortepiano","status":"publish","type":"page","link":"https:\/\/www.min-on.org\/fr\/anton-walter-fortepiano\/","title":{"rendered":"Pianoforte \u00ab Anton Walter \u00bb"},"content":{"rendered":"<p>[et_pb_section bb_built=\u00a0\u00bb1&Prime; fullwidth=\u00a0\u00bboff\u00a0\u00bb specialty=\u00a0\u00bbon\u00a0\u00bb][et_pb_column type=\u00a0\u00bb3_4&Prime; specialty_columns=\u00a0\u00bb3&Prime;][et_pb_row_inner admin_label=\u00a0\u00bbRow\u00a0\u00bb _builder_version=\u00a0\u00bb3.12&Prime;][et_pb_column_inner type=\u00a0\u00bb1_2&Prime; saved_specialty_column_type=\u00a0\u00bb3_4&Prime;][et_pb_text _builder_version=\u00a0\u00bb3.15&Prime;]<\/p>\n<h1>Pianoforte \u00ab Anton Walter \u00bb<\/h1>\n<p style=\"font-weight: 600;\">1795, Vienne, Autriche<\/p>\n<p>Selon le Grove Dictionary of Music and Musicians, Anton Walter \u00e9tait \u00ab le plus c\u00e9l\u00e8bre facteur viennois de pianos de son temps \u00bb.  Ses pianos \u00e9taient tr\u00e8s pris\u00e9s par Mozart, Beethoven et d\u2019autres compositeurs de renom, et les registres historiques indiquent que Mozart a acquis un piano Walter vers 1782, l\u2019utilisant tant pour ses opus que pour ses concertos de piano \u00e0 succ\u00e8s.  Ce piano a surv\u00e9cu jusqu\u2019\u00e0 nos jours et se trouve dans la maison natale de Mozart, \u00e0 Salzburg en Autriche.<\/p>\n<p>Le piano \u00ab Walter \u00bb de la collection de Min-On est lui-aussi reconnu comme un tr\u00e9sor culturel, dans le m\u00eame style que celui que poss\u00e9dait Mozart, avec les caract\u00e9ristiques leviers pour genoux sous le clavier \u2013 l\u2019\u00e9quivalent des p\u00e9dales de sourdine modernes.  Une vingtaine de pianos \u00ab Anton Walter \u00bb de ce style existent toujours aujourd\u2019hui, mais seuls quelques-uns peuvent \u00eatre jou\u00e9s. Au Mus\u00e9e Min-On de la Musique, il est possible de d\u00e9couvrir le son originel d\u2019un pianoforte \u00ab Anton Walter \u00bb tel qu\u2019on pouvait l\u2019entendre il y a 200 ans, \u00e0 l\u2019\u00e9poque de Mozart.<\/p>\n<p>[\/et_pb_text][\/et_pb_column_inner][et_pb_column_inner type=\u00a0\u00bb1_2&Prime; saved_specialty_column_type=\u00a0\u00bb3_4&Prime;][et_pb_image _builder_version=\u00a0\u00bb3.12&Prime; src=\u00a0\u00bbhttps:\/\/www.min-on.org\/wp-content\/uploads\/sites\/7\/2011\/09\/anton-walter-fortepiano.jpg\u00a0\u00bb align=\u00a0\u00bbcenter\u00a0\u00bb force_fullwidth=\u00a0\u00bbon\u00a0\u00bb show_bottom_space=\u00a0\u00bboff\u00a0\u00bb \/][et_pb_audio _builder_version=\u00a0\u00bb3.12&Prime; audio=\u00a0\u00bbhttps:\/\/www.min-on.org\/wp-content\/uploads\/sites\/7\/2018\/08\/anton-walter-fortepiano.mp3&Prime; background_layout=\u00a0\u00bblight\u00a0\u00bb title_text_color=\u00a0\u00bb#000000&Prime; caption_text_color=\u00a0\u00bb#000000&Prime; saved_tabs=\u00a0\u00bball\u00a0\u00bb background_color=\u00a0\u00bb#f0f0f0&Prime; \/][\/et_pb_column_inner][\/et_pb_row_inner][\/et_pb_column][et_pb_column type=\u00a0\u00bb1_4&Prime;][et_pb_sidebar _builder_version=\u00a0\u00bb3.12&Prime; area=\u00a0\u00bbet_pb_widget_area_11&Prime; module_class=\u00a0\u00bbmuseumSidebar\u00a0\u00bb \/][\/et_pb_column][\/et_pb_section]<\/p>\n","protected":false},"excerpt":{"rendered":"<p>Pianoforte \u00ab Anton Walter \u00bb 1795, Vienne, Autriche Selon le Grove Dictionary of Music and Musicians, Anton Walter \u00e9tait \u00ab le plus c\u00e9l\u00e8bre facteur viennois de pianos de son temps \u00bb. Ses pianos \u00e9taient tr\u00e8s pris\u00e9s par Mozart, Beethoven et d\u2019autres compositeurs de renom, et les registres historiques indiquent que Mozart a acquis un piano [&hellip;]<\/p>\n","protected":false},"author":1,"featured_media":0,"parent":0,"menu_order":0,"comment_status":"closed","ping_status":"closed","template":"","meta":{"_et_pb_use_builder":"on","_et_pb_old_content":"","_et_gb_content_width":"","footnotes":""},"categories":[],"tags":[],"distributor_meta":false,"distributor_terms":false,"distributor_media":false,"distributor_original_site_name":"French - Min-On Website","distributor_original_site_url":"https:\/\/www.min-on.org\/fr","_links":{"self":[{"href":"https:\/\/www.min-on.org\/fr\/wp-json\/wp\/v2\/pages\/6329"}],"collection":[{"href":"https:\/\/www.min-on.org\/fr\/wp-json\/wp\/v2\/pages"}],"about":[{"href":"https:\/\/www.min-on.org\/fr\/wp-json\/wp\/v2\/types\/page"}],"author":[{"embeddable":true,"href":"https:\/\/www.min-on.org\/fr\/wp-json\/wp\/v2\/users\/1"}],"replies":[{"embeddable":true,"href":"https:\/\/www.min-on.org\/fr\/wp-json\/wp\/v2\/comments?post=6329"}],"version-history":[{"count":7,"href":"https:\/\/www.min-on.org\/fr\/wp-json\/wp\/v2\/pages\/6329\/revisions"}],"predecessor-version":[{"id":7305,"href":"https:\/\/www.min-on.org\/fr\/wp-json\/wp\/v2\/pages\/6329\/revisions\/7305"}],"wp:attachment":[{"href":"https:\/\/www.min-on.org\/fr\/wp-json\/wp\/v2\/media?parent=6329"}],"wp:term":[{"taxonomy":"category","embeddable":true,"href":"https:\/\/www.min-on.org\/fr\/wp-json\/wp\/v2\/categories?post=6329"},{"taxonomy":"post_tag","embeddable":true,"href":"https:\/\/www.min-on.org\/fr\/wp-json\/wp\/v2\/tags?post=6329"}],"curies":[{"name":"wp","href":"https:\/\/api.w.org\/{rel}","templated":true}]}}