{"id":6319,"date":"2018-08-12T09:51:27","date_gmt":"2018-08-12T09:51:27","guid":{"rendered":"http:\/\/59.106.140.197\/?page_id=6319"},"modified":"2018-09-18T19:16:02","modified_gmt":"2018-09-18T19:16:02","slug":"strohm-fortepiano","status":"publish","type":"page","link":"https:\/\/www.min-on.org\/fr\/strohm-fortepiano\/","title":{"rendered":"Pianoforte \u00ab Strohm \u00bb"},"content":{"rendered":"<p>[et_pb_section bb_built=\u00a0\u00bb1&Prime; fullwidth=\u00a0\u00bboff\u00a0\u00bb specialty=\u00a0\u00bbon\u00a0\u00bb][et_pb_column type=\u00a0\u00bb3_4&Prime; specialty_columns=\u00a0\u00bb3&Prime;][et_pb_row_inner admin_label=\u00a0\u00bbRow\u00a0\u00bb _builder_version=\u00a0\u00bb3.12&Prime;][et_pb_column_inner type=\u00a0\u00bb1_2&Prime; saved_specialty_column_type=\u00a0\u00bb3_4&Prime;][et_pb_text _builder_version=\u00a0\u00bb3.15&Prime;]<\/p>\n<h1>Pianoforte \u00ab Strohm \u00bb<\/h1>\n<p style=\"font-weight: 600;\">1793, Rome, Italie<\/p>\n<p>Le mot \u00ab pianoforte \u00bb d\u00e9signe une version ant\u00e9rieure du piano, depuis son invention en 1709 jusqu\u2019au d\u00e9but du XIXe si\u00e8cle.  Cet instrument allie la sonorit\u00e9 m\u00e9lodieuse du clavecin aux sons magnifiques du clavicorde, et fut invent\u00e9 \u00e0 l\u2019origine par Bartolomeo Cristofiori, en Italie. A la suite des am\u00e9liorations apport\u00e9es au fil des ans, de nos jours le piano est consid\u00e9r\u00e9 comme le \u00ab roi \u00bb de tous les instruments de musique.<\/p>\n<p>Ce superbe pianoforte \u00ab Strohm \u00bb fut fabriqu\u00e9 en 1793 \u00e0 Rome, Italie.  Il a \u00e9t\u00e9 int\u00e9gr\u00e9 dans une caisse de clavecin de style baroque\/rococo et son meuble a \u00e9t\u00e9 con\u00e7u sur mesure et orn\u00e9 d\u2019une peinture de paysage repr\u00e9sentant de splendides jardins chinois, pour un riche aristocrate romain.<\/p>\n<p>[\/et_pb_text][\/et_pb_column_inner][et_pb_column_inner type=\u00a0\u00bb1_2&Prime; saved_specialty_column_type=\u00a0\u00bb3_4&Prime;][et_pb_image _builder_version=\u00a0\u00bb3.12&Prime; src=\u00a0\u00bbhttps:\/\/www.min-on.org\/wp-content\/uploads\/sites\/7\/2011\/09\/strohm-fortepiano.jpg\u00a0\u00bb align=\u00a0\u00bbcenter\u00a0\u00bb force_fullwidth=\u00a0\u00bbon\u00a0\u00bb show_bottom_space=\u00a0\u00bboff\u00a0\u00bb \/][et_pb_audio _builder_version=\u00a0\u00bb3.12&Prime; audio=\u00a0\u00bbhttps:\/\/www.min-on.org\/wp-content\/uploads\/sites\/7\/2018\/08\/strohm-fortepiano.mp3&Prime; background_layout=\u00a0\u00bblight\u00a0\u00bb title_text_color=\u00a0\u00bb#000000&Prime; caption_text_color=\u00a0\u00bb#000000&Prime; saved_tabs=\u00a0\u00bball\u00a0\u00bb background_color=\u00a0\u00bb#f0f0f0&Prime; \/][\/et_pb_column_inner][\/et_pb_row_inner][\/et_pb_column][et_pb_column type=\u00a0\u00bb1_4&Prime;][et_pb_sidebar _builder_version=\u00a0\u00bb3.12&Prime; area=\u00a0\u00bbet_pb_widget_area_11&Prime; module_class=\u00a0\u00bbmuseumSidebar\u00a0\u00bb \/][\/et_pb_column][\/et_pb_section]<\/p>\n","protected":false},"excerpt":{"rendered":"<p>Pianoforte \u00ab Strohm \u00bb 1793, Rome, Italie Le mot \u00ab pianoforte \u00bb d\u00e9signe une version ant\u00e9rieure du piano, depuis son invention en 1709 jusqu\u2019au d\u00e9but du XIXe si\u00e8cle. Cet instrument allie la sonorit\u00e9 m\u00e9lodieuse du clavecin aux sons magnifiques du clavicorde, et fut invent\u00e9 \u00e0 l\u2019origine par Bartolomeo Cristofiori, en Italie. A la suite des [&hellip;]<\/p>\n","protected":false},"author":1,"featured_media":0,"parent":0,"menu_order":0,"comment_status":"closed","ping_status":"closed","template":"","meta":{"_et_pb_use_builder":"on","_et_pb_old_content":"","_et_gb_content_width":"","footnotes":""},"categories":[],"tags":[],"distributor_meta":false,"distributor_terms":false,"distributor_media":false,"distributor_original_site_name":"French - Min-On Website","distributor_original_site_url":"https:\/\/www.min-on.org\/fr","_links":{"self":[{"href":"https:\/\/www.min-on.org\/fr\/wp-json\/wp\/v2\/pages\/6319"}],"collection":[{"href":"https:\/\/www.min-on.org\/fr\/wp-json\/wp\/v2\/pages"}],"about":[{"href":"https:\/\/www.min-on.org\/fr\/wp-json\/wp\/v2\/types\/page"}],"author":[{"embeddable":true,"href":"https:\/\/www.min-on.org\/fr\/wp-json\/wp\/v2\/users\/1"}],"replies":[{"embeddable":true,"href":"https:\/\/www.min-on.org\/fr\/wp-json\/wp\/v2\/comments?post=6319"}],"version-history":[{"count":8,"href":"https:\/\/www.min-on.org\/fr\/wp-json\/wp\/v2\/pages\/6319\/revisions"}],"predecessor-version":[{"id":7304,"href":"https:\/\/www.min-on.org\/fr\/wp-json\/wp\/v2\/pages\/6319\/revisions\/7304"}],"wp:attachment":[{"href":"https:\/\/www.min-on.org\/fr\/wp-json\/wp\/v2\/media?parent=6319"}],"wp:term":[{"taxonomy":"category","embeddable":true,"href":"https:\/\/www.min-on.org\/fr\/wp-json\/wp\/v2\/categories?post=6319"},{"taxonomy":"post_tag","embeddable":true,"href":"https:\/\/www.min-on.org\/fr\/wp-json\/wp\/v2\/tags?post=6319"}],"curies":[{"name":"wp","href":"https:\/\/api.w.org\/{rel}","templated":true}]}}