{"id":6274,"date":"2018-08-12T08:45:59","date_gmt":"2018-08-12T08:45:59","guid":{"rendered":"http:\/\/59.106.140.197\/?page_id=6274"},"modified":"2018-12-03T07:18:48","modified_gmt":"2018-12-03T07:18:48","slug":"pisa-harpsichord","status":"publish","type":"page","link":"https:\/\/www.min-on.org\/fr\/pisa-harpsichord\/","title":{"rendered":"Clavecin \u00ab Pise \u00bb"},"content":{"rendered":"<p>[et_pb_section bb_built=\u00a0\u00bb1&Prime; fullwidth=\u00a0\u00bboff\u00a0\u00bb specialty=\u00a0\u00bbon\u00a0\u00bb][et_pb_column type=\u00a0\u00bb3_4&Prime; specialty_columns=\u00a0\u00bb3&Prime;][et_pb_row_inner admin_label=\u00a0\u00bbRow\u00a0\u00bb _builder_version=\u00a0\u00bb3.12&Prime;][et_pb_column_inner type=\u00a0\u00bb1_2&Prime; saved_specialty_column_type=\u00a0\u00bb3_4&Prime;][et_pb_text _builder_version=\u00a0\u00bb3.15&Prime;]<\/p>\n<h1>Clavecin \u00ab Pise \u00bb<\/h1>\n<p style=\"font-weight: 600;\">1580 \u20131600, Pise, Italie<\/p>\n<p>Le clavecin est un instrument \u00e0 clavier produisant un son distinct en pin\u00e7ant une corde lorsqu\u2019une touche est press\u00e9e.  Les mod\u00e8les les plus anciens de clavecins datent du bas Moyen-\u00e2ge \u2013 bien avant l\u2019invention du pianoforte au d\u00e9but des ann\u00e9es 1700.<\/p>\n<p>Le clavecin dit de \u00ab Pise \u00bb fut construit entre 1580 et 1600 \u00e0 Pise m\u00eame ou \u00e0 Florence.  Le fait qu\u2019il n\u2019ait subi aucune modification structurelle ni m\u00e9canique en plus de 400 ans et qu\u2019il soit encore en \u00e9tat d\u2019\u00eatre jou\u00e9 dans sa condition originelle fait du clavecin \u00ab Pise \u00bb un exemplaire extr\u00eamement rare.  Sa d\u00e9coration peinte et grav\u00e9e avec raffinement tant \u00e0 l\u2019ext\u00e9rieur qu\u2019\u00e0 l\u2019int\u00e9rieur de la caisse est extr\u00eamement pris\u00e9e pour sa qualit\u00e9 artistique.<\/p>\n<p>[\/et_pb_text][\/et_pb_column_inner][et_pb_column_inner type=\u00a0\u00bb1_2&Prime; saved_specialty_column_type=\u00a0\u00bb3_4&Prime;][et_pb_image _builder_version=\u00a0\u00bb3.12&Prime; src=\u00a0\u00bbhttps:\/\/www.min-on.org\/wp-content\/uploads\/sites\/7\/2011\/09\/pisa-harpsichord.jpg\u00a0\u00bb align=\u00a0\u00bbcenter\u00a0\u00bb force_fullwidth=\u00a0\u00bbon\u00a0\u00bb show_bottom_space=\u00a0\u00bboff\u00a0\u00bb \/][et_pb_audio _builder_version=\u00a0\u00bb3.12&Prime; audio=\u00a0\u00bbhttps:\/\/www.min-on.org\/wp-content\/uploads\/sites\/7\/2018\/08\/pisa-harpsichord.mp3&Prime; background_color=\u00a0\u00bb#f0f0f0&Prime; background_layout=\u00a0\u00bblight\u00a0\u00bb title_text_color=\u00a0\u00bb#000000&Prime; caption_text_color=\u00a0\u00bb#000000&Prime; saved_tabs=\u00a0\u00bball\u00a0\u00bb \/][\/et_pb_column_inner][\/et_pb_row_inner][\/et_pb_column][et_pb_column type=\u00a0\u00bb1_4&Prime;][et_pb_sidebar _builder_version=\u00a0\u00bb3.15&Prime; area=\u00a0\u00bbet_pb_widget_area_11&Prime; module_class=\u00a0\u00bbmuseumSidebar\u00a0\u00bb \/][\/et_pb_column][\/et_pb_section]<\/p>\n","protected":false},"excerpt":{"rendered":"<p>Clavecin \u00ab Pise \u00bb 1580 \u20131600, Pise, Italie Le clavecin est un instrument \u00e0 clavier produisant un son distinct en pin\u00e7ant une corde lorsqu\u2019une touche est press\u00e9e. Les mod\u00e8les les plus anciens de clavecins datent du bas Moyen-\u00e2ge \u2013 bien avant l\u2019invention du pianoforte au d\u00e9but des ann\u00e9es 1700. Le clavecin dit de \u00ab Pise [&hellip;]<\/p>\n","protected":false},"author":1,"featured_media":0,"parent":0,"menu_order":0,"comment_status":"closed","ping_status":"closed","template":"","meta":{"_et_pb_use_builder":"on","_et_pb_old_content":"","_et_gb_content_width":"","footnotes":""},"categories":[],"tags":[],"distributor_meta":false,"distributor_terms":false,"distributor_media":false,"distributor_original_site_name":"French - Min-On Website","distributor_original_site_url":"https:\/\/www.min-on.org\/fr","_links":{"self":[{"href":"https:\/\/www.min-on.org\/fr\/wp-json\/wp\/v2\/pages\/6274"}],"collection":[{"href":"https:\/\/www.min-on.org\/fr\/wp-json\/wp\/v2\/pages"}],"about":[{"href":"https:\/\/www.min-on.org\/fr\/wp-json\/wp\/v2\/types\/page"}],"author":[{"embeddable":true,"href":"https:\/\/www.min-on.org\/fr\/wp-json\/wp\/v2\/users\/1"}],"replies":[{"embeddable":true,"href":"https:\/\/www.min-on.org\/fr\/wp-json\/wp\/v2\/comments?post=6274"}],"version-history":[{"count":18,"href":"https:\/\/www.min-on.org\/fr\/wp-json\/wp\/v2\/pages\/6274\/revisions"}],"predecessor-version":[{"id":8367,"href":"https:\/\/www.min-on.org\/fr\/wp-json\/wp\/v2\/pages\/6274\/revisions\/8367"}],"wp:attachment":[{"href":"https:\/\/www.min-on.org\/fr\/wp-json\/wp\/v2\/media?parent=6274"}],"wp:term":[{"taxonomy":"category","embeddable":true,"href":"https:\/\/www.min-on.org\/fr\/wp-json\/wp\/v2\/categories?post=6274"},{"taxonomy":"post_tag","embeddable":true,"href":"https:\/\/www.min-on.org\/fr\/wp-json\/wp\/v2\/tags?post=6274"}],"curies":[{"name":"wp","href":"https:\/\/api.w.org\/{rel}","templated":true}]}}