{"id":5994,"date":"2018-08-09T18:03:18","date_gmt":"2018-08-09T18:03:18","guid":{"rendered":"http:\/\/59.106.140.197\/?page_id=5994"},"modified":"2019-08-20T08:06:47","modified_gmt":"2019-08-20T08:06:47","slug":"spain","status":"publish","type":"page","link":"https:\/\/www.min-on.org\/fr\/spain\/","title":{"rendered":"Espagne"},"content":{"rendered":"<p>[et_pb_section bb_built=\u00a0\u00bb1&Prime; specialty=\u00a0\u00bbon\u00a0\u00bb _builder_version=\u00a0\u00bb3.9&Prime; custom_css_main_1=\u00a0\u00bbborder-right: solid 1px #e2e2e2;||padding-right: 5%;\u00a0\u00bb custom_padding=\u00a0\u00bb0px||0px|\u00a0\u00bb padding_top_1=\u00a0\u00bb2%\u00a0\u00bb use_custom_gutter=\u00a0\u00bbon\u00a0\u00bb gutter_width=\u00a0\u00bb2&Prime;][et_pb_column type=\u00a0\u00bb3_4&Prime; specialty_columns=\u00a0\u00bb3&Prime;][et_pb_row_inner admin_label=\u00a0\u00bbRow\u00a0\u00bb][et_pb_column_inner type=\u00a0\u00bb4_4&Prime; saved_specialty_column_type=\u00a0\u00bb3_4&Prime;][et_pb_text _builder_version=\u00a0\u00bb3.15&Prime; header_font_size=\u00a0\u00bb45px\u00a0\u00bb custom_padding=\u00a0\u00bb||0px|\u00a0\u00bb]<\/p>\n<h1>Espagne<\/h1>\n<p>[\/et_pb_text][\/et_pb_column_inner][\/et_pb_row_inner][et_pb_row_inner _builder_version=\u00a0\u00bb3.15&Prime; custom_padding=\u00a0\u00bb1%||1%|\u00a0\u00bb][et_pb_column_inner type=\u00a0\u00bb4_4&Prime; saved_specialty_column_type=\u00a0\u00bb3_4&Prime;][et_pb_image _builder_version=\u00a0\u00bb3.15&Prime; show_in_lightbox=\u00a0\u00bbon\u00a0\u00bb force_fullwidth=\u00a0\u00bbon\u00a0\u00bb show_bottom_space=\u00a0\u00bboff\u00a0\u00bb src=\u00a0\u00bbhttps:\/\/www.min-on.org\/fr\/wp-content\/uploads\/sites\/7\/2018\/11\/spain.jpeg\u00a0\u00bb \/][\/et_pb_column_inner][\/et_pb_row_inner][et_pb_row_inner admin_label=\u00a0\u00bbRow\u00a0\u00bb][et_pb_column_inner type=\u00a0\u00bb4_4&Prime; saved_specialty_column_type=\u00a0\u00bb3_4&Prime;][et_pb_text _builder_version=\u00a0\u00bb3.15&Prime; custom_padding=\u00a0\u00bb1%||0px|\u00a0\u00bb]<\/p>\n<h1>\u00c9change culturel<br \/>\n<\/h1>\n<p>[\/et_pb_text][et_pb_blog _builder_version=\u00a0\u00bb3.11&Prime; include_categories=\u00a0\u00bb348&Prime; show_author=\u00a0\u00bboff\u00a0\u00bb show_date=\u00a0\u00bboff\u00a0\u00bb show_categories=\u00a0\u00bboff\u00a0\u00bb show_thumbnail=\u00a0\u00bboff\u00a0\u00bb posts_number=\u00a0\u00bb20&Prime; fullwidth=\u00a0\u00bboff\u00a0\u00bb module_class=\u00a0\u00bbcultural\u00a0\u00bb disabled_on=\u00a0\u00bbon|on|on\u00a0\u00bb disabled=\u00a0\u00bbon\u00a0\u00bb \/][et_pb_text admin_label=\u00a0\u00bbNew Cultural Exchange layout\u00a0\u00bb _builder_version=\u00a0\u00bb3.15&Prime; custom_padding=\u00a0\u00bb1%||0px|\u00a0\u00bb disabled_on=\u00a0\u00bboff|off|off\u00a0\u00bb disabled=\u00a0\u00bboff\u00a0\u00bb text_font_size=\u00a0\u00bb17px\u00a0\u00bb]<\/p>\n<div style=\"width: 49%; padding: 0 1% 0 0; float: left;\">\n<p><strong>June 1974<\/strong><br \/>\nMaestro Rafael Fr\u00fchbeck de Burgos (conductor)<\/p>\n<p><strong>January 1977<\/strong><br \/>\nMaria Rosa Dance Group<\/p>\n<p><strong>May 1977<\/strong><br \/>\nMaestro Rafael Fr\u00fchbeck de Burgos (conductor)<\/p>\n<p><strong>September 1979<\/strong><br \/>\nMaria Rosa Dance Group<\/p>\n<p><strong>February 1981<\/strong><br \/>\nPaco Cepero (guitarist)<\/p>\n<p><strong>May 1985<\/strong><br \/>\nAntologia de la Zarzuela<\/p>\n<p><strong>February 1990<\/strong><br \/>\nStar from the Sevilla Festival<\/p>\n<p><strong>May 1990<\/strong><br \/>\nVictoria de les \u00c1ngeles (soprano)<\/p>\n<p><strong>January 1992<\/strong><br \/>\nViva! Flamenco (star from the Sevilla Festival)<\/p>\n<p><strong>June 1994<\/strong><br \/>\nViva! Flamenco (star from the Sevilla Festival)<\/p>\n<p><strong>January 1995<\/strong><br \/>\nGala Concert by Francisco De Galvez (conductor)<\/p>\n<p><strong>February 1995<\/strong><br \/>\nFlamenco ole!<\/p>\n<p><strong>June 1995<\/strong><br \/>\nOverseas Dispatches to Spain (The Japanese Folk Dance Troupe \u00ab\u00a0Minbunren\u00a0\u00bb)<\/p>\n<\/div>\n<div style=\"width: 49%; padding: 0 0 0 1%; float: right;\">\n<p><strong>June 1996<\/strong><br \/>\nViva! Flamenco (Star from the Sevilla Festival)<\/p>\n<p><strong>October 1996<\/strong><br \/>\nFlamenco ole!<\/p>\n<p><strong>September 1997<\/strong><br \/>\nFlamenco ole!<\/p>\n<p><strong>April 1998<\/strong><br \/>\nFlamenco ole!<\/p>\n<p><strong>July 1998<\/strong><br \/>\nViva! Flamenco (Star from the Sevilla Festival)<\/p>\n<p><strong>May 2000<\/strong><br \/>\nLuis Ortega, Lola Greco, Jos\u00e9 Serrano and others participated in \u00ab\u00a0Viva! Flamenco\u00a0\u00bb<\/p>\n<p><strong>March 2002<\/strong><br \/>\nErnest Bitetti (Guitarist)<\/p>\n<p><strong>May 2002<\/strong><br \/>\nMaribel Gallardo, La Debla, Maria Angeles, Currillo de Bormujos, Juan Ogalla and others participated in \u00ab\u00a0Viva! Flamenco\u00a0\u00bb<\/p>\n<p><strong>June 2005<\/strong><br \/>\nAntonio Canales, Antonio Marquez, Joaquin Grilo and others participated in \u00ab\u00a0Viva! Flamenco\u00a0\u00bb<\/p>\n<p><strong>May 2013<\/strong><br \/>\nFlamenco ole!<\/p>\n<p><strong>July 2015<\/strong><br \/>\nPassionate Flamenco (Andoitz Ruibal and others)<\/p>\n<p><strong>April 2016<\/strong><br \/>\nPassionate Flamenco (Andoitz Ruibal and others)<\/p>\n<p><strong>November 2016<\/strong><br \/>\nMin-On Global Session for Peace (Juan Maria Real, guitarist)<\/p>\n<\/div>\n<div style=\"clear: both;\"><\/div>\n<p>[\/et_pb_text][et_pb_divider _builder_version=\u00a0\u00bb3.9&Prime; \/][et_pb_text _builder_version=\u00a0\u00bb3.15&Prime;]<\/p>\n<h1>Articles connexes<\/h1>\n<p>[\/et_pb_text][et_pb_blog _builder_version=\u00a0\u00bb3.11&Prime; include_categories=\u00a0\u00bb349&Prime; show_author=\u00a0\u00bboff\u00a0\u00bb show_date=\u00a0\u00bboff\u00a0\u00bb show_categories=\u00a0\u00bboff\u00a0\u00bb fullwidth=\u00a0\u00bboff\u00a0\u00bb show_thumbnail=\u00a0\u00bboff\u00a0\u00bb module_class=\u00a0\u00bbculturalArtH2&Prime; \/][\/et_pb_column_inner][\/et_pb_row_inner][\/et_pb_column][et_pb_column type=\u00a0\u00bb1_4&Prime;][et_pb_sidebar _builder_version=\u00a0\u00bb3.11&Prime; area=\u00a0\u00bbet_pb_widget_area_2&Prime; module_class=\u00a0\u00bbculturalPostSidebar\u00a0\u00bb \/][\/et_pb_column][\/et_pb_section]<\/p>\n","protected":false},"excerpt":{"rendered":"<p>Espagne \u00c9change culturel June 1974 Maestro Rafael Fr\u00fchbeck de Burgos (conductor) January 1977 Maria Rosa Dance Group May 1977 Maestro Rafael Fr\u00fchbeck de Burgos (conductor) September 1979 Maria Rosa Dance Group February 1981 Paco Cepero (guitarist) May 1985 Antologia de la Zarzuela February 1990 Star from the Sevilla Festival May 1990 Victoria de les \u00c1ngeles [&hellip;]<\/p>\n","protected":false},"author":1,"featured_media":0,"parent":0,"menu_order":0,"comment_status":"closed","ping_status":"closed","template":"","meta":{"_et_pb_use_builder":"on","_et_pb_old_content":"","_et_gb_content_width":"","footnotes":""},"categories":[],"tags":[],"distributor_meta":false,"distributor_terms":false,"distributor_media":false,"distributor_original_site_name":"French - Min-On Website","distributor_original_site_url":"https:\/\/www.min-on.org\/fr","_links":{"self":[{"href":"https:\/\/www.min-on.org\/fr\/wp-json\/wp\/v2\/pages\/5994"}],"collection":[{"href":"https:\/\/www.min-on.org\/fr\/wp-json\/wp\/v2\/pages"}],"about":[{"href":"https:\/\/www.min-on.org\/fr\/wp-json\/wp\/v2\/types\/page"}],"author":[{"embeddable":true,"href":"https:\/\/www.min-on.org\/fr\/wp-json\/wp\/v2\/users\/1"}],"replies":[{"embeddable":true,"href":"https:\/\/www.min-on.org\/fr\/wp-json\/wp\/v2\/comments?post=5994"}],"version-history":[{"count":5,"href":"https:\/\/www.min-on.org\/fr\/wp-json\/wp\/v2\/pages\/5994\/revisions"}],"predecessor-version":[{"id":7712,"href":"https:\/\/www.min-on.org\/fr\/wp-json\/wp\/v2\/pages\/5994\/revisions\/7712"}],"wp:attachment":[{"href":"https:\/\/www.min-on.org\/fr\/wp-json\/wp\/v2\/media?parent=5994"}],"wp:term":[{"taxonomy":"category","embeddable":true,"href":"https:\/\/www.min-on.org\/fr\/wp-json\/wp\/v2\/categories?post=5994"},{"taxonomy":"post_tag","embeddable":true,"href":"https:\/\/www.min-on.org\/fr\/wp-json\/wp\/v2\/tags?post=5994"}],"curies":[{"name":"wp","href":"https:\/\/api.w.org\/{rel}","templated":true}]}}