{"id":4881,"date":"2018-08-07T13:25:32","date_gmt":"2018-08-07T13:25:32","guid":{"rendered":"http:\/\/59.106.140.197\/?page_id=4881"},"modified":"2019-08-16T08:42:53","modified_gmt":"2019-08-16T08:42:53","slug":"belgium","status":"publish","type":"page","link":"https:\/\/www.min-on.org\/fr\/belgium\/","title":{"rendered":"Belgique"},"content":{"rendered":"<p>[et_pb_section bb_built=\u00a0\u00bb1&Prime; specialty=\u00a0\u00bbon\u00a0\u00bb _builder_version=\u00a0\u00bb3.9&Prime; custom_css_main_1=\u00a0\u00bbborder-right: solid 1px #e2e2e2;||padding-right: 5%;\u00a0\u00bb custom_padding=\u00a0\u00bb0px||0px|\u00a0\u00bb padding_top_1=\u00a0\u00bb2%\u00a0\u00bb use_custom_gutter=\u00a0\u00bbon\u00a0\u00bb gutter_width=\u00a0\u00bb2&Prime;][et_pb_column type=\u00a0\u00bb3_4&Prime; specialty_columns=\u00a0\u00bb3&Prime;][et_pb_row_inner admin_label=\u00a0\u00bbRow\u00a0\u00bb][et_pb_column_inner type=\u00a0\u00bb4_4&Prime; saved_specialty_column_type=\u00a0\u00bb3_4&Prime;][et_pb_text _builder_version=\u00a0\u00bb3.15&Prime; header_font_size=\u00a0\u00bb45px\u00a0\u00bb custom_padding=\u00a0\u00bb||0px|\u00a0\u00bb]<\/p>\n<h1>Belgique<\/h1>\n<p>[\/et_pb_text][\/et_pb_column_inner][\/et_pb_row_inner][et_pb_row_inner _builder_version=\u00a0\u00bb3.15&Prime; custom_padding=\u00a0\u00bb1%||1%|\u00a0\u00bb][et_pb_column_inner type=\u00a0\u00bb4_4&Prime; saved_specialty_column_type=\u00a0\u00bb3_4&Prime;][et_pb_image _builder_version=\u00a0\u00bb3.15&Prime; show_in_lightbox=\u00a0\u00bbon\u00a0\u00bb force_fullwidth=\u00a0\u00bbon\u00a0\u00bb show_bottom_space=\u00a0\u00bboff\u00a0\u00bb src=\u00a0\u00bbhttps:\/\/www.min-on.org\/fr\/wp-content\/uploads\/sites\/7\/2018\/11\/belgium.jpeg\u00a0\u00bb \/][\/et_pb_column_inner][\/et_pb_row_inner][et_pb_row_inner admin_label=\u00a0\u00bbRow\u00a0\u00bb][et_pb_column_inner type=\u00a0\u00bb4_4&Prime; saved_specialty_column_type=\u00a0\u00bb3_4&Prime;][et_pb_text _builder_version=\u00a0\u00bb3.15&Prime; custom_padding=\u00a0\u00bb1%||0px|\u00a0\u00bb]<\/p>\n<h1>\u00c9change culturel<br \/>\n<\/h1>\n<p>[\/et_pb_text][et_pb_blog _builder_version=\u00a0\u00bb3.11&Prime; include_categories=\u00a0\u00bb193&Prime; show_author=\u00a0\u00bboff\u00a0\u00bb show_date=\u00a0\u00bboff\u00a0\u00bb show_categories=\u00a0\u00bboff\u00a0\u00bb show_thumbnail=\u00a0\u00bboff\u00a0\u00bb posts_number=\u00a0\u00bb20&Prime; fullwidth=\u00a0\u00bboff\u00a0\u00bb module_class=\u00a0\u00bbcultural\u00a0\u00bb disabled_on=\u00a0\u00bbon|on|on\u00a0\u00bb disabled=\u00a0\u00bbon\u00a0\u00bb \/][et_pb_text admin_label=\u00a0\u00bbNew Cultural Exchange layout\u00a0\u00bb _builder_version=\u00a0\u00bb3.15&Prime; custom_padding=\u00a0\u00bb1%||0px|\u00a0\u00bb disabled_on=\u00a0\u00bboff|off|off\u00a0\u00bb disabled=\u00a0\u00bboff\u00a0\u00bb text_font_size=\u00a0\u00bb17px\u00a0\u00bb saved_tabs=\u00a0\u00bball\u00a0\u00bb]<\/p>\n<div style=\"width: 49%; padding: 0 1% 0 0; float: left;\">\n<p><strong>May 1967<\/strong><br \/>\nBallet du XXe Si\u00e8cle du Th\u00e9\u00e2tre Royal de la Monnaie, Op\u00e9ra National de Belgique<\/p>\n<p><strong>April 1978<\/strong><br \/>\nBallet du XXe Si\u00e8cle du Th\u00e9\u00e2tre Royal de la Monnaie, Op\u00e9ra National de Belgique<\/p>\n<\/div>\n<div style=\"width: 49%; padding: 0 0 0 1%; float: right;\">\n<p><strong>November 1989<\/strong><br \/>\nOverseas Dispatches to Belgium, The Japanese Folk Dance Troupe \u00ab\u00a0Minbunren\u00a0\u00bb<\/p>\n<p><strong>November 1997<\/strong><br \/>\nGeorges Octors (Music Director of Walonia Chamber Orchestra), jury for the 11th Tokyo International Music Competition for Conducting<\/p>\n<\/div>\n<div style=\"clear: both;\"><\/div>\n<p>[\/et_pb_text][et_pb_divider _builder_version=\u00a0\u00bb3.9&Prime; \/][et_pb_text _builder_version=\u00a0\u00bb3.15&Prime;]<\/p>\n<h1>Articles connexes<\/h1>\n<p>[\/et_pb_text][et_pb_blog _builder_version=\u00a0\u00bb3.11&Prime; include_categories=\u00a0\u00bb192&Prime; show_author=\u00a0\u00bboff\u00a0\u00bb show_date=\u00a0\u00bboff\u00a0\u00bb show_categories=\u00a0\u00bboff\u00a0\u00bb fullwidth=\u00a0\u00bboff\u00a0\u00bb show_thumbnail=\u00a0\u00bboff\u00a0\u00bb module_class=\u00a0\u00bbculturalArtH2&Prime; \/][\/et_pb_column_inner][\/et_pb_row_inner][\/et_pb_column][et_pb_column type=\u00a0\u00bb1_4&Prime;][et_pb_sidebar _builder_version=\u00a0\u00bb3.11&Prime; area=\u00a0\u00bbet_pb_widget_area_2&Prime; module_class=\u00a0\u00bbculturalPostSidebar\u00a0\u00bb \/][\/et_pb_column][\/et_pb_section]<\/p>\n","protected":false},"excerpt":{"rendered":"<p>Belgique \u00c9change culturel May 1967 Ballet du XXe Si\u00e8cle du Th\u00e9\u00e2tre Royal de la Monnaie, Op\u00e9ra National de Belgique April 1978 Ballet du XXe Si\u00e8cle du Th\u00e9\u00e2tre Royal de la Monnaie, Op\u00e9ra National de Belgique November 1989 Overseas Dispatches to Belgium, The Japanese Folk Dance Troupe \u00ab\u00a0Minbunren\u00a0\u00bb November 1997 Georges Octors (Music Director of Walonia [&hellip;]<\/p>\n","protected":false},"author":1,"featured_media":0,"parent":0,"menu_order":0,"comment_status":"closed","ping_status":"closed","template":"","meta":{"_et_pb_use_builder":"on","_et_pb_old_content":"","_et_gb_content_width":"","footnotes":""},"categories":[],"tags":[],"distributor_meta":false,"distributor_terms":false,"distributor_media":false,"distributor_original_site_name":"French - Min-On Website","distributor_original_site_url":"https:\/\/www.min-on.org\/fr","_links":{"self":[{"href":"https:\/\/www.min-on.org\/fr\/wp-json\/wp\/v2\/pages\/4881"}],"collection":[{"href":"https:\/\/www.min-on.org\/fr\/wp-json\/wp\/v2\/pages"}],"about":[{"href":"https:\/\/www.min-on.org\/fr\/wp-json\/wp\/v2\/types\/page"}],"author":[{"embeddable":true,"href":"https:\/\/www.min-on.org\/fr\/wp-json\/wp\/v2\/users\/1"}],"replies":[{"embeddable":true,"href":"https:\/\/www.min-on.org\/fr\/wp-json\/wp\/v2\/comments?post=4881"}],"version-history":[{"count":8,"href":"https:\/\/www.min-on.org\/fr\/wp-json\/wp\/v2\/pages\/4881\/revisions"}],"predecessor-version":[{"id":8669,"href":"https:\/\/www.min-on.org\/fr\/wp-json\/wp\/v2\/pages\/4881\/revisions\/8669"}],"wp:attachment":[{"href":"https:\/\/www.min-on.org\/fr\/wp-json\/wp\/v2\/media?parent=4881"}],"wp:term":[{"taxonomy":"category","embeddable":true,"href":"https:\/\/www.min-on.org\/fr\/wp-json\/wp\/v2\/categories?post=4881"},{"taxonomy":"post_tag","embeddable":true,"href":"https:\/\/www.min-on.org\/fr\/wp-json\/wp\/v2\/tags?post=4881"}],"curies":[{"name":"wp","href":"https:\/\/api.w.org\/{rel}","templated":true}]}}