{"id":3641,"date":"2018-07-17T16:45:20","date_gmt":"2018-07-17T16:45:20","guid":{"rendered":"http:\/\/59.106.140.197\/?page_id=3641"},"modified":"2018-12-03T03:31:02","modified_gmt":"2018-12-03T03:31:02","slug":"chronology","status":"publish","type":"page","link":"https:\/\/www.min-on.org\/fr\/chronology\/","title":{"rendered":"CHRONOLOGIE"},"content":{"rendered":"<p>[et_pb_section bb_built=\u00a0\u00bb1&Prime; _builder_version=\u00a0\u00bb3.9&Prime; custom_padding=\u00a0\u00bb||0px|\u00a0\u00bb][et_pb_row _builder_version=\u00a0\u00bb3.11&Prime; custom_padding=\u00a0\u00bb0px|||\u00a0\u00bb][et_pb_column type=\u00a0\u00bb4_4&Prime;][et_pb_text _builder_version=\u00a0\u00bb3.15&Prime;]<\/p>\n<h1 style=\"line-height: 36px;\">CHRONOLOGIE<\/h1>\n<p>[\/et_pb_text][\/et_pb_column][\/et_pb_row][et_pb_row _builder_version=\u00a0\u00bb3.9&Prime;][et_pb_column type=\u00a0\u00bb4_4&Prime;][et_pb_image _builder_version=\u00a0\u00bb3.15&Prime; src=\u00a0\u00bbhttps:\/\/www.min-on.org\/wp-content\/uploads\/sites\/7\/2018\/08\/Top-Image-e1535575585296.jpg\u00a0\u00bb force_fullwidth=\u00a0\u00bbon\u00a0\u00bb show_bottom_space=\u00a0\u00bboff\u00a0\u00bb \/][\/et_pb_column][\/et_pb_row][et_pb_row _builder_version=\u00a0\u00bb3.12&Prime; custom_padding=\u00a0\u00bb||0px|\u00a0\u00bb][et_pb_column type=\u00a0\u00bb4_4&Prime;][et_pb_text _builder_version=\u00a0\u00bb3.15&Prime;]<\/p>\n<h1 style=\"line-height: 36px;\">Min-On a r\u00e9ussi \u00e0 franchir un certain nombre d\u2019\u00e9tapes d\u00e9cisives durant ses cinquante-cinq ans d\u2019histoire :<\/h1>\n<p>[\/et_pb_text][\/et_pb_column][\/et_pb_row][et_pb_row _builder_version=\u00a0\u00bb3.9&Prime;][et_pb_column type=\u00a0\u00bb1_2&Prime;][et_pb_text _builder_version=\u00a0\u00bb3.15&Prime;]<\/p>\n<p><strong>1963 octobre<\/strong><br \/>\nFondation de l\u2019Association des Concerts Min-On<\/p>\n<p><strong>1963 novembre<\/strong><br \/>\nPremier concert d\u2019abonnement organis\u00e9 \u00e0 Tokyo<\/p>\n<p><strong>1964 mai<\/strong><br \/>\nPremi\u00e8re \u00e9dition de la S\u00e9rie de Concerts de Quartier \u00e0 entr\u00e9e libre et gratuite<\/p>\n<p><strong>1965 janvier<\/strong><br \/>\nEnregistrement de Min-On en tant que fondation agr\u00e9\u00e9e et reconnue juridiquement par le Minist\u00e8re japonais de l\u2019\u00c9ducation<\/p>\n<p><strong>1965 mars<\/strong><br \/>\nPremier num\u00e9ro du magazine mensuel, \u00ab\u00a0Min-On\u00a0\u00bb<\/p>\n<p><strong>1966 mai<\/strong><br \/>\nOrganisation du premier Concours Min-On d\u2019Art Vocal (pr\u00e9curseur du Concours International de Musique de Tokyo)<\/p>\n<p><strong>1966 septembre<\/strong><br \/>\nPremi\u00e8re \u00e9dition de la S\u00e9rie Ballets du Monde avec le Ballet de Novossibirsk pour invit\u00e9<\/p>\n<p><strong>1966 d\u00e9cembre<\/strong><br \/>\nPremier \u00e9change avec les Jeunesses Musicales de France (JMF) ; r\u00e9cital de piano de C\u00e9cile Ousset<\/p>\n<p><strong>1967 mai<\/strong><br \/>\nInvitation du \u00ab Ballet du XX Si\u00e8cle \u00bb du Th\u00e9\u00e2tre Royal de la Monnaie, Th\u00e9\u00e2tre National de Belgique<\/p>\n<p><strong>1967 juillet<\/strong><br \/>\nPremier Concours musical de Direction d\u2019Orchestre organis\u00e9 par Min-On<\/p>\n<p><strong>1969 f\u00e9vrier <\/strong><br \/>\nPremier Festival de Musique contemporaine Min-On<\/p>\n<p><strong>1970 mars<\/strong><br \/>\nOrquesta Jos\u00e9 Basso invit\u00e9 \u00e0 la premi\u00e8re \u00e9dition de la S\u00e9rie Tango de Min-On<\/p>\n<p><strong>1971 janvier<\/strong><br \/>\nLancement du premier volet de la S\u00e9rie Danses et Chants folkloriques d\u2019Asie<\/p>\n<p><strong>1972 juillet<\/strong><br \/>\nInvitation du Ballet National de la R\u00e9publique de Guin\u00e9e, Djoliba<\/p>\n<p><strong>1973 mars<\/strong><br \/>\nInvitation du Grand Ballet du Th\u00e9\u00e2tre National de l\u2019Op\u00e9ra (Op\u00e9ra National de Paris)<\/p>\n<p><strong>1973 mai<\/strong><br \/>\nPremier \u00ab\u00a0Concert dans les \u00c9coles\u00a0\u00bb lanc\u00e9 dans le Hokkaido<\/p>\n<p><strong>1974 janvier <\/strong><br \/>\nPremier don de disques phonographiques \u00e0 une \u00e9cole \u00e9l\u00e9mentaire<\/p>\n<p><strong>1974 septembre<\/strong><br \/>\nInvitation du Bayerische Staatsoper M\u00fcnchen (Op\u00e9ra d\u2019\u00c9tat de Bavi\u00e8re \u00e0 Munich)<\/p>\n<p><strong>1974 novembre<\/strong><br \/>\nFondation de la Biblioth\u00e8que Min-On de la Musique<\/p>\n<p><strong>1974 d\u00e9cembre<\/strong><br \/>\nPremi\u00e8re \u00e9dition du Concours Min-On pour les Ensembles de Musique de Chambre<\/p>\n<p><strong>1975 avril<\/strong><br \/>\nInvitation du Royal Ballet<\/p>\n<p><strong>1975 mai<\/strong><br \/>\nPremier Festival Min-On de Musique italienne<\/p>\n<p><strong>1977 juillet<\/strong><br \/>\nD\u00e9part de la Premi\u00e8re \u00e9quipe de chercheurs sur la musique et la danse le long de la Route de la Soie<\/p>\n<p><strong>1979 juillet<\/strong><br \/>\nPremi\u00e8re \u00e9dition de la s\u00e9rie \u00ab\u00a0Voyage Musical le long de la Route de la Soie\u00a0\u00bb<\/p>\n<p><strong>1980 septembre<\/strong><br \/>\nInvitation du Wiener Staatsoper (Op\u00e9ra d\u2019\u00c9tat de Vienne) pour sa premi\u00e8re japonaise<\/p>\n<p><strong>1981 septembre<\/strong><br \/>\nInvitation du Teatro alla Scala pour sa pr\u00e9sentation inaugurale au Japon<\/p>\n<p><strong>1983 septembre<\/strong><br \/>\nParrainage par Min-On d\u2019une nouvelle production ind\u00e9pendante de l\u2019op\u00e9ra <em>Le Nozze di Figaro<\/em> (Les Noces de Figaro)<\/p>\n<p><strong>1984 juin<\/strong><br \/>\nInvitation du Grand Ballet du Canada<\/p>\n<p><strong>1984 juillet<\/strong><br \/>\nPremier volet de la s\u00e9rie \u00ab\u00a0Voyage Musical le long de la Route maritime\u00a0\u00bb<\/p>\n<p><strong>1986 septembre<\/strong><br \/>\nInvitation du Royal Opera<\/p>\n<p>[\/et_pb_text][\/et_pb_column][et_pb_column type=\u00a0\u00bb1_2&Prime;][et_pb_text _builder_version=\u00a0\u00bb3.15&Prime;]<\/p>\n<p><strong>1988 janvier<\/strong><br \/>\nInvitation de John Neumeier et du Ballet de Hambourg<\/p>\n<p><strong>1988 juillet<\/strong><br \/>\nPrix d\u00e9cern\u00e9 \u00e0 Min-On par le Minist\u00e8re des Affaires \u00e9trang\u00e8res<\/p>\n<p><strong>1989 juin<\/strong><br \/>\nConcert conjoint Jeunesses Musicales de France &#8211; Min-On \u00e0 Paris<\/p>\n<p><strong>1989 octobre<\/strong><br \/>\nFestival franco-japonais de musique contemporaine organis\u00e9 \u00e0 Paris<\/p>\n<p><strong>1990 juin<\/strong><br \/>\nInvitation du Nederlands Dans Theater des Pays-Bas<\/p>\n<p><strong>1991 juillet <\/strong><br \/>\n\u00ab&nbsp;Semaine Min-On&nbsp;\u00bb \u00e0 Vienne<\/p>\n<p><strong>1991 ao\u00fbt<\/strong><br \/>\nPremier Concours International de Chor\u00e9graphie de Tokyo<\/p>\n<p><strong>1992 f\u00e9vrier<\/strong><br \/>\nInvitation de l\u2019Oper der Stadt K\u00f6ln (Op\u00e9ra de Cologne)<\/p>\n<p><strong>1992 juillet<\/strong><br \/>\nTourn\u00e9e en \u00c9gypte et en Turquie de l\u2019Ensemble des Arts du Japon<\/p>\n<p><strong>1994 octobre<\/strong><br \/>\nMin-On re\u00e7oit le Certificat Sp\u00e9cial de M\u00e9rite du Minist\u00e8re de la Culture de Bulgarie<\/p>\n<p><strong>1995 janvier<\/strong><br \/>\nInvitation du Royal Winnipeg Ballet<\/p>\n<p><strong>1997 septembre<\/strong><br \/>\nInauguration de la Maison de la Culture Min-On.<\/p>\n<p><strong>1997 septembre<\/strong><br \/>\nCr\u00e9ation du Prix International Min-On des Arts<\/p>\n<p><strong>1997 septembre<\/strong><br \/>\nPrix d\u00e9cern\u00e9 \u00e0 John Neumeier, du Ballet de Hambourg<\/p>\n<p><strong>1999 ao\u00fbt<\/strong><br \/>\nPremier volet de la s\u00e9rie \u00ab&nbsp;Voyage Musical \u00e0 travers l\u2019Afrique&nbsp;\u00bb<\/p>\n<p><strong>2000 septembre<\/strong><br \/>\nTourn\u00e9e de jeunes musiciens dans le cadre d\u2019une s\u00e9rie de concerts d\u2019\u00e9change avec la Fondation Princesse Christina des Pays-Bas organis\u00e9e par Min-On<\/p>\n<p><strong>2002 octobre<\/strong><br \/>\nPremier symposium Min-On sur le th\u00e8me \u00ab&nbsp;L\u2019Asie aujourd\u2019hui&nbsp;\u00bb<\/p>\n<p><strong>2003 novembre<\/strong><br \/>\nOrdre du M\u00e9rite culturel d\u00e9cern\u00e9 \u00e0 Min-On par le Minist\u00e8re de la Culture de Pologne<\/p>\n<p><strong>2003 d\u00e9cembre <\/strong><br \/>\nBiblioth\u00e8que Min-On de la Musique rebaptis\u00e9e Mus\u00e9e Min-On de la Musique \u00e0 la suite d\u2019une reconnaissance officielle de son statut de mus\u00e9e musical par l\u2019Acad\u00e9mie de l\u2019\u00e9ducation du gouvernement de la M\u00e9tropole de Tokyo<\/p>\n<p><strong>2004 mai<\/strong><br \/>\nInauguration du Mus\u00e9e Min-On de la Musique<\/p>\n<p><strong>2008 octobre<\/strong><br \/>\nMin-On c\u00e9l\u00e8bre le 45<span style=\"font-size: 70%;\"><sup>e<\/sup><\/span> anniversaire de sa fondation<\/p>\n<p><strong>2008 novembre<\/strong><br \/>\nDistinction d\u00e9cern\u00e9e au fondateur de Min-On par l\u2019Association de Musique traditionnelle cor\u00e9enne<\/p>\n<p><strong>2008 d\u00e9cembre <\/strong><br \/>\nTourn\u00e9e japonaise de l\u2019Ensemble folklorique national de Jordanie, 100<span style=\"font-size: 70%;\"><sup>e<\/sup><\/span> pays avec lequel Min-On a instaur\u00e9 des \u00e9changes<\/p>\n<p><strong>2009 juin<\/strong><br \/>\nOrdre du Chevalier de Madara, deuxi\u00e8me classe, conf\u00e9r\u00e9 \u00e0 Min-On par le Gouvernement bulgare<\/p>\n<p><strong>2009 novembre<\/strong><br \/>\nLa R\u00e9publique de Cor\u00e9e d\u00e9cerne au Fondateur de Min-On l\u2019Ordre Geum-Gwan du M\u00e9rite culturel<\/p>\n<p><strong>2010 ao\u00fbt<\/strong><br \/>\nBuenos Aires conf\u00e8re la M\u00e9daille comm\u00e9morative du Bicentenaire de l\u2019Argentine au Fondateur de Min-On<\/p>\n<p><strong>2011 juin<\/strong><br \/>\nLe Minist\u00e8re de la Culture et du Patrimoine national de Pologne d\u00e9cerne la M\u00e9daille d\u2019or du M\u00e9rite culturel polonais au Fondateur de Min-On<\/p>\n<p><strong>2012 avril<\/strong><br \/>\nInauguration de l\u2019Antenne Japon occidental du Mus\u00e9e Min-On de la Musique<\/p>\n<p><strong>2013 juillet<\/strong><br \/>\nL\u2019Association des Concerts Min-On est nouvellement reconnue comme Fondation g\u00e9n\u00e9rale ayant le statut de personne morale<\/p>\n<p><strong>2014 octobre<\/strong><br \/>\nMin-On lance le Min-On Global Music Network (R\u00e9seau mondial de musique Min-On)<\/p>\n<p>[\/et_pb_text][\/et_pb_column][\/et_pb_row][\/et_pb_section]<\/p>\n","protected":false},"excerpt":{"rendered":"<p>CHRONOLOGIE Min-On a r\u00e9ussi \u00e0 franchir un certain nombre d\u2019\u00e9tapes d\u00e9cisives durant ses cinquante-cinq ans d\u2019histoire : 1963 octobre Fondation de l\u2019Association des Concerts Min-On 1963 novembre Premier concert d\u2019abonnement organis\u00e9 \u00e0 Tokyo 1964 mai Premi\u00e8re \u00e9dition de la S\u00e9rie de Concerts de Quartier \u00e0 entr\u00e9e libre et gratuite 1965 janvier Enregistrement de Min-On en [&hellip;]<\/p>\n","protected":false},"author":1,"featured_media":0,"parent":0,"menu_order":0,"comment_status":"closed","ping_status":"closed","template":"","meta":{"_et_pb_use_builder":"on","_et_pb_old_content":"","_et_gb_content_width":"","footnotes":""},"categories":[],"tags":[],"distributor_meta":false,"distributor_terms":false,"distributor_media":false,"distributor_original_site_name":"French - Min-On Website","distributor_original_site_url":"https:\/\/www.min-on.org\/fr","_links":{"self":[{"href":"https:\/\/www.min-on.org\/fr\/wp-json\/wp\/v2\/pages\/3641"}],"collection":[{"href":"https:\/\/www.min-on.org\/fr\/wp-json\/wp\/v2\/pages"}],"about":[{"href":"https:\/\/www.min-on.org\/fr\/wp-json\/wp\/v2\/types\/page"}],"author":[{"embeddable":true,"href":"https:\/\/www.min-on.org\/fr\/wp-json\/wp\/v2\/users\/1"}],"replies":[{"embeddable":true,"href":"https:\/\/www.min-on.org\/fr\/wp-json\/wp\/v2\/comments?post=3641"}],"version-history":[{"count":27,"href":"https:\/\/www.min-on.org\/fr\/wp-json\/wp\/v2\/pages\/3641\/revisions"}],"predecessor-version":[{"id":8357,"href":"https:\/\/www.min-on.org\/fr\/wp-json\/wp\/v2\/pages\/3641\/revisions\/8357"}],"wp:attachment":[{"href":"https:\/\/www.min-on.org\/fr\/wp-json\/wp\/v2\/media?parent=3641"}],"wp:term":[{"taxonomy":"category","embeddable":true,"href":"https:\/\/www.min-on.org\/fr\/wp-json\/wp\/v2\/categories?post=3641"},{"taxonomy":"post_tag","embeddable":true,"href":"https:\/\/www.min-on.org\/fr\/wp-json\/wp\/v2\/tags?post=3641"}],"curies":[{"name":"wp","href":"https:\/\/api.w.org\/{rel}","templated":true}]}}