{"id":3616,"date":"2018-07-16T19:03:17","date_gmt":"2018-07-16T19:03:17","guid":{"rendered":"http:\/\/59.106.140.197\/?page_id=3616"},"modified":"2018-12-13T08:05:06","modified_gmt":"2018-12-13T08:05:06","slug":"what-we-do","status":"publish","type":"page","link":"https:\/\/www.min-on.org\/fr\/what-we-do\/","title":{"rendered":"NOS ACTIVIT\u00c9S"},"content":{"rendered":"<p>[et_pb_section bb_built=\u00a0\u00bb1&Prime; next_background_color=\u00a0\u00bb#000000&Prime; _builder_version=\u00a0\u00bb3.11&Prime; custom_padding=\u00a0\u00bb||0px|\u00a0\u00bb][et_pb_row _builder_version=\u00a0\u00bb3.11&Prime; custom_padding=\u00a0\u00bb0px|||\u00a0\u00bb][et_pb_column type=\u00a0\u00bb4_4&Prime;][et_pb_text _builder_version=\u00a0\u00bb3.15&Prime;]<\/p>\n<h1>NOS ACTIVIT\u00c9S<\/h1>\n<p>[\/et_pb_text][\/et_pb_column][\/et_pb_row][et_pb_row _builder_version=\u00a0\u00bb3.9&Prime;][et_pb_column type=\u00a0\u00bb4_4&Prime;][et_pb_image _builder_version=\u00a0\u00bb3.15&Prime; src=\u00a0\u00bbhttps:\/\/www.min-on.org\/wp-content\/uploads\/sites\/7\/2018\/07\/main-image-what-we-do.jpg\u00a0\u00bb force_fullwidth=\u00a0\u00bbon\u00a0\u00bb show_bottom_space=\u00a0\u00bboff\u00a0\u00bb \/][\/et_pb_column][\/et_pb_row][et_pb_row _builder_version=\u00a0\u00bb3.12&Prime;][et_pb_column type=\u00a0\u00bb4_4&Prime;][et_pb_text _builder_version=\u00a0\u00bb3.15&Prime;]<\/p>\n<h2>\u00ab\u00a0La musique et l\u2019art ont le pouvoir de transcender les diff\u00e9rences nationales ou ethniques, d\u2019approfondir la compr\u00e9hension mutuelle et de forger des liens solides entre les peuples. Mon souhait est de relier les c\u0153urs des habitants du monde entier \u00e0 travers ces activit\u00e9s. \u00bb <span style=\"font-size: 16px; font-weight: 600;\">\u2014 Daisaku Ikeda<\/span><\/h2>\n<p>[\/et_pb_text][\/et_pb_column][\/et_pb_row][et_pb_row][et_pb_column type=\u00a0\u00bb4_4&Prime;][et_pb_text _builder_version=\u00a0\u00bb3.15&Prime;]<\/p>\n<h2 style=\"line-height: 36px;\">L\u2019Association des Concerts Min-On propose une large gamme de programmes au service du public dans les domaines de la musique, de la culture et de l\u2019\u00e9ducation, en se fixant les objectifs suivants :<\/h2>\n<p>[\/et_pb_text][\/et_pb_column][\/et_pb_row][\/et_pb_section][et_pb_section bb_built=\u00a0\u00bb1&Prime; _builder_version=\u00a0\u00bb3.11&Prime; custom_padding=\u00a0\u00bb0px||0px|\u00a0\u00bb prev_background_color=\u00a0\u00bb#000000&Prime; next_background_color=\u00a0\u00bb#000000&Prime;][et_pb_row _builder_version=\u00a0\u00bb3.9&Prime; make_equal=\u00a0\u00bbon\u00a0\u00bb][et_pb_column type=\u00a0\u00bb1_3&Prime;][et_pb_text _builder_version=\u00a0\u00bb3.15&Prime;]<\/p>\n<p><strong>D\u00e9velopper<\/strong>, dans le monde de la musique et de la culture, un mouvement multidimensionnel solidement implant\u00e9 parmi les personnes ordinaires afin de transmettre \u00e0 un public toujours plus large la joie et l\u2019inspiration procur\u00e9es par la musique et les arts du spectacle.<\/p>\n<p>[\/et_pb_text][\/et_pb_column][et_pb_column type=\u00a0\u00bb1_3&Prime;][et_pb_text _builder_version=\u00a0\u00bb3.15&Prime;]<\/p>\n<p><strong>Approfondir<\/strong> la compr\u00e9hension et l\u2019amiti\u00e9 mutuelles entre tous les pays par la promotion des \u00e9changes musicaux et culturels, en transcendant les diff\u00e9rences de nationalit\u00e9, d\u2019ethnie ou de langue.<\/p>\n<p>[\/et_pb_text][\/et_pb_column][et_pb_column type=\u00a0\u00bb1_3&Prime;][et_pb_text _builder_version=\u00a0\u00bb3.15&Prime;]<\/p>\n<p><strong>Contribuer<\/strong> au rayonnement de la musique et des arts en concevant des programmes musicaux destin\u00e9s \u00e0 cultiver la sensibilit\u00e9 artistique des enfants et des jeunes.<\/p>\n<p>[\/et_pb_text][\/et_pb_column][\/et_pb_row][\/et_pb_section][et_pb_section bb_built=\u00a0\u00bb1&Prime; fullwidth=\u00a0\u00bboff\u00a0\u00bb specialty=\u00a0\u00bboff\u00a0\u00bb prev_background_color=\u00a0\u00bb#000000&Prime;][et_pb_row][et_pb_column type=\u00a0\u00bb4_4&Prime;][et_pb_text _builder_version=\u00a0\u00bb3.15&Prime;]<\/p>\n<h1 style=\"line-height: 36px;\">LES ARTS DU SPECTACLE<\/h1>\n<p>[\/et_pb_text][et_pb_text _builder_version=\u00a0\u00bb3.15&Prime;]<\/p>\n<p>La musique et les arts du spectacle appartiennent \u00e0 tous \u2013 ils ne sont pas la chasse gard\u00e9e de privil\u00e9gi\u00e9s ou de nantis. Lorsque Min-On fut fond\u00e9e, dans les ann\u00e9es 1960, le Japonais moyen \u00e9coutait de la musique populaire. La musique classique et l\u2019op\u00e9ra lui \u00e9taient moins familiers, et le prix des billets pour des concerts ou des spectacles de ce type \u00e9tait exorbitant, ce qui les rendait inaccessibles pour une majeure partie de la population.<\/p>\n<p>L\u2019un des objectifs premiers de Min-On \u00e9tait de mettre \u00e0 la port\u00e9e des citoyens ordinaires le meilleur de la musique et des arts de l\u2019interpr\u00e9tation venus des quatre coins du monde \u00e0 un co\u00fbt abordable. Parall\u00e8lement, afin de d\u00e9velopper un mouvement musical et culturel diversifi\u00e9, Min-On organise des concerts couvrant tout l\u2019\u00e9ventail des genres musicaux : des concerts de musique classique offerts par de prestigieux orchestres symphoniques au jazz contemporain interpr\u00e9t\u00e9 par des musiciens de renomm\u00e9e mondiale ; des op\u00e9ras somptueux \u00e0 des productions ind\u00e9pendantes tels les spectacles de type Broadway ; d\u2019\u00e9l\u00e9gantes productions de ballet \u00e0 de dynamiques spectacles de danse folklorique; des rythmes exotiques de la musique latine et du tango \u00e0 la beaut\u00e9 sereine des arts de la sc\u00e8ne japonais ; et de la musique chorale traditionnelle aux chansons populaires de l\u2019\u00e9poque contemporaine.<\/p>\n<p>Min-On se propose \u00e9galement de faire ainsi partager \u00e0 un public sans cesse croissant le plaisir et l\u2019inspiration procur\u00e9s par la musique et les arts contemporains en organisant chaque ann\u00e9e environ 600 spectacles rassemblant un ample \u00e9ventail de styles et de genres. <a href=\"https:\/\/www.min-on.org\/fr\/performing-arts\/\">En savoir plus<\/a><\/p>\n<p>[\/et_pb_text][et_pb_text _builder_version=\u00a0\u00bb3.15&Prime;]<\/p>\n<h1 style=\"line-height: 36px;\">\u00c9CHANGES CULTURELS<\/h1>\n<p>[\/et_pb_text][et_pb_text _builder_version=\u00a0\u00bb3.15&Prime;]<\/p>\n<p>La musique et les arts du spectacle ne connaissent aucune fronti\u00e8re. Bien que fa\u00e7onn\u00e9s par les go\u00fbts nationaux ou ethniques, ils ont le pouvoir de toucher le c\u0153ur des gens o\u00f9 que ce soit dans le monde. La musique et les \u00e9changes culturels rapprochent les individus, telles les cordes d\u2019un luth \u00e9veillant des vibrations harmonieuses dans le c\u0153ur de tous.<\/p>\n<p>Min-On est fermement convaincue que les fondements d\u2019une v\u00e9ritable paix mondiale ne sauraient \u00eatre \u00e9tablis sans nourrir l\u2019amiti\u00e9 et la compr\u00e9hension mutuelles entre les peuples des divers pays, \u00e0 l\u2019\u00e9chelon local, par-del\u00e0 les diff\u00e9rences de race, de nation, ou d\u2019id\u00e9ologie. \u00c0 ce jour, l\u2019Association a lanc\u00e9 des programmes dans 110 pays et r\u00e9gions du monde.<\/p>\n<p>En 1965, peu apr\u00e8s sa fondation, Min-On a invit\u00e9 un pianiste isra\u00e9lien au Japon, et l\u2019ann\u00e9e suivante, le Ballet de l\u2019Acad\u00e9mie Nationale Sovi\u00e9tique de Novossibirsk. Outre Isra\u00ebl et l\u2019U.R.S.S., Min-On a instaur\u00e9 des \u00e9changes avec les \u00c9tats-Unis, la France, la Belgique et Hong Kong durant ses cinq premi\u00e8res ann\u00e9es d\u2019existence. Par la suite, elle a parrain\u00e9 des tourn\u00e9es au Japon de compagnies de renomm\u00e9e mondiale, telles que l\u2019Op\u00e9ra d\u2019\u00c9tat de Vienne (Wienerstaatsoper) ou la Scala de Milan. Elle a \u00e9galement envoy\u00e9 une multitude de musiciens et de troupes de danse \u00e0 l\u2019\u00e9tranger.<\/p>\n<p>Hormis les \u00e9changes culturels men\u00e9s au cours des ann\u00e9es 1980 et 1990, Min-On a lanc\u00e9 quelques s\u00e9ries de repr\u00e9sentations, chacune sur un th\u00e8me diff\u00e9rent, notamment : \u00ab Voyage Musical le long de la Route de la Soie \u00bb, \u00ab Voyage Musical le long de la Route maritime \u00bb, et \u00ab Voyage Musical \u00e0 travers l\u2019Afrique \u00bb. Min-On a \u00e9galement \u00e9tabli la tradition d\u2019une s\u00e9rie annuelle de concerts d\u2019\u00e9change, notamment avec l\u2019Argentine et la Chine, tradition qui perdure maintenant depuis plus de quarante ans. La derni\u00e8re \u00e9dition, initi\u00e9e en 2009, intitul\u00e9e \u00ab Croisade Musicale des Cara\u00efbes \u00bb, pr\u00e9sente la diversit\u00e9 foisonnante propre aux nations carib\u00e9ennes, chacune dans son contexte ethnique et historique original et sp\u00e9cifique. En 2011, la Jama\u00efque est devenue le 104e pays participant \u00e0 l\u2019histoire des programmes d\u2019\u00e9changes culturels de Min-On, vieille de plus d\u2019un demi-si\u00e8cle. <a href=\"https:\/\/www.min-on.org\/fr\/cultural-exchange\/\">En savoir plus<\/a><\/p>\n<p>[\/et_pb_text][et_pb_text _builder_version=\u00a0\u00bb3.15&Prime;]<\/p>\n<h1 style=\"line-height: 36px;\">ACTIONS DE SENSIBILISATION<\/h1>\n<p>[\/et_pb_text][et_pb_text _builder_version=\u00a0\u00bb3.15&Prime;]<\/p>\n<p>Min-On a \u00e9t\u00e9 fond\u00e9e en 1963 en tant qu\u2019association de concerts \u00e0 but non lucratif. Deux ans plus tard, en 1965, elle a \u00e9t\u00e9 juridiquement reconnue comme fondation de droit japonais ayant pour objet de contribuer \u00e0 des programmes de sensibilisation portant sur divers projets de service public. Son but est de contribuer \u00e0 \u00ab l\u2019\u00e9panouissement de la musique et des arts \u00bb, et de cultiver \u00ab une sensibilit\u00e9 artistique chez les enfants et les jeunes \u00bb.<\/p>\n<p>Sa premi\u00e8re activit\u00e9 publique ouverte \u00e0 tous \u00e9tait une s\u00e9rie de concerts en ville gratuits, organis\u00e9s dans des parcs publics de grandes m\u00e9tropoles comme Tokyo, Osaka, Sendai, Sapporo, et Nagoya en 1964 et 1965. L\u2019association a \u00e9galement parrain\u00e9 des masterclasses pour jeunes musiciens, la premi\u00e8re en janvier 1965 dans la Salle Toranomon, autour du batteur de jazz de r\u00e9putation mondiale Art Blakely. Min-On parraine \u00e9galement des concours de musique internationaux pour chanteurs, chefs d\u2019orchestre et compositeurs contemporains, ainsi que pour des ensembles de musique de chambre et des chor\u00e9graphes, afin de favoriser le d\u00e9veloppement de nouveaux talents artistiques. Le plus r\u00e9cent, le Concours International de Direction d\u2019Orchestre de Tokyo a eu lieu en 2015, avec la participation de 239 jeunes concurrents talentueux originaires de 40 pays et r\u00e9gions du monde.<\/p>\n<p>Les projets au service du public comprennent des concerts organis\u00e9s dans les \u00e9coles, le Tohoku Hope Concert, des concerts gratuits, des ateliers ou colloques divers li\u00e9s \u00e0 la musique, ainsi que le th\u00e9\u00e2tre pour enfants ou encore des masterclass en musique. Le Festival International de Musique Estudiantine de Kyoto constitue un autre exemple des efforts d\u00e9ploy\u00e9s par Min-On pour resserrer les liens entre les peuples \u00e0 travers la musique.<\/p>\n<p>La Maison de la Culture Min-On, \u00e0 Tokyo, abrite le Mus\u00e9e Min-On de la Musique ainsi que la Biblioth\u00e8que de Musique, o\u00f9 sont expos\u00e9s une collection rare de clavecins, de pianos classiques, et d\u2019autres bo\u00eetes \u00e0 musique et gramophones anciens, ainsi que divers instruments ethniques. Une volumineuse collection de disques vinyles, de CD, de DVD, de partitions de musique et d\u2019ouvrages de r\u00e9f\u00e9rence est \u00e9galement mise gratuitement \u00e0 la disposition du public. Dans le cadre de ses activit\u00e9s au service du public, l\u2019entr\u00e9e au mus\u00e9e est gratuite. <a href=\"https:\/\/www.min-on.org\/fr\/outreach\/\">En savoir plus<\/a><\/p>\n<p>[\/et_pb_text][\/et_pb_column][\/et_pb_row][\/et_pb_section]<\/p>\n","protected":false},"excerpt":{"rendered":"<p>NOS ACTIVIT\u00c9S \u00ab\u00a0La musique et l\u2019art ont le pouvoir de transcender les diff\u00e9rences nationales ou ethniques, d\u2019approfondir la compr\u00e9hension mutuelle et de forger des liens solides entre les peuples. Mon souhait est de relier les c\u0153urs des habitants du monde entier \u00e0 travers ces activit\u00e9s. \u00bb \u2014 Daisaku Ikeda <div class=\"et_pb_row et_pb_row_0 et_pb_row_empty\">\n\t\t\t\t\n\t\t\t\t\n\t\t\t\t\n\t\t\t\t\n\t\t\t\t\n\t\t\t<\/div> L\u2019Association des Concerts Min-On propose [&hellip;]<\/p>\n","protected":false},"author":1,"featured_media":0,"parent":0,"menu_order":0,"comment_status":"closed","ping_status":"closed","template":"","meta":{"_et_pb_use_builder":"on","_et_pb_old_content":"","_et_gb_content_width":"","footnotes":""},"categories":[],"tags":[],"distributor_meta":false,"distributor_terms":false,"distributor_media":false,"distributor_original_site_name":"French - Min-On Website","distributor_original_site_url":"https:\/\/www.min-on.org\/fr","_links":{"self":[{"href":"https:\/\/www.min-on.org\/fr\/wp-json\/wp\/v2\/pages\/3616"}],"collection":[{"href":"https:\/\/www.min-on.org\/fr\/wp-json\/wp\/v2\/pages"}],"about":[{"href":"https:\/\/www.min-on.org\/fr\/wp-json\/wp\/v2\/types\/page"}],"author":[{"embeddable":true,"href":"https:\/\/www.min-on.org\/fr\/wp-json\/wp\/v2\/users\/1"}],"replies":[{"embeddable":true,"href":"https:\/\/www.min-on.org\/fr\/wp-json\/wp\/v2\/comments?post=3616"}],"version-history":[{"count":37,"href":"https:\/\/www.min-on.org\/fr\/wp-json\/wp\/v2\/pages\/3616\/revisions"}],"predecessor-version":[{"id":8405,"href":"https:\/\/www.min-on.org\/fr\/wp-json\/wp\/v2\/pages\/3616\/revisions\/8405"}],"wp:attachment":[{"href":"https:\/\/www.min-on.org\/fr\/wp-json\/wp\/v2\/media?parent=3616"}],"wp:term":[{"taxonomy":"category","embeddable":true,"href":"https:\/\/www.min-on.org\/fr\/wp-json\/wp\/v2\/categories?post=3616"},{"taxonomy":"post_tag","embeddable":true,"href":"https:\/\/www.min-on.org\/fr\/wp-json\/wp\/v2\/tags?post=3616"}],"curies":[{"name":"wp","href":"https:\/\/api.w.org\/{rel}","templated":true}]}}