{"id":3610,"date":"2018-07-16T17:24:07","date_gmt":"2018-07-16T17:24:07","guid":{"rendered":"http:\/\/59.106.140.197\/?page_id=3610"},"modified":"2018-12-04T02:45:23","modified_gmt":"2018-12-04T02:45:23","slug":"who-we-are","status":"publish","type":"page","link":"https:\/\/www.min-on.org\/fr\/who-we-are\/","title":{"rendered":"PR\u00c9SENTATION"},"content":{"rendered":"<p>[et_pb_section bb_built=\u00a0\u00bb1&Prime; next_background_color=\u00a0\u00bb#000000&Prime; _builder_version=\u00a0\u00bb3.11&Prime; custom_padding=\u00a0\u00bb||0px|\u00a0\u00bb][et_pb_row _builder_version=\u00a0\u00bb3.11&Prime; custom_padding=\u00a0\u00bb0px|||\u00a0\u00bb][et_pb_column type=\u00a0\u00bb4_4&Prime;][et_pb_text _builder_version=\u00a0\u00bb3.15&Prime;]<\/p>\n<h1>PR\u00c9SENTATION<\/h1>\n<p>[\/et_pb_text][\/et_pb_column][\/et_pb_row][et_pb_row _builder_version=\u00a0\u00bb3.9&Prime;][et_pb_column type=\u00a0\u00bb4_4&Prime;][et_pb_image _builder_version=\u00a0\u00bb3.12&Prime; src=\u00a0\u00bbhttps:\/\/www.min-on.org\/wp-content\/uploads\/sites\/7\/2018\/07\/main-image-who-we-are.jpg\u00a0\u00bb force_fullwidth=\u00a0\u00bbon\u00a0\u00bb show_bottom_space=\u00a0\u00bboff\u00a0\u00bb \/][\/et_pb_column][\/et_pb_row][et_pb_row _builder_version=\u00a0\u00bb3.12&Prime;][et_pb_column type=\u00a0\u00bb4_4&Prime;][et_pb_text _builder_version=\u00a0\u00bb3.15&Prime;]<\/p>\n<h2 style=\"line-height: 36px;\">\u00ab&nbsp;La musique ne conna\u00eet aucune barri\u00e8re. Elle transcende les fronti\u00e8res \u2013 de nation, de langue, de culture, et d\u2019ethnie \u2013, reliant les c\u0153urs en un symphonie de paix. Telle est la raison pour laquelle Min-On a nou\u00e9 avec succ\u00e8s des \u00e9changes culturels avec quatre-vingt-dix pays et r\u00e9gions [en 2003]. Pour moi, cette grande voie d\u2019\u00e9change culturel unissant les peuples constitue une \u2018Route de la Soie spirituelle\u2019. &nbsp;\u00bb<span style=\"font-size: 16px;\nfont-weight: bold;\"> \u2014 Daisaku Ikeda<\/span><\/h2>\n<p>[\/et_pb_text][\/et_pb_column][\/et_pb_row][\/et_pb_section][et_pb_section bb_built=\u00a0\u00bb1&Prime; _builder_version=\u00a0\u00bb3.9&Prime; custom_padding=\u00a0\u00bb||0px|\u00a0\u00bb prev_background_color=\u00a0\u00bb#000000&Prime;][et_pb_row][et_pb_column type=\u00a0\u00bb4_4&Prime;][et_pb_text _builder_version=\u00a0\u00bb3.15&Prime;]<\/p>\n<h1 style=\"line-height: 36px;\">L\u2019Association des Concerts Min-On c\u00e9l\u00e8bre la Musique du Peuple<\/h1>\n<p>[\/et_pb_text][\/et_pb_column][\/et_pb_row][et_pb_row _builder_version=\u00a0\u00bb3.9&Prime; make_equal=\u00a0\u00bbon\u00a0\u00bb][et_pb_column type=\u00a0\u00bb1_2&Prime;][et_pb_text _builder_version=\u00a0\u00bb3.15&Prime;]<\/p>\n<p>La musique est pr\u00e9sente dans toutes les sph\u00e8res connues \u2013 pass\u00e9es et pr\u00e9sentes \u2013, de la culture humaine, rev\u00eatant des formes multiples en fonction du lieu et l\u2019\u00e9poque. Bien que teint\u00e9s des caract\u00e9ristiques ethniques et nationales des divers peuples, les arts du spectacle constituent, dans leur essence m\u00eame, un tr\u00e9sor renfermant l\u2019esprit de l\u2019humanit\u00e9 tout enti\u00e8re. Ce sont les \u00eatres humains qui sont les principaux protagonistes de la promotion de la culture musicale dans chaque soci\u00e9t\u00e9, la musique n\u2019est donc pas l\u2019apanage d\u2019une poign\u00e9e de privil\u00e9gi\u00e9s, mais de tous les peuples, \u00e0 titre collectif, quelle que soit leur identit\u00e9 nationale ou ethnique.<\/p>\n<p>Min-On signifie litt\u00e9ralement \u00ab musique du peuple \u00bb. Cette association se donne pour objectif de restituer la musique au peuple, en offrant \u00e0 tous l\u2019occasion de se d\u00e9lecter des meilleures interpr\u00e9tations musicales. Elle a \u00e9galement pour vocation de promouvoir les \u00e9changes internationaux dans les domaines culturel et de la paix, en faisant conna\u00eetre la musique et les arts du spectacle de tous les pays du monde.<\/p>\n<p>L\u2019Association des Concerts Min-On fut fond\u00e9e en 1963 \u00e0 l\u2019initiative de Daisaku Ikeda, pr\u00e9sident de la Soka Gakkai Internationale. En qualit\u00e9 d\u2019association \u00e0 but non lucratif, ind\u00e9pendante et non confessionnelle, Min-On s\u2019emploie \u00e0 promouvoir les \u00e9changes internationaux en mati\u00e8re musicale dans le but de d\u00e9velopper le respect et la compr\u00e9hension r\u00e9ciproques entre personnes d\u2019ethnie ou de nationalit\u00e9 diff\u00e9rente. En 1965, Min-On fut enregistr\u00e9e en tant que fondation l\u00e9galement constitu\u00e9e, et de nos jours, elle repr\u00e9sente sans doute le plus important organisme priv\u00e9 \u00e0 but non lucratif de promotion des arts du spectacle au monde, soutenu par plus d\u2019un million d\u2019adh\u00e9rents dans tout l\u2019archipel japonais.<\/p>\n<p>Depuis sa fondation, des milliers de musiciens et artistes-interpr\u00e8tes originaires de plus de 100 pays ont \u00e9t\u00e9 accueillis sur la sc\u00e8ne de plus de 300 villes \u00e0 travers tout le Japon et des centaines d\u2019artistes japonais se sont produits \u00e0 l\u2019\u00e9tranger, promouvant ainsi des \u00e9changes culturels internationaux destin\u00e9s \u00e0 unir les peuples dans une \u00e9motion partag\u00e9e, et cr\u00e9ant un cercle d\u2019amiti\u00e9 qui s\u2019\u00e9largit sans cesse entre les peuples de la plan\u00e8te.<\/p>\n<p>De nos jours, Min-On parraine quelques 600 spectacles chaque ann\u00e9e, attirant au total un public de plus d\u2019un million de spectateurs. L\u2019Association met ainsi une musique de haut niveau, classique ou populaire, traditionnelle ou contemporaine, \u00e0 la port\u00e9e du plus grand nombre. Min-On parraine \u00e9galement divers programmes musicaux, notamment des concerts gratuits dans des \u00e9coles ou le Concours international de Musique de Tokyo, en vue de d\u00e9velopper la sensibilit\u00e9 des jeunes g\u00e9n\u00e9rations et de favoriser l\u2019\u00e9closion de nouveaux talents. La Maison de la Culture Min-On (si\u00e8ge de Min-On) situ\u00e9e dans l\u2019arrondissement de Shinjuku, \u00e0 Tokyo, abrite \u00e9galement le Mus\u00e9e Min-On de la Musique ainsi que la Biblioth\u00e8que de Musique.<\/p>\n<p>[\/et_pb_text][\/et_pb_column][et_pb_column type=\u00a0\u00bb1_2&Prime;][et_pb_image _builder_version=\u00a0\u00bb3.15&Prime; src=\u00a0\u00bbhttps:\/\/www.min-on.org\/wp-content\/uploads\/sites\/7\/2018\/08\/Appearance-of-Min-On-Culture-Center-1.jpg\u00a0\u00bb force_fullwidth=\u00a0\u00bbon\u00a0\u00bb custom_padding=\u00a0\u00bb3%|||\u00a0\u00bb show_bottom_space=\u00a0\u00bboff\u00a0\u00bb \/][et_pb_text _builder_version=\u00a0\u00bb3.15&Prime; custom_padding=\u00a0\u00bb0px|||\u00a0\u00bb]<\/p>\n<p>Le B\u00e2timent de Min-On<\/p>\n<p>[\/et_pb_text][et_pb_image _builder_version=\u00a0\u00bb3.15&Prime; src=\u00a0\u00bbhttps:\/\/www.min-on.org\/wp-content\/uploads\/sites\/7\/2018\/08\/Entrance-of-Min-On-Culture-Center.jpg\u00a0\u00bb force_fullwidth=\u00a0\u00bbon\u00a0\u00bb custom_padding=\u00a0\u00bb3%|||\u00a0\u00bb show_bottom_space=\u00a0\u00bboff\u00a0\u00bb show_in_lightbox=\u00a0\u00bbon\u00a0\u00bb \/][et_pb_text _builder_version=\u00a0\u00bb3.15&Prime; custom_padding=\u00a0\u00bb0px|||\u00a0\u00bb]<\/p>\n<p>La Maison de la Culture Min-On \u00e0 Tokyo<\/p>\n<p>[\/et_pb_text][\/et_pb_column][\/et_pb_row][\/et_pb_section]<\/p>\n","protected":false},"excerpt":{"rendered":"<p>PR\u00c9SENTATION \u00ab&nbsp;La musique ne conna\u00eet aucune barri\u00e8re. Elle transcende les fronti\u00e8res \u2013 de nation, de langue, de culture, et d\u2019ethnie \u2013, reliant les c\u0153urs en un symphonie de paix. Telle est la raison pour laquelle Min-On a nou\u00e9 avec succ\u00e8s des \u00e9changes culturels avec quatre-vingt-dix pays et r\u00e9gions [en 2003]. Pour moi, cette grande voie [&hellip;]<\/p>\n","protected":false},"author":1,"featured_media":0,"parent":0,"menu_order":0,"comment_status":"closed","ping_status":"closed","template":"","meta":{"_et_pb_use_builder":"on","_et_pb_old_content":"","_et_gb_content_width":"","footnotes":""},"categories":[],"tags":[],"distributor_meta":false,"distributor_terms":false,"distributor_media":false,"distributor_original_site_name":"French - Min-On Website","distributor_original_site_url":"https:\/\/www.min-on.org\/fr","_links":{"self":[{"href":"https:\/\/www.min-on.org\/fr\/wp-json\/wp\/v2\/pages\/3610"}],"collection":[{"href":"https:\/\/www.min-on.org\/fr\/wp-json\/wp\/v2\/pages"}],"about":[{"href":"https:\/\/www.min-on.org\/fr\/wp-json\/wp\/v2\/types\/page"}],"author":[{"embeddable":true,"href":"https:\/\/www.min-on.org\/fr\/wp-json\/wp\/v2\/users\/1"}],"replies":[{"embeddable":true,"href":"https:\/\/www.min-on.org\/fr\/wp-json\/wp\/v2\/comments?post=3610"}],"version-history":[{"count":32,"href":"https:\/\/www.min-on.org\/fr\/wp-json\/wp\/v2\/pages\/3610\/revisions"}],"predecessor-version":[{"id":8396,"href":"https:\/\/www.min-on.org\/fr\/wp-json\/wp\/v2\/pages\/3610\/revisions\/8396"}],"wp:attachment":[{"href":"https:\/\/www.min-on.org\/fr\/wp-json\/wp\/v2\/media?parent=3610"}],"wp:term":[{"taxonomy":"category","embeddable":true,"href":"https:\/\/www.min-on.org\/fr\/wp-json\/wp\/v2\/categories?post=3610"},{"taxonomy":"post_tag","embeddable":true,"href":"https:\/\/www.min-on.org\/fr\/wp-json\/wp\/v2\/tags?post=3610"}],"curies":[{"name":"wp","href":"https:\/\/api.w.org\/{rel}","templated":true}]}}