{"id":3569,"date":"2018-07-16T15:53:23","date_gmt":"2018-07-16T15:53:23","guid":{"rendered":"http:\/\/59.106.140.197\/?page_id=3569"},"modified":"2023-03-08T02:21:07","modified_gmt":"2023-03-08T02:21:07","slug":"library","status":"publish","type":"page","link":"https:\/\/www.min-on.org\/fr\/library\/","title":{"rendered":"LA BIBLIOTH\u00c8QUE MIN-ON DE LA MUSIQUE"},"content":{"rendered":"<p>[et_pb_section bb_built=\u00a0\u00bb1&Prime; next_background_color=\u00a0\u00bb#000000&Prime; _builder_version=\u00a0\u00bb3.12&Prime; custom_padding=\u00a0\u00bb||1% !important|\u00a0\u00bb][et_pb_row _builder_version=\u00a0\u00bb3.11&Prime; custom_padding=\u00a0\u00bb0px|||\u00a0\u00bb][et_pb_column type=\u00a0\u00bb4_4&Prime;][et_pb_text _builder_version=\u00a0\u00bb3.15&Prime;]<\/p>\n<h1 style=\"line-height: 36px;\">LA BIBLIOTH\u00c8QUE MIN-ON DE LA MUSIQUE<\/h1>\n<p>[\/et_pb_text][\/et_pb_column][\/et_pb_row][et_pb_row _builder_version=\u00a0\u00bb3.9&Prime;][et_pb_column type=\u00a0\u00bb4_4&Prime;][et_pb_image _builder_version=\u00a0\u00bb3.15&Prime; src=\u00a0\u00bbhttps:\/\/www.min-on.org\/fr\/wp-content\/uploads\/sites\/7\/2023\/03\/\u30e9\u30a4\u30d6\u30e9\u30ea\u30fc3.jpg\u00a0\u00bb force_fullwidth=\u00a0\u00bbon\u00a0\u00bb show_bottom_space=\u00a0\u00bboff\u00a0\u00bb \/][\/et_pb_column][\/et_pb_row][\/et_pb_section][et_pb_section bb_built=\u00a0\u00bb1&Prime; specialty=\u00a0\u00bboff\u00a0\u00bb prev_background_color=\u00a0\u00bb#000000&Prime; next_background_color=\u00a0\u00bb#000000&Prime; _builder_version=\u00a0\u00bb3.9&Prime; custom_padding=\u00a0\u00bb0px||0px|\u00a0\u00bb][et_pb_row _builder_version=\u00a0\u00bb3.9&Prime;][et_pb_column type=\u00a0\u00bb4_4&Prime;][et_pb_text _builder_version=\u00a0\u00bb3.15&Prime;]<\/p>\n<p>Cr\u00e9\u00e9e en 1974, la Biblioth\u00e8que Min-On de la Musique a substantiellement contribu\u00e9 aux progr\u00e8s de la musicologie au Japon, une multitude de personnes profitant de ses locaux. \u00c0 mesure que ses ressources se sont accrue et que sa collection d\u2019instruments de musique s\u2019est \u00e9tendue, la biblioth\u00e8que, devenue un mus\u00e9e agr\u00e9\u00e9, a \u00e9t\u00e9 enregistr\u00e9e en 2003 sous le nom de Mus\u00e9e Min-On de la Musique aupr\u00e8s du gouvernement m\u00e9tropolitain de Tokyo. Depuis lors, la Biblioth\u00e8que actuelle fait d\u00e9sormais partie du Mus\u00e9e Min-On de la Musique et se trouve au premier sous-sol de la Maison de la Culture, \u00e0 Shinanomachi, Tokyo. Elle est ouverte au public.<\/p>\n<p>La biblioth\u00e8que comprend plus de 120 000 enregistrements sur divers supports m\u00e9diatiques, dont des disques LP, CD, DVD, et disques laser. On y d\u00e9nombre \u00e9galement plus de 45 000 partitions, et quelque 33 000 livres, revues, journaux, et autres formes de publications portant sur la musique, en japonais et dans d\u2019autres langues. La collection comprend des livres rares datant du d\u00e9but de l\u2019\u00e9poque Meiji (1868 \u2013 1912), lorsque la musique europ\u00e9enne fut introduite pour la premi\u00e8re fois au Japon, ainsi que des enregistrements plus anciens qui ne sont plus en circulation. Elle offre aux visiteurs un acc\u00e8s \u00e0 toutes ces ressources. Bien que les revues et mat\u00e9riels enregistr\u00e9s ne puissent \u00eatre consult\u00e9s qu\u2019\u00e0 l\u2019int\u00e9rieur de la biblioth\u00e8que, les ouvrages et partitions peuvent \u00eatre emprunt\u00e9s par les membres inscrits \u00e0 la biblioth\u00e8que.<\/p>\n<p>[\/et_pb_text][\/et_pb_column][\/et_pb_row][\/et_pb_section][et_pb_section bb_built=\u00a0\u00bb1&Prime; specialty=\u00a0\u00bboff\u00a0\u00bb prev_background_color=\u00a0\u00bb#000000&Prime; _builder_version=\u00a0\u00bb3.11&Prime; custom_padding=\u00a0\u00bb0px||3% !important|\u00a0\u00bb][et_pb_row _builder_version=\u00a0\u00bb3.9&Prime; use_custom_gutter=\u00a0\u00bbon\u00a0\u00bb gutter_width=\u00a0\u00bb2&Prime; custom_padding=\u00a0\u00bb||0px|\u00a0\u00bb][et_pb_column type=\u00a0\u00bb1_2&Prime;][et_pb_image _builder_version=\u00a0\u00bb3.15&Prime; src=\u00a0\u00bbhttps:\/\/www.min-on.org\/fr\/wp-content\/uploads\/sites\/7\/2023\/03\/\u30e9\u30a4\u30d6\u30e9\u30ea\u30fc2.jpg\u00a0\u00bb force_fullwidth=\u00a0\u00bbon\u00a0\u00bb show_bottom_space=\u00a0\u00bboff\u00a0\u00bb show_in_lightbox=\u00a0\u00bbon\u00a0\u00bb \/][et_pb_text _builder_version=\u00a0\u00bb3.15&Prime;]<\/p>\n<p>Biblioth\u00e8que<\/p>\n<p>[\/et_pb_text][\/et_pb_column][et_pb_column type=\u00a0\u00bb1_2&Prime;][et_pb_image _builder_version=\u00a0\u00bb3.15&Prime; src=\u00a0\u00bbhttps:\/\/www.min-on.org\/fr\/wp-content\/uploads\/sites\/7\/2023\/03\/\u30e9\u30a4\u30d6\u30e9\u30ea\u30fc1.jpg\u00a0\u00bb force_fullwidth=\u00a0\u00bbon\u00a0\u00bb show_bottom_space=\u00a0\u00bboff\u00a0\u00bb show_in_lightbox=\u00a0\u00bbon\u00a0\u00bb \/][et_pb_text _builder_version=\u00a0\u00bb3.15&Prime; \/][\/et_pb_column][\/et_pb_row][\/et_pb_section]<\/p>\n","protected":false},"excerpt":{"rendered":"<p>LA BIBLIOTH\u00c8QUE MIN-ON DE LA MUSIQUE Cr\u00e9\u00e9e en 1974, la Biblioth\u00e8que Min-On de la Musique a substantiellement contribu\u00e9 aux progr\u00e8s de la musicologie au Japon, une multitude de personnes profitant de ses locaux. \u00c0 mesure que ses ressources se sont accrue et que sa collection d\u2019instruments de musique s\u2019est \u00e9tendue, la biblioth\u00e8que, devenue un mus\u00e9e [&hellip;]<\/p>\n","protected":false},"author":1,"featured_media":0,"parent":0,"menu_order":0,"comment_status":"closed","ping_status":"closed","template":"","meta":{"_et_pb_use_builder":"on","_et_pb_old_content":"","_et_gb_content_width":"","footnotes":""},"categories":[],"tags":[],"distributor_meta":false,"distributor_terms":false,"distributor_media":false,"distributor_original_site_name":"French - Min-On Website","distributor_original_site_url":"https:\/\/www.min-on.org\/fr","_links":{"self":[{"href":"https:\/\/www.min-on.org\/fr\/wp-json\/wp\/v2\/pages\/3569"}],"collection":[{"href":"https:\/\/www.min-on.org\/fr\/wp-json\/wp\/v2\/pages"}],"about":[{"href":"https:\/\/www.min-on.org\/fr\/wp-json\/wp\/v2\/types\/page"}],"author":[{"embeddable":true,"href":"https:\/\/www.min-on.org\/fr\/wp-json\/wp\/v2\/users\/1"}],"replies":[{"embeddable":true,"href":"https:\/\/www.min-on.org\/fr\/wp-json\/wp\/v2\/comments?post=3569"}],"version-history":[{"count":18,"href":"https:\/\/www.min-on.org\/fr\/wp-json\/wp\/v2\/pages\/3569\/revisions"}],"predecessor-version":[{"id":13664,"href":"https:\/\/www.min-on.org\/fr\/wp-json\/wp\/v2\/pages\/3569\/revisions\/13664"}],"wp:attachment":[{"href":"https:\/\/www.min-on.org\/fr\/wp-json\/wp\/v2\/media?parent=3569"}],"wp:term":[{"taxonomy":"category","embeddable":true,"href":"https:\/\/www.min-on.org\/fr\/wp-json\/wp\/v2\/categories?post=3569"},{"taxonomy":"post_tag","embeddable":true,"href":"https:\/\/www.min-on.org\/fr\/wp-json\/wp\/v2\/tags?post=3569"}],"curies":[{"name":"wp","href":"https:\/\/api.w.org\/{rel}","templated":true}]}}