{"id":3276,"date":"2018-07-10T09:44:09","date_gmt":"2018-07-10T09:44:09","guid":{"rendered":"http:\/\/59.106.140.197\/?page_id=3276"},"modified":"2018-11-01T22:46:27","modified_gmt":"2018-11-01T22:46:27","slug":"workshops","status":"publish","type":"page","link":"https:\/\/www.min-on.org\/fr\/workshops\/","title":{"rendered":"ATELIERS"},"content":{"rendered":"<p>[et_pb_section bb_built=\u00a0\u00bb1&Prime; next_background_color=\u00a0\u00bb#000000&Prime; _builder_version=\u00a0\u00bb3.11&Prime; custom_padding=\u00a0\u00bb||3% !important|\u00a0\u00bb][et_pb_row _builder_version=\u00a0\u00bb3.11&Prime; custom_padding=\u00a0\u00bb0px|||\u00a0\u00bb][et_pb_column type=\u00a0\u00bb4_4&Prime;][et_pb_text _builder_version=\u00a0\u00bb3.15&Prime;]<\/p>\n<h1 style=\"line-height: 36px;\">ATELIERS<\/h1>\n<p>[\/et_pb_text][\/et_pb_column][\/et_pb_row][et_pb_row _builder_version=\u00a0\u00bb3.11&Prime; custom_padding=\u00a0\u00bb||6%|\u00a0\u00bb][et_pb_column type=\u00a0\u00bb4_4&Prime;][et_pb_image _builder_version=\u00a0\u00bb3.11&Prime; src=\u00a0\u00bbhttps:\/\/www.min-on.org\/wp-content\/uploads\/sites\/7\/2018\/07\/main-image-lectures-and-workshops.jpg\u00a0\u00bb force_fullwidth=\u00a0\u00bbon\u00a0\u00bb show_bottom_space=\u00a0\u00bboff\u00a0\u00bb \/][\/et_pb_column][\/et_pb_row][\/et_pb_section][et_pb_section bb_built=\u00a0\u00bb1&Prime; specialty=\u00a0\u00bboff\u00a0\u00bb prev_background_color=\u00a0\u00bb#000000&Prime; _builder_version=\u00a0\u00bb3.7&Prime; custom_padding=\u00a0\u00bb0px|||\u00a0\u00bb next_background_color=\u00a0\u00bb#000000&Prime;][et_pb_row _builder_version=\u00a0\u00bb3.7&Prime; custom_css_main_1=\u00a0\u00bbcontent:%22%22;|| display:table;|| clear:both;\u00a0\u00bb][et_pb_column type=\u00a0\u00bb1_2&Prime;][et_pb_text _builder_version=\u00a0\u00bb3.15&Prime;]<\/p>\n<p>Divers ateliers sont organis\u00e9s ponctuellement dans le Hall du Mus\u00e9e au sein de la Maison de la Culture Min-On. Parmi ceux-ci, l\u2019Atelier d\u2019exp\u00e9rience musicale pour parents et enfants autour d\u2019instruments fabriqu\u00e9s \u00e0 la main recueille un vif succ\u00e8s et se tient chaque ann\u00e9e, dans le cadre des activit\u00e9s men\u00e9es par le Mus\u00e9e de la Musique au service du public.  Cet atelier est destin\u00e9 \u00e0 cultiver les talents et la sagesse des enfants tout en approfondissant les liens familiaux et quelque 200 parents et enfants prennent part \u00e0 chaque s\u00e9ance.  Les ateliers sont conduits par des musiciens professionnels enseignant comment fabriquer des instruments de musique \u00e0 partir d\u2019objets familiers de la vie quotidienne \u2013 par exemple, une fl\u00fbte \u00e0 bec pourvue de trous pour les doigts fa\u00e7onn\u00e9e \u00e0 l\u2019aide d\u2019une carotte \u00e9vid\u00e9e, ou un tambour fabriqu\u00e9 en \u00e9tirant du ruban adh\u00e9sif sur un seau.  Chaque cr\u00e9ation d\u2019instrument \u00e9tait salu\u00e9e par des cris de joie des enfants.<\/p>\n<p>\u00ab L\u2019Initiation au Tango \u00bb est un autre atelier \u00e0 succ\u00e8s organis\u00e9 en 2005, avec la participation de plus de 200 personnes de toutes tranches d\u2019\u00e2ge et de tous horizons.  L\u2019atelier, destin\u00e9 \u00e0 cultiver l\u2019int\u00e9r\u00eat du public japonais pour le tango, a d\u00e9but\u00e9 avec une vid\u00e9o retra\u00e7ant l\u2019histoire du tango et ses formes vari\u00e9es, suivie d\u2019un cours d\u2019une heure, dispens\u00e9 par des professeurs enseignant eux-m\u00eames aux laur\u00e9ats du Concours mondial de Tango de Buenos Aires, qui a permis \u00e0 tous les participants de ma\u00eetriser les pas de base.  Pour conclure, le couple s\u2019est livr\u00e9 \u00e0 une performance \u00e9poustouflante salu\u00e9e par des applaudissements retentissants.  Des ateliers analogues ont \u00e9t\u00e9 organis\u00e9s dans d\u2019autres villes pendant la tourn\u00e9e japonaise de la S\u00e9rie annuelle Tango de Min-On.<\/p>\n<p>[\/et_pb_text][\/et_pb_column][et_pb_column type=\u00a0\u00bb1_2&Prime;][et_pb_image _builder_version=\u00a0\u00bb3.11&Prime; src=\u00a0\u00bbhttps:\/\/www.min-on.org\/wp-content\/uploads\/sites\/7\/2011\/09\/workshop1.jpg\u00a0\u00bb force_fullwidth=\u00a0\u00bbon\u00a0\u00bb show_bottom_space=\u00a0\u00bboff\u00a0\u00bb \/][et_pb_text _builder_version=\u00a0\u00bb3.15&Prime;]<\/p>\n<p>Atelier d\u2019instruments fabriqu\u00e9s \u00e0 la main<\/p>\n<p>[\/et_pb_text][et_pb_image _builder_version=\u00a0\u00bb3.11&Prime; src=\u00a0\u00bbhttps:\/\/www.min-on.org\/wp-content\/uploads\/sites\/7\/2011\/09\/workshop4.jpg\u00a0\u00bb force_fullwidth=\u00a0\u00bbon\u00a0\u00bb show_bottom_space=\u00a0\u00bboff\u00a0\u00bb \/][et_pb_text _builder_version=\u00a0\u00bb3.15&Prime;]<\/p>\n<p>Atelier de Tango<\/p>\n<p>[\/et_pb_text][\/et_pb_column][\/et_pb_row][\/et_pb_section][et_pb_section bb_built=\u00a0\u00bb1&Prime; admin_label=\u00a0\u00bbRelated Articles\u00a0\u00bb specialty=\u00a0\u00bboff\u00a0\u00bb _builder_version=\u00a0\u00bb3.15&Prime; custom_padding=\u00a0\u00bb0px|||\u00a0\u00bb disabled_on=\u00a0\u00bbon|on|on\u00a0\u00bb disabled=\u00a0\u00bbon\u00a0\u00bb collapsed=\u00a0\u00bbon\u00a0\u00bb prev_background_color=\u00a0\u00bb#000000&Prime;][et_pb_row _builder_version=\u00a0\u00bb3.11&Prime; custom_padding=\u00a0\u00bb0px|||\u00a0\u00bb][et_pb_column type=\u00a0\u00bb4_4&Prime;][et_pb_text _builder_version=\u00a0\u00bb3.12&Prime;]<\/p>\n<h1 style=\"line-height: 36px;\">Related Articles<\/h1>\n<p>[\/et_pb_text][\/et_pb_column][\/et_pb_row][et_pb_row _builder_version=\u00a0\u00bb3.12&Prime; custom_padding=\u00a0\u00bb|1.5%||1.5%\u00a0\u00bb][et_pb_column type=\u00a0\u00bb4_4&Prime;][et_pb_blog _builder_version=\u00a0\u00bb3.15&Prime; posts_number=\u00a0\u00bb3&Prime; fullwidth=\u00a0\u00bboff\u00a0\u00bb show_pagination=\u00a0\u00bboff\u00a0\u00bb include_categories=\u00a0\u00bb401&Prime; \/][\/et_pb_column][\/et_pb_row][\/et_pb_section]<\/p>\n","protected":false},"excerpt":{"rendered":"<p>ATELIERS Divers ateliers sont organis\u00e9s ponctuellement dans le Hall du Mus\u00e9e au sein de la Maison de la Culture Min-On. Parmi ceux-ci, l\u2019Atelier d\u2019exp\u00e9rience musicale pour parents et enfants autour d\u2019instruments fabriqu\u00e9s \u00e0 la main recueille un vif succ\u00e8s et se tient chaque ann\u00e9e, dans le cadre des activit\u00e9s men\u00e9es par le Mus\u00e9e de la [&hellip;]<\/p>\n","protected":false},"author":1,"featured_media":0,"parent":0,"menu_order":0,"comment_status":"closed","ping_status":"closed","template":"","meta":{"_et_pb_use_builder":"on","_et_pb_old_content":"","_et_gb_content_width":"","footnotes":""},"categories":[],"tags":[],"distributor_meta":false,"distributor_terms":false,"distributor_media":false,"distributor_original_site_name":"French - Min-On Website","distributor_original_site_url":"https:\/\/www.min-on.org\/fr","_links":{"self":[{"href":"https:\/\/www.min-on.org\/fr\/wp-json\/wp\/v2\/pages\/3276"}],"collection":[{"href":"https:\/\/www.min-on.org\/fr\/wp-json\/wp\/v2\/pages"}],"about":[{"href":"https:\/\/www.min-on.org\/fr\/wp-json\/wp\/v2\/types\/page"}],"author":[{"embeddable":true,"href":"https:\/\/www.min-on.org\/fr\/wp-json\/wp\/v2\/users\/1"}],"replies":[{"embeddable":true,"href":"https:\/\/www.min-on.org\/fr\/wp-json\/wp\/v2\/comments?post=3276"}],"version-history":[{"count":17,"href":"https:\/\/www.min-on.org\/fr\/wp-json\/wp\/v2\/pages\/3276\/revisions"}],"predecessor-version":[{"id":7970,"href":"https:\/\/www.min-on.org\/fr\/wp-json\/wp\/v2\/pages\/3276\/revisions\/7970"}],"wp:attachment":[{"href":"https:\/\/www.min-on.org\/fr\/wp-json\/wp\/v2\/media?parent=3276"}],"wp:term":[{"taxonomy":"category","embeddable":true,"href":"https:\/\/www.min-on.org\/fr\/wp-json\/wp\/v2\/categories?post=3276"},{"taxonomy":"post_tag","embeddable":true,"href":"https:\/\/www.min-on.org\/fr\/wp-json\/wp\/v2\/tags?post=3276"}],"curies":[{"name":"wp","href":"https:\/\/api.w.org\/{rel}","templated":true}]}}