{"id":3271,"date":"2018-07-10T09:22:05","date_gmt":"2018-07-10T09:22:05","guid":{"rendered":"http:\/\/59.106.140.197\/?page_id=3271"},"modified":"2018-10-03T18:23:52","modified_gmt":"2018-10-03T18:23:52","slug":"symposiums","status":"publish","type":"page","link":"https:\/\/www.min-on.org\/fr\/symposiums\/","title":{"rendered":"COLLOQUES"},"content":{"rendered":"<p>[et_pb_section bb_built=\u00a0\u00bb1&Prime; next_background_color=\u00a0\u00bb#000000&Prime; _builder_version=\u00a0\u00bb3.11&Prime; custom_padding=\u00a0\u00bb||3% !important|\u00a0\u00bb][et_pb_row _builder_version=\u00a0\u00bb3.11&Prime; custom_padding=\u00a0\u00bb0px|||\u00a0\u00bb][et_pb_column type=\u00a0\u00bb4_4&Prime;][et_pb_text _builder_version=\u00a0\u00bb3.15&Prime;]<\/p>\n<h1 style=\"line-height: 36px;\">COLLOQUES<\/h1>\n<p>[\/et_pb_text][\/et_pb_column][\/et_pb_row][et_pb_row _builder_version=\u00a0\u00bb3.11&Prime; custom_padding=\u00a0\u00bb||8%|\u00a0\u00bb][et_pb_column type=\u00a0\u00bb4_4&Prime;][et_pb_image _builder_version=\u00a0\u00bb3.9&Prime; src=\u00a0\u00bbhttps:\/\/www.min-on.org\/wp-content\/uploads\/sites\/7\/2018\/07\/main-image-symposiums.jpg\u00a0\u00bb force_fullwidth=\u00a0\u00bbon\u00a0\u00bb show_bottom_space=\u00a0\u00bboff\u00a0\u00bb \/][\/et_pb_column][\/et_pb_row][\/et_pb_section][et_pb_section bb_built=\u00a0\u00bb1&Prime; specialty=\u00a0\u00bboff\u00a0\u00bb prev_background_color=\u00a0\u00bb#000000&Prime; _builder_version=\u00a0\u00bb3.7&Prime; custom_padding=\u00a0\u00bb0px|||\u00a0\u00bb next_background_color=\u00a0\u00bb#000000&Prime;][et_pb_row _builder_version=\u00a0\u00bb3.7&Prime; custom_css_main_1=\u00a0\u00bbcontent:%22%22;|| display:table;|| clear:both;\u00a0\u00bb][et_pb_column type=\u00a0\u00bb1_2&Prime;][et_pb_text _builder_version=\u00a0\u00bb3.15&Prime;]<\/p>\n<p>Min-On organise toute une s\u00e9rie de projets d\u2019int\u00e9r\u00eat g\u00e9n\u00e9ral dans l\u2019esprit de la mission qu\u2019elle s\u2019est donn\u00e9e de promouvoir l\u2019amour de la musique, tant au Japon que dans le monde.  Dans le cadre de ses manifestations destin\u00e9es \u00e0 faire d\u00e9couvrir la musique et les arts du spectacle asiatiques au public japonais et \u00e0 contribuer \u00e0 la floraison de la culture musicale en Asie, Min-On et la Fondation Watanabe ont coparrain\u00e9 une s\u00e9rie de colloques intitul\u00e9e \u00ab Asia Now \u00bb [\u00ab L\u2019Asie aujourd\u2019hui \u00bb] en 2002.<\/p>\n<p>Le premier de cette s\u00e9rie proposait un dialogue sur l\u2019\u00e9tat actuel de l\u2019interpr\u00e9tation musicale en Chine, en Cor\u00e9e du Sud et au Japon, et sur les possibilit\u00e9s de collaboration qui s\u2019offrent aux artistes de ces pays.  Lors du deuxi\u00e8me colloque, en 2004, les participants ont d\u00e9battu des perspectives de diffusion r\u00e9guli\u00e8re de la musique pop cor\u00e9enne au Japon (K-Pop), et de l\u2019\u00e9ventuelle \u00ab \u00e9mancipation \u00bb de la culture japonaise en Cor\u00e9e du Sud, o\u00f9 celle-ci restait interdite en d\u00e9pit de la normalisation des relations bilat\u00e9rales en 1965.  Le troisi\u00e8me colloque, organis\u00e9 en 2006 au Tokyo International Forum, a men\u00e9 des \u00e9changes tr\u00e8s vivants sur l\u2019\u00e9tat actuel et l\u2019\u00e9volution des divertissements dans la r\u00e9gion de l\u2019ASEAN, tandis que la quatri\u00e8me \u00e9dition, en 2008, \u00e9tait ax\u00e9e sur le th\u00e8me \u00ab Musique d\u2019Asie, aujourd\u2019hui et demain \u00bb.<\/p>\n<p>Chaque conf\u00e9rence consiste en une table ronde unique rassemblant experts, chercheurs et critiques originaires de divers pays asiatiques.  Au cours de d\u00e9bats tr\u00e8s anim\u00e9s, les participants ont abord\u00e9 diff\u00e9rents th\u00e8mes, notamment les profondes racines culturelles communes \u00e0 ces pays, la transmission, la diffusion acc\u00e9l\u00e9r\u00e9e de la culture musicale dans la r\u00e9gion ces derni\u00e8res ann\u00e9es, ainsi que les perspectives futures.  Les membres du public ayant particip\u00e9 aux colloques ont formul\u00e9 les commentaires suivants : \u00ab Cela m\u2019a permis de mieux comprendre comment le Japon se situe en Asie du point de vue culturel \u00bb ;  \u00ab Bien que je ne connaisse pas tr\u00e8s bien la musique de la r\u00e9gion de l\u2019ASEAN, j\u2019ai trouv\u00e9 ces d\u00e9bats tr\u00e8s stimulants \u00bb ; \u00ab  J\u2019ai d\u00e9couvert \u00e0 quel point tous ces pays sont li\u00e9s en termes de culture musicale \u00bb ; ou bien encore, \u00ab Dans l\u2019ensemble, j\u2019ai trouv\u00e9 [ces colloques] tr\u00e8s int\u00e9ressants, en particulier toute la discussion sur le r\u00f4le des m\u00e9dias \u00bb.<\/p>\n<p>Outre la S\u00e9rie Musique en Asie aujourd\u2019hui (\u00ab Asia Now \u00bb), un colloque sp\u00e9cial sur le th\u00e8me du \u00ab Monde de la direction d\u2019orchestre, de nos jours \u00bb organis\u00e9 le 2 novembre 2009, a propos\u00e9 une table ronde de chefs d\u2019orchestre ou de premiers violons de renomm\u00e9e internationale \u00e0 l\u2019occasion du 15e Concours International de Direction d\u2019Orchestre de Tokyo. Plus tard, la m\u00eame ann\u00e9e, Min-On a initi\u00e9 une nouvelle s\u00e9rie de forums intitul\u00e9s \u00ab Le Talk Show : Red\u00e9couverte du divertissement de l\u2019\u00e8re Showa \u00bb, coparrain\u00e9s par le Forum Culturel musical de la Fondation Watanabe.<\/p>\n<p>[\/et_pb_text][\/et_pb_column][et_pb_column type=\u00a0\u00bb1_2&Prime;][et_pb_image _builder_version=\u00a0\u00bb3.11&Prime; src=\u00a0\u00bbhttps:\/\/www.min-on.org\/wp-content\/uploads\/sites\/7\/2011\/09\/symposiums1.jpg\u00a0\u00bb force_fullwidth=\u00a0\u00bbon\u00a0\u00bb show_bottom_space=\u00a0\u00bboff\u00a0\u00bb \/][et_pb_text _builder_version=\u00a0\u00bb3.15&Prime;]<\/p>\n<p>Divertissement ASEAN, en 2006<\/p>\n<p>[\/et_pb_text][et_pb_image _builder_version=\u00a0\u00bb3.11&Prime; src=\u00a0\u00bbhttps:\/\/www.min-on.org\/wp-content\/uploads\/sites\/7\/2011\/09\/symposiums2.jpg\u00a0\u00bb force_fullwidth=\u00a0\u00bbon\u00a0\u00bb show_bottom_space=\u00a0\u00bboff\u00a0\u00bb \/][et_pb_text _builder_version=\u00a0\u00bb3.15&Prime;]<\/p>\n<p>Musique d\u2019Asie, aujourd\u2019hui et demain, en 2008<\/p>\n<p>[\/et_pb_text][\/et_pb_column][\/et_pb_row][\/et_pb_section][et_pb_section bb_built=\u00a0\u00bb1&Prime; admin_label=\u00a0\u00bbRelated Articles\u00a0\u00bb specialty=\u00a0\u00bboff\u00a0\u00bb _builder_version=\u00a0\u00bb3.15&Prime; custom_padding=\u00a0\u00bb0px|||\u00a0\u00bb disabled_on=\u00a0\u00bbon|on|on\u00a0\u00bb disabled=\u00a0\u00bbon\u00a0\u00bb collapsed=\u00a0\u00bbon\u00a0\u00bb prev_background_color=\u00a0\u00bb#000000&Prime;][et_pb_row _builder_version=\u00a0\u00bb3.11&Prime; custom_padding=\u00a0\u00bb0px|||\u00a0\u00bb][et_pb_column type=\u00a0\u00bb4_4&Prime;][et_pb_text _builder_version=\u00a0\u00bb3.12&Prime;]<\/p>\n<h1 style=\"line-height: 36px;\">Related Articles<\/h1>\n<p>[\/et_pb_text][\/et_pb_column][\/et_pb_row][et_pb_row _builder_version=\u00a0\u00bb3.12&Prime; custom_padding=\u00a0\u00bb|1.5%||1.5%\u00a0\u00bb][et_pb_column type=\u00a0\u00bb4_4&Prime;][et_pb_blog _builder_version=\u00a0\u00bb3.15&Prime; posts_number=\u00a0\u00bb3&Prime; fullwidth=\u00a0\u00bboff\u00a0\u00bb show_pagination=\u00a0\u00bboff\u00a0\u00bb include_categories=\u00a0\u00bb396&Prime; \/][\/et_pb_column][\/et_pb_row][\/et_pb_section]<\/p>\n","protected":false},"excerpt":{"rendered":"<p>COLLOQUES Min-On organise toute une s\u00e9rie de projets d\u2019int\u00e9r\u00eat g\u00e9n\u00e9ral dans l\u2019esprit de la mission qu\u2019elle s\u2019est donn\u00e9e de promouvoir l\u2019amour de la musique, tant au Japon que dans le monde. Dans le cadre de ses manifestations destin\u00e9es \u00e0 faire d\u00e9couvrir la musique et les arts du spectacle asiatiques au public japonais et \u00e0 contribuer [&hellip;]<\/p>\n","protected":false},"author":1,"featured_media":0,"parent":0,"menu_order":0,"comment_status":"closed","ping_status":"closed","template":"","meta":{"_et_pb_use_builder":"on","_et_pb_old_content":"","_et_gb_content_width":"","footnotes":""},"categories":[],"tags":[],"distributor_meta":false,"distributor_terms":false,"distributor_media":false,"distributor_original_site_name":"French - Min-On Website","distributor_original_site_url":"https:\/\/www.min-on.org\/fr","_links":{"self":[{"href":"https:\/\/www.min-on.org\/fr\/wp-json\/wp\/v2\/pages\/3271"}],"collection":[{"href":"https:\/\/www.min-on.org\/fr\/wp-json\/wp\/v2\/pages"}],"about":[{"href":"https:\/\/www.min-on.org\/fr\/wp-json\/wp\/v2\/types\/page"}],"author":[{"embeddable":true,"href":"https:\/\/www.min-on.org\/fr\/wp-json\/wp\/v2\/users\/1"}],"replies":[{"embeddable":true,"href":"https:\/\/www.min-on.org\/fr\/wp-json\/wp\/v2\/comments?post=3271"}],"version-history":[{"count":13,"href":"https:\/\/www.min-on.org\/fr\/wp-json\/wp\/v2\/pages\/3271\/revisions"}],"predecessor-version":[{"id":7365,"href":"https:\/\/www.min-on.org\/fr\/wp-json\/wp\/v2\/pages\/3271\/revisions\/7365"}],"wp:attachment":[{"href":"https:\/\/www.min-on.org\/fr\/wp-json\/wp\/v2\/media?parent=3271"}],"wp:term":[{"taxonomy":"category","embeddable":true,"href":"https:\/\/www.min-on.org\/fr\/wp-json\/wp\/v2\/categories?post=3271"},{"taxonomy":"post_tag","embeddable":true,"href":"https:\/\/www.min-on.org\/fr\/wp-json\/wp\/v2\/tags?post=3271"}],"curies":[{"name":"wp","href":"https:\/\/api.w.org\/{rel}","templated":true}]}}