{"id":3236,"date":"2018-07-08T10:53:28","date_gmt":"2018-07-08T10:53:28","guid":{"rendered":"http:\/\/59.106.140.197\/?page_id=3236"},"modified":"2018-12-04T01:39:48","modified_gmt":"2018-12-04T01:39:48","slug":"school-concerts","status":"publish","type":"page","link":"https:\/\/www.min-on.org\/fr\/school-concerts\/","title":{"rendered":"CONCERTS DANS LES \u00c9COLES"},"content":{"rendered":"<p>[et_pb_section bb_built=\u00a0\u00bb1&Prime; next_background_color=\u00a0\u00bb#000000&Prime; _builder_version=\u00a0\u00bb3.7&Prime; custom_padding=\u00a0\u00bb||0px|\u00a0\u00bb][et_pb_row _builder_version=\u00a0\u00bb3.11&Prime; custom_padding=\u00a0\u00bb0px|||\u00a0\u00bb][et_pb_column type=\u00a0\u00bb4_4&Prime;][et_pb_text _builder_version=\u00a0\u00bb3.15&Prime;]<\/p>\n<h1 style=\"line-height: 36px;\">CONCERTS DANS LES \u00c9COLES<\/h1>\n<p>[\/et_pb_text][\/et_pb_column][\/et_pb_row][et_pb_row _builder_version=\u00a0\u00bb3.7&Prime;][et_pb_column type=\u00a0\u00bb4_4&Prime;][et_pb_image _builder_version=\u00a0\u00bb3.7&Prime; src=\u00a0\u00bbhttps:\/\/www.min-on.org\/wp-content\/uploads\/sites\/7\/2018\/07\/main-image-school-concerts.jpg\u00a0\u00bb force_fullwidth=\u00a0\u00bbon\u00a0\u00bb show_bottom_space=\u00a0\u00bboff\u00a0\u00bb \/][\/et_pb_column][\/et_pb_row][et_pb_row][et_pb_column type=\u00a0\u00bb4_4&Prime;][et_pb_text _builder_version=\u00a0\u00bb3.15&Prime;]<\/p>\n<h2 style=\"line-height: 36px;\">\u00ab\u00a0Il est si pr\u00e9cieux pour les gens d\u2019\u00eatre invit\u00e9s \u00e0 se familiariser avec la musique classique et l\u2019op\u00e9ra d\u00e8s leur plus jeune \u00e2ge.\u00a0\u00bb\u00a0<span style=\"font-size: 16px; font-weight: bold;\">\u2014 Luciano Pavarotti <\/span><\/h2>\n<p>[\/et_pb_text][\/et_pb_column][\/et_pb_row][\/et_pb_section][et_pb_section bb_built=\u00a0\u00bb1&Prime; specialty=\u00a0\u00bboff\u00a0\u00bb prev_background_color=\u00a0\u00bb#000000&Prime; _builder_version=\u00a0\u00bb3.7&Prime; custom_padding=\u00a0\u00bb0px|||\u00a0\u00bb next_background_color=\u00a0\u00bb#000000&Prime;][et_pb_row _builder_version=\u00a0\u00bb3.7&Prime; custom_css_main_1=\u00a0\u00bbcontent:%22%22;|| display:table;|| clear:both;\u00a0\u00bb][et_pb_column type=\u00a0\u00bb1_2&Prime;][et_pb_text _builder_version=\u00a0\u00bb3.15&Prime;]<\/p>\n<p>Depuis sa fondation en 1963, Min-On a mis au point une panoplie diversifi\u00e9e de programmes au service du public et \u00e0 but non-lucratif, destin\u00e9s \u00e0 cultiver l\u2019amour de la musique au Japon et \u00e0 travers le monde. Le Programme de Concerts Min-On pour les \u00c9coles a vu le jour en 1973, sur une proposition du fondateur, afin de contribuer au d\u00e9veloppement de la sensibilit\u00e9 des enfants scolaris\u00e9s dans des \u00e9coles de la r\u00e9gion \u00e9loign\u00e9e de la ville de Shibetsu, dans le Hokkaido. Depuis lors, Min-On offre des concerts gratuits aux \u00e9coles primaires et secondaires de tout l\u2019Archipel, permettant ainsi aux jeunes g\u00e9n\u00e9rations de d\u00e9couvrir en direct une riche diversit\u00e9 de genres musicaux pr\u00e9sent\u00e9s par des artistes de premier plan venus du monde entier. \u00c0 ce jour, plus d\u20191,2 million d\u2019\u00e9tudiants dans plus de 3 800 \u00e9coles de tout le Japon ont pu b\u00e9n\u00e9ficier des Concerts Min-On pour les \u00c9coles durant ces 38 derni\u00e8res ann\u00e9es. Par ailleurs, l\u2019Association Min-On a fait don de CD et de disques \u00e0 de nombreux \u00e9tablissements scolaires du Japon tout entier.<\/p>\n<p>[\/et_pb_text][\/et_pb_column][et_pb_column type=\u00a0\u00bb1_2&Prime;][et_pb_image _builder_version=\u00a0\u00bb3.12&Prime; src=\u00a0\u00bbhttps:\/\/www.min-on.org\/wp-content\/uploads\/sites\/7\/2011\/09\/thumbnail-school-concert1.jpg\u00a0\u00bb force_fullwidth=\u00a0\u00bbon\u00a0\u00bb show_bottom_space=\u00a0\u00bboff\u00a0\u00bb \/][et_pb_text _builder_version=\u00a0\u00bb3.15&Prime;]<\/p>\n<p>Concert dans une \u00e9cole<\/p>\n<p>[\/et_pb_text][et_pb_image _builder_version=\u00a0\u00bb3.12&Prime; src=\u00a0\u00bbhttps:\/\/www.min-on.org\/wp-content\/uploads\/sites\/7\/2011\/09\/thumbnail-school-concert2.jpg\u00a0\u00bb force_fullwidth=\u00a0\u00bbon\u00a0\u00bb show_bottom_space=\u00a0\u00bboff\u00a0\u00bb \/][et_pb_text _builder_version=\u00a0\u00bb3.15&Prime;]<\/p>\n<p>Concert Min-On pour les \u00c9coles<\/p>\n<p>[\/et_pb_text][\/et_pb_column][\/et_pb_row][\/et_pb_section][et_pb_section bb_built=\u00a0\u00bb1&Prime; admin_label=\u00a0\u00bbRelated Articles\u00a0\u00bb specialty=\u00a0\u00bboff\u00a0\u00bb _builder_version=\u00a0\u00bb3.15&Prime; custom_padding=\u00a0\u00bb0px|||\u00a0\u00bb prev_background_color=\u00a0\u00bb#000000&Prime; disabled_on=\u00a0\u00bbon|on|on\u00a0\u00bb disabled=\u00a0\u00bbon\u00a0\u00bb collapsed=\u00a0\u00bbon\u00a0\u00bb][et_pb_row _builder_version=\u00a0\u00bb3.11&Prime; custom_padding=\u00a0\u00bb0px|||\u00a0\u00bb][et_pb_column type=\u00a0\u00bb4_4&Prime;][et_pb_text _builder_version=\u00a0\u00bb3.12&Prime;]<\/p>\n<h1 style=\"line-height: 36px;\">Related Articles<\/h1>\n<p>[\/et_pb_text][\/et_pb_column][\/et_pb_row][et_pb_row _builder_version=\u00a0\u00bb3.12&Prime; custom_padding=\u00a0\u00bb|1.5%||1.5%\u00a0\u00bb][et_pb_column type=\u00a0\u00bb4_4&Prime;][et_pb_blog _builder_version=\u00a0\u00bb3.15&Prime; posts_number=\u00a0\u00bb3&Prime; fullwidth=\u00a0\u00bboff\u00a0\u00bb show_pagination=\u00a0\u00bboff\u00a0\u00bb include_categories=\u00a0\u00bb392&Prime; \/][\/et_pb_column][\/et_pb_row][\/et_pb_section]<\/p>\n","protected":false},"excerpt":{"rendered":"<p>CONCERTS DANS LES \u00c9COLES <div class=\"et_pb_row et_pb_row_0 et_pb_row_empty\">\n\t\t\t\t\n\t\t\t\t\n\t\t\t\t\n\t\t\t\t\n\t\t\t\t\n\t\t\t<\/div> \u00ab\u00a0Il est si pr\u00e9cieux pour les gens d\u2019\u00eatre invit\u00e9s \u00e0 se familiariser avec la musique classique et l\u2019op\u00e9ra d\u00e8s leur plus jeune \u00e2ge.\u00a0\u00bb\u00a0\u2014 Luciano Pavarotti Depuis sa fondation en 1963, Min-On a mis au point une panoplie diversifi\u00e9e de programmes au service du public et \u00e0 but non-lucratif, destin\u00e9s \u00e0 [&hellip;]<\/p>\n","protected":false},"author":1,"featured_media":0,"parent":0,"menu_order":0,"comment_status":"closed","ping_status":"closed","template":"","meta":{"_et_pb_use_builder":"on","_et_pb_old_content":"","_et_gb_content_width":"","footnotes":""},"categories":[],"tags":[],"distributor_meta":false,"distributor_terms":false,"distributor_media":false,"distributor_original_site_name":"French - Min-On Website","distributor_original_site_url":"https:\/\/www.min-on.org\/fr","_links":{"self":[{"href":"https:\/\/www.min-on.org\/fr\/wp-json\/wp\/v2\/pages\/3236"}],"collection":[{"href":"https:\/\/www.min-on.org\/fr\/wp-json\/wp\/v2\/pages"}],"about":[{"href":"https:\/\/www.min-on.org\/fr\/wp-json\/wp\/v2\/types\/page"}],"author":[{"embeddable":true,"href":"https:\/\/www.min-on.org\/fr\/wp-json\/wp\/v2\/users\/1"}],"replies":[{"embeddable":true,"href":"https:\/\/www.min-on.org\/fr\/wp-json\/wp\/v2\/comments?post=3236"}],"version-history":[{"count":31,"href":"https:\/\/www.min-on.org\/fr\/wp-json\/wp\/v2\/pages\/3236\/revisions"}],"predecessor-version":[{"id":8372,"href":"https:\/\/www.min-on.org\/fr\/wp-json\/wp\/v2\/pages\/3236\/revisions\/8372"}],"wp:attachment":[{"href":"https:\/\/www.min-on.org\/fr\/wp-json\/wp\/v2\/media?parent=3236"}],"wp:term":[{"taxonomy":"category","embeddable":true,"href":"https:\/\/www.min-on.org\/fr\/wp-json\/wp\/v2\/categories?post=3236"},{"taxonomy":"post_tag","embeddable":true,"href":"https:\/\/www.min-on.org\/fr\/wp-json\/wp\/v2\/tags?post=3236"}],"curies":[{"name":"wp","href":"https:\/\/api.w.org\/{rel}","templated":true}]}}