{"id":3184,"date":"2018-07-08T09:12:00","date_gmt":"2018-07-08T09:12:00","guid":{"rendered":"http:\/\/59.106.140.197\/?page_id=3184"},"modified":"2018-11-02T16:08:02","modified_gmt":"2018-11-02T16:08:02","slug":"caribbean-series","status":"publish","type":"page","link":"https:\/\/www.min-on.org\/fr\/caribbean-series\/","title":{"rendered":"S\u00c9RIE CARA\u00cfBES"},"content":{"rendered":"<p>[et_pb_section bb_built=\u00a0\u00bb1&Prime; next_background_color=\u00a0\u00bb#000000&Prime; _builder_version=\u00a0\u00bb3.11&Prime; custom_padding=\u00a0\u00bb||3% !important|\u00a0\u00bb][et_pb_row _builder_version=\u00a0\u00bb3.11&Prime; custom_padding=\u00a0\u00bb0px|||\u00a0\u00bb][et_pb_column type=\u00a0\u00bb4_4&Prime;][et_pb_text _builder_version=\u00a0\u00bb3.15&Prime;]<\/p>\n<h1 style=\"line-height: 36px;\">S\u00c9RIE CARA\u00cfBES<\/h1>\n<p>[\/et_pb_text][\/et_pb_column][\/et_pb_row][et_pb_row _builder_version=\u00a0\u00bb3.11&Prime; custom_padding=\u00a0\u00bb||4%|\u00a0\u00bb][et_pb_column type=\u00a0\u00bb4_4&Prime;][et_pb_image _builder_version=\u00a0\u00bb3.12&Prime; src=\u00a0\u00bbhttps:\/\/www.min-on.org\/wp-content\/uploads\/sites\/7\/2018\/08\/main-image-caribbean-series.jpg\u00a0\u00bb force_fullwidth=\u00a0\u00bbon\u00a0\u00bb show_bottom_space=\u00a0\u00bboff\u00a0\u00bb \/][\/et_pb_column][\/et_pb_row][\/et_pb_section][et_pb_section bb_built=\u00a0\u00bb1&Prime; specialty=\u00a0\u00bboff\u00a0\u00bb prev_background_color=\u00a0\u00bb#000000&Prime; _builder_version=\u00a0\u00bb3.7&Prime; custom_padding=\u00a0\u00bb0px|||\u00a0\u00bb next_background_color=\u00a0\u00bb#000000&Prime;][et_pb_row _builder_version=\u00a0\u00bb3.7&Prime; custom_css_main_1=\u00a0\u00bbcontent:%22%22;||    display:table;||    clear:both;\u00a0\u00bb][et_pb_column type=\u00a0\u00bb1_2&Prime;][et_pb_text _builder_version=\u00a0\u00bb3.15&Prime;]<\/p>\n<p>Les cultures musicales de la r\u00e9gion des Cara\u00efbes sont aussi riches que vari\u00e9es. Chaque \u00eele, chaque pays, poss\u00e8de son identit\u00e9 culturelle propre, fa\u00e7onn\u00e9e par une histoire o\u00f9 s\u2019entrem\u00ealent les influences europ\u00e9ennes de son pass\u00e9 colonial, l\u2019h\u00e9ritage africain des esclaves, ainsi que diverses traditions d\u2019autres populations immigr\u00e9es et le legs des tribus autochtones. Au fil du temps, la r\u00e9gion a r\u00e9alis\u00e9 une synth\u00e8se de toute une palette de genres musicaux, notamment le reggae, le compas, le zouk, la salsa, le calypso et le ska, dont la plupart connaissent aujourd\u2019hui une popularit\u00e9 qui va bien au-del\u00e0 des fronti\u00e8res des Cara\u00efbes.<\/p>\n<p>La \u00ab\u00a0Croisi\u00e8re Musicale des Cara\u00efbes\u00a0\u00bb est la plus r\u00e9cente de toutes les S\u00e9ries de concerts Min-On.  La premi\u00e8re \u00e9dition, datant de l\u2019\u00e9t\u00e9 2009, braquait les projecteurs sur un \u00e9ventail de cultures musicales typiques des pays de la r\u00e9gion. Min-On a invit\u00e9 sur la sc\u00e8ne japonaise le groupe ha\u00eftien Mini All Stars pour une pr\u00e9sentation enthousiaste et pleine de vitalit\u00e9 du compas \u2013 genre musical typique d\u2019Ha\u00efti.<\/p>\n<p>La \u00ab\u00a0destination\u00a0\u00bb de la deuxi\u00e8me Croisi\u00e8re Musicale des Cara\u00efbes, en \u00e9t\u00e9 2011, \u00e9tait la Jama\u00efque, \u00eele riche d\u2019une culture musicale foisonnante jouissant d\u2019un rayonnement international, et d\u2019une large gamme de genres musicaux, du mento et du ska au rocksteady, sans oublier bien s\u00fbr le reggae. Le Minist\u00e8re de la Jeunesse, des Sports et de la Culture du gouvernement jama\u00efcain a \u00e9t\u00e9 \u00e0 l\u2019origine de la cr\u00e9ation d\u2019un groupe de talentueux artistes jama\u00efcains, les Jamaica Rocks, qu\u2019il a d\u00e9p\u00each\u00e9s en qualit\u00e9 de d\u00e9l\u00e9gation officielle d\u2019\u00e9changes culturels dans vingt-quatre villes du Japon.<\/p>\n<p>[\/et_pb_text][\/et_pb_column][et_pb_column type=\u00a0\u00bb1_2&Prime;][et_pb_text _builder_version=\u00a0\u00bb3.15&Prime;]<\/p>\n<h2>Historique des concerts<\/h2>\n<h4 style=\"padding-top: 4%;\">2009 Premi\u00e8re \u00c9dition<\/h4>\n<p>Mini All Stars d\u2019Ha\u00efti<\/p>\n<p>[\/et_pb_text][et_pb_image _builder_version=\u00a0\u00bb3.15&Prime; src=\u00a0\u00bbhttps:\/\/www.min-on.org\/fr\/wp-content\/uploads\/sites\/7\/2018\/11\/The-Mini-All-Stars-from-Haiti-in-2009.jpg\u00a0\u00bb force_fullwidth=\u00a0\u00bbon\u00a0\u00bb show_in_lightbox=\u00a0\u00bbon\u00a0\u00bb \/][et_pb_text _builder_version=\u00a0\u00bb3.15&Prime;]<\/p>\n<hr style=\"border-top: solid 1px #dbc94d;\">\n<h4 style=\"padding-top: 1%;\">2011 Deuxi\u00e8me \u00c9dition<\/h4>\n<p>Jamaica Rocks de Jama\u00efque<\/p>\n<p>[\/et_pb_text][et_pb_image _builder_version=\u00a0\u00bb3.15&Prime; src=\u00a0\u00bbhttps:\/\/www.min-on.org\/fr\/wp-content\/uploads\/sites\/7\/2018\/11\/Jamaica-Rocks-from-Jamaica-in-2011.jpg\u00a0\u00bb force_fullwidth=\u00a0\u00bbon\u00a0\u00bb show_in_lightbox=\u00a0\u00bbon\u00a0\u00bb \/][et_pb_text _builder_version=\u00a0\u00bb3.15&Prime;]<\/p>\n<hr style=\"border-top: solid 1px #dbc94d;\">\n<h4 style=\"padding-top: 1%;\">2013 Troisi\u00e8me \u00c9dition <\/h4>\n<p>C\u00e9sar L\u00f3pez &amp; Habana Ensemble de Cuba<\/p>\n<p>[\/et_pb_text][et_pb_image _builder_version=\u00a0\u00bb3.15&Prime; src=\u00a0\u00bbhttps:\/\/www.min-on.org\/fr\/wp-content\/uploads\/sites\/7\/2018\/11\/CESAR-LOPEZ-HAVANA-ENSEMBLE-in-2013.jpg\u00a0\u00bb force_fullwidth=\u00a0\u00bbon\u00a0\u00bb show_in_lightbox=\u00a0\u00bbon\u00a0\u00bb \/][\/et_pb_column][\/et_pb_row][\/et_pb_section][et_pb_section bb_built=\u00a0\u00bb1&Prime; admin_label=\u00a0\u00bbRelated Articles\u00a0\u00bb specialty=\u00a0\u00bboff\u00a0\u00bb _builder_version=\u00a0\u00bb3.15&Prime; custom_padding=\u00a0\u00bb0px|||\u00a0\u00bb disabled_on=\u00a0\u00bbon|on|on\u00a0\u00bb disabled=\u00a0\u00bbon\u00a0\u00bb collapsed=\u00a0\u00bbon\u00a0\u00bb prev_background_color=\u00a0\u00bb#000000&Prime;][et_pb_row _builder_version=\u00a0\u00bb3.11&Prime; custom_padding=\u00a0\u00bb0px|||\u00a0\u00bb][et_pb_column type=\u00a0\u00bb4_4&Prime;][et_pb_text _builder_version=\u00a0\u00bb3.12&Prime;]<\/p>\n<h1 style=\"line-height: 36px;\">Related Articles<\/h1>\n<p>[\/et_pb_text][\/et_pb_column][\/et_pb_row][et_pb_row _builder_version=\u00a0\u00bb3.12&Prime; custom_padding=\u00a0\u00bb|1.5%||1.5%\u00a0\u00bb][et_pb_column type=\u00a0\u00bb4_4&Prime;][et_pb_blog _builder_version=\u00a0\u00bb3.15&Prime; posts_number=\u00a0\u00bb3&Prime; fullwidth=\u00a0\u00bboff\u00a0\u00bb show_pagination=\u00a0\u00bboff\u00a0\u00bb include_categories=\u00a0\u00bb405&Prime; \/][\/et_pb_column][\/et_pb_row][\/et_pb_section]<\/p>\n","protected":false},"excerpt":{"rendered":"<p>S\u00c9RIE CARA\u00cfBES Les cultures musicales de la r\u00e9gion des Cara\u00efbes sont aussi riches que vari\u00e9es. Chaque \u00eele, chaque pays, poss\u00e8de son identit\u00e9 culturelle propre, fa\u00e7onn\u00e9e par une histoire o\u00f9 s\u2019entrem\u00ealent les influences europ\u00e9ennes de son pass\u00e9 colonial, l\u2019h\u00e9ritage africain des esclaves, ainsi que diverses traditions d\u2019autres populations immigr\u00e9es et le legs des tribus autochtones. Au [&hellip;]<\/p>\n","protected":false},"author":1,"featured_media":0,"parent":0,"menu_order":0,"comment_status":"closed","ping_status":"closed","template":"","meta":{"_et_pb_use_builder":"on","_et_pb_old_content":"","_et_gb_content_width":"","footnotes":""},"categories":[],"tags":[],"distributor_meta":false,"distributor_terms":false,"distributor_media":false,"distributor_original_site_name":"French - Min-On Website","distributor_original_site_url":"https:\/\/www.min-on.org\/fr","_links":{"self":[{"href":"https:\/\/www.min-on.org\/fr\/wp-json\/wp\/v2\/pages\/3184"}],"collection":[{"href":"https:\/\/www.min-on.org\/fr\/wp-json\/wp\/v2\/pages"}],"about":[{"href":"https:\/\/www.min-on.org\/fr\/wp-json\/wp\/v2\/types\/page"}],"author":[{"embeddable":true,"href":"https:\/\/www.min-on.org\/fr\/wp-json\/wp\/v2\/users\/1"}],"replies":[{"embeddable":true,"href":"https:\/\/www.min-on.org\/fr\/wp-json\/wp\/v2\/comments?post=3184"}],"version-history":[{"count":19,"href":"https:\/\/www.min-on.org\/fr\/wp-json\/wp\/v2\/pages\/3184\/revisions"}],"predecessor-version":[{"id":8009,"href":"https:\/\/www.min-on.org\/fr\/wp-json\/wp\/v2\/pages\/3184\/revisions\/8009"}],"wp:attachment":[{"href":"https:\/\/www.min-on.org\/fr\/wp-json\/wp\/v2\/media?parent=3184"}],"wp:term":[{"taxonomy":"category","embeddable":true,"href":"https:\/\/www.min-on.org\/fr\/wp-json\/wp\/v2\/categories?post=3184"},{"taxonomy":"post_tag","embeddable":true,"href":"https:\/\/www.min-on.org\/fr\/wp-json\/wp\/v2\/tags?post=3184"}],"curies":[{"name":"wp","href":"https:\/\/api.w.org\/{rel}","templated":true}]}}