{"id":3168,"date":"2018-07-08T08:23:25","date_gmt":"2018-07-08T08:23:25","guid":{"rendered":"http:\/\/59.106.140.197\/?page_id=3168"},"modified":"2018-11-03T11:24:23","modified_gmt":"2018-11-03T11:24:23","slug":"marine-road-series","status":"publish","type":"page","link":"https:\/\/www.min-on.org\/fr\/marine-road-series\/","title":{"rendered":"S\u00c9RIE ROUTE MARITIME DE LA SOIE"},"content":{"rendered":"<p>[et_pb_section bb_built=\u00a0\u00bb1&Prime; next_background_color=\u00a0\u00bb#000000&Prime; _builder_version=\u00a0\u00bb3.11&Prime; custom_padding=\u00a0\u00bb||3% !important|\u00a0\u00bb][et_pb_row _builder_version=\u00a0\u00bb3.11&Prime; custom_padding=\u00a0\u00bb0px|||\u00a0\u00bb][et_pb_column type=\u00a0\u00bb4_4&Prime;][et_pb_text _builder_version=\u00a0\u00bb3.15&Prime;]<\/p>\n<h1 style=\"line-height: 36px;\">S\u00c9RIE ROUTE MARITIME DE LA SOIE<\/h1>\n<p>[\/et_pb_text][\/et_pb_column][\/et_pb_row][et_pb_row _builder_version=\u00a0\u00bb3.11&Prime; custom_padding=\u00a0\u00bb||4%|\u00a0\u00bb][et_pb_column type=\u00a0\u00bb4_4&Prime;][et_pb_image _builder_version=\u00a0\u00bb3.12&Prime; src=\u00a0\u00bbhttps:\/\/www.min-on.org\/wp-content\/uploads\/sites\/7\/2018\/08\/main-image-marine-road-series.jpg\u00a0\u00bb force_fullwidth=\u00a0\u00bbon\u00a0\u00bb show_bottom_space=\u00a0\u00bboff\u00a0\u00bb \/][\/et_pb_column][\/et_pb_row][et_pb_row][et_pb_column type=\u00a0\u00bb4_4&Prime;][et_pb_text _builder_version=\u00a0\u00bb3.15&Prime;]<\/p>\n<p>La Route de la Soie historique avait pour fonction de permettre des \u00e9changes commerciaux terrestres entre la Chine, d\u2019une part, et l\u2019Asie du Sud, de l\u2019Ouest, l\u2019Europe, et l\u2019Afrique du nord, de l\u2019autre, en passant par l\u2019Asie Centrale.  De m\u00eame, il existait une Route de la Soie Maritime, d\u00e9nomm\u00e9e aussi tout simplement \u00ab\u00a0Route Maritime\u00a0\u00bb, un passage par mer emprunt\u00e9 depuis des temps anciens pour le commerce et les \u00e9changes culturels entre Orient et Occident.  La Route de la Soie Maritime avait d\u2019ailleurs \u00e9t\u00e9 \u00e9tablie avant la route terrestre.  C\u2019est la plus ancienne route commerciale maritime au monde et l\u2019art\u00e8re principale des anciennes voies maritimes de la mer de Chine m\u00e9ridionale menant jusqu\u2019aux pays d\u2019Asie du Sud-est en passant par le d\u00e9troit de Malacca, entre la P\u00e9ninsule malaise et les \u00eeles de l\u2019Indon\u00e9sie, pour atteindre le Sri Lanka et l\u2019Inde dans l\u2019Oc\u00e9an indien, puis, plus loin, le golfe Persique et la Mer rouge, avant de toucher les rives de l\u2019Afrique et de l\u2019Empire romain en Europe.<\/p>\n<p>En 1984, Min-On a initi\u00e9 une s\u00e9rie de concerts d\u2019\u00e9changes culturels intitul\u00e9e \u00ab\u00a0Voyage Musical le long de la Route Maritime\u00a0\u00bb, invitant plus de 200 musiciens et artistes de spectacle originaires de huit pays d\u2019Asie du Sud-est \u00e0 se produire sur sc\u00e8ne dans tout l\u2019Archipel. Ces interpr\u00e9tations ont recueilli un vif succ\u00e8s aupr\u00e8s du public pour avoir r\u00e9ussi \u00e0 retracer l\u2019\u00e9volution de la culture musicale en se r\u00e9f\u00e9rant \u00e0 l\u2019histoire des \u00e9changes culturels le long de la Route de la Soie Maritime.<\/p>\n<p>[\/et_pb_text][\/et_pb_column][\/et_pb_row][\/et_pb_section][et_pb_section bb_built=\u00a0\u00bb1&Prime; specialty=\u00a0\u00bboff\u00a0\u00bb prev_background_color=\u00a0\u00bb#000000&Prime; _builder_version=\u00a0\u00bb3.7&Prime; custom_padding=\u00a0\u00bb0px|||\u00a0\u00bb next_background_color=\u00a0\u00bb#000000&Prime;][et_pb_row _builder_version=\u00a0\u00bb3.7&Prime; custom_css_main_1=\u00a0\u00bbcontent:%22%22;||    display:table;||    clear:both;\u00a0\u00bb disabled_on=\u00a0\u00bbon|on|on\u00a0\u00bb disabled=\u00a0\u00bbon\u00a0\u00bb collapsed=\u00a0\u00bbon\u00a0\u00bb][et_pb_column type=\u00a0\u00bb1_2&Prime;][et_pb_text _builder_version=\u00a0\u00bb3.15&Prime; custom_css_main_element=\u00a0\u00bbfloat: left;||width: 45%;\u00a0\u00bb module_class=\u00a0\u00bbclearfix\u00a0\u00bb]<\/p>\n<p><img loading=\"lazy\" decoding=\"async\" style=\"width: 100%;\" src=\"https:\/\/www.min-on.org\/wp-content\/uploads\/sites\/7\/2011\/09\/thumbnail-marine-road-series4.jpg\" alt=\"The Malaysia National Dance Group in 1986\" width=\"200\" height=\"132\" class=\"alignnone size-full wp-image-758\"><br \/>\nGroupe National de Danse de Malaisie en 1986<\/p>\n<p>[\/et_pb_text][et_pb_text _builder_version=\u00a0\u00bb3.15&Prime; custom_css_main_element=\u00a0\u00bbfloat: right;||width: 45%;||\u00a0\u00bb custom_css_after=\u00a0\u00bb   content: %22 %22; \/* Older browser do not support empty content *\/||   visibility: hidden;||   display: block;||   height: 0;||   clear: both;||\u00a0\u00bb]<\/p>\n<p><img loading=\"lazy\" decoding=\"async\" style=\"width: 100%;\" src=\"https:\/\/www.min-on.org\/wp-content\/uploads\/sites\/7\/2011\/09\/thumbnail-marine-road-series2.jpg\" alt=\"The Ramon Obusan Folkloric Dance Troupe of the Philippines in 1990\" width=\"200\" height=\"132\" class=\"alignnone size-full wp-image-759\"><br \/>\nTroupe de Danse folklorique Ramon Obusan, Philippines, en 1990<\/p>\n<p>[\/et_pb_text][et_pb_code _builder_version=\u00a0\u00bb3.7&Prime; custom_padding=\u00a0\u00bb0px||0px|\u00a0\u00bb custom_margin=\u00a0\u00bb0px||0px|\u00a0\u00bb]&lt;div style=&quot;clear: both;&quot;&gt;&lt;\/div&gt; &lt;!&#8211; Clear the float &#8211;&gt;[\/et_pb_code][et_pb_text _builder_version=\u00a0\u00bb3.15&Prime; custom_css_main_element=\u00a0\u00bbfloat: left;||width: 45%;\u00a0\u00bb module_class=\u00a0\u00bbclearfix\u00a0\u00bb]<\/p>\n<p><img loading=\"lazy\" decoding=\"async\" style=\"width: 100%;\" src=\"https:\/\/www.min-on.org\/wp-content\/uploads\/sites\/7\/2011\/09\/thumbnail-marine-road-series3.jpg\" alt=\"The Myanmar National Theater Dance Ensemble in 1992\u201d in 1991-2\" width=\"200\" height=\"132\" class=\"alignnone size-full wp-image-764\"><br \/>\nEnsemble de Danse du Th\u00e9\u00e2tre National du Myanmar en 1992<\/p>\n<p>[\/et_pb_text][et_pb_code _builder_version=\u00a0\u00bb3.7&Prime; custom_padding=\u00a0\u00bb0px||0px|\u00a0\u00bb custom_margin=\u00a0\u00bb0px||0px|\u00a0\u00bb]&lt;div style=&quot;clear: both;&quot;&gt;&lt;\/div&gt; &lt;!&#8211; Clear the float &#8211;&gt;[\/et_pb_code][\/et_pb_column][et_pb_column type=\u00a0\u00bb1_2&Prime;][et_pb_text _builder_version=\u00a0\u00bb3.15&Prime;]<\/p>\n<h2>S\u00e9rie Voyage Musical le long de la Route Maritime<\/h2>\n<h4 style=\"padding-top: 4%;\">1\u00e8re \u00c9dition, 1984<\/h4>\n<p>Groupe de Danse national de Tha\u00eflande <\/p>\n<hr style=\"border-top: solid 1px #dbc94d;\">\n<h4 style=\"padding-top: 1%;\">2e \u00c9dition, 1986<\/h4>\n<p>Groupe de Danse national de Malaisie<\/p>\n<hr style=\"border-top: solid 1px #dbc94d;\">\n<h4 style=\"padding-top: 1%;\">3e \u00c9dition, 1988<\/h4>\n<p>Groupe de Danse soundanais d\u2019Indon\u00e9sie<\/p>\n<hr style=\"border-top: solid 1px #dbc94d;\">\n<h4 style=\"padding-top: 1%;\">4e \u00c9dition, 1990<\/h4>\n<p>Troupe de Danse folklorique Ramon Obusan, Philippines<\/p>\n<hr style=\"border-top: solid 1px #dbc94d;\">\n<h4 style=\"padding-top: 1%;\">5e \u00c9dition, 1992<\/h4>\n<p>Ensemble de Danse du Th\u00e9\u00e2tre National du Myanmar<\/p>\n<hr style=\"border-top: solid 1px #dbc94d;\">\n<h4 style=\"padding-top: 1%;\">6e \u00c9dition, 1994<\/h4>\n<p>Troupe Nationale de Danse folklorique <\/p>\n<hr style=\"border-top: solid 1px #dbc94d;\">\n<h4 style=\"padding-top: 1%;\">7e \u00c9dition, 1996<\/h4>\n<p>Ensemble touriste Phu Dong de Sa\u00efgon et Ensemble de Ca Hu\u00ea (Chant de Hu\u00ea) du Vietnam<\/p>\n<hr style=\"border-top: solid 1px #dbc94d;\">\n<h4 style=\"padding-top: 1%;\">8e \u00c9dition, 1998<\/h4>\n<p>Troupe de Danse Budawatta du Sri Lanka<\/p>\n<p>[\/et_pb_text][\/et_pb_column][\/et_pb_row][et_pb_row _builder_version=\u00a0\u00bb3.15&Prime; use_custom_gutter=\u00a0\u00bbon\u00a0\u00bb gutter_width=\u00a0\u00bb2&Prime; make_equal=\u00a0\u00bbon\u00a0\u00bb module_class=\u00a0\u00bbfloatRow\u00a0\u00bb][et_pb_column type=\u00a0\u00bb1_4&Prime;][et_pb_image _builder_version=\u00a0\u00bb3.15&Prime; force_fullwidth=\u00a0\u00bbon\u00a0\u00bb show_bottom_space=\u00a0\u00bboff\u00a0\u00bb src=\u00a0\u00bbhttps:\/\/www.min-on.org\/wp-content\/uploads\/sites\/7\/2011\/09\/thumbnail-marine-road-series4.jpg\u00a0\u00bb \/][et_pb_text _builder_version=\u00a0\u00bb3.15&Prime;]<\/p>\n<p>Groupe National de Danse de Malaisie en 1986<\/p>\n<p>[\/et_pb_text][et_pb_image _builder_version=\u00a0\u00bb3.15&Prime; force_fullwidth=\u00a0\u00bbon\u00a0\u00bb show_bottom_space=\u00a0\u00bboff\u00a0\u00bb src=\u00a0\u00bbhttps:\/\/www.min-on.org\/wp-content\/uploads\/sites\/7\/2011\/09\/thumbnail-marine-road-series3.jpg\u00a0\u00bb \/][et_pb_text _builder_version=\u00a0\u00bb3.15&Prime;]<\/p>\n<p>Ensemble de Danse du Th\u00e9\u00e2tre National du Myanmar en 1992<\/p>\n<p>[\/et_pb_text][\/et_pb_column][et_pb_column type=\u00a0\u00bb1_4&Prime;][et_pb_image _builder_version=\u00a0\u00bb3.15&Prime; force_fullwidth=\u00a0\u00bbon\u00a0\u00bb show_bottom_space=\u00a0\u00bboff\u00a0\u00bb src=\u00a0\u00bbhttps:\/\/www.min-on.org\/wp-content\/uploads\/sites\/7\/2011\/09\/thumbnail-marine-road-series2.jpg\u00a0\u00bb \/][et_pb_text _builder_version=\u00a0\u00bb3.15&Prime;]<\/p>\n<p>Troupe de Danse folklorique Ramon Obusan, Philippines, en 1990<\/p>\n<p>[\/et_pb_text][\/et_pb_column][et_pb_column type=\u00a0\u00bb1_2&Prime;][et_pb_text _builder_version=\u00a0\u00bb3.15&Prime;]<\/p>\n<h2>S\u00e9rie Voyage Musical le long de la Route Maritime<\/h2>\n<h4 style=\"padding-top: 4%;\">1\u00e8re \u00c9dition, 1984<\/h4>\n<p>Groupe de Danse national de Tha\u00eflande <\/p>\n<hr style=\"border-top: solid 1px #dbc94d;\">\n<h4 style=\"padding-top: 1%;\">2e \u00c9dition, 1986<\/h4>\n<p>Groupe de Danse national de Malaisie<\/p>\n<hr style=\"border-top: solid 1px #dbc94d;\">\n<h4 style=\"padding-top: 1%;\">3e \u00c9dition, 1988<\/h4>\n<p>Groupe de Danse soundanais d\u2019Indon\u00e9sie<\/p>\n<hr style=\"border-top: solid 1px #dbc94d;\">\n<h4 style=\"padding-top: 1%;\">4e \u00c9dition, 1990<\/h4>\n<p>Troupe de Danse folklorique Ramon Obusan, Philippines<\/p>\n<hr style=\"border-top: solid 1px #dbc94d;\">\n<h4 style=\"padding-top: 1%;\">5e \u00c9dition, 1992<\/h4>\n<p>Ensemble de Danse du Th\u00e9\u00e2tre National du Myanmar<\/p>\n<hr style=\"border-top: solid 1px #dbc94d;\">\n<h4 style=\"padding-top: 1%;\">6e \u00c9dition, 1994<\/h4>\n<p>Troupe Nationale de Danse folklorique <\/p>\n<hr style=\"border-top: solid 1px #dbc94d;\">\n<h4 style=\"padding-top: 1%;\">7e \u00c9dition, 1996<\/h4>\n<p>Ensemble touriste Phu Dong de Sa\u00efgon et Ensemble de Ca Hu\u00ea (Chant de Hu\u00ea) du Vietnam<\/p>\n<hr style=\"border-top: solid 1px #dbc94d;\">\n<h4 style=\"padding-top: 1%;\">8e \u00c9dition, 1998<\/h4>\n<p>Troupe de Danse Budawatta du Sri Lanka<\/p>\n<p>[\/et_pb_text][\/et_pb_column][\/et_pb_row][\/et_pb_section][et_pb_section bb_built=\u00a0\u00bb1&Prime; admin_label=\u00a0\u00bbRelated Articles\u00a0\u00bb specialty=\u00a0\u00bboff\u00a0\u00bb _builder_version=\u00a0\u00bb3.15&Prime; custom_padding=\u00a0\u00bb0px|||\u00a0\u00bb disabled_on=\u00a0\u00bbon|on|on\u00a0\u00bb disabled=\u00a0\u00bbon\u00a0\u00bb collapsed=\u00a0\u00bbon\u00a0\u00bb prev_background_color=\u00a0\u00bb#000000&Prime;][et_pb_row _builder_version=\u00a0\u00bb3.11&Prime; custom_padding=\u00a0\u00bb0px|||\u00a0\u00bb][et_pb_column type=\u00a0\u00bb4_4&Prime;][et_pb_text _builder_version=\u00a0\u00bb3.12&Prime;]<\/p>\n<h1 style=\"line-height: 36px;\">Related Articles<\/h1>\n<p>[\/et_pb_text][\/et_pb_column][\/et_pb_row][et_pb_row _builder_version=\u00a0\u00bb3.12&Prime; custom_padding=\u00a0\u00bb|1.5%||1.5%\u00a0\u00bb][et_pb_column type=\u00a0\u00bb4_4&Prime;][et_pb_blog _builder_version=\u00a0\u00bb3.15&Prime; posts_number=\u00a0\u00bb3&Prime; fullwidth=\u00a0\u00bboff\u00a0\u00bb show_pagination=\u00a0\u00bboff\u00a0\u00bb include_categories=\u00a0\u00bb406&Prime; \/][\/et_pb_column][\/et_pb_row][\/et_pb_section]<\/p>\n","protected":false},"excerpt":{"rendered":"<p>S\u00c9RIE ROUTE MARITIME DE LA SOIE <div class=\"et_pb_row et_pb_row_0 et_pb_row_empty\">\n\t\t\t\t\n\t\t\t\t\n\t\t\t\t\n\t\t\t\t\n\t\t\t\t\n\t\t\t<\/div> La Route de la Soie historique avait pour fonction de permettre des \u00e9changes commerciaux terrestres entre la Chine, d\u2019une part, et l\u2019Asie du Sud, de l\u2019Ouest, l\u2019Europe, et l\u2019Afrique du nord, de l\u2019autre, en passant par l\u2019Asie Centrale. De m\u00eame, il existait une Route de la Soie Maritime, [&hellip;]<\/p>\n","protected":false},"author":1,"featured_media":0,"parent":0,"menu_order":0,"comment_status":"closed","ping_status":"closed","template":"","meta":{"_et_pb_use_builder":"on","_et_pb_old_content":"","_et_gb_content_width":"","footnotes":""},"categories":[],"tags":[],"distributor_meta":false,"distributor_terms":false,"distributor_media":false,"distributor_original_site_name":"French - Min-On Website","distributor_original_site_url":"https:\/\/www.min-on.org\/fr","_links":{"self":[{"href":"https:\/\/www.min-on.org\/fr\/wp-json\/wp\/v2\/pages\/3168"}],"collection":[{"href":"https:\/\/www.min-on.org\/fr\/wp-json\/wp\/v2\/pages"}],"about":[{"href":"https:\/\/www.min-on.org\/fr\/wp-json\/wp\/v2\/types\/page"}],"author":[{"embeddable":true,"href":"https:\/\/www.min-on.org\/fr\/wp-json\/wp\/v2\/users\/1"}],"replies":[{"embeddable":true,"href":"https:\/\/www.min-on.org\/fr\/wp-json\/wp\/v2\/comments?post=3168"}],"version-history":[{"count":27,"href":"https:\/\/www.min-on.org\/fr\/wp-json\/wp\/v2\/pages\/3168\/revisions"}],"predecessor-version":[{"id":8036,"href":"https:\/\/www.min-on.org\/fr\/wp-json\/wp\/v2\/pages\/3168\/revisions\/8036"}],"wp:attachment":[{"href":"https:\/\/www.min-on.org\/fr\/wp-json\/wp\/v2\/media?parent=3168"}],"wp:term":[{"taxonomy":"category","embeddable":true,"href":"https:\/\/www.min-on.org\/fr\/wp-json\/wp\/v2\/categories?post=3168"},{"taxonomy":"post_tag","embeddable":true,"href":"https:\/\/www.min-on.org\/fr\/wp-json\/wp\/v2\/tags?post=3168"}],"curies":[{"name":"wp","href":"https:\/\/api.w.org\/{rel}","templated":true}]}}