{"id":3148,"date":"2018-07-06T13:47:30","date_gmt":"2018-07-06T13:47:30","guid":{"rendered":"http:\/\/59.106.140.197\/?page_id=3148"},"modified":"2018-12-04T01:49:21","modified_gmt":"2018-12-04T01:49:21","slug":"silk-road-series","status":"publish","type":"page","link":"https:\/\/www.min-on.org\/fr\/silk-road-series\/","title":{"rendered":"S\u00c9RIE ROUTE DE LA SOIE"},"content":{"rendered":"<p>[et_pb_section bb_built=\u00a0\u00bb1&Prime; next_background_color=\u00a0\u00bb#000000&Prime; _builder_version=\u00a0\u00bb3.11&Prime; custom_padding=\u00a0\u00bb||3% !important|\u00a0\u00bb][et_pb_row _builder_version=\u00a0\u00bb3.11&Prime; custom_padding=\u00a0\u00bb0px|||\u00a0\u00bb][et_pb_column type=\u00a0\u00bb4_4&Prime;][et_pb_text _builder_version=\u00a0\u00bb3.15&Prime;]<\/p>\n<h1 style=\"line-height: 36px;\">S\u00c9RIE ROUTE DE LA SOIE<\/h1>\n<p>[\/et_pb_text][\/et_pb_column][\/et_pb_row][et_pb_row _builder_version=\u00a0\u00bb3.11&Prime; custom_padding=\u00a0\u00bb||4%|\u00a0\u00bb][et_pb_column type=\u00a0\u00bb4_4&Prime;][et_pb_image _builder_version=\u00a0\u00bb3.12&Prime; src=\u00a0\u00bbhttps:\/\/www.min-on.org\/wp-content\/uploads\/sites\/7\/2018\/08\/main-image-silk-road-series-1.jpg\u00a0\u00bb force_fullwidth=\u00a0\u00bbon\u00a0\u00bb show_bottom_space=\u00a0\u00bboff\u00a0\u00bb \/][\/et_pb_column][\/et_pb_row][et_pb_row][et_pb_column type=\u00a0\u00bb4_4&Prime;][et_pb_text _builder_version=\u00a0\u00bb3.15&Prime; module_class=\u00a0\u00bbtopExtraQuote\u00a0\u00bb]<\/p>\n<h2>\u00ab\u00a0La culture est \u00e9galement une entreprise humaine fondamentale qui abolit les distances et r\u00e9sonne dans le c\u0153ur de tous les peuples. Cette sympathie, ces liens de c\u0153ur \u00e0 c\u0153ur, sont le fondement de la culture et le point de d\u00e9part des \u00e9changes culturels.<\/h2>\n<h2>Tandis que le pouvoir militaire menace l\u2019humanit\u00e9 et impose son contr\u00f4le de l\u2019ext\u00e9rieur, la culture na\u00eet de l\u2019esprit des hommes et exerce une force lib\u00e9ratrice.<\/h2>\n<h2>\u00c0 aucun moment de l\u2019Histoire, il n\u2019y a eu plus grand besoin d\u2019une sorte de \u00ab\u00a0Route de la Soie\u00a0\u00bb spirituelle qui couvrirait la plan\u00e8te enti\u00e8re\u00a0; elle transcenderait les barri\u00e8res nationales et id\u00e9ologiques et unirait les peuples au niveau le plus profond.<\/h2>\n<h2>Les \u00e9changes culturels peuvent rassembler les \u00eatres humains du monde entier. Les \u00e9changes peuvent \u00eatre comme des cordes d\u2019un luth \u00e9veillant une vibration harmonieuse dans le c\u0153ur de tous. Toutefois, une telle harmonie ne peut exister sans une ferme reconnaissance d\u2019\u00e9galit\u00e9 mutuelle.\u00a0\u00bb\u00a0<span style=\"font-size: 17px; font-weight: bold;\">\u2014 Daisaku Ikeda<\/span><\/h2>\n<p>[\/et_pb_text][et_pb_text _builder_version=\u00a0\u00bb3.15&Prime;]<\/p>\n<p>Ces passages sont extraits d\u2019une allocution intitul\u00e9e \u00ab\u00a0Une Nouvelle Route pour les \u00c9changes Culturels entre Orient et Occident\u00a0\u00bb , prononc\u00e9e par le fondateur de Min-On, M. Daisaku Ikeda, \u00e0 l\u2019Universit\u00e9 d\u2019\u00c9tat de Moscou en mai 1975.<\/p>\n<p>\u00c0 titre de premier pas vers la r\u00e9alisation de cette \u00ab\u00a0Route de la Soie spirituelle\u00a0\u00bb dont il \u00e9tait question dans le discours cit\u00e9 plus haut, deux ans plus tard, en 1977, Min-On a envoy\u00e9 une d\u00e9l\u00e9gation de chercheurs sur le folklore musical de la Route de la Soie, charg\u00e9s de mener une \u00e9tude sur la musique et la danse des pays du Moyen-Orient et d\u2019Asie situ\u00e9s le long de la Route de la Soie. Sur la base de ces recherches, Min-On a lanc\u00e9 une s\u00e9rie de concerts intitul\u00e9e \u00ab\u00a0Voyage Musical le long de la Route de la Soie\u00a0\u00bb . Pour la premi\u00e8re \u00c9dition, l\u2019Association a r\u00e9uni sur une m\u00eame sc\u00e8ne japonaise, dans le cadre de repr\u00e9sentations communes, des musiciens et artistes venus de Mongolie, d\u2019ex-URSS, d\u2019Afghanistan, du Pakistan, d\u2019Inde, et du N\u00e9pal. Depuis lors, 11 \u00e9ditions se sont succ\u00e9d\u00e9, chacune offrant d\u2019\u00e9blouissantes performances illustrant les \u00e9changes culturels Est-Ouest, par-del\u00e0 les barri\u00e8res nationales, ethniques et linguistiques. \u00c0 ce jour, plus de 400 musiciens et danseurs originaires de 23 pays situ\u00e9s sur l\u2019ancienne Route de la Soie ont particip\u00e9 \u00e0 cette S\u00e9rie, contribuant \u00e0 cr\u00e9er un environnement \u00e0 la fois amical et harmonieux dans les salles de concert de l\u2019Archipel japonais.<\/p>\n<p>[\/et_pb_text][\/et_pb_column][\/et_pb_row][\/et_pb_section][et_pb_section bb_built=\u00a0\u00bb1&Prime; specialty=\u00a0\u00bboff\u00a0\u00bb prev_background_color=\u00a0\u00bb#000000&Prime; _builder_version=\u00a0\u00bb3.7&Prime; custom_padding=\u00a0\u00bb0px|||\u00a0\u00bb next_background_color=\u00a0\u00bb#000000&Prime;][et_pb_row _builder_version=\u00a0\u00bb3.7&Prime; custom_css_main_1=\u00a0\u00bbcontent:%22%22;|| display:table;|| clear:both;\u00a0\u00bb disabled_on=\u00a0\u00bbon|on|on\u00a0\u00bb disabled=\u00a0\u00bbon\u00a0\u00bb collapsed=\u00a0\u00bbon\u00a0\u00bb][et_pb_column type=\u00a0\u00bb1_2&Prime;][et_pb_text _builder_version=\u00a0\u00bb3.15&Prime; custom_css_main_element=\u00a0\u00bbfloat: left;||width: 45%;\u00a0\u00bb module_class=\u00a0\u00bbclearfix\u00a0\u00bb]<\/p>\n<p><img loading=\"lazy\" decoding=\"async\" class=\"alignnone size-full wp-image-758\" style=\"width: 100%;\" src=\"https:\/\/www.min-on.org\/wp-content\/uploads\/sites\/7\/2011\/09\/thumbnail-steppe-and-oasis-road-from-afar.jpg\" alt=\"Steppe and Oasis Road from Afar\" width=\"200\" height=\"132\" \/><br \/>\n5e \u00c9dition : \u00ab La Steppe et la Route des Oasis lointains \u00bb en 1987<\/p>\n<p>[\/et_pb_text][et_pb_text _builder_version=\u00a0\u00bb3.15&Prime; custom_css_main_element=\u00a0\u00bbfloat: right;||width: 45%;||\u00a0\u00bb custom_css_after=\u00a0\u00bb content: %22 %22; \/* Older browser do not support empty content *\/|| visibility: hidden;|| display: block;|| height: 0;|| clear: both;||\u00a0\u00bb]<\/p>\n<p><img loading=\"lazy\" decoding=\"async\" class=\"alignnone size-full wp-image-759\" style=\"width: 100%;\" src=\"https:\/\/www.min-on.org\/wp-content\/uploads\/sites\/7\/2011\/09\/thumbnail-mediterranean.jpg\" alt=\"A Long Way of Music to the Mediterranean Sea\" width=\"200\" height=\"132\" \/><br \/>\n7e \u00c9dition : \u00ab Le Long P\u00e9riple de la Musique jusqu\u2019\u00e0 la M\u00e9diterran\u00e9e \u00bb en 1991<\/p>\n<p>[\/et_pb_text][et_pb_code _builder_version=\u00a0\u00bb3.7&Prime; custom_padding=\u00a0\u00bb0px||0px|\u00a0\u00bb custom_margin=\u00a0\u00bb0px||0px|\u00a0\u00bb]&lt;div style=&quot;clear: both;&quot;&gt;&lt;\/div&gt; &lt;!&#8211; Clear the float &#8211;&gt;[\/et_pb_code][et_pb_text _builder_version=\u00a0\u00bb3.15&Prime; custom_css_main_element=\u00a0\u00bbfloat: left;||width: 45%;\u00a0\u00bb module_class=\u00a0\u00bbclearfix\u00a0\u00bb]<\/p>\n<p><img loading=\"lazy\" decoding=\"async\" class=\"alignnone size-full wp-image-764\" style=\"width: 100%;\" src=\"https:\/\/www.min-on.org\/wp-content\/uploads\/sites\/7\/2011\/09\/thumbnail-silk-road_2.jpg\" alt=\"7th Installment \u201cA Long Way of Music to the Mediterranean Sea\u201d in 1991-2\" width=\"200\" height=\"132\" \/><br \/>\n7e \u00c9dition : \u00ab Le Long P\u00e9riple de la Musique jusqu\u2019\u00e0 la M\u00e9diterran\u00e9e \u00bb en 1991 \u2013 1992<\/p>\n<p>[\/et_pb_text][et_pb_text _builder_version=\u00a0\u00bb3.15&Prime; custom_css_main_element=\u00a0\u00bbfloat: right;||width: 45%;\u00a0\u00bb]<\/p>\n<p><img loading=\"lazy\" decoding=\"async\" class=\"alignnone size-full wp-image-761\" style=\"width: 100%;\" src=\"https:\/\/www.min-on.org\/wp-content\/uploads\/sites\/7\/2011\/09\/thumbnail-roads-of-distant-heroes.jpg\" alt=\"9th Installment \u201cRoads of Distant Heroes\u201d in 1995\" width=\"200\" height=\"132\" \/><br \/>\n9e \u00c9dition : \u00ab Routes des H\u00e9ros lointains \u00bb en 1995<\/p>\n<p>[\/et_pb_text][et_pb_code _builder_version=\u00a0\u00bb3.7&Prime; custom_padding=\u00a0\u00bb0px||0px|\u00a0\u00bb custom_margin=\u00a0\u00bb0px||0px|\u00a0\u00bb]&lt;div style=&quot;clear: both;&quot;&gt;&lt;\/div&gt; &lt;!&#8211; Clear the float &#8211;&gt;[\/et_pb_code][et_pb_text _builder_version=\u00a0\u00bb3.15&Prime; custom_css_main_element=\u00a0\u00bbfloat: left;||width: 45%;\u00a0\u00bb module_class=\u00a0\u00bbclearfix\u00a0\u00bb]<\/p>\n<p><img loading=\"lazy\" decoding=\"async\" class=\"alignnone size-full wp-image-762\" style=\"width: 100%;\" src=\"https:\/\/www.min-on.org\/wp-content\/uploads\/sites\/7\/2011\/09\/thumbnail-epic-ballad-afar.jpg\" alt=\"Korean Performance in 8th Installment in 1993\" width=\"200\" height=\"132\" \/><br \/>\nInterpr\u00e8tes cor\u00e9ens lors de la 8e \u00c9dition en 1993<\/p>\n<p>[\/et_pb_text][et_pb_code _builder_version=\u00a0\u00bb3.7&Prime; custom_padding=\u00a0\u00bb0px||0px|\u00a0\u00bb custom_margin=\u00a0\u00bb0px||0px|\u00a0\u00bb]&lt;div style=&quot;clear: both;&quot;&gt;&lt;\/div&gt; &lt;!&#8211; Clear the float &#8211;&gt;[\/et_pb_code][\/et_pb_column][et_pb_column type=\u00a0\u00bb1_2&Prime;][et_pb_text _builder_version=\u00a0\u00bb3.15&Prime;]<\/p>\n<h2>Voyage Musical le long de la Route de la Soie<\/h2>\n<h4 style=\"padding-top: 4%;\">1\u00e8re \u00c9dition, juillet 1979<\/h4>\n<p>Artistes venus de Mongolie, d\u2019ex-URSS, d\u2019Afghanistan, du Pakistan, d\u2019Inde et du N\u00e9pal chantant sur le th\u00e8me de concert \u00ab Voix chantant depuis des Contr\u00e9es lointaines \u00bb<\/p>\n<hr style=\"border-top: solid 1px #dbc94d;\" \/>\n<h4 style=\"padding-top: 1%;\">2e \u00c9dition, juillet 1981<\/h4>\n<p>Artistes venus d\u2019Irak, de Chine, du Pakistan et de Roumanie dans un concert intitul\u00e9 \u00ab Heureuse Rencontre d\u2019Instrumentalistes \u00bb<\/p>\n<hr style=\"border-top: solid 1px #dbc94d;\" \/>\n<h4 style=\"padding-top: 1%;\">3e \u00c9dition, juillet 1983<\/h4>\n<p>Artistes venus d\u2019Inde, de Chine et de Turquie dans un concert intitul\u00e9 \u00ab Voie migratoire de la Danse circulaire \u00bb<\/p>\n<hr style=\"border-top: solid 1px #dbc94d;\" \/>\n<h4 style=\"padding-top: 1%;\">4e \u00c9dition, juillet 1985<\/h4>\n<p>Artistes venus d\u2019Ouzb\u00e9kistan, de Mongolie et de Turquie dans un concert intitul\u00e9 \u00ab Le Long Chemin vers la Paix \u00bb<\/p>\n<hr style=\"border-top: solid 1px #dbc94d;\" \/>\n<h4 style=\"padding-top: 1%;\">5e \u00c9dition, juillet 1987<\/h4>\n<p>Artistes venus du Tadjikistan, de Mongolie et de Chine dans un concert intitul\u00e9 \u00ab La Steppe et la Route des Oasis lointains \u00bb<\/p>\n<hr style=\"border-top: solid 1px #dbc94d;\" \/>\n<h4 style=\"padding-top: 1%;\">6e \u00c9dition, mars 1989<\/h4>\n<p>Artistes venus d\u2019Iran, d\u2019Azerba\u00efdjan et de Chine dans un concert intitul\u00e9 \u00ab Le Long P\u00e9riple de la Musique du Caravans\u00e9rail \u00bb<\/p>\n<hr style=\"border-top: solid 1px #dbc94d;\" \/>\n<h4 style=\"padding-top: 1%;\">7e \u00c9dition, mai 1991<\/h4>\n<p>Artistes du Kazakhstan, de Gr\u00e8ce, et d\u2019\u00c9gypte dans un concert intitul\u00e9 \u00ab Le Long P\u00e9riple de la Musique jusqu\u2019\u00e0 la M\u00e9diterran\u00e9e \u00bb<\/p>\n<hr style=\"border-top: solid 1px #dbc94d;\" \/>\n<h4 style=\"padding-top: 1%;\">8e \u00c9dition, mars 1993<\/h4>\n<p>Des artistes repr\u00e9sentant la Cor\u00e9e, le Turkm\u00e9nistan (Ensemble de musique Jamal), le N\u00e9pal (Troupe folklorique du N\u00e9pal), et la Chine (Troupe de chant et de danse de Mongolie int\u00e9rieure), donnent un concert intitul\u00e9 \u00ab Ballades \u00e9piques venues de Contr\u00e9es lointaines \u00bb<\/p>\n<hr style=\"border-top: solid 1px #dbc94d;\" \/>\n<h4 style=\"padding-top: 1%;\">9e \u00c9dition, mars 1995.<\/h4>\n<p>Artistes de Syrie, du Kirghizstan (Ensemble folklorique Kambarkan), et du Pakistan (Ensemble folklorique national), dans des concerts intitul\u00e9s \u00ab Routes des H\u00e9ros lointains \u00bb.<\/p>\n<hr style=\"border-top: solid 1px #dbc94d;\" \/>\n<h4 style=\"padding-top: 1%;\">10e \u00c9dition, mai 2009<\/h4>\n<p>Artistes d\u2019\u00c9gypte, de Gr\u00e8ce et d\u2019Ouzb\u00e9kistan<\/p>\n<p>[\/et_pb_text][\/et_pb_column][\/et_pb_row][et_pb_row _builder_version=\u00a0\u00bb3.15&Prime; use_custom_gutter=\u00a0\u00bbon\u00a0\u00bb gutter_width=\u00a0\u00bb2&Prime; make_equal=\u00a0\u00bbon\u00a0\u00bb module_class=\u00a0\u00bbfloatRow\u00a0\u00bb][et_pb_column type=\u00a0\u00bb1_4&Prime;][et_pb_image _builder_version=\u00a0\u00bb3.15&Prime; force_fullwidth=\u00a0\u00bbon\u00a0\u00bb show_bottom_space=\u00a0\u00bboff\u00a0\u00bb src=\u00a0\u00bbhttps:\/\/www.min-on.org\/wp-content\/uploads\/sites\/7\/2011\/09\/thumbnail-steppe-and-oasis-road-from-afar.jpg\u00a0\u00bb \/][et_pb_text _builder_version=\u00a0\u00bb3.15&Prime;]<\/p>\n<p>5<span style=\"font-size: 70%;\"><sup>e<\/sup><\/span> \u00c9dition : \u00ab La Steppe et la Route des Oasis lointains \u00bb en 1987<\/p>\n<p>[\/et_pb_text][et_pb_image _builder_version=\u00a0\u00bb3.15&Prime; force_fullwidth=\u00a0\u00bbon\u00a0\u00bb show_bottom_space=\u00a0\u00bboff\u00a0\u00bb src=\u00a0\u00bbhttps:\/\/www.min-on.org\/wp-content\/uploads\/sites\/7\/2011\/09\/thumbnail-silk-road_2.jpg\u00a0\u00bb \/][et_pb_text _builder_version=\u00a0\u00bb3.15&Prime;]<\/p>\n<p>7<span style=\"font-size: 70%;\"><sup>e<\/sup><\/span> \u00c9dition : \u00ab Le Long P\u00e9riple de la Musique jusqu\u2019\u00e0 la M\u00e9diterran\u00e9e \u00bb en 1991 \u2013 1992<\/p>\n<p>[\/et_pb_text][et_pb_image _builder_version=\u00a0\u00bb3.15&Prime; force_fullwidth=\u00a0\u00bbon\u00a0\u00bb show_bottom_space=\u00a0\u00bboff\u00a0\u00bb src=\u00a0\u00bbhttps:\/\/www.min-on.org\/wp-content\/uploads\/sites\/7\/2011\/09\/thumbnail-epic-ballad-afar.jpg\u00a0\u00bb \/][et_pb_text _builder_version=\u00a0\u00bb3.15&Prime;]<\/p>\n<p>Interpr\u00e8tes cor\u00e9ens lors de la 8<span style=\"font-size: 70%;\"><sup>e<\/sup><\/span> \u00c9dition en 1993<\/p>\n<p>[\/et_pb_text][\/et_pb_column][et_pb_column type=\u00a0\u00bb1_4&Prime;][et_pb_image _builder_version=\u00a0\u00bb3.15&Prime; force_fullwidth=\u00a0\u00bbon\u00a0\u00bb show_bottom_space=\u00a0\u00bboff\u00a0\u00bb src=\u00a0\u00bbhttps:\/\/www.min-on.org\/wp-content\/uploads\/sites\/7\/2011\/09\/thumbnail-mediterranean.jpg\u00a0\u00bb \/][et_pb_text _builder_version=\u00a0\u00bb3.15&Prime;]<\/p>\n<p>7<span style=\"font-size: 70%;\"><sup>e<\/sup><\/span> \u00c9dition : \u00ab Le Long P\u00e9riple de la Musique jusqu\u2019\u00e0 la M\u00e9diterran\u00e9e \u00bb en 1991<\/p>\n<p>[\/et_pb_text][et_pb_image _builder_version=\u00a0\u00bb3.15&Prime; force_fullwidth=\u00a0\u00bbon\u00a0\u00bb show_bottom_space=\u00a0\u00bboff\u00a0\u00bb src=\u00a0\u00bbhttps:\/\/www.min-on.org\/wp-content\/uploads\/sites\/7\/2011\/09\/thumbnail-roads-of-distant-heroes.jpg\u00a0\u00bb \/][et_pb_text _builder_version=\u00a0\u00bb3.15&Prime;]<\/p>\n<p>9<span style=\"font-size: 70%;\"><sup>e<\/sup><\/span> \u00c9dition : \u00ab Routes des H\u00e9ros lointains \u00bb en 1995<\/p>\n<p>[\/et_pb_text][\/et_pb_column][et_pb_column type=\u00a0\u00bb1_2&Prime;][et_pb_text _builder_version=\u00a0\u00bb3.15&Prime;]<\/p>\n<h2>Voyage Musical le long de la Route de la Soie<\/h2>\n<h4 style=\"padding-top: 4%;\">1<span style=\"font-size: 70%;\"><sup>\u00e8re<\/sup><\/span> \u00c9dition, juillet 1979<\/h4>\n<p>Artistes venus de Mongolie, d\u2019ex-URSS, d\u2019Afghanistan, du Pakistan, d\u2019Inde et du N\u00e9pal chantant sur le th\u00e8me de concert \u00ab Voix chantant depuis des Contr\u00e9es lointaines \u00bb<\/p>\n<hr style=\"border-top: solid 1px #dbc94d;\" \/>\n<h4 style=\"padding-top: 1%;\">2<span style=\"font-size: 70%;\"><sup>e<\/sup><\/span> \u00c9dition, juillet 1981<\/h4>\n<p>Artistes venus d\u2019Irak, de Chine, du Pakistan et de Roumanie dans un concert intitul\u00e9 \u00ab Heureuse Rencontre d\u2019Instrumentalistes \u00bb<\/p>\n<hr style=\"border-top: solid 1px #dbc94d;\" \/>\n<h4 style=\"padding-top: 1%;\">3<span style=\"font-size: 70%;\"><sup>e<\/sup><\/span> \u00c9dition, juillet 1983<\/h4>\n<p>Artistes venus d\u2019Inde, de Chine et de Turquie dans un concert intitul\u00e9 \u00ab Voie migratoire de la Danse circulaire \u00bb<\/p>\n<hr style=\"border-top: solid 1px #dbc94d;\" \/>\n<h4 style=\"padding-top: 1%;\">4<span style=\"font-size: 70%;\"><sup>e<\/sup><\/span> \u00c9dition, juillet 1985<\/h4>\n<p>Artistes venus d\u2019Ouzb\u00e9kistan, de Mongolie et de Turquie dans un concert intitul\u00e9 \u00ab Le Long Chemin vers la Paix \u00bb<\/p>\n<hr style=\"border-top: solid 1px #dbc94d;\" \/>\n<h4 style=\"padding-top: 1%;\">5<span style=\"font-size: 70%;\"><sup>e<\/sup><\/span> \u00c9dition, juillet 1987<\/h4>\n<p>Artistes venus du Tadjikistan, de Mongolie et de Chine dans un concert intitul\u00e9 \u00ab La Steppe et la Route des Oasis lointains \u00bb<\/p>\n<hr style=\"border-top: solid 1px #dbc94d;\" \/>\n<h4 style=\"padding-top: 1%;\">6<span style=\"font-size: 70%;\"><sup>e<\/sup><\/span> \u00c9dition, mars 1989<\/h4>\n<p>Artistes venus d\u2019Iran, d\u2019Azerba\u00efdjan et de Chine dans un concert intitul\u00e9 \u00ab Le Long P\u00e9riple de la Musique du Caravans\u00e9rail \u00bb<\/p>\n<hr style=\"border-top: solid 1px #dbc94d;\" \/>\n<h4 style=\"padding-top: 1%;\">7<span style=\"font-size: 70%;\"><sup>e<\/sup><\/span> \u00c9dition, mai 1991<\/h4>\n<p>Artistes du Kazakhstan, de Gr\u00e8ce, et d\u2019\u00c9gypte dans un concert intitul\u00e9 \u00ab Le Long P\u00e9riple de la Musique jusqu\u2019\u00e0 la M\u00e9diterran\u00e9e \u00bb<\/p>\n<hr style=\"border-top: solid 1px #dbc94d;\" \/>\n<h4 style=\"padding-top: 1%;\">8<span style=\"font-size: 70%;\"><sup>e<\/sup><\/span> \u00c9dition, mars 1993<\/h4>\n<p>Des artistes repr\u00e9sentant la Cor\u00e9e, le Turkm\u00e9nistan (Ensemble de musique Jamal), le N\u00e9pal (Troupe folklorique du N\u00e9pal), et la Chine (Troupe de chant et de danse de Mongolie int\u00e9rieure), donnent un concert intitul\u00e9 \u00ab Ballades \u00e9piques venues de Contr\u00e9es lointaines \u00bb<\/p>\n<hr style=\"border-top: solid 1px #dbc94d;\" \/>\n<h4 style=\"padding-top: 1%;\">9<span style=\"font-size: 70%;\"><sup>e<\/sup><\/span> \u00c9dition, mars 1995.<\/h4>\n<p>Artistes de Syrie, du Kirghizstan (Ensemble folklorique Kambarkan), et du Pakistan (Ensemble folklorique national), dans des concerts intitul\u00e9s \u00ab Routes des H\u00e9ros lointains \u00bb.<\/p>\n<hr style=\"border-top: solid 1px #dbc94d;\" \/>\n<h4 style=\"padding-top: 1%;\">10<span style=\"font-size: 70%;\"><sup>e<\/sup><\/span> \u00c9dition, mai 2009<\/h4>\n<p>Artistes d\u2019\u00c9gypte, de Gr\u00e8ce et d\u2019Ouzb\u00e9kistan<\/p>\n<p>[\/et_pb_text][\/et_pb_column][\/et_pb_row][\/et_pb_section][et_pb_section bb_built=\u00a0\u00bb1&Prime; admin_label=\u00a0\u00bbRelated Articles\u00a0\u00bb specialty=\u00a0\u00bboff\u00a0\u00bb _builder_version=\u00a0\u00bb3.15&Prime; custom_padding=\u00a0\u00bb0px|||\u00a0\u00bb disabled_on=\u00a0\u00bbon|on|on\u00a0\u00bb disabled=\u00a0\u00bbon\u00a0\u00bb collapsed=\u00a0\u00bbon\u00a0\u00bb prev_background_color=\u00a0\u00bb#000000&Prime;][et_pb_row _builder_version=\u00a0\u00bb3.11&Prime; custom_padding=\u00a0\u00bb0px|||\u00a0\u00bb][et_pb_column type=\u00a0\u00bb4_4&Prime;][et_pb_text _builder_version=\u00a0\u00bb3.12&Prime;]<\/p>\n<h1 style=\"line-height: 36px;\">Related Articles<\/h1>\n<p>[\/et_pb_text][\/et_pb_column][\/et_pb_row][et_pb_row _builder_version=\u00a0\u00bb3.12&Prime; custom_padding=\u00a0\u00bb|1.5%||1.5%\u00a0\u00bb][et_pb_column type=\u00a0\u00bb4_4&Prime;][et_pb_blog _builder_version=\u00a0\u00bb3.15&Prime; posts_number=\u00a0\u00bb3&Prime; fullwidth=\u00a0\u00bboff\u00a0\u00bb show_pagination=\u00a0\u00bboff\u00a0\u00bb include_categories=\u00a0\u00bb409&Prime; \/][\/et_pb_column][\/et_pb_row][\/et_pb_section]<\/p>\n","protected":false},"excerpt":{"rendered":"<p>S\u00c9RIE ROUTE DE LA SOIE <div class=\"et_pb_row et_pb_row_0 et_pb_row_empty\">\n\t\t\t\t\n\t\t\t\t\n\t\t\t\t\n\t\t\t\t\n\t\t\t\t\n\t\t\t<\/div> \u00ab\u00a0La culture est \u00e9galement une entreprise humaine fondamentale qui abolit les distances et r\u00e9sonne dans le c\u0153ur de tous les peuples. Cette sympathie, ces liens de c\u0153ur \u00e0 c\u0153ur, sont le fondement de la culture et le point de d\u00e9part des \u00e9changes culturels. Tandis que le pouvoir militaire menace [&hellip;]<\/p>\n","protected":false},"author":1,"featured_media":0,"parent":0,"menu_order":0,"comment_status":"closed","ping_status":"closed","template":"","meta":{"_et_pb_use_builder":"on","_et_pb_old_content":"","_et_gb_content_width":"","footnotes":""},"categories":[],"tags":[],"distributor_meta":false,"distributor_terms":false,"distributor_media":false,"distributor_original_site_name":"French - Min-On Website","distributor_original_site_url":"https:\/\/www.min-on.org\/fr","_links":{"self":[{"href":"https:\/\/www.min-on.org\/fr\/wp-json\/wp\/v2\/pages\/3148"}],"collection":[{"href":"https:\/\/www.min-on.org\/fr\/wp-json\/wp\/v2\/pages"}],"about":[{"href":"https:\/\/www.min-on.org\/fr\/wp-json\/wp\/v2\/types\/page"}],"author":[{"embeddable":true,"href":"https:\/\/www.min-on.org\/fr\/wp-json\/wp\/v2\/users\/1"}],"replies":[{"embeddable":true,"href":"https:\/\/www.min-on.org\/fr\/wp-json\/wp\/v2\/comments?post=3148"}],"version-history":[{"count":37,"href":"https:\/\/www.min-on.org\/fr\/wp-json\/wp\/v2\/pages\/3148\/revisions"}],"predecessor-version":[{"id":3157,"href":"https:\/\/www.min-on.org\/fr\/wp-json\/wp\/v2\/pages\/3148\/revisions\/3157"}],"wp:attachment":[{"href":"https:\/\/www.min-on.org\/fr\/wp-json\/wp\/v2\/media?parent=3148"}],"wp:term":[{"taxonomy":"category","embeddable":true,"href":"https:\/\/www.min-on.org\/fr\/wp-json\/wp\/v2\/categories?post=3148"},{"taxonomy":"post_tag","embeddable":true,"href":"https:\/\/www.min-on.org\/fr\/wp-json\/wp\/v2\/tags?post=3148"}],"curies":[{"name":"wp","href":"https:\/\/api.w.org\/{rel}","templated":true}]}}