{"id":2640,"date":"2018-06-25T12:46:40","date_gmt":"2018-06-25T12:46:40","guid":{"rendered":"http:\/\/59.106.140.197\/?page_id=2640"},"modified":"2018-12-03T02:13:39","modified_gmt":"2018-12-03T02:13:39","slug":"ballet","status":"publish","type":"page","link":"https:\/\/www.min-on.org\/fr\/ballet\/","title":{"rendered":"BALLET"},"content":{"rendered":"<p>[et_pb_section bb_built=\u00a0\u00bb1&Prime; next_background_color=\u00a0\u00bb#000000&Prime; _builder_version=\u00a0\u00bb3.7&Prime; custom_padding=\u00a0\u00bb||0px|\u00a0\u00bb][et_pb_row _builder_version=\u00a0\u00bb3.11&Prime; custom_padding=\u00a0\u00bb0px|||\u00a0\u00bb][et_pb_column type=\u00a0\u00bb4_4&Prime;][et_pb_text _builder_version=\u00a0\u00bb3.15&Prime;]<\/p>\n<h1>BALLET<\/h1>\n<p>[\/et_pb_text][\/et_pb_column][\/et_pb_row][et_pb_row _builder_version=\u00a0\u00bb3.9&Prime;][et_pb_column type=\u00a0\u00bb4_4&Prime;][et_pb_image _builder_version=\u00a0\u00bb3.7&Prime; src=\u00a0\u00bbhttps:\/\/www.min-on.org\/wp-content\/uploads\/sites\/7\/2018\/06\/main-image-ballet.jpg\u00a0\u00bb force_fullwidth=\u00a0\u00bbon\u00a0\u00bb show_bottom_space=\u00a0\u00bboff\u00a0\u00bb \/][\/et_pb_column][\/et_pb_row][et_pb_row][et_pb_column type=\u00a0\u00bb4_4&Prime;][et_pb_text _builder_version=\u00a0\u00bb3.15&Prime;]<\/p>\n<h2 style=\"line-height: 36px;\">\u00ab&nbsp;Je sais tout simplement que lorsque je monte sur sc\u00e8ne, j\u2019essaie de tout donner, non seulement mes pieds, non seulement mes jambes, non seulement mon corps. J\u2019essaie de raconter une histoire. Parfois je suis capable de pleurer parce que j\u2019en ai envie. Parfois je suis capable d\u2019aimer parce que j\u2019en ai envie.&nbsp;\u00bb<span style=\"font-size: 16px; font-weight: bold;\"> \u2013 Sylvie Guillem<\/span><\/h2>\n<p>[\/et_pb_text][\/et_pb_column][\/et_pb_row][\/et_pb_section][et_pb_section bb_built=\u00a0\u00bb1&Prime; specialty=\u00a0\u00bboff\u00a0\u00bb prev_background_color=\u00a0\u00bb#000000&Prime; _builder_version=\u00a0\u00bb3.9&Prime; custom_padding=\u00a0\u00bb0px|||\u00a0\u00bb next_background_color=\u00a0\u00bb#000000&Prime; collapsed=\u00a0\u00bbon\u00a0\u00bb disabled_on=\u00a0\u00bbon|on|on\u00a0\u00bb disabled=\u00a0\u00bbon\u00a0\u00bb][et_pb_row _builder_version=\u00a0\u00bb3.7&Prime; custom_css_main_1=\u00a0\u00bbcontent:%22%22;|| display:table;|| clear:both;\u00a0\u00bb][et_pb_column type=\u00a0\u00bb1_2&Prime;][et_pb_text _builder_version=\u00a0\u00bb3.15&Prime;]<\/p>\n<p>Le ballet est une forme de danse aux r\u00e8gles formelles, dont les origines remontent aux Cours de la Renaissance italienne des XVe et XVIe si\u00e8cles, mais qui a \u00e9volu\u00e9 sans cesse en France, en Russie et au Royaume-Uni comme forme de \u00ab danse de concert \u00bb principalement accompagn\u00e9e de musique classique. Tr\u00e8s t\u00f4t, il a essaim\u00e9 \u00e0 l\u2019\u00e9chelle mondiale, donnant ainsi naissance sur toute la plan\u00e8te aux compagnies de danse classique r\u00e9put\u00e9es que nous connaissons aujourd\u2019hui. Pour les danseurs, cet art se r\u00e9v\u00e8le difficile \u00e0 ma\u00eetriser et exige des ann\u00e9es d\u2019entra\u00eenement privil\u00e9giant le travail sur pointes aux mouvements acrobatiques \u00e0 la fois fluides et pr\u00e9cis. La forme de danse classique la plus connue est le Ballet blanc, ballet de style romantique tardif du XIXe si\u00e8cle, bien que d\u2019autres formes se soient d\u00e9velopp\u00e9es par la suite, notamment la danse expressionniste, le ballet n\u00e9o-classique, ou bien encore certains \u00e9l\u00e9ments de la danse moderne.<\/p>\n<p>Min-On a lanc\u00e9 cette s\u00e9rie exclusive des meilleures premi\u00e8res repr\u00e9sentations de ballet peu apr\u00e8s sa fondation. D\u00e8s 1966, le Ballet de l\u2019Acad\u00e9mie Nationale Sovi\u00e9tique de Novossibirsk fut invit\u00e9 au Japon par l\u2019Association pour la premi\u00e8re \u00e9dition de cette S\u00e9rie. Le Ballet du XXe Si\u00e8cle (Ballet du Th\u00e9\u00e2tre Royal de la Monnaie, Th\u00e9\u00e2tre National de Belgique), sous la conduite de Maurice B\u00e9jart, est venu l\u2019ann\u00e9e d\u2019apr\u00e8s, en 1967, suivi de l\u2019American Ballet Theater en 1968. Plus pr\u00e8s de nous, les \u00e9v\u00e9nements les plus marquants sont notamment les repr\u00e9sentations du Nederlands Dans Theater dirig\u00e9 par le c\u00e9l\u00e8bre Jir\u00ed Kyli\u00e1n en 1990 et 1993, du Royal Winnipeg Ballet en 1995, sans oublier le Ballet de Hambourg dirig\u00e9 par John Neumeier, tr\u00e8s appr\u00e9ci\u00e9 du public, qui a fait partie de la S\u00e9rie Ballet de Min-On six fois en tout entre 1986 et 2009 \u2013 l\u2019\u00e9dition la plus r\u00e9cente de cette S\u00e9rie.<\/p>\n<p>[\/et_pb_text][et_pb_text _builder_version=\u00a0\u00bb3.15&Prime; custom_css_main_element=\u00a0\u00bbfloat: left;||width: 45%;\u00a0\u00bb module_class=\u00a0\u00bbclearfix\u00a0\u00bb]<\/p>\n<p><img loading=\"lazy\" decoding=\"async\" class=\"alignnone size-full wp-image-752\" style=\"width: 100%;\" src=\"https:\/\/www.min-on.org\/wp-content\/uploads\/sites\/7\/2011\/09\/thumbnail-ballet_1.jpg\" alt=\"Soviet National Academy Novosibirsk Ballet in 1966\" width=\"200\" height=\"132\" \/><br \/>\nBallet de l\u2019Acad\u00e9mie Nationale Sovi\u00e9tique de Novossibirsk en 1966<\/p>\n<p>[\/et_pb_text][et_pb_text _builder_version=\u00a0\u00bb3.15&Prime; custom_css_main_element=\u00a0\u00bbfloat: right;||width: 45%;||\u00a0\u00bb custom_css_after=\u00a0\u00bb content: %22 %22; \/* Older browser do not support empty content *\/|| visibility: hidden;|| display: block;|| height: 0;|| clear: both;||\u00a0\u00bb]<\/p>\n<p><img loading=\"lazy\" decoding=\"async\" class=\"alignnone size-full wp-image-753\" style=\"width: 100%;\" src=\"https:\/\/www.min-on.org\/wp-content\/uploads\/sites\/7\/2011\/09\/thumbnail-ballet_2.jpg\" alt=\"American Ballet Theater in 1968\" width=\"200\" height=\"132\" \/><br \/>\nAmerican Ballet Theater en 1968<\/p>\n<p>[\/et_pb_text][et_pb_code _builder_version=\u00a0\u00bb3.7&Prime; custom_padding=\u00a0\u00bb0px||0px|\u00a0\u00bb custom_margin=\u00a0\u00bb0px||0px|\u00a0\u00bb]&lt;div style=&quot;clear: both;&quot;&gt;&lt;\/div&gt; &lt;!&#8211; Clear the float &#8211;&gt;[\/et_pb_code][et_pb_text _builder_version=\u00a0\u00bb3.15&Prime; custom_css_main_element=\u00a0\u00bbfloat: left;||width: 45%;\u00a0\u00bb]<\/p>\n<p><img loading=\"lazy\" decoding=\"async\" width=\"230\" height=\"151\" class=\"alignnone size-full wp-image-754\" style=\"width: 100%;\" src=\"https:\/\/www.min-on.org\/wp-content\/uploads\/sites\/7\/2011\/09\/thumbnail-ballet_3.jpg\" alt=\"Grand Ballet of the National Theater of the Opera of Paris in 1972\" \/><br \/>\nGrand Ballet du Th\u00e9\u00e2tre National de l\u2019Op\u00e9ra (Op\u00e9ra National de Paris) en 1972<\/p>\n<p>[\/et_pb_text][et_pb_text _builder_version=\u00a0\u00bb3.15&Prime; custom_css_main_element=\u00a0\u00bbfloat: right;||width: 45%;\u00a0\u00bb]<\/p>\n<p><img loading=\"lazy\" decoding=\"async\" width=\"230\" height=\"151\" class=\"alignnone size-full wp-image-755\" style=\"width: 100%;\" src=\"https:\/\/www.min-on.org\/wp-content\/uploads\/sites\/7\/2011\/09\/thumbnail-ballet_4.jpg\" alt=\"The Royal Ballet in 1975\" \/><br \/>\nThe Royal Ballet en 1975<\/p>\n<p>[\/et_pb_text][et_pb_code _builder_version=\u00a0\u00bb3.7&Prime; custom_padding=\u00a0\u00bb0px||0px|\u00a0\u00bb custom_margin=\u00a0\u00bb0px||0px|\u00a0\u00bb]&lt;div style=&quot;clear: both;&quot;&gt;&lt;\/div&gt; &lt;!&#8211; Clear the float &#8211;&gt;[\/et_pb_code][et_pb_text _builder_version=\u00a0\u00bb3.15&Prime; custom_css_main_element=\u00a0\u00bbfloat: left;||width: 45%;\u00a0\u00bb]<\/p>\n<p><img loading=\"lazy\" decoding=\"async\" width=\"230\" height=\"151\" class=\"alignnone size-full wp-image-756\" style=\"width: 100%;\" src=\"https:\/\/www.min-on.org\/wp-content\/uploads\/sites\/7\/2011\/09\/Royal-Winnipeg-Ballet.jpg\" alt=\"Royal Winnipeg Ballet in 1995\" \/><br \/>\nRoyal Winnipeg Ballet en 1995<\/p>\n<p>[\/et_pb_text][et_pb_code _builder_version=\u00a0\u00bb3.7&Prime; custom_padding=\u00a0\u00bb0px||0px|\u00a0\u00bb custom_margin=\u00a0\u00bb0px||0px|\u00a0\u00bb]&lt;div style=&quot;clear: both;&quot;&gt;&lt;\/div&gt; &lt;!&#8211; Clear the float &#8211;&gt;[\/et_pb_code][\/et_pb_column][et_pb_column type=\u00a0\u00bb1_2&Prime;][et_pb_text _builder_version=\u00a0\u00bb3.15&Prime;]<\/p>\n<p style=\"padding-top: 1%;\"><span style=\"font-weight: bold;\">1966<\/span>\u00a0\u00a0\u00a0Ballet de l\u2019Acad\u00e9mie Nationale Sovi\u00e9tique de Novossibirsk<\/p>\n<hr style=\"border-top: solid 1px #508ED5;\" \/>\n<p style=\"padding-top: 1%;\"><span style=\"font-weight: bold;\">1967<\/span>\u00a0\u00a0\u00a0Ballet du XXe Si\u00e8cle du Th\u00e9\u00e2tre Royal de la Monnaie, Op\u00e9ra National de Belgique<\/p>\n<hr style=\"border-top: solid 1px #508ED5;\" \/>\n<p style=\"padding-top: 1%;\"><span style=\"font-weight: bold;\">1968<\/span>\u00a0\u00a0\u00a0American Ballet Theater<\/p>\n<hr style=\"border-top: solid 1px #508ED5;\" \/>\n<p style=\"padding-top: 1%;\"><span style=\"font-weight: bold;\">1971<\/span>\u00a0\u00a0\u00a0Ballet National de la R\u00e9publique de Guin\u00e9e, Djoliba<\/p>\n<hr style=\"border-top: solid 1px #508ED5;\" \/>\n<p style=\"padding-top: 1%;\"><span style=\"font-weight: bold;\">1972<\/span>\u00a0\u00a0\u00a0Grand Ballet du Th\u00e9\u00e2tre National de l\u2019Op\u00e9ra (Op\u00e9ra National de Paris)<\/p>\n<hr style=\"border-top: solid 1px #508ED5;\" \/>\n<p style=\"padding-top: 1%;\"><span style=\"font-weight: bold;\">1973<\/span>\u00a0\u00a0\u00a0Ballet der Wurttembergischen Staatstheater Stuttgart<\/p>\n<hr style=\"border-top: solid 1px #508ED5;\" \/>\n<p style=\"padding-top: 1%;\"><span style=\"font-weight: bold;\">1975<\/span>\u00a0\u00a0\u00a0The Royal Ballet<\/p>\n<hr style=\"border-top: solid 1px #508ED5;\" \/>\n<p style=\"padding-top: 1%;\"><span style=\"font-weight: bold;\">1978<\/span>\u00a0\u00a0\u00a0Ballet du XXe Si\u00e8cle du Th\u00e9\u00e2tre Royal de la Monnaie, Op\u00e9ra National de Belgique<\/p>\n<hr style=\"border-top: solid 1px #508ED5;\" \/>\n<p style=\"padding-top: 1%;\"><span style=\"font-weight: bold;\">1984<\/span>\u00a0\u00a0\u00a0Les Grands Ballets Canadiens<\/p>\n<hr style=\"border-top: solid 1px #508ED5;\" \/>\n<p style=\"padding-top: 1%;\"><span style=\"font-weight: bold;\">1986<\/span>\u00a0\u00a0\u00a0John Neumeier et le Ballet de Hambourg<\/p>\n<hr style=\"border-top: solid 1px #508ED5;\" \/>\n<p style=\"padding-top: 1%;\"><span style=\"font-weight: bold;\">1989<\/span>\u00a0\u00a0\u00a0John Neumeier et le Ballet de Hambourg<\/p>\n<hr style=\"border-top: solid 1px #508ED5;\" \/>\n<p style=\"padding-top: 1%;\"><span style=\"font-weight: bold;\">1990<\/span>\u00a0\u00a0\u00a0Nederlands Dans Theater<\/p>\n<hr style=\"border-top: solid 1px #508ED5;\" \/>\n<p style=\"padding-top: 1%;\"><span style=\"font-weight: bold;\">1991<\/span>\u00a0\u00a0\u00a0Ballet Nacional de Cuba<\/p>\n<hr style=\"border-top: solid 1px #508ED5;\" \/>\n<p style=\"padding-top: 1%;\"><span style=\"font-weight: bold;\">1993<\/span>\u00a0\u00a0\u00a0Ballet Philippines<\/p>\n<hr style=\"border-top: solid 1px #508ED5;\" \/>\n<p style=\"padding-top: 1%;\"><span style=\"font-weight: bold;\">1993<\/span>\u00a0\u00a0\u00a0Ballet du Th\u00e9\u00e2tre Laterna Magika, Republique tch\u00e8que<\/p>\n<hr style=\"border-top: solid 1px #508ED5;\" \/>\n<p style=\"padding-top: 1%;\"><span style=\"font-weight: bold;\">1993<\/span>\u00a0\u00a0\u00a0Nederlands Dans Theater<\/p>\n<hr style=\"border-top: solid 1px #508ED5;\" \/>\n<p style=\"padding-top: 1%;\"><span style=\"font-weight: bold;\">1994<\/span>\u00a0\u00a0\u00a0John Neumeier et le Ballet de Hambourg<\/p>\n<hr style=\"border-top: solid 1px #508ED5;\" \/>\n<p style=\"padding-top: 1%;\"><span style=\"font-weight: bold;\">1995<\/span>\u00a0\u00a0\u00a0Royal Winnipeg Ballet<\/p>\n<hr style=\"border-top: solid 1px #508ED5;\" \/>\n<p style=\"padding-top: 1%;\"><span style=\"font-weight: bold;\">1997<\/span>\u00a0\u00a0\u00a0John Neumeier et le Ballet de Hambourg<\/p>\n<hr style=\"border-top: solid 1px #508ED5;\" \/>\n<p style=\"padding-top: 1%;\"><span style=\"font-weight: bold;\">1998<\/span>\u00a0\u00a0\u00a0Ballet Philippines<\/p>\n<hr style=\"border-top: solid 1px #508ED5;\" \/>\n<p style=\"padding-top: 1%;\"><span style=\"font-weight: bold;\">2005<\/span>\u00a0\u00a0\u00a0John Neumeier et le Ballet de Hambourg<\/p>\n<hr style=\"border-top: solid 1px #508ED5;\" \/>\n<p style=\"padding-top: 1%;\"><span style=\"font-weight: bold;\">2009<\/span>\u00a0\u00a0\u00a0John Neumeier et le Ballet de Hambourg<\/p>\n<p>[\/et_pb_text][\/et_pb_column][\/et_pb_row][\/et_pb_section][et_pb_section bb_built=\u00a0\u00bb1&Prime; specialty=\u00a0\u00bboff\u00a0\u00bb prev_background_color=\u00a0\u00bb#000000&Prime; _builder_version=\u00a0\u00bb3.9&Prime; custom_padding=\u00a0\u00bb0px|||\u00a0\u00bb][et_pb_row _builder_version=\u00a0\u00bb3.7&Prime; custom_css_main_1=\u00a0\u00bbcontent:%22%22;|| display:table;|| clear:both;\u00a0\u00bb][et_pb_column type=\u00a0\u00bb1_2&Prime;][et_pb_text _builder_version=\u00a0\u00bb3.15&Prime;]<\/p>\n<p>Le ballet est une forme de danse aux r\u00e8gles formelles, dont les origines remontent aux Cours de la Renaissance italienne des XVe et XVIe si\u00e8cles, mais qui a \u00e9volu\u00e9 sans cesse en France, en Russie et au Royaume-Uni comme forme de \u00ab danse de concert \u00bb principalement accompagn\u00e9e de musique classique. Tr\u00e8s t\u00f4t, il a essaim\u00e9 \u00e0 l\u2019\u00e9chelle mondiale, donnant ainsi naissance sur toute la plan\u00e8te aux compagnies de danse classique r\u00e9put\u00e9es que nous connaissons aujourd\u2019hui. Pour les danseurs, cet art se r\u00e9v\u00e8le difficile \u00e0 ma\u00eetriser et exige des ann\u00e9es d\u2019entra\u00eenement privil\u00e9giant le travail sur pointes aux mouvements acrobatiques \u00e0 la fois fluides et pr\u00e9cis. La forme de danse classique la plus connue est le Ballet blanc, ballet de style romantique tardif du XIXe si\u00e8cle, bien que d\u2019autres formes se soient d\u00e9velopp\u00e9es par la suite, notamment la danse expressionniste, le ballet n\u00e9o-classique, ou bien encore certains \u00e9l\u00e9ments de la danse moderne.<\/p>\n<p>Min-On a lanc\u00e9 cette s\u00e9rie exclusive des meilleures premi\u00e8res repr\u00e9sentations de ballet peu apr\u00e8s sa fondation. D\u00e8s 1966, le Ballet de l\u2019Acad\u00e9mie Nationale Sovi\u00e9tique de Novossibirsk fut invit\u00e9 au Japon par l\u2019Association pour la premi\u00e8re \u00e9dition de cette S\u00e9rie. Le Ballet du XXe Si\u00e8cle (Ballet du Th\u00e9\u00e2tre Royal de la Monnaie, Th\u00e9\u00e2tre National de Belgique), sous la conduite de Maurice B\u00e9jart, est venu l\u2019ann\u00e9e d\u2019apr\u00e8s, en 1967, suivi de l\u2019American Ballet Theater en 1968. Plus pr\u00e8s de nous, les \u00e9v\u00e9nements les plus marquants sont notamment les repr\u00e9sentations du Nederlands Dans Theater dirig\u00e9 par le c\u00e9l\u00e8bre Jir\u00ed Kyli\u00e1n en 1990 et 1993, du Royal Winnipeg Ballet en 1995, sans oublier le Ballet de Hambourg dirig\u00e9 par John Neumeier, tr\u00e8s appr\u00e9ci\u00e9 du public, qui a fait partie de la S\u00e9rie Ballet de Min-On six fois en tout entre 1986 et 2009 \u2013 l\u2019\u00e9dition la plus r\u00e9cente de cette S\u00e9rie.<\/p>\n<p>[\/et_pb_text][et_pb_image _builder_version=\u00a0\u00bb3.15&Prime; src=\u00a0\u00bbhttps:\/\/www.min-on.org\/fr\/wp-content\/uploads\/sites\/7\/2018\/10\/Soviet-National-Academy-Novosibirsk-Ballet-of-U.S.S.R-in-1966.jpg\u00a0\u00bb force_fullwidth=\u00a0\u00bbon\u00a0\u00bb show_bottom_space=\u00a0\u00bboff\u00a0\u00bb show_in_lightbox=\u00a0\u00bbon\u00a0\u00bb \/][et_pb_text _builder_version=\u00a0\u00bb3.15&Prime;]<\/p>\n<p>Ballet de l\u2019Acad\u00e9mie Nationale Sovi\u00e9tique de Novossibirsk en 1966<\/p>\n<p>[\/et_pb_text][et_pb_image _builder_version=\u00a0\u00bb3.15&Prime; src=\u00a0\u00bbhttps:\/\/www.min-on.org\/fr\/wp-content\/uploads\/sites\/7\/2018\/10\/American-Ballet-Theater-in-1968.jpg\u00a0\u00bb force_fullwidth=\u00a0\u00bbon\u00a0\u00bb show_bottom_space=\u00a0\u00bboff\u00a0\u00bb show_in_lightbox=\u00a0\u00bbon\u00a0\u00bb \/][et_pb_text _builder_version=\u00a0\u00bb3.15&Prime;]<\/p>\n<p>American Ballet Theater en 1968<\/p>\n<p>[\/et_pb_text][et_pb_image _builder_version=\u00a0\u00bb3.15&Prime; src=\u00a0\u00bbhttps:\/\/www.min-on.org\/fr\/wp-content\/uploads\/sites\/7\/2018\/10\/Le-Grand-Ballet-du-Theatre-National-de-l\u0081fOpera-de-Paris-Grand-Ballet-of-the-National-Theater-of-the-Opera-of-Paris-in-1972.jpg\u00a0\u00bb force_fullwidth=\u00a0\u00bbon\u00a0\u00bb show_bottom_space=\u00a0\u00bboff\u00a0\u00bb show_in_lightbox=\u00a0\u00bbon\u00a0\u00bb \/][et_pb_text _builder_version=\u00a0\u00bb3.15&Prime;]<\/p>\n<p>Grand Ballet du Th\u00e9\u00e2tre National de l\u2019Op\u00e9ra (Op\u00e9ra National de Paris) en 1972<\/p>\n<p>[\/et_pb_text][et_pb_image _builder_version=\u00a0\u00bb3.15&Prime; src=\u00a0\u00bbhttps:\/\/www.min-on.org\/fr\/wp-content\/uploads\/sites\/7\/2018\/10\/The-Royal-Ballet-in-1975.jpg\u00a0\u00bb force_fullwidth=\u00a0\u00bbon\u00a0\u00bb show_bottom_space=\u00a0\u00bboff\u00a0\u00bb show_in_lightbox=\u00a0\u00bbon\u00a0\u00bb \/][et_pb_text _builder_version=\u00a0\u00bb3.15&Prime;]<\/p>\n<p>The Royal Ballet en 1975<\/p>\n<p>[\/et_pb_text][\/et_pb_column][et_pb_column type=\u00a0\u00bb1_2&Prime;][et_pb_text _builder_version=\u00a0\u00bb3.15&Prime;]<\/p>\n<p style=\"padding-top: 1%;\"><span style=\"font-weight: bold;\">1966<\/span>\u00a0\u00a0\u00a0Ballet de l\u2019Acad\u00e9mie Nationale Sovi\u00e9tique de Novossibirsk<\/p>\n<hr style=\"border-top: solid 1px #508ED5;\" \/>\n<p style=\"padding-top: 1%;\"><span style=\"font-weight: bold;\">1967<\/span>\u00a0\u00a0\u00a0Ballet du XXe Si\u00e8cle du Th\u00e9\u00e2tre Royal de la Monnaie, Op\u00e9ra National de Belgique<\/p>\n<hr style=\"border-top: solid 1px #508ED5;\" \/>\n<p style=\"padding-top: 1%;\"><span style=\"font-weight: bold;\">1968<\/span>\u00a0\u00a0\u00a0American Ballet Theater<\/p>\n<hr style=\"border-top: solid 1px #508ED5;\" \/>\n<p style=\"padding-top: 1%;\"><span style=\"font-weight: bold;\">1971<\/span>\u00a0\u00a0\u00a0Ballet National de la R\u00e9publique de Guin\u00e9e, Djoliba<\/p>\n<hr style=\"border-top: solid 1px #508ED5;\" \/>\n<p style=\"padding-top: 1%;\"><span style=\"font-weight: bold;\">1972<\/span>\u00a0\u00a0\u00a0Grand Ballet du Th\u00e9\u00e2tre National de l\u2019Op\u00e9ra (Op\u00e9ra National de Paris)<\/p>\n<hr style=\"border-top: solid 1px #508ED5;\" \/>\n<p style=\"padding-top: 1%;\"><span style=\"font-weight: bold;\">1973<\/span>\u00a0\u00a0\u00a0Ballet der Wurttembergischen Staatstheater Stuttgart<\/p>\n<hr style=\"border-top: solid 1px #508ED5;\" \/>\n<p style=\"padding-top: 1%;\"><span style=\"font-weight: bold;\">1975<\/span>\u00a0\u00a0\u00a0The Royal Ballet<\/p>\n<hr style=\"border-top: solid 1px #508ED5;\" \/>\n<p style=\"padding-top: 1%;\"><span style=\"font-weight: bold;\">1978<\/span>\u00a0\u00a0\u00a0Ballet du XXe Si\u00e8cle du Th\u00e9\u00e2tre Royal de la Monnaie, Op\u00e9ra National de Belgique<\/p>\n<hr style=\"border-top: solid 1px #508ED5;\" \/>\n<p style=\"padding-top: 1%;\"><span style=\"font-weight: bold;\">1984<\/span>\u00a0\u00a0\u00a0Les Grands Ballets Canadiens<\/p>\n<hr style=\"border-top: solid 1px #508ED5;\" \/>\n<p style=\"padding-top: 1%;\"><span style=\"font-weight: bold;\">1986<\/span>\u00a0\u00a0\u00a0John Neumeier et le Ballet de Hambourg<\/p>\n<hr style=\"border-top: solid 1px #508ED5;\" \/>\n<p style=\"padding-top: 1%;\"><span style=\"font-weight: bold;\">1989<\/span>\u00a0\u00a0\u00a0John Neumeier et le Ballet de Hambourg<\/p>\n<hr style=\"border-top: solid 1px #508ED5;\" \/>\n<p style=\"padding-top: 1%;\"><span style=\"font-weight: bold;\">1990<\/span>\u00a0\u00a0\u00a0Nederlands Dans Theater<\/p>\n<hr style=\"border-top: solid 1px #508ED5;\" \/>\n<p style=\"padding-top: 1%;\"><span style=\"font-weight: bold;\">1991<\/span>\u00a0\u00a0\u00a0Ballet Nacional de Cuba<\/p>\n<hr style=\"border-top: solid 1px #508ED5;\" \/>\n<p style=\"padding-top: 1%;\"><span style=\"font-weight: bold;\">1993<\/span>\u00a0\u00a0\u00a0Ballet Philippines<\/p>\n<hr style=\"border-top: solid 1px #508ED5;\" \/>\n<p style=\"padding-top: 1%;\"><span style=\"font-weight: bold;\">1993<\/span>\u00a0\u00a0\u00a0Ballet du Th\u00e9\u00e2tre Laterna Magika, Republique tch\u00e8que<\/p>\n<hr style=\"border-top: solid 1px #508ED5;\" \/>\n<p style=\"padding-top: 1%;\"><span style=\"font-weight: bold;\">1993<\/span>\u00a0\u00a0\u00a0Nederlands Dans Theater<\/p>\n<hr style=\"border-top: solid 1px #508ED5;\" \/>\n<p style=\"padding-top: 1%;\"><span style=\"font-weight: bold;\">1994<\/span>\u00a0\u00a0\u00a0John Neumeier et le Ballet de Hambourg<\/p>\n<hr style=\"border-top: solid 1px #508ED5;\" \/>\n<p style=\"padding-top: 1%;\"><span style=\"font-weight: bold;\">1995<\/span>\u00a0\u00a0\u00a0Royal Winnipeg Ballet<\/p>\n<hr style=\"border-top: solid 1px #508ED5;\" \/>\n<p style=\"padding-top: 1%;\"><span style=\"font-weight: bold;\">1997<\/span>\u00a0\u00a0\u00a0John Neumeier et le Ballet de Hambourg<\/p>\n<hr style=\"border-top: solid 1px #508ED5;\" \/>\n<p style=\"padding-top: 1%;\"><span style=\"font-weight: bold;\">1998<\/span>\u00a0\u00a0\u00a0Ballet Philippines<\/p>\n<hr style=\"border-top: solid 1px #508ED5;\" \/>\n<p style=\"padding-top: 1%;\"><span style=\"font-weight: bold;\">2005<\/span>\u00a0\u00a0\u00a0John Neumeier et le Ballet de Hambourg<\/p>\n<hr style=\"border-top: solid 1px #508ED5;\" \/>\n<p style=\"padding-top: 1%;\"><span style=\"font-weight: bold;\">2009<\/span>\u00a0\u00a0\u00a0John Neumeier et le Ballet de Hambourg<\/p>\n<p>[\/et_pb_text][\/et_pb_column][\/et_pb_row][\/et_pb_section]<\/p>\n","protected":false},"excerpt":{"rendered":"<p>BALLET <div class=\"et_pb_row et_pb_row_0 et_pb_row_empty\">\n\t\t\t\t\n\t\t\t\t\n\t\t\t\t\n\t\t\t\t\n\t\t\t\t\n\t\t\t<\/div> \u00ab&nbsp;Je sais tout simplement que lorsque je monte sur sc\u00e8ne, j\u2019essaie de tout donner, non seulement mes pieds, non seulement mes jambes, non seulement mon corps. J\u2019essaie de raconter une histoire. Parfois je suis capable de pleurer parce que j\u2019en ai envie. Parfois je suis capable d\u2019aimer parce que j\u2019en ai envie.&nbsp;\u00bb \u2013 [&hellip;]<\/p>\n","protected":false},"author":1,"featured_media":0,"parent":0,"menu_order":0,"comment_status":"closed","ping_status":"closed","template":"","meta":{"_et_pb_use_builder":"on","_et_pb_old_content":"","_et_gb_content_width":"","footnotes":""},"categories":[],"tags":[],"distributor_meta":false,"distributor_terms":false,"distributor_media":false,"distributor_original_site_name":"French - Min-On Website","distributor_original_site_url":"https:\/\/www.min-on.org\/fr","_links":{"self":[{"href":"https:\/\/www.min-on.org\/fr\/wp-json\/wp\/v2\/pages\/2640"}],"collection":[{"href":"https:\/\/www.min-on.org\/fr\/wp-json\/wp\/v2\/pages"}],"about":[{"href":"https:\/\/www.min-on.org\/fr\/wp-json\/wp\/v2\/types\/page"}],"author":[{"embeddable":true,"href":"https:\/\/www.min-on.org\/fr\/wp-json\/wp\/v2\/users\/1"}],"replies":[{"embeddable":true,"href":"https:\/\/www.min-on.org\/fr\/wp-json\/wp\/v2\/comments?post=2640"}],"version-history":[{"count":59,"href":"https:\/\/www.min-on.org\/fr\/wp-json\/wp\/v2\/pages\/2640\/revisions"}],"predecessor-version":[{"id":7128,"href":"https:\/\/www.min-on.org\/fr\/wp-json\/wp\/v2\/pages\/2640\/revisions\/7128"}],"wp:attachment":[{"href":"https:\/\/www.min-on.org\/fr\/wp-json\/wp\/v2\/media?parent=2640"}],"wp:term":[{"taxonomy":"category","embeddable":true,"href":"https:\/\/www.min-on.org\/fr\/wp-json\/wp\/v2\/categories?post=2640"},{"taxonomy":"post_tag","embeddable":true,"href":"https:\/\/www.min-on.org\/fr\/wp-json\/wp\/v2\/tags?post=2640"}],"curies":[{"name":"wp","href":"https:\/\/api.w.org\/{rel}","templated":true}]}}