{"id":2613,"date":"2018-06-25T11:48:28","date_gmt":"2018-06-25T11:48:28","guid":{"rendered":"http:\/\/59.106.140.197\/?page_id=2613"},"modified":"2018-12-04T02:09:58","modified_gmt":"2018-12-04T02:09:58","slug":"opera","status":"publish","type":"page","link":"https:\/\/www.min-on.org\/fr\/opera\/","title":{"rendered":"L\u2019OP\u00c9RA"},"content":{"rendered":"<p>[et_pb_section bb_built=\u00a0\u00bb1&Prime; next_background_color=\u00a0\u00bb#000000&Prime; _builder_version=\u00a0\u00bb3.7&Prime; custom_padding=\u00a0\u00bb||0px|\u00a0\u00bb][et_pb_row _builder_version=\u00a0\u00bb3.11&Prime; custom_padding=\u00a0\u00bb0px|||\u00a0\u00bb][et_pb_column type=\u00a0\u00bb4_4&Prime;][et_pb_text _builder_version=\u00a0\u00bb3.15&Prime;]<\/p>\n<h1>L\u2019OP\u00c9RA<\/h1>\n<p>[\/et_pb_text][\/et_pb_column][\/et_pb_row][et_pb_row _builder_version=\u00a0\u00bb3.9&Prime;][et_pb_column type=\u00a0\u00bb4_4&Prime;][et_pb_image _builder_version=\u00a0\u00bb3.7&Prime; src=\u00a0\u00bbhttps:\/\/www.min-on.org\/wp-content\/uploads\/sites\/7\/2018\/06\/main-image-opera.jpg\u00a0\u00bb force_fullwidth=\u00a0\u00bbon\u00a0\u00bb show_bottom_space=\u00a0\u00bboff\u00a0\u00bb \/][\/et_pb_column][\/et_pb_row][et_pb_row][et_pb_column type=\u00a0\u00bb4_4&Prime;][et_pb_text _builder_version=\u00a0\u00bb3.15&Prime;]<\/p>\n<h2 style=\"line-height: 36px;\">\u00ab\u00a0Un op\u00e9ra commence bien avant le lever du rideau et s\u2019ach\u00e8ve bien longtemps apr\u00e8s qu\u2019il soit retomb\u00e9. Il na\u00eet dans mon imagination, il devient ma vie, et demeure une partie de ma vie longtemps apr\u00e8s avoir quitt\u00e9 le Th\u00e9\u00e2tre. \u00bb<span style=\"font-size: 16px; font-weight: bold;\"> \u2014 Maria Callas<\/span><\/h2>\n<p>[\/et_pb_text][\/et_pb_column][\/et_pb_row][\/et_pb_section][et_pb_section bb_built=\u00a0\u00bb1&Prime; specialty=\u00a0\u00bboff\u00a0\u00bb prev_background_color=\u00a0\u00bb#000000&Prime; _builder_version=\u00a0\u00bb3.7&Prime; custom_padding=\u00a0\u00bb0px|||\u00a0\u00bb next_background_color=\u00a0\u00bb#000000&Prime; collapsed=\u00a0\u00bbon\u00a0\u00bb disabled_on=\u00a0\u00bbon|on|on\u00a0\u00bb disabled=\u00a0\u00bbon\u00a0\u00bb][et_pb_row][et_pb_column type=\u00a0\u00bb1_2&Prime;][et_pb_text _builder_version=\u00a0\u00bb3.15&Prime;]<\/p>\n<p>L\u2019op\u00e9ra est un art musical et th\u00e9\u00e2tral sublime, mariant chant solo et choral, d\u00e9clamation, art de la com\u00e9die, de la danse, et interpr\u00e9tation orchestrale en un summum de beaut\u00e9. Il requiert \u00e0 la fois les ingr\u00e9dients essentiels du th\u00e9\u00e2tre parl\u00e9 et de la musique classique en direct, notamment la mise en sc\u00e8ne, l\u2019interpr\u00e9tation th\u00e9\u00e2trale, les plateaux, les costumes, les accessoires ainsi que la gestion et l\u2019administration, outre la direction d\u2019orchestre, l\u2019art lyrique, et la musique.<\/p>\n<p>L\u2019un des projets phares de Min-On afin de comm\u00e9morer le 10e anniversaire de sa fondation \u00e9tait d\u2019inviter le Bayerische Staatsoper M\u00fcnchen \u00e0 se produire au Japon en 1974 \u00e0 titre de premi\u00e8re \u00e9dition dans le cadre de la S\u00e9rie Op\u00e9ra de Min-On. Les 330 membres de la compagnie du Bayerische Staatsoper ont enchant\u00e9 leur public japonais avec un programme de quatre op\u00e9ras et quatre r\u00e9citals exceptionnels, soit vingt-deux repr\u00e9sentations au total. L\u2019op\u00e9ra \u00e9tant un art rarement accessible au Japonais moyen de l\u2019\u00e9poque, cette s\u00e9rie fut salu\u00e9e comme pionni\u00e8re pour avoir su trouver comment offrir \u00e0 une nouvelle g\u00e9n\u00e9ration d\u2019amateurs et de passionn\u00e9s d\u2019op\u00e9ra l\u2019occasion d\u2019appr\u00e9cier cette forme d\u2019art classique.<\/p>\n<p>Apr\u00e8s le succ\u00e8s retentissant de la tourn\u00e9e japonaise du Bayerische Staatsoper, Min-On a lanc\u00e9 dans les ann\u00e9es 1980 trois productions d\u2019envergure propos\u00e9es par les plus \u00e9minentes compagnies d\u2019op\u00e9ra au monde, notamment le Wiener Staatsoper en 1980, la c\u00e9l\u00e8bre Scala de Milan en 1981, et le Royal Opera House britannique en 1986.<\/p>\n<p>La tourn\u00e9e japonaise de la Scala de Milan fut sans nul doute le plus ambitieux des projets entrepris par Min-On depuis sa fondation. La planification de la tourn\u00e9e d\u00e9buta en 1965, date \u00e0 laquelle un accord fut conclu avec Antonio Giringhelli, l\u2019intendant de la Scala, mais il fallut encore attendre seize ans pour que le r\u00eave d\u2019une toute premi\u00e8re tourn\u00e9e de cette troupe au Japon devienne r\u00e9alit\u00e9. Il s\u2019agissait d\u2019une entreprise colossale, impliquant le transport de l\u2019ensemble de la production \u2013 d\u00e9cors, accessoires, et quelque 500 chanteurs et techniciens \u2013 de l\u2019Italie jusqu\u2019au Japon pour une somptueuse repr\u00e9sentation \u00e0 une \u00e9chelle in\u00e9dite dans l\u2019Archipel. Plus r\u00e9cemment, en 1992, l\u2019Oper der Stadt K\u00f6ln allemand a \u00e9t\u00e9 acclam\u00e9 par le public japonais pour ses productions contemporaines.<\/p>\n<p>[\/et_pb_text][et_pb_image _builder_version=\u00a0\u00bb3.12&Prime; src=\u00a0\u00bbhttps:\/\/www.min-on.org\/wp-content\/uploads\/sites\/7\/2018\/09\/Munchen.jpg\u00a0\u00bb force_fullwidth=\u00a0\u00bbon\u00a0\u00bb show_bottom_space=\u00a0\u00bboff\u00a0\u00bb \/][et_pb_text _builder_version=\u00a0\u00bb3.15&Prime;]<\/p>\n<p>Bayerische Staatsoper M\u00fcnchen (Op\u00e9ra d\u2019\u00c9tat de Bavi\u00e8re \u00e0 Munich) en 1974<\/p>\n<p>[\/et_pb_text][et_pb_image _builder_version=\u00a0\u00bb3.12&Prime; src=\u00a0\u00bbhttps:\/\/www.min-on.org\/wp-content\/uploads\/sites\/7\/2018\/09\/Wiener-Staatsoper.jpg\u00a0\u00bb force_fullwidth=\u00a0\u00bbon\u00a0\u00bb show_bottom_space=\u00a0\u00bboff\u00a0\u00bb \/][et_pb_text _builder_version=\u00a0\u00bb3.15&Prime;]<\/p>\n<p>Wiener Staatsoper (Op\u00e9ra d\u2019\u00c9tat de Vienne) en 1980<\/p>\n<p>[\/et_pb_text][et_pb_image _builder_version=\u00a0\u00bb3.12&Prime; src=\u00a0\u00bbhttps:\/\/www.min-on.org\/wp-content\/uploads\/sites\/7\/2018\/09\/Teatro-alla-Scala.jpg\u00a0\u00bb force_fullwidth=\u00a0\u00bbon\u00a0\u00bb show_bottom_space=\u00a0\u00bboff\u00a0\u00bb \/][et_pb_text _builder_version=\u00a0\u00bb3.15&Prime;]<\/p>\n<p>Teatro alla Scala (Th\u00e9\u00e2tre de la Scala de Milan) en 1981<\/p>\n<p>[\/et_pb_text][et_pb_image _builder_version=\u00a0\u00bb3.12&Prime; src=\u00a0\u00bbhttps:\/\/www.min-on.org\/wp-content\/uploads\/sites\/7\/2018\/09\/The-Royal-Opera.jpg\u00a0\u00bb force_fullwidth=\u00a0\u00bbon\u00a0\u00bb show_bottom_space=\u00a0\u00bboff\u00a0\u00bb \/][et_pb_text _builder_version=\u00a0\u00bb3.15&Prime;]<\/p>\n<p>The Royal Opera House en 1986<\/p>\n<p>[\/et_pb_text][et_pb_image _builder_version=\u00a0\u00bb3.12&Prime; src=\u00a0\u00bbhttps:\/\/www.min-on.org\/wp-content\/uploads\/sites\/7\/2018\/09\/Oper-der-Stadt-Koln.jpg\u00a0\u00bb force_fullwidth=\u00a0\u00bbon\u00a0\u00bb show_bottom_space=\u00a0\u00bboff\u00a0\u00bb \/][et_pb_text _builder_version=\u00a0\u00bb3.15&Prime;]<\/p>\n<p>Oper der Stadt K\u00f6ln (Op\u00e9ra de la Ville de Cologne) en 1992<\/p>\n<p>[\/et_pb_text][\/et_pb_column][et_pb_column type=\u00a0\u00bb1_2&Prime;][et_pb_text _builder_version=\u00a0\u00bb3.15&Prime;]<\/p>\n<h2>Bayerische Staatsoper M\u00fcnchen<\/h2>\n<p>(Op\u00e9ra d\u2019\u00c9tat de Bavi\u00e8re \u00e0 Munich) en 1974<\/p>\n<p>Der Rosenkavalier<br \/>\nDon Giovanni<br \/>\nWalk\u00fcre<br \/>\nLe Nozze di Figaro<br \/>\nConcert sp\u00e9cial<\/p>\n<p>Directeur g\u00e9n\u00e9ral\u00a0: Dr. G\u00fcnther Rennert<br \/>\nDirecteur artistique\u00a0: Prof. Wolfgang Sawallisch<br \/>\nChefs d\u2019orchestre\u00a0: Wolfgang Sawallisch, Ferdinand Leitner, Carlos Kleiber<br \/>\nOrchestre\u00a0: Orchestre du Bayerische Staatsoper<br \/>\nCh\u0153ur\u00a0: Ch\u0153ur du Bayerische Staatsoper<\/p>\n<p>[\/et_pb_text][et_pb_text _builder_version=\u00a0\u00bb3.15&Prime;]<\/p>\n<h2>Wiener Staatsoper<\/h2>\n<p>(Op\u00e9ra d\u2019\u00c9tat de Vienne) en 1980<\/p>\n<p>Le Nozze di Figaro<br \/>\nSalom\u00e9<br \/>\nElektra<br \/>\nAriane auf Naxos<br \/>\nDie Entf\u00fchrung aus dem Serail<\/p>\n<p>Secr\u00e9taire g\u00e9n\u00e9ral de l\u2019Association des Th\u00e9\u00e2tres nationaux autrichiens\u00a0: Robert Jungbluth<br \/>\nDirecteur\u00a0: Prof. Dr. Egon Seefehlner<br \/>\nChefs d\u2019orchestre\u00a0: Dr. Karl B\u00f6hm, Theodor Guschlbauer, Prof. Heinrich Hollreiser, Horst Stein<br \/>\nOrchestre\u00a0: Orchestre du Wiener Staatsoper<br \/>\nCh\u0153ur\u00a0: Ch\u0153ur du Wiener Staatsoper<\/p>\n<p>[\/et_pb_text][et_pb_text _builder_version=\u00a0\u00bb3.15&Prime;]<\/p>\n<h2>Teatro alla Scala<\/h2>\n<p>(Th\u00e9\u00e2tre de la Scala de Milan) en 1981<\/p>\n<p>Simon Boccanegra<br \/>\nOtello<br \/>\nLe Barbier de S\u00e9ville<br \/>\nLa Boh\u00e8me<br \/>\nConcert sp\u00e9cial : \u00ab Messa da Requiem \u00bb<br \/>\nConcert sp\u00e9cial : \u00ab Piccola Messa Solenne \u00bb<\/p>\n<p>Surintendant : Carlo Maria Badini<br \/>\nDirecteur artistique : Francesco Siciliani<br \/>\nSecr\u00e9taire g\u00e9n\u00e9ral : Francesco Ernani<br \/>\nChefs d\u2019orchestre : Claudio Abbado, Carlos Kleiber<br \/>\nOrchestre : Orchestra del Teatro alla Scala<br \/>\nCh\u0153ur : Coro del Teatro alla Scala<\/p>\n<p>[\/et_pb_text][et_pb_text _builder_version=\u00a0\u00bb3.15&Prime;]<\/p>\n<h2>The Royal Opera House en 1986<\/h2>\n<p>Turandot<br \/>\nCarmen<br \/>\nSamson et Dalila<br \/>\nCos\u00ec fan Tutte<br \/>\nDirecteur g\u00e9n\u00e9ral\u00a0: Sir John Tooley<br \/>\nChefs d\u2019orchestre\u00a0: Jacques Delac\u00f4te, Mark Ermler, Gabriel Ferro<br \/>\nOrchestre\u00a0: Orchestre de la Royal Opera House<br \/>\nCh\u0153ur\u00a0: Ch\u0153ur du Royal Opera<\/p>\n<p>[\/et_pb_text][et_pb_text _builder_version=\u00a0\u00bb3.15&Prime;]<\/p>\n<h2>Oper der Stadt K\u00f6ln<\/h2>\n<p>(Op\u00e9ra de la Ville de Cologne) en 1992<\/p>\n<p>Der Fliegende Holl\u00e4nder<br \/>\nDie Entf\u00fchrung aus dem Serail<br \/>\nLady Macbeth von Mzensk<br \/>\nDirecteur g\u00e9n\u00e9ral\u00a0: Michael Hampe<br \/>\nDirecteur musical et Chef d\u2019orchestre\u00a0: James Conlon<br \/>\nOrchestre\u00a0: Das G\u00fcrzenich-Orchester K\u00f6ln<br \/>\nCh\u0153ur\u00a0: Der Chor der Oper K\u00f6ln<\/p>\n<p>[\/et_pb_text][\/et_pb_column][\/et_pb_row][\/et_pb_section][et_pb_section bb_built=\u00a0\u00bb1&Prime; specialty=\u00a0\u00bboff\u00a0\u00bb prev_background_color=\u00a0\u00bb#000000&Prime; _builder_version=\u00a0\u00bb3.7&Prime; custom_padding=\u00a0\u00bb0px|||\u00a0\u00bb][et_pb_row][et_pb_column type=\u00a0\u00bb4_4&Prime;][et_pb_text _builder_version=\u00a0\u00bb3.15&Prime;]<\/p>\n<p>L\u2019op\u00e9ra est un art musical et th\u00e9\u00e2tral sublime, mariant chant solo et choral, d\u00e9clamation, art de la com\u00e9die, de la danse, et interpr\u00e9tation orchestrale en un summum de beaut\u00e9. Il requiert \u00e0 la fois les ingr\u00e9dients essentiels du th\u00e9\u00e2tre parl\u00e9 et de la musique classique en direct, notamment la mise en sc\u00e8ne, l\u2019interpr\u00e9tation th\u00e9\u00e2trale, les plateaux, les costumes, les accessoires ainsi que la gestion et l\u2019administration, outre la direction d\u2019orchestre, l\u2019art lyrique, et la musique.<\/p>\n<p>L\u2019un des projets phares de Min-On afin de comm\u00e9morer le 10e anniversaire de sa fondation \u00e9tait d\u2019inviter le Bayerische Staatsoper M\u00fcnchen \u00e0 se produire au Japon en 1974 \u00e0 titre de premi\u00e8re \u00e9dition dans le cadre de la S\u00e9rie Op\u00e9ra de Min-On. Les 330 membres de la compagnie du Bayerische Staatsoper ont enchant\u00e9 leur public japonais avec un programme de quatre op\u00e9ras et quatre r\u00e9citals exceptionnels, soit vingt-deux repr\u00e9sentations au total. L\u2019op\u00e9ra \u00e9tant un art rarement accessible au Japonais moyen de l\u2019\u00e9poque, cette s\u00e9rie fut salu\u00e9e comme pionni\u00e8re pour avoir su trouver comment offrir \u00e0 une nouvelle g\u00e9n\u00e9ration d\u2019amateurs et de passionn\u00e9s d\u2019op\u00e9ra l\u2019occasion d\u2019appr\u00e9cier cette forme d\u2019art classique.<\/p>\n<p>Apr\u00e8s le succ\u00e8s retentissant de la tourn\u00e9e japonaise du Bayerische Staatsoper, Min-On a lanc\u00e9 dans les ann\u00e9es 1980 trois productions d\u2019envergure propos\u00e9es par les plus \u00e9minentes compagnies d\u2019op\u00e9ra au monde, notamment le Wiener Staatsoper en 1980, la c\u00e9l\u00e8bre Scala de Milan en 1981, et le Royal Opera House britannique en 1986.<\/p>\n<p>La tourn\u00e9e japonaise de la Scala de Milan fut sans nul doute le plus ambitieux des projets entrepris par Min-On depuis sa fondation. La planification de la tourn\u00e9e d\u00e9buta en 1965, date \u00e0 laquelle un accord fut conclu avec Antonio Giringhelli, l\u2019intendant de la Scala, mais il fallut encore attendre seize ans pour que le r\u00eave d\u2019une toute premi\u00e8re tourn\u00e9e de cette troupe au Japon devienne r\u00e9alit\u00e9. Il s\u2019agissait d\u2019une entreprise colossale, impliquant le transport de l\u2019ensemble de la production \u2013 d\u00e9cors, accessoires, et quelque 500 chanteurs et techniciens \u2013 de l\u2019Italie jusqu\u2019au Japon pour une somptueuse repr\u00e9sentation \u00e0 une \u00e9chelle in\u00e9dite dans l\u2019Archipel. Plus r\u00e9cemment, en 1992, l\u2019Oper der Stadt K\u00f6ln allemand a \u00e9t\u00e9 acclam\u00e9 par le public japonais pour ses productions contemporaines.<\/p>\n<p>[\/et_pb_text][\/et_pb_column][\/et_pb_row][et_pb_row][et_pb_column type=\u00a0\u00bb1_2&Prime;][et_pb_image _builder_version=\u00a0\u00bb3.15&Prime; src=\u00a0\u00bbhttps:\/\/www.min-on.org\/fr\/wp-content\/uploads\/sites\/7\/2018\/11\/Munchen.jpg\u00a0\u00bb force_fullwidth=\u00a0\u00bbon\u00a0\u00bb show_bottom_space=\u00a0\u00bboff\u00a0\u00bb show_in_lightbox=\u00a0\u00bbon\u00a0\u00bb \/][\/et_pb_column][et_pb_column type=\u00a0\u00bb1_2&Prime;][et_pb_text _builder_version=\u00a0\u00bb3.15&Prime;]<\/p>\n<h2>Bayerische Staatsoper M\u00fcnchen<\/h2>\n<p>(Op\u00e9ra d\u2019\u00c9tat de Bavi\u00e8re \u00e0 Munich) en 1974<\/p>\n<p>Der Rosenkavalier<br \/>\nDon Giovanni<br \/>\nWalk\u00fcre<br \/>\nLe Nozze di Figaro<br \/>\nConcert sp\u00e9cial<\/p>\n<p>Directeur g\u00e9n\u00e9ral\u00a0: Dr. G\u00fcnther Rennert<br \/>\nDirecteur artistique\u00a0: Prof. Wolfgang Sawallisch<br \/>\nChefs d\u2019orchestre\u00a0: Wolfgang Sawallisch, Ferdinand Leitner, Carlos Kleiber<br \/>\nOrchestre\u00a0: Orchestre du Bayerische Staatsoper<br \/>\nCh\u0153ur\u00a0: Ch\u0153ur du Bayerische Staatsoper<\/p>\n<p>[\/et_pb_text][\/et_pb_column][\/et_pb_row][et_pb_row][et_pb_column type=\u00a0\u00bb1_2&Prime;][et_pb_image _builder_version=\u00a0\u00bb3.15&Prime; src=\u00a0\u00bbhttps:\/\/www.min-on.org\/fr\/wp-content\/uploads\/sites\/7\/2018\/11\/Wiener-Staatsoper.jpg\u00a0\u00bb force_fullwidth=\u00a0\u00bbon\u00a0\u00bb show_bottom_space=\u00a0\u00bboff\u00a0\u00bb show_in_lightbox=\u00a0\u00bbon\u00a0\u00bb \/][\/et_pb_column][et_pb_column type=\u00a0\u00bb1_2&Prime;][et_pb_text _builder_version=\u00a0\u00bb3.15&Prime;]<\/p>\n<h2>Wiener Staatsoper<\/h2>\n<p>(Op\u00e9ra d\u2019\u00c9tat de Vienne) en 1980<\/p>\n<p>Le Nozze di Figaro<br \/>\nSalom\u00e9<br \/>\nElektra<br \/>\nAriane auf Naxos<br \/>\nDie Entf\u00fchrung aus dem Serail<\/p>\n<p>Secr\u00e9taire g\u00e9n\u00e9ral de l\u2019Association des Th\u00e9\u00e2tres nationaux autrichiens\u00a0: Robert Jungbluth<br \/>\nDirecteur\u00a0: Prof. Dr. Egon Seefehlner<br \/>\nChefs d\u2019orchestre\u00a0: Dr. Karl B\u00f6hm, Theodor Guschlbauer, Prof. Heinrich Hollreiser, Horst Stein<br \/>\nOrchestre\u00a0: Orchestre du Wiener Staatsoper<br \/>\nCh\u0153ur\u00a0: Ch\u0153ur du Wiener Staatsoper<\/p>\n<p>[\/et_pb_text][\/et_pb_column][\/et_pb_row][et_pb_row][et_pb_column type=\u00a0\u00bb1_2&Prime;][et_pb_image _builder_version=\u00a0\u00bb3.15&Prime; src=\u00a0\u00bbhttps:\/\/www.min-on.org\/fr\/wp-content\/uploads\/sites\/7\/2018\/11\/Teatro-alla-Scala.jpg\u00a0\u00bb force_fullwidth=\u00a0\u00bbon\u00a0\u00bb show_bottom_space=\u00a0\u00bboff\u00a0\u00bb show_in_lightbox=\u00a0\u00bbon\u00a0\u00bb \/][\/et_pb_column][et_pb_column type=\u00a0\u00bb1_2&Prime;][et_pb_text _builder_version=\u00a0\u00bb3.15&Prime;]<\/p>\n<h2>Teatro alla Scala<\/h2>\n<p>(Th\u00e9\u00e2tre de la Scala de Milan) en 1981<\/p>\n<p>Simon Boccanegra<br \/>\nOtello<br \/>\nLe Barbier de S\u00e9ville<br \/>\nLa Boh\u00e8me<br \/>\nConcert sp\u00e9cial : \u00ab Messa da Requiem \u00bb<br \/>\nConcert sp\u00e9cial : \u00ab Piccola Messa Solenne \u00bb<\/p>\n<p>Surintendant : Carlo Maria Badini<br \/>\nDirecteur artistique : Francesco Siciliani<br \/>\nSecr\u00e9taire g\u00e9n\u00e9ral : Francesco Ernani<br \/>\nChefs d\u2019orchestre : Claudio Abbado, Carlos Kleiber<br \/>\nOrchestre : Orchestra del Teatro alla Scala<br \/>\nCh\u0153ur : Coro del Teatro alla Scala<\/p>\n<p>[\/et_pb_text][\/et_pb_column][\/et_pb_row][et_pb_row][et_pb_column type=\u00a0\u00bb1_2&Prime;][et_pb_image _builder_version=\u00a0\u00bb3.15&Prime; src=\u00a0\u00bbhttps:\/\/www.min-on.org\/fr\/wp-content\/uploads\/sites\/7\/2018\/11\/The-Royal-Opera.jpg\u00a0\u00bb force_fullwidth=\u00a0\u00bbon\u00a0\u00bb show_bottom_space=\u00a0\u00bboff\u00a0\u00bb show_in_lightbox=\u00a0\u00bbon\u00a0\u00bb \/][\/et_pb_column][et_pb_column type=\u00a0\u00bb1_2&Prime;][et_pb_text _builder_version=\u00a0\u00bb3.15&Prime;]<\/p>\n<h2>The Royal Opera House en 1986<\/h2>\n<p>Turandot<br \/>\nCarmen<br \/>\nSamson et Dalila<br \/>\nCos\u00ec fan Tutte<br \/>\nDirecteur g\u00e9n\u00e9ral\u00a0: Sir John Tooley<br \/>\nChefs d\u2019orchestre\u00a0: Jacques Delac\u00f4te, Mark Ermler, Gabriel Ferro<br \/>\nOrchestre\u00a0: Orchestre de la Royal Opera House<br \/>\nCh\u0153ur\u00a0: Ch\u0153ur du Royal Opera<\/p>\n<p>[\/et_pb_text][\/et_pb_column][\/et_pb_row][et_pb_row][et_pb_column type=\u00a0\u00bb1_2&Prime;][et_pb_image _builder_version=\u00a0\u00bb3.15&Prime; src=\u00a0\u00bbhttps:\/\/www.min-on.org\/fr\/wp-content\/uploads\/sites\/7\/2018\/11\/Oper-der-Stadt-Koln.jpg\u00a0\u00bb force_fullwidth=\u00a0\u00bbon\u00a0\u00bb show_in_lightbox=\u00a0\u00bbon\u00a0\u00bb \/][\/et_pb_column][et_pb_column type=\u00a0\u00bb1_2&Prime;][et_pb_text _builder_version=\u00a0\u00bb3.15&Prime;]<\/p>\n<h2>Oper der Stadt K\u00f6ln<\/h2>\n<p>(Op\u00e9ra de la Ville de Cologne) en 1992<\/p>\n<p>Der Fliegende Holl\u00e4nder<br \/>\nDie Entf\u00fchrung aus dem Serail<br \/>\nLady Macbeth von Mzensk<br \/>\nDirecteur g\u00e9n\u00e9ral\u00a0: Michael Hampe<br \/>\nDirecteur musical et Chef d\u2019orchestre\u00a0: James Conlon<br \/>\nOrchestre\u00a0: Das G\u00fcrzenich-Orchester K\u00f6ln<br \/>\nCh\u0153ur\u00a0: Der Chor der Oper K\u00f6ln<\/p>\n<p>[\/et_pb_text][\/et_pb_column][\/et_pb_row][\/et_pb_section]<\/p>\n","protected":false},"excerpt":{"rendered":"<p>L\u2019OP\u00c9RA <div class=\"et_pb_row et_pb_row_0 et_pb_row_empty\">\n\t\t\t\t\n\t\t\t\t\n\t\t\t\t\n\t\t\t\t\n\t\t\t\t\n\t\t\t<\/div> \u00ab\u00a0Un op\u00e9ra commence bien avant le lever du rideau et s\u2019ach\u00e8ve bien longtemps apr\u00e8s qu\u2019il soit retomb\u00e9. Il na\u00eet dans mon imagination, il devient ma vie, et demeure une partie de ma vie longtemps apr\u00e8s avoir quitt\u00e9 le Th\u00e9\u00e2tre. \u00bb \u2014 Maria Callas <div class=\"et_pb_row et_pb_row_1 et_pb_row_empty\">\n\t\t\t\t\n\t\t\t\t\n\t\t\t\t\n\t\t\t\t\n\t\t\t\t\n\t\t\t<\/div> L\u2019op\u00e9ra est un art musical et th\u00e9\u00e2tral sublime, mariant [&hellip;]<\/p>\n","protected":false},"author":1,"featured_media":0,"parent":0,"menu_order":0,"comment_status":"closed","ping_status":"closed","template":"","meta":{"_et_pb_use_builder":"on","_et_pb_old_content":"","_et_gb_content_width":"","footnotes":""},"categories":[],"tags":[],"distributor_meta":false,"distributor_terms":false,"distributor_media":false,"distributor_original_site_name":"French - Min-On Website","distributor_original_site_url":"https:\/\/www.min-on.org\/fr","_links":{"self":[{"href":"https:\/\/www.min-on.org\/fr\/wp-json\/wp\/v2\/pages\/2613"}],"collection":[{"href":"https:\/\/www.min-on.org\/fr\/wp-json\/wp\/v2\/pages"}],"about":[{"href":"https:\/\/www.min-on.org\/fr\/wp-json\/wp\/v2\/types\/page"}],"author":[{"embeddable":true,"href":"https:\/\/www.min-on.org\/fr\/wp-json\/wp\/v2\/users\/1"}],"replies":[{"embeddable":true,"href":"https:\/\/www.min-on.org\/fr\/wp-json\/wp\/v2\/comments?post=2613"}],"version-history":[{"count":37,"href":"https:\/\/www.min-on.org\/fr\/wp-json\/wp\/v2\/pages\/2613\/revisions"}],"predecessor-version":[{"id":8390,"href":"https:\/\/www.min-on.org\/fr\/wp-json\/wp\/v2\/pages\/2613\/revisions\/8390"}],"wp:attachment":[{"href":"https:\/\/www.min-on.org\/fr\/wp-json\/wp\/v2\/media?parent=2613"}],"wp:term":[{"taxonomy":"category","embeddable":true,"href":"https:\/\/www.min-on.org\/fr\/wp-json\/wp\/v2\/categories?post=2613"},{"taxonomy":"post_tag","embeddable":true,"href":"https:\/\/www.min-on.org\/fr\/wp-json\/wp\/v2\/tags?post=2613"}],"curies":[{"name":"wp","href":"https:\/\/api.w.org\/{rel}","templated":true}]}}